{"id":73728,"date":"2025-07-31T13:55:35","date_gmt":"2025-07-31T10:55:35","guid":{"rendered":"https:\/\/valaisingronlund.fi\/?post_type=product&#038;p=73728"},"modified":"2025-08-04T12:23:03","modified_gmt":"2025-08-04T09:23:03","slug":"wheels-led-ceiling-light-hl","status":"publish","type":"product","link":"https:\/\/valaisingronlund.fi\/en\/products\/hotel-lighting\/wheels-led-ceiling-light-hl","title":{"rendered":"Wheels LED Ceiling Light"},"content":{"rendered":"","protected":false},"excerpt":{"rendered":"<p>The Wheels LED ceiling light combines innovative design with practicality, offering an efficient lighting solution. Its dimmable LED light source allows for easy adjustment of the ambiance, and the stylish metal structure adds a modern touch. This light is designed to last and bring both illumination and style to any space.<\/p>\n<ul class=\"product-technical-data\">\n<li>Diameter: 40 \/ 60 \/ 80 \/ 100 cm<\/li>\n<li>Integrated LED: 25 \/ 30 \/ 40 \/ 50 W (included)<\/li>\n<li>3000K<\/li>\n<li>TRIAC dimmable<\/li>\n<li>Hook mounting<\/li>\n<\/ul>\n<p><b>15040-05<\/b> Matte Black<br \/>\n<b>15040-06<\/b> Matte White<br \/>\n<b>15060-05<\/b> Matte Black<br \/>\n<b>15060-06<\/b> Matte White<br \/>\n<b>15080-05<\/b> Matte Black<br \/>\n<b>15080-06<\/b> Matte White<br \/>\n<b>150100-05<\/b> Matte Black<br \/>\n<b>150100-06<\/b> Matte White<\/p>\n<div class=\"wp-block-button hotel-light-button\"><a class=\"wp-block-button__link has-primary-background-color has-background\" href=\"https:\/\/valaisingronlund.fi\/en\/contact-us\" target=\"_blank\" rel=\"noopener\">Request a project quotation<\/a><\/div>\n<p>The product is available in the online store <a class=\"textlink\" href=\"https:\/\/valaisingronlund.fi\/en\/products\/ceiling-lights\/wheels-led-ceiling-light\">here<\/a>.<\/p>\n","protected":false},"featured_media":71108,"template":"","meta":{"_acf_changed":false,"inline_featured_image":false,"_monsterinsights_skip_tracking":false,"_monsterinsights_sitenote_active":false,"_monsterinsights_sitenote_note":"","_monsterinsights_sitenote_category":0},"product_brand":[],"product_cat":[80],"product_tag":[2797,5668,5194,5367,5508,5366,5515,2925,5525,2819,2828,5693,5650,2996,2795],"class_list":{"0":"post-73728","1":"product","2":"type-product","3":"status-publish","4":"has-post-thumbnail","6":"product_cat-hotel-lighting","7":"product_tag-black","8":"product_tag-ceiling-light-equiped-with-plug","9":"product_tag-hall-ceiling-light","10":"product_tag-led-ceiling-light","11":"product_tag-led-ceiling-light-en","12":"product_tag-led-pendant-for-kitchen","13":"product_tag-lumen-en","14":"product_tag-modern","15":"product_tag-modern-ceiling-light","16":"product_tag-ring","17":"product_tag-stylish","18":"product_tag-triac-dimmer","19":"product_tag-wc-lamp","20":"product_tag-wheel","21":"product_tag-white","23":"first","24":"instock","25":"taxable","26":"shipping-taxable","27":"product-type-variable","28":"wvs-archive-product-wrapper"},"acf":[],"yoast_head":"<!-- This site is optimized with the Yoast SEO Premium plugin v26.4 (Yoast SEO v26.9) - https:\/\/yoast.com\/product\/yoast-seo-premium-wordpress\/ -->\n<title>Wheels LED Ceiling Light | Valaisin Gr\u00f6nlund<\/title>\n<meta name=\"description\" content=\"The Wheels LED ceiling light offers modern and adjustable lighting. This versatile light is the perfect choice for many spaces and interiors.\" \/>\n<meta name=\"robots\" content=\"index, follow, max-snippet:-1, max-image-preview:large, max-video-preview:-1\" \/>\n<link rel=\"canonical\" href=\"https:\/\/valaisingronlund.fi\/en\/products\/hotel-lighting\/wheels-led-ceiling-light-hl\" \/>\n<meta property=\"og:locale\" content=\"en_US\" \/>\n<meta property=\"og:type\" content=\"article\" \/>\n<meta property=\"og:title\" content=\"Wheels LED Ceiling Light\" \/>\n<meta property=\"og:description\" content=\"The Wheels LED ceiling light offers modern and adjustable lighting. This versatile light is the perfect choice for many spaces and interiors.\" \/>\n<meta property=\"og:url\" content=\"https:\/\/valaisingronlund.fi\/en\/products\/hotel-lighting\/wheels-led-ceiling-light-hl\" \/>\n<meta property=\"og:site_name\" content=\"Valaisin Gr\u00f6nlund\" \/>\n<meta property=\"article:publisher\" content=\"https:\/\/www.facebook.com\/valaisingronlund\/\" \/>\n<meta property=\"article:modified_time\" content=\"2025-08-04T09:23:03+00:00\" \/>\n<meta property=\"og:image\" content=\"https:\/\/valaisingronlund.fi\/wp-content\/uploads\/2024\/05\/wheel-040-ceiling-light-black-01-xl.jpg\" \/>\n\t<meta property=\"og:image:width\" content=\"2048\" \/>\n\t<meta property=\"og:image:height\" content=\"2048\" \/>\n\t<meta property=\"og:image:type\" content=\"image\/jpeg\" \/>\n<meta name=\"twitter:card\" content=\"summary_large_image\" \/>\n<meta name=\"twitter:label1\" content=\"Availability\" \/>\n\t<meta name=\"twitter:data1\" content=\"In stock\" \/>\n<script type=\"application\/ld+json\" class=\"yoast-schema-graph\">{\"@context\":\"https:\/\/schema.org\",\"@graph\":[{\"@type\":\"WebPage\",\"@id\":\"https:\/\/valaisingronlund.fi\/en\/products\/hotel-lighting\/wheels-led-ceiling-light-hl\",\"url\":\"https:\/\/valaisingronlund.fi\/en\/products\/hotel-lighting\/wheels-led-ceiling-light-hl\",\"name\":\"Wheels LED Ceiling Light | Valaisin Gr\u00f6nlund\",\"isPartOf\":{\"@id\":\"https:\/\/valaisingronlund.fi\/en\/#website\"},\"primaryImageOfPage\":{\"@id\":\"https:\/\/valaisingronlund.fi\/en\/products\/hotel-lighting\/wheels-led-ceiling-light-hl#primaryimage\"},\"image\":{\"@id\":\"https:\/\/valaisingronlund.fi\/en\/products\/hotel-lighting\/wheels-led-ceiling-light-hl#primaryimage\"},\"thumbnailUrl\":\"https:\/\/valaisingronlund.fi\/wp-content\/uploads\/2024\/05\/wheel-040-ceiling-light-black-01-xl.jpg\",\"datePublished\":\"2025-07-31T10:55:35+00:00\",\"dateModified\":\"2025-08-04T09:23:03+00:00\",\"description\":\"The Wheels LED ceiling light offers modern and adjustable lighting. This versatile light is the perfect choice for many spaces and interiors.\",\"breadcrumb\":{\"@id\":\"https:\/\/valaisingronlund.fi\/en\/products\/hotel-lighting\/wheels-led-ceiling-light-hl#breadcrumb\"},\"inLanguage\":\"en-US\",\"potentialAction\":[{\"@type\":\"ReadAction\",\"target\":[\"https:\/\/valaisingronlund.fi\/en\/products\/hotel-lighting\/wheels-led-ceiling-light-hl\"]}]},{\"@type\":\"ImageObject\",\"inLanguage\":\"en-US\",\"@id\":\"https:\/\/valaisingronlund.fi\/en\/products\/hotel-lighting\/wheels-led-ceiling-light-hl#primaryimage\",\"url\":\"https:\/\/valaisingronlund.fi\/wp-content\/uploads\/2024\/05\/wheel-040-ceiling-light-black-01-xl.jpg\",\"contentUrl\":\"https:\/\/valaisingronlund.fi\/wp-content\/uploads\/2024\/05\/wheel-040-ceiling-light-black-01-xl.jpg\",\"width\":2048,\"height\":2048,\"caption\":\"Kattovalaisin, jossa musta runko ja valkoinen rengas kehyst\u00e4m\u00e4ss\u00e4 valoa.\"},{\"@type\":\"BreadcrumbList\",\"@id\":\"https:\/\/valaisingronlund.fi\/en\/products\/hotel-lighting\/wheels-led-ceiling-light-hl#breadcrumb\",\"itemListElement\":[{\"@type\":\"ListItem\",\"position\":1,\"name\":\"Home\",\"item\":\"https:\/\/valaisingronlund.fi\/en\"},{\"@type\":\"ListItem\",\"position\":2,\"name\":\"Products\",\"item\":\"https:\/\/valaisingronlund.fi\/en\/products\"},{\"@type\":\"ListItem\",\"position\":3,\"name\":\"Wheels LED Ceiling Light\"}]},{\"@type\":\"WebSite\",\"@id\":\"https:\/\/valaisingronlund.fi\/en\/#website\",\"url\":\"https:\/\/valaisingronlund.fi\/en\/\",\"name\":\"Valaisin Gr\u00f6nlund\",\"description\":\"Sisustusvalaisimien valmistus ja maahantuonti\",\"publisher\":{\"@id\":\"https:\/\/valaisingronlund.fi\/en\/#organization\"},\"potentialAction\":[{\"@type\":\"SearchAction\",\"target\":{\"@type\":\"EntryPoint\",\"urlTemplate\":\"https:\/\/valaisingronlund.fi\/en\/?s={search_term_string}\"},\"query-input\":{\"@type\":\"PropertyValueSpecification\",\"valueRequired\":true,\"valueName\":\"search_term_string\"}}],\"inLanguage\":\"en-US\"},{\"@type\":\"Organization\",\"@id\":\"https:\/\/valaisingronlund.fi\/en\/#organization\",\"name\":\"Valaisin Gr\u00f6nlund\",\"url\":\"https:\/\/valaisingronlund.fi\/en\/\",\"logo\":{\"@type\":\"ImageObject\",\"inLanguage\":\"en-US\",\"@id\":\"https:\/\/valaisingronlund.fi\/en\/#\/schema\/logo\/image\/\",\"url\":\"https:\/\/valaisingronlund.fi\/wp-content\/uploads\/2024\/03\/valaisin-gronlund-logo-squre.jpg\",\"contentUrl\":\"https:\/\/valaisingronlund.fi\/wp-content\/uploads\/2024\/03\/valaisin-gronlund-logo-squre.jpg\",\"width\":1024,\"height\":1024,\"caption\":\"Valaisin Gr\u00f6nlund\"},\"image\":{\"@id\":\"https:\/\/valaisingronlund.fi\/en\/#\/schema\/logo\/image\/\"},\"sameAs\":[\"https:\/\/www.facebook.com\/valaisingronlund\/\",\"https:\/\/www.instagram.com\/valaisingronlund\/\",\"https:\/\/fi.pinterest.com\/valaisingronlund\/\"],\"email\":\"info@valaisingronlund.fi\",\"telephone\":\"010 820 8200\",\"legalName\":\"Valaisin Gr\u00f6nlund Oy\",\"foundingDate\":\"1981-08-03\"}]}<\/script>\n<meta property=\"og:availability\" content=\"instock\" \/>\n<meta property=\"product:availability\" content=\"instock\" \/>\n<meta property=\"product:retailer_item_id\" content=\"150xx-0x-hl\" \/>\n<meta property=\"product:condition\" content=\"new\" \/>\n<!-- \/ Yoast SEO Premium plugin. -->","yoast_head_json":{"title":"Wheels LED Ceiling Light | Valaisin Gr\u00f6nlund","description":"The Wheels LED ceiling light offers modern and adjustable lighting. This versatile light is the perfect choice for many spaces and interiors.","robots":{"index":"index","follow":"follow","max-snippet":"max-snippet:-1","max-image-preview":"max-image-preview:large","max-video-preview":"max-video-preview:-1"},"canonical":"https:\/\/valaisingronlund.fi\/en\/products\/hotel-lighting\/wheels-led-ceiling-light-hl","og_locale":"en_US","og_type":"article","og_title":"Wheels LED Ceiling Light","og_description":"The Wheels LED ceiling light offers modern and adjustable lighting. This versatile light is the perfect choice for many spaces and interiors.","og_url":"https:\/\/valaisingronlund.fi\/en\/products\/hotel-lighting\/wheels-led-ceiling-light-hl","og_site_name":"Valaisin Gr\u00f6nlund","article_publisher":"https:\/\/www.facebook.com\/valaisingronlund\/","article_modified_time":"2025-08-04T09:23:03+00:00","og_image":[{"width":2048,"height":2048,"url":"https:\/\/valaisingronlund.fi\/wp-content\/uploads\/2024\/05\/wheel-040-ceiling-light-black-01-xl.jpg","type":"image\/jpeg"}],"twitter_card":"summary_large_image","twitter_misc":{"Availability":"In stock"},"schema":{"@context":"https:\/\/schema.org","@graph":[{"@type":"WebPage","@id":"https:\/\/valaisingronlund.fi\/en\/products\/hotel-lighting\/wheels-led-ceiling-light-hl","url":"https:\/\/valaisingronlund.fi\/en\/products\/hotel-lighting\/wheels-led-ceiling-light-hl","name":"Wheels LED Ceiling Light | Valaisin Gr\u00f6nlund","isPartOf":{"@id":"https:\/\/valaisingronlund.fi\/en\/#website"},"primaryImageOfPage":{"@id":"https:\/\/valaisingronlund.fi\/en\/products\/hotel-lighting\/wheels-led-ceiling-light-hl#primaryimage"},"image":{"@id":"https:\/\/valaisingronlund.fi\/en\/products\/hotel-lighting\/wheels-led-ceiling-light-hl#primaryimage"},"thumbnailUrl":"https:\/\/valaisingronlund.fi\/wp-content\/uploads\/2024\/05\/wheel-040-ceiling-light-black-01-xl.jpg","datePublished":"2025-07-31T10:55:35+00:00","dateModified":"2025-08-04T09:23:03+00:00","description":"The Wheels LED ceiling light offers modern and adjustable lighting. This versatile light is the perfect choice for many spaces and interiors.","breadcrumb":{"@id":"https:\/\/valaisingronlund.fi\/en\/products\/hotel-lighting\/wheels-led-ceiling-light-hl#breadcrumb"},"inLanguage":"en-US","potentialAction":[{"@type":"ReadAction","target":["https:\/\/valaisingronlund.fi\/en\/products\/hotel-lighting\/wheels-led-ceiling-light-hl"]}]},{"@type":"ImageObject","inLanguage":"en-US","@id":"https:\/\/valaisingronlund.fi\/en\/products\/hotel-lighting\/wheels-led-ceiling-light-hl#primaryimage","url":"https:\/\/valaisingronlund.fi\/wp-content\/uploads\/2024\/05\/wheel-040-ceiling-light-black-01-xl.jpg","contentUrl":"https:\/\/valaisingronlund.fi\/wp-content\/uploads\/2024\/05\/wheel-040-ceiling-light-black-01-xl.jpg","width":2048,"height":2048,"caption":"Kattovalaisin, jossa musta runko ja valkoinen rengas kehyst\u00e4m\u00e4ss\u00e4 valoa."},{"@type":"BreadcrumbList","@id":"https:\/\/valaisingronlund.fi\/en\/products\/hotel-lighting\/wheels-led-ceiling-light-hl#breadcrumb","itemListElement":[{"@type":"ListItem","position":1,"name":"Home","item":"https:\/\/valaisingronlund.fi\/en"},{"@type":"ListItem","position":2,"name":"Products","item":"https:\/\/valaisingronlund.fi\/en\/products"},{"@type":"ListItem","position":3,"name":"Wheels LED Ceiling Light"}]},{"@type":"WebSite","@id":"https:\/\/valaisingronlund.fi\/en\/#website","url":"https:\/\/valaisingronlund.fi\/en\/","name":"Valaisin Gr\u00f6nlund","description":"Sisustusvalaisimien valmistus ja maahantuonti","publisher":{"@id":"https:\/\/valaisingronlund.fi\/en\/#organization"},"potentialAction":[{"@type":"SearchAction","target":{"@type":"EntryPoint","urlTemplate":"https:\/\/valaisingronlund.fi\/en\/?s={search_term_string}"},"query-input":{"@type":"PropertyValueSpecification","valueRequired":true,"valueName":"search_term_string"}}],"inLanguage":"en-US"},{"@type":"Organization","@id":"https:\/\/valaisingronlund.fi\/en\/#organization","name":"Valaisin Gr\u00f6nlund","url":"https:\/\/valaisingronlund.fi\/en\/","logo":{"@type":"ImageObject","inLanguage":"en-US","@id":"https:\/\/valaisingronlund.fi\/en\/#\/schema\/logo\/image\/","url":"https:\/\/valaisingronlund.fi\/wp-content\/uploads\/2024\/03\/valaisin-gronlund-logo-squre.jpg","contentUrl":"https:\/\/valaisingronlund.fi\/wp-content\/uploads\/2024\/03\/valaisin-gronlund-logo-squre.jpg","width":1024,"height":1024,"caption":"Valaisin Gr\u00f6nlund"},"image":{"@id":"https:\/\/valaisingronlund.fi\/en\/#\/schema\/logo\/image\/"},"sameAs":["https:\/\/www.facebook.com\/valaisingronlund\/","https:\/\/www.instagram.com\/valaisingronlund\/","https:\/\/fi.pinterest.com\/valaisingronlund\/"],"email":"info@valaisingronlund.fi","telephone":"010 820 8200","legalName":"Valaisin Gr\u00f6nlund Oy","foundingDate":"1981-08-03"}]},"og_availability":"instock","product_availability":"instock","product_retailer_item_id":"150xx-0x-hl","product_condition":"new"},"_links":{"self":[{"href":"https:\/\/valaisingronlund.fi\/en\/wp-json\/wp\/v2\/product\/73728","targetHints":{"allow":["GET"]}}],"collection":[{"href":"https:\/\/valaisingronlund.fi\/en\/wp-json\/wp\/v2\/product"}],"about":[{"href":"https:\/\/valaisingronlund.fi\/en\/wp-json\/wp\/v2\/types\/product"}],"wp:featuredmedia":[{"embeddable":true,"href":"https:\/\/valaisingronlund.fi\/en\/wp-json\/wp\/v2\/media\/71108"}],"wp:attachment":[{"href":"https:\/\/valaisingronlund.fi\/en\/wp-json\/wp\/v2\/media?parent=73728"}],"wp:term":[{"taxonomy":"product_brand","embeddable":true,"href":"https:\/\/valaisingronlund.fi\/en\/wp-json\/wp\/v2\/product_brand?post=73728"},{"taxonomy":"product_cat","embeddable":true,"href":"https:\/\/valaisingronlund.fi\/en\/wp-json\/wp\/v2\/product_cat?post=73728"},{"taxonomy":"product_tag","embeddable":true,"href":"https:\/\/valaisingronlund.fi\/en\/wp-json\/wp\/v2\/product_tag?post=73728"}],"curies":[{"name":"wp","href":"https:\/\/api.w.org\/{rel}","templated":true}]}}