{"id":73557,"date":"2025-07-30T13:19:04","date_gmt":"2025-07-30T10:19:04","guid":{"rendered":"https:\/\/valaisingronlund.fi\/?post_type=product&#038;p=73557"},"modified":"2025-08-04T10:50:59","modified_gmt":"2025-08-04T07:50:59","slug":"halo-led-wall-light-hl","status":"publish","type":"product","link":"https:\/\/valaisingronlund.fi\/en\/products\/hotel-lighting\/halo-led-wall-light-hl","title":{"rendered":"Halo LED Wall Light"},"content":{"rendered":"<p>The Halo LED wall light offers both style and versatile practicality. Its sleek black structure and lightweight ring-shaped light create an elegant yet attention-grabbing design. The lamp is equipped with a USB-C charging port, allowing convenient device charging directly from your workstation. The adjustable arm and dimmable light ensure the illumination is directed precisely where needed, whether for reading or working.<\/p>\n<h2>Features<\/h2>\n<ul class=\"bulletlist\">\n<li>The lamp arm is designed to move effortlessly to different lengths, enabling versatile use in various situations.<\/li>\n<li>The integrated dimmer allows for light adjustment, enhancing comfort and energy efficiency.<\/li>\n<li>The lamp includes a convenient USB-C charging port for continuous and easy device charging.<\/li>\n<li>The design blends seamlessly with both modern and traditional interiors, making it a flexible choice for many environments.<\/li>\n<\/ul>\n<h2>Usage<\/h2>\n<p>The Halo LED wall light is designed for versatile use in different spaces. It is ideal for the study, reading nook, or any part of your home or office where adjustable and reliable lighting is needed. This lamp helps create an atmosphere of inspiration and focus wherever you work.<\/p>\n","protected":false},"excerpt":{"rendered":"<p>The Halo LED wall light is an excellent addition to both modern workspaces and home offices. This stylish lamp integrates a practical USB-C charging port, making it perfect for contemporary interiors. The dimmable feature allows for adjusting light intensity as needed, offering optimal comfort.<\/p>\n<ul class=\"product-technical-data\">\n<li>Fixed LED 10 W<\/li>\n<li>3000 K<\/li>\n<li>Dimmable<\/li>\n<li>Depth: 16-65 cm<\/li>\n<li>1 x USB-C charging port, 2,1 A<\/li>\n<li>Power switch: On the body<\/li>\n<li>Materials: metal<\/li>\n<\/ul>\n<p><b>4360-05<\/b> Matte black<\/p>\n<div class=\"wp-block-button hotel-light-button\"><a class=\"wp-block-button__link has-primary-background-color has-background\" href=\"https:\/\/valaisingronlund.fi\/en\/contact-us\" target=\"_blank\" rel=\"noopener\">Request a project quotation<\/a><\/div>\n<p>The product is available in the online store <a class=\"textlink\" href=\"https:\/\/valaisingronlund.fi\/en\/products\/wall-lights\/halo-led-wall-light\">here<\/a>.<\/p>\n","protected":false},"featured_media":71771,"template":"","meta":{"_acf_changed":false,"inline_featured_image":false,"_monsterinsights_skip_tracking":false,"_monsterinsights_sitenote_active":false,"_monsterinsights_sitenote_note":"","_monsterinsights_sitenote_category":0},"product_brand":[],"product_cat":[80],"product_tag":[5034,5035,2809,5216,5033,4173,2811,5568,5630,2818,5036,5628,2981,2909,5716,5621,5037],"class_list":{"0":"post-73557","1":"product","2":"type-product","3":"status-publish","4":"has-post-thumbnail","6":"product_cat-hotel-lighting","7":"product_tag-charging","8":"product_tag-charging-port","9":"product_tag-dimmable","10":"product_tag-dimmable-reading-light","11":"product_tag-hotel-light","12":"product_tag-lamppu-en","13":"product_tag-led","14":"product_tag-led-light-for-wall","15":"product_tag-light-of-desk","16":"product_tag-ring-light","17":"product_tag-ring-like-light","18":"product_tag-task-light","19":"product_tag-usb-en","20":"product_tag-wall-lamp","21":"product_tag-wall-light-with-cord","22":"product_tag-wall-lights-en","23":"product_tag-wall-lamp-light","25":"first","26":"outofstock","27":"taxable","28":"shipping-taxable","29":"product-type-simple"},"acf":[],"yoast_head":"<!-- This site is optimized with the Yoast SEO Premium plugin v26.4 (Yoast SEO v26.9) - https:\/\/yoast.com\/product\/yoast-seo-premium-wordpress\/ -->\n<title>Halo LED Wall Light | Valaisin Gr\u00f6nlund<\/title>\n<meta name=\"description\" content=\"Discover the Halo LED wall light. It combines design and practicality. The dimmable and adjustable lamp is ideal for both home and office.\" \/>\n<meta name=\"robots\" content=\"index, follow, max-snippet:-1, max-image-preview:large, max-video-preview:-1\" \/>\n<link rel=\"canonical\" href=\"https:\/\/valaisingronlund.fi\/en\/products\/hotel-lighting\/halo-led-wall-light-hl\" \/>\n<meta property=\"og:locale\" content=\"en_US\" \/>\n<meta property=\"og:type\" content=\"article\" \/>\n<meta property=\"og:title\" content=\"Halo LED Wall Light\" \/>\n<meta property=\"og:description\" content=\"Discover the Halo LED wall light. It combines design and practicality. The dimmable and adjustable lamp is ideal for both home and office.\" \/>\n<meta property=\"og:url\" content=\"https:\/\/valaisingronlund.fi\/en\/products\/hotel-lighting\/halo-led-wall-light-hl\" \/>\n<meta property=\"og:site_name\" content=\"Valaisin Gr\u00f6nlund\" \/>\n<meta property=\"article:publisher\" content=\"https:\/\/www.facebook.com\/valaisingronlund\/\" \/>\n<meta property=\"article:modified_time\" content=\"2025-08-04T07:50:59+00:00\" \/>\n<meta property=\"og:image\" content=\"https:\/\/valaisingronlund.fi\/wp-content\/uploads\/2024\/05\/halo-wall-light-01-xl-1.jpg\" \/>\n\t<meta property=\"og:image:width\" content=\"2048\" \/>\n\t<meta property=\"og:image:height\" content=\"2048\" \/>\n\t<meta property=\"og:image:type\" content=\"image\/jpeg\" \/>\n<meta name=\"twitter:card\" content=\"summary_large_image\" \/>\n<meta name=\"twitter:label1\" content=\"Price\" \/>\n\t<meta name=\"twitter:data1\" content=\"\" \/>\n\t<meta name=\"twitter:label2\" content=\"Availability\" \/>\n\t<meta name=\"twitter:data2\" content=\"Out of stock\" \/>\n<script type=\"application\/ld+json\" class=\"yoast-schema-graph\">{\"@context\":\"https:\/\/schema.org\",\"@graph\":[{\"@type\":\"WebPage\",\"@id\":\"https:\/\/valaisingronlund.fi\/en\/products\/hotel-lighting\/halo-led-wall-light-hl\",\"url\":\"https:\/\/valaisingronlund.fi\/en\/products\/hotel-lighting\/halo-led-wall-light-hl\",\"name\":\"Halo LED Wall Light | Valaisin Gr\u00f6nlund\",\"isPartOf\":{\"@id\":\"https:\/\/valaisingronlund.fi\/en\/#website\"},\"primaryImageOfPage\":{\"@id\":\"https:\/\/valaisingronlund.fi\/en\/products\/hotel-lighting\/halo-led-wall-light-hl#primaryimage\"},\"image\":{\"@id\":\"https:\/\/valaisingronlund.fi\/en\/products\/hotel-lighting\/halo-led-wall-light-hl#primaryimage\"},\"thumbnailUrl\":\"https:\/\/valaisingronlund.fi\/wp-content\/uploads\/2024\/05\/halo-wall-light-01-xl-1.jpg\",\"datePublished\":\"2025-07-30T10:19:04+00:00\",\"dateModified\":\"2025-08-04T07:50:59+00:00\",\"description\":\"Discover the Halo LED wall light. It combines design and practicality. The dimmable and adjustable lamp is ideal for both home and office.\",\"breadcrumb\":{\"@id\":\"https:\/\/valaisingronlund.fi\/en\/products\/hotel-lighting\/halo-led-wall-light-hl#breadcrumb\"},\"inLanguage\":\"en-US\",\"potentialAction\":[{\"@type\":\"ReadAction\",\"target\":[\"https:\/\/valaisingronlund.fi\/en\/products\/hotel-lighting\/halo-led-wall-light-hl\"]}]},{\"@type\":\"ImageObject\",\"inLanguage\":\"en-US\",\"@id\":\"https:\/\/valaisingronlund.fi\/en\/products\/hotel-lighting\/halo-led-wall-light-hl#primaryimage\",\"url\":\"https:\/\/valaisingronlund.fi\/wp-content\/uploads\/2024\/05\/halo-wall-light-01-xl-1.jpg\",\"contentUrl\":\"https:\/\/valaisingronlund.fi\/wp-content\/uploads\/2024\/05\/halo-wall-light-01-xl-1.jpg\",\"width\":2048,\"height\":2048,\"caption\":\"Musta sein\u00e4valaisin renkaanmuotoisella valaisinp\u00e4\u00e4ll\u00e4 ja pienell\u00e4 sein\u00e4kiinnikkeell\u00e4.\"},{\"@type\":\"BreadcrumbList\",\"@id\":\"https:\/\/valaisingronlund.fi\/en\/products\/hotel-lighting\/halo-led-wall-light-hl#breadcrumb\",\"itemListElement\":[{\"@type\":\"ListItem\",\"position\":1,\"name\":\"Home\",\"item\":\"https:\/\/valaisingronlund.fi\/en\"},{\"@type\":\"ListItem\",\"position\":2,\"name\":\"Products\",\"item\":\"https:\/\/valaisingronlund.fi\/en\/products\"},{\"@type\":\"ListItem\",\"position\":3,\"name\":\"Halo LED Wall Light\"}]},{\"@type\":\"WebSite\",\"@id\":\"https:\/\/valaisingronlund.fi\/en\/#website\",\"url\":\"https:\/\/valaisingronlund.fi\/en\/\",\"name\":\"Valaisin Gr\u00f6nlund\",\"description\":\"Sisustusvalaisimien valmistus ja maahantuonti\",\"publisher\":{\"@id\":\"https:\/\/valaisingronlund.fi\/en\/#organization\"},\"potentialAction\":[{\"@type\":\"SearchAction\",\"target\":{\"@type\":\"EntryPoint\",\"urlTemplate\":\"https:\/\/valaisingronlund.fi\/en\/?s={search_term_string}\"},\"query-input\":{\"@type\":\"PropertyValueSpecification\",\"valueRequired\":true,\"valueName\":\"search_term_string\"}}],\"inLanguage\":\"en-US\"},{\"@type\":\"Organization\",\"@id\":\"https:\/\/valaisingronlund.fi\/en\/#organization\",\"name\":\"Valaisin Gr\u00f6nlund\",\"url\":\"https:\/\/valaisingronlund.fi\/en\/\",\"logo\":{\"@type\":\"ImageObject\",\"inLanguage\":\"en-US\",\"@id\":\"https:\/\/valaisingronlund.fi\/en\/#\/schema\/logo\/image\/\",\"url\":\"https:\/\/valaisingronlund.fi\/wp-content\/uploads\/2024\/03\/valaisin-gronlund-logo-squre.jpg\",\"contentUrl\":\"https:\/\/valaisingronlund.fi\/wp-content\/uploads\/2024\/03\/valaisin-gronlund-logo-squre.jpg\",\"width\":1024,\"height\":1024,\"caption\":\"Valaisin Gr\u00f6nlund\"},\"image\":{\"@id\":\"https:\/\/valaisingronlund.fi\/en\/#\/schema\/logo\/image\/\"},\"sameAs\":[\"https:\/\/www.facebook.com\/valaisingronlund\/\",\"https:\/\/www.instagram.com\/valaisingronlund\/\",\"https:\/\/fi.pinterest.com\/valaisingronlund\/\"],\"email\":\"info@valaisingronlund.fi\",\"telephone\":\"010 820 8200\",\"legalName\":\"Valaisin Gr\u00f6nlund Oy\",\"foundingDate\":\"1981-08-03\"}]}<\/script>\n<meta property=\"product:price:currency\" content=\"EUR\" \/>\n<meta property=\"og:availability\" content=\"out of stock\" \/>\n<meta property=\"product:availability\" content=\"out of stock\" \/>\n<meta property=\"product:retailer_item_id\" content=\"4360-05-hl\" \/>\n<meta property=\"product:condition\" content=\"new\" \/>\n<!-- \/ Yoast SEO Premium plugin. -->","yoast_head_json":{"title":"Halo LED Wall Light | Valaisin Gr\u00f6nlund","description":"Discover the Halo LED wall light. It combines design and practicality. The dimmable and adjustable lamp is ideal for both home and office.","robots":{"index":"index","follow":"follow","max-snippet":"max-snippet:-1","max-image-preview":"max-image-preview:large","max-video-preview":"max-video-preview:-1"},"canonical":"https:\/\/valaisingronlund.fi\/en\/products\/hotel-lighting\/halo-led-wall-light-hl","og_locale":"en_US","og_type":"article","og_title":"Halo LED Wall Light","og_description":"Discover the Halo LED wall light. It combines design and practicality. The dimmable and adjustable lamp is ideal for both home and office.","og_url":"https:\/\/valaisingronlund.fi\/en\/products\/hotel-lighting\/halo-led-wall-light-hl","og_site_name":"Valaisin Gr\u00f6nlund","article_publisher":"https:\/\/www.facebook.com\/valaisingronlund\/","article_modified_time":"2025-08-04T07:50:59+00:00","og_image":[{"width":2048,"height":2048,"url":"https:\/\/valaisingronlund.fi\/wp-content\/uploads\/2024\/05\/halo-wall-light-01-xl-1.jpg","type":"image\/jpeg"}],"twitter_card":"summary_large_image","twitter_misc":{"Price":"","Availability":"Out of stock"},"schema":{"@context":"https:\/\/schema.org","@graph":[{"@type":"WebPage","@id":"https:\/\/valaisingronlund.fi\/en\/products\/hotel-lighting\/halo-led-wall-light-hl","url":"https:\/\/valaisingronlund.fi\/en\/products\/hotel-lighting\/halo-led-wall-light-hl","name":"Halo LED Wall Light | Valaisin Gr\u00f6nlund","isPartOf":{"@id":"https:\/\/valaisingronlund.fi\/en\/#website"},"primaryImageOfPage":{"@id":"https:\/\/valaisingronlund.fi\/en\/products\/hotel-lighting\/halo-led-wall-light-hl#primaryimage"},"image":{"@id":"https:\/\/valaisingronlund.fi\/en\/products\/hotel-lighting\/halo-led-wall-light-hl#primaryimage"},"thumbnailUrl":"https:\/\/valaisingronlund.fi\/wp-content\/uploads\/2024\/05\/halo-wall-light-01-xl-1.jpg","datePublished":"2025-07-30T10:19:04+00:00","dateModified":"2025-08-04T07:50:59+00:00","description":"Discover the Halo LED wall light. It combines design and practicality. The dimmable and adjustable lamp is ideal for both home and office.","breadcrumb":{"@id":"https:\/\/valaisingronlund.fi\/en\/products\/hotel-lighting\/halo-led-wall-light-hl#breadcrumb"},"inLanguage":"en-US","potentialAction":[{"@type":"ReadAction","target":["https:\/\/valaisingronlund.fi\/en\/products\/hotel-lighting\/halo-led-wall-light-hl"]}]},{"@type":"ImageObject","inLanguage":"en-US","@id":"https:\/\/valaisingronlund.fi\/en\/products\/hotel-lighting\/halo-led-wall-light-hl#primaryimage","url":"https:\/\/valaisingronlund.fi\/wp-content\/uploads\/2024\/05\/halo-wall-light-01-xl-1.jpg","contentUrl":"https:\/\/valaisingronlund.fi\/wp-content\/uploads\/2024\/05\/halo-wall-light-01-xl-1.jpg","width":2048,"height":2048,"caption":"Musta sein\u00e4valaisin renkaanmuotoisella valaisinp\u00e4\u00e4ll\u00e4 ja pienell\u00e4 sein\u00e4kiinnikkeell\u00e4."},{"@type":"BreadcrumbList","@id":"https:\/\/valaisingronlund.fi\/en\/products\/hotel-lighting\/halo-led-wall-light-hl#breadcrumb","itemListElement":[{"@type":"ListItem","position":1,"name":"Home","item":"https:\/\/valaisingronlund.fi\/en"},{"@type":"ListItem","position":2,"name":"Products","item":"https:\/\/valaisingronlund.fi\/en\/products"},{"@type":"ListItem","position":3,"name":"Halo LED Wall Light"}]},{"@type":"WebSite","@id":"https:\/\/valaisingronlund.fi\/en\/#website","url":"https:\/\/valaisingronlund.fi\/en\/","name":"Valaisin Gr\u00f6nlund","description":"Sisustusvalaisimien valmistus ja maahantuonti","publisher":{"@id":"https:\/\/valaisingronlund.fi\/en\/#organization"},"potentialAction":[{"@type":"SearchAction","target":{"@type":"EntryPoint","urlTemplate":"https:\/\/valaisingronlund.fi\/en\/?s={search_term_string}"},"query-input":{"@type":"PropertyValueSpecification","valueRequired":true,"valueName":"search_term_string"}}],"inLanguage":"en-US"},{"@type":"Organization","@id":"https:\/\/valaisingronlund.fi\/en\/#organization","name":"Valaisin Gr\u00f6nlund","url":"https:\/\/valaisingronlund.fi\/en\/","logo":{"@type":"ImageObject","inLanguage":"en-US","@id":"https:\/\/valaisingronlund.fi\/en\/#\/schema\/logo\/image\/","url":"https:\/\/valaisingronlund.fi\/wp-content\/uploads\/2024\/03\/valaisin-gronlund-logo-squre.jpg","contentUrl":"https:\/\/valaisingronlund.fi\/wp-content\/uploads\/2024\/03\/valaisin-gronlund-logo-squre.jpg","width":1024,"height":1024,"caption":"Valaisin Gr\u00f6nlund"},"image":{"@id":"https:\/\/valaisingronlund.fi\/en\/#\/schema\/logo\/image\/"},"sameAs":["https:\/\/www.facebook.com\/valaisingronlund\/","https:\/\/www.instagram.com\/valaisingronlund\/","https:\/\/fi.pinterest.com\/valaisingronlund\/"],"email":"info@valaisingronlund.fi","telephone":"010 820 8200","legalName":"Valaisin Gr\u00f6nlund Oy","foundingDate":"1981-08-03"}]},"product_price_currency":"EUR","og_availability":"out of stock","product_availability":"out of stock","product_retailer_item_id":"4360-05-hl","product_condition":"new"},"_links":{"self":[{"href":"https:\/\/valaisingronlund.fi\/en\/wp-json\/wp\/v2\/product\/73557","targetHints":{"allow":["GET"]}}],"collection":[{"href":"https:\/\/valaisingronlund.fi\/en\/wp-json\/wp\/v2\/product"}],"about":[{"href":"https:\/\/valaisingronlund.fi\/en\/wp-json\/wp\/v2\/types\/product"}],"wp:featuredmedia":[{"embeddable":true,"href":"https:\/\/valaisingronlund.fi\/en\/wp-json\/wp\/v2\/media\/71771"}],"wp:attachment":[{"href":"https:\/\/valaisingronlund.fi\/en\/wp-json\/wp\/v2\/media?parent=73557"}],"wp:term":[{"taxonomy":"product_brand","embeddable":true,"href":"https:\/\/valaisingronlund.fi\/en\/wp-json\/wp\/v2\/product_brand?post=73557"},{"taxonomy":"product_cat","embeddable":true,"href":"https:\/\/valaisingronlund.fi\/en\/wp-json\/wp\/v2\/product_cat?post=73557"},{"taxonomy":"product_tag","embeddable":true,"href":"https:\/\/valaisingronlund.fi\/en\/wp-json\/wp\/v2\/product_tag?post=73557"}],"curies":[{"name":"wp","href":"https:\/\/api.w.org\/{rel}","templated":true}]}}