{"id":71238,"date":"2024-05-13T09:28:58","date_gmt":"2024-05-13T06:28:58","guid":{"rendered":"https:\/\/valaisingronlund.fi\/tuotteet\/uncategorized\/play-poytavalaisin"},"modified":"2025-08-01T15:19:34","modified_gmt":"2025-08-01T12:19:34","slug":"play-table-lamp","status":"publish","type":"product","link":"https:\/\/valaisingronlund.fi\/en\/products\/table-lamps\/play-table-lamp","title":{"rendered":"Play Table Lamp"},"content":{"rendered":"<p>The Play table lamp is designed to bring vibrancy and color to any space. Its unique design consists of differently colored ceramic parts, creating a dynamic and modern look. The choice of ceramic material adds durability and timeless beauty to the lamp. The combination of various colors in the lamp&#8217;s base makes it a true focal point in any decor, offering both functionality and decorative value. This lamp suits various interior styles while providing soft and pleasant light through its fabric shade.<\/p>\n<h2>Features<\/h2>\n<p>The Play table lamp&#8217;s large shade makes it an excellent light source for reading and creating ambiance. The shade&#8217;s size is designed to offer broad and even illumination. The lamp&#8217;s height allows it to be placed in various spaces and on different surfaces. It uses standard E27 base bulbs, making bulb replacement easy and ensuring general availability. The lamp&#8217;s turquoise, white, pink, and rose ceramic details create a stunning color combination. The ceramic material provides durability and gives the lamp a beautiful and finished look. The fabric shade filters the light softly, creating a warm and inviting atmosphere.<\/p>\n<h2>Usage<\/h2>\n<p>The Play table lamp is perfect for a home office, children&#8217;s room, or living room. It also makes an excellent gift, as its unique design and colors are sure to delight. This lamp serves not only as a practical light source but also as a significant decor element, adding color and joy to everyday life.<\/p>\n","protected":false},"excerpt":{"rendered":"<p>The Play table lamp brings joy and color to any room with its unique and playful design. The multicolored ceramic elements combined with the classic fabric shade make this lamp a true eye-catcher.<\/p>\n<ul class=\"product-technical-data\">\n<li>Height: 65 cm<\/li>\n<li>Shade width: 35 cm<\/li>\n<li>Shade depth: 25 cm<\/li>\n<li>Bulb: 1 x E27, max 40 W (bulb not included)<\/li>\n<li>Power switch: On the cord<\/li>\n<li>Materials: ceramic \/ fabric<\/li>\n<\/ul>\n<p><b>2629-333<\/b><\/p>\n","protected":false},"featured_media":70856,"template":"","meta":{"_acf_changed":false,"inline_featured_image":false,"_monsterinsights_skip_tracking":false,"_monsterinsights_sitenote_active":false,"_monsterinsights_sitenote_note":"","_monsterinsights_sitenote_category":0},"product_brand":[],"product_cat":[79,4157,2181],"product_tag":[4080,5503,5501,4102,3009,5499,5174,5502,4993,5059,2952,1618,5795,5060],"class_list":{"0":"post-71238","1":"product","2":"type-product","3":"status-publish","4":"has-post-thumbnail","6":"product_cat-design-by-gronlund","7":"product_cat-new-products","8":"product_cat-table-lamps","9":"product_tag-ceramic-en","10":"product_tag-children-room-light-en","11":"product_tag-children-room-light","12":"product_tag-childrens-room","13":"product_tag-design-en","14":"product_tag-lamp-of-childrens-room","15":"product_tag-lamps-for-kids-room","16":"product_tag-light-of-childrens-room","17":"product_tag-magnificent","18":"product_tag-multi-coloured","19":"product_tag-playful","20":"product_tag-table-lamp","21":"product_tag-table-light-en","22":"product_tag-work-of-art","24":"first","25":"instock","26":"taxable","27":"shipping-taxable","28":"purchasable","29":"product-type-simple"},"acf":[],"yoast_head":"<!-- This site is optimized with the Yoast SEO Premium plugin v26.4 (Yoast SEO v26.9) - https:\/\/yoast.com\/product\/yoast-seo-premium-wordpress\/ -->\n<title>Play Table Lamp | Valaisin Gr\u00f6nlund<\/title>\n<meta name=\"description\" content=\"Discover the Play table lamp, whose playful design and multicolored ceramic details bring joy and personality to any room.\" \/>\n<meta name=\"robots\" content=\"index, follow, max-snippet:-1, max-image-preview:large, max-video-preview:-1\" \/>\n<link rel=\"canonical\" href=\"https:\/\/valaisingronlund.fi\/en\/products\/table-lamps\/play-table-lamp\" \/>\n<meta property=\"og:locale\" content=\"en_US\" \/>\n<meta property=\"og:type\" content=\"article\" \/>\n<meta property=\"og:title\" content=\"Play Table Lamp\" \/>\n<meta property=\"og:description\" content=\"Discover the Play table lamp, whose playful design and multicolored ceramic details bring joy and personality to any room.\" \/>\n<meta property=\"og:url\" content=\"https:\/\/valaisingronlund.fi\/en\/products\/table-lamps\/play-table-lamp\" \/>\n<meta property=\"og:site_name\" content=\"Valaisin Gr\u00f6nlund\" \/>\n<meta property=\"article:publisher\" content=\"https:\/\/www.facebook.com\/valaisingronlund\/\" \/>\n<meta property=\"article:modified_time\" content=\"2025-08-01T12:19:34+00:00\" \/>\n<meta property=\"og:image\" content=\"https:\/\/valaisingronlund.fi\/wp-content\/uploads\/2024\/05\/play-table-lamp-01-xl.jpg\" \/>\n\t<meta property=\"og:image:width\" content=\"2048\" \/>\n\t<meta property=\"og:image:height\" content=\"2048\" \/>\n\t<meta property=\"og:image:type\" content=\"image\/jpeg\" \/>\n<meta name=\"twitter:card\" content=\"summary_large_image\" \/>\n<meta name=\"twitter:label1\" content=\"Price\" \/>\n\t<meta name=\"twitter:data1\" content=\"350&nbsp;\u20ac\" \/>\n\t<meta name=\"twitter:label2\" content=\"Availability\" \/>\n\t<meta name=\"twitter:data2\" content=\"In stock\" \/>\n<script type=\"application\/ld+json\" class=\"yoast-schema-graph\">{\"@context\":\"https:\/\/schema.org\",\"@graph\":[{\"@type\":\"WebPage\",\"@id\":\"https:\/\/valaisingronlund.fi\/en\/products\/table-lamps\/play-table-lamp\",\"url\":\"https:\/\/valaisingronlund.fi\/en\/products\/table-lamps\/play-table-lamp\",\"name\":\"Play Table Lamp | Valaisin Gr\u00f6nlund\",\"isPartOf\":{\"@id\":\"https:\/\/valaisingronlund.fi\/en\/#website\"},\"primaryImageOfPage\":{\"@id\":\"https:\/\/valaisingronlund.fi\/en\/products\/table-lamps\/play-table-lamp#primaryimage\"},\"image\":{\"@id\":\"https:\/\/valaisingronlund.fi\/en\/products\/table-lamps\/play-table-lamp#primaryimage\"},\"thumbnailUrl\":\"https:\/\/valaisingronlund.fi\/wp-content\/uploads\/2024\/05\/play-table-lamp-01-xl.jpg\",\"datePublished\":\"2024-05-13T06:28:58+00:00\",\"dateModified\":\"2025-08-01T12:19:34+00:00\",\"description\":\"Discover the Play table lamp, whose playful design and multicolored ceramic details bring joy and personality to any room.\",\"breadcrumb\":{\"@id\":\"https:\/\/valaisingronlund.fi\/en\/products\/table-lamps\/play-table-lamp#breadcrumb\"},\"inLanguage\":\"en-US\",\"potentialAction\":[{\"@type\":\"ReadAction\",\"target\":[\"https:\/\/valaisingronlund.fi\/en\/products\/table-lamps\/play-table-lamp\"]}]},{\"@type\":\"ImageObject\",\"inLanguage\":\"en-US\",\"@id\":\"https:\/\/valaisingronlund.fi\/en\/products\/table-lamps\/play-table-lamp#primaryimage\",\"url\":\"https:\/\/valaisingronlund.fi\/wp-content\/uploads\/2024\/05\/play-table-lamp-01-xl.jpg\",\"contentUrl\":\"https:\/\/valaisingronlund.fi\/wp-content\/uploads\/2024\/05\/play-table-lamp-01-xl.jpg\",\"width\":2048,\"height\":2048,\"caption\":\"Play -p\u00f6yt\u00e4valaisin tuo v\u00e4ri\u00e4 p\u00f6yd\u00e4llesi ja sisustukseesi\"},{\"@type\":\"BreadcrumbList\",\"@id\":\"https:\/\/valaisingronlund.fi\/en\/products\/table-lamps\/play-table-lamp#breadcrumb\",\"itemListElement\":[{\"@type\":\"ListItem\",\"position\":1,\"name\":\"Home\",\"item\":\"https:\/\/valaisingronlund.fi\/en\"},{\"@type\":\"ListItem\",\"position\":2,\"name\":\"Products\",\"item\":\"https:\/\/valaisingronlund.fi\/en\/products\"},{\"@type\":\"ListItem\",\"position\":3,\"name\":\"Play Table Lamp\"}]},{\"@type\":\"WebSite\",\"@id\":\"https:\/\/valaisingronlund.fi\/en\/#website\",\"url\":\"https:\/\/valaisingronlund.fi\/en\/\",\"name\":\"Valaisin Gr\u00f6nlund\",\"description\":\"Sisustusvalaisimien valmistus ja maahantuonti\",\"publisher\":{\"@id\":\"https:\/\/valaisingronlund.fi\/en\/#organization\"},\"potentialAction\":[{\"@type\":\"SearchAction\",\"target\":{\"@type\":\"EntryPoint\",\"urlTemplate\":\"https:\/\/valaisingronlund.fi\/en\/?s={search_term_string}\"},\"query-input\":{\"@type\":\"PropertyValueSpecification\",\"valueRequired\":true,\"valueName\":\"search_term_string\"}}],\"inLanguage\":\"en-US\"},{\"@type\":\"Organization\",\"@id\":\"https:\/\/valaisingronlund.fi\/en\/#organization\",\"name\":\"Valaisin Gr\u00f6nlund\",\"url\":\"https:\/\/valaisingronlund.fi\/en\/\",\"logo\":{\"@type\":\"ImageObject\",\"inLanguage\":\"en-US\",\"@id\":\"https:\/\/valaisingronlund.fi\/en\/#\/schema\/logo\/image\/\",\"url\":\"https:\/\/valaisingronlund.fi\/wp-content\/uploads\/2024\/03\/valaisin-gronlund-logo-squre.jpg\",\"contentUrl\":\"https:\/\/valaisingronlund.fi\/wp-content\/uploads\/2024\/03\/valaisin-gronlund-logo-squre.jpg\",\"width\":1024,\"height\":1024,\"caption\":\"Valaisin Gr\u00f6nlund\"},\"image\":{\"@id\":\"https:\/\/valaisingronlund.fi\/en\/#\/schema\/logo\/image\/\"},\"sameAs\":[\"https:\/\/www.facebook.com\/valaisingronlund\/\",\"https:\/\/www.instagram.com\/valaisingronlund\/\",\"https:\/\/fi.pinterest.com\/valaisingronlund\/\"],\"email\":\"info@valaisingronlund.fi\",\"telephone\":\"010 820 8200\",\"legalName\":\"Valaisin Gr\u00f6nlund Oy\",\"foundingDate\":\"1981-08-03\"}]}<\/script>\n<meta property=\"product:price:amount\" content=\"350\" \/>\n<meta property=\"product:price:currency\" content=\"EUR\" \/>\n<meta property=\"og:availability\" content=\"instock\" \/>\n<meta property=\"product:availability\" content=\"instock\" \/>\n<meta property=\"product:retailer_item_id\" content=\"2629-333\" \/>\n<meta property=\"product:condition\" content=\"new\" \/>\n<!-- \/ Yoast SEO Premium plugin. -->","yoast_head_json":{"title":"Play Table Lamp | Valaisin Gr\u00f6nlund","description":"Discover the Play table lamp, whose playful design and multicolored ceramic details bring joy and personality to any room.","robots":{"index":"index","follow":"follow","max-snippet":"max-snippet:-1","max-image-preview":"max-image-preview:large","max-video-preview":"max-video-preview:-1"},"canonical":"https:\/\/valaisingronlund.fi\/en\/products\/table-lamps\/play-table-lamp","og_locale":"en_US","og_type":"article","og_title":"Play Table Lamp","og_description":"Discover the Play table lamp, whose playful design and multicolored ceramic details bring joy and personality to any room.","og_url":"https:\/\/valaisingronlund.fi\/en\/products\/table-lamps\/play-table-lamp","og_site_name":"Valaisin Gr\u00f6nlund","article_publisher":"https:\/\/www.facebook.com\/valaisingronlund\/","article_modified_time":"2025-08-01T12:19:34+00:00","og_image":[{"width":2048,"height":2048,"url":"https:\/\/valaisingronlund.fi\/wp-content\/uploads\/2024\/05\/play-table-lamp-01-xl.jpg","type":"image\/jpeg"}],"twitter_card":"summary_large_image","twitter_misc":{"Price":"350&nbsp;\u20ac","Availability":"In stock"},"schema":{"@context":"https:\/\/schema.org","@graph":[{"@type":"WebPage","@id":"https:\/\/valaisingronlund.fi\/en\/products\/table-lamps\/play-table-lamp","url":"https:\/\/valaisingronlund.fi\/en\/products\/table-lamps\/play-table-lamp","name":"Play Table Lamp | Valaisin Gr\u00f6nlund","isPartOf":{"@id":"https:\/\/valaisingronlund.fi\/en\/#website"},"primaryImageOfPage":{"@id":"https:\/\/valaisingronlund.fi\/en\/products\/table-lamps\/play-table-lamp#primaryimage"},"image":{"@id":"https:\/\/valaisingronlund.fi\/en\/products\/table-lamps\/play-table-lamp#primaryimage"},"thumbnailUrl":"https:\/\/valaisingronlund.fi\/wp-content\/uploads\/2024\/05\/play-table-lamp-01-xl.jpg","datePublished":"2024-05-13T06:28:58+00:00","dateModified":"2025-08-01T12:19:34+00:00","description":"Discover the Play table lamp, whose playful design and multicolored ceramic details bring joy and personality to any room.","breadcrumb":{"@id":"https:\/\/valaisingronlund.fi\/en\/products\/table-lamps\/play-table-lamp#breadcrumb"},"inLanguage":"en-US","potentialAction":[{"@type":"ReadAction","target":["https:\/\/valaisingronlund.fi\/en\/products\/table-lamps\/play-table-lamp"]}]},{"@type":"ImageObject","inLanguage":"en-US","@id":"https:\/\/valaisingronlund.fi\/en\/products\/table-lamps\/play-table-lamp#primaryimage","url":"https:\/\/valaisingronlund.fi\/wp-content\/uploads\/2024\/05\/play-table-lamp-01-xl.jpg","contentUrl":"https:\/\/valaisingronlund.fi\/wp-content\/uploads\/2024\/05\/play-table-lamp-01-xl.jpg","width":2048,"height":2048,"caption":"Play -p\u00f6yt\u00e4valaisin tuo v\u00e4ri\u00e4 p\u00f6yd\u00e4llesi ja sisustukseesi"},{"@type":"BreadcrumbList","@id":"https:\/\/valaisingronlund.fi\/en\/products\/table-lamps\/play-table-lamp#breadcrumb","itemListElement":[{"@type":"ListItem","position":1,"name":"Home","item":"https:\/\/valaisingronlund.fi\/en"},{"@type":"ListItem","position":2,"name":"Products","item":"https:\/\/valaisingronlund.fi\/en\/products"},{"@type":"ListItem","position":3,"name":"Play Table Lamp"}]},{"@type":"WebSite","@id":"https:\/\/valaisingronlund.fi\/en\/#website","url":"https:\/\/valaisingronlund.fi\/en\/","name":"Valaisin Gr\u00f6nlund","description":"Sisustusvalaisimien valmistus ja maahantuonti","publisher":{"@id":"https:\/\/valaisingronlund.fi\/en\/#organization"},"potentialAction":[{"@type":"SearchAction","target":{"@type":"EntryPoint","urlTemplate":"https:\/\/valaisingronlund.fi\/en\/?s={search_term_string}"},"query-input":{"@type":"PropertyValueSpecification","valueRequired":true,"valueName":"search_term_string"}}],"inLanguage":"en-US"},{"@type":"Organization","@id":"https:\/\/valaisingronlund.fi\/en\/#organization","name":"Valaisin Gr\u00f6nlund","url":"https:\/\/valaisingronlund.fi\/en\/","logo":{"@type":"ImageObject","inLanguage":"en-US","@id":"https:\/\/valaisingronlund.fi\/en\/#\/schema\/logo\/image\/","url":"https:\/\/valaisingronlund.fi\/wp-content\/uploads\/2024\/03\/valaisin-gronlund-logo-squre.jpg","contentUrl":"https:\/\/valaisingronlund.fi\/wp-content\/uploads\/2024\/03\/valaisin-gronlund-logo-squre.jpg","width":1024,"height":1024,"caption":"Valaisin Gr\u00f6nlund"},"image":{"@id":"https:\/\/valaisingronlund.fi\/en\/#\/schema\/logo\/image\/"},"sameAs":["https:\/\/www.facebook.com\/valaisingronlund\/","https:\/\/www.instagram.com\/valaisingronlund\/","https:\/\/fi.pinterest.com\/valaisingronlund\/"],"email":"info@valaisingronlund.fi","telephone":"010 820 8200","legalName":"Valaisin Gr\u00f6nlund Oy","foundingDate":"1981-08-03"}]},"product_price_amount":"350","product_price_currency":"EUR","og_availability":"instock","product_availability":"instock","product_retailer_item_id":"2629-333","product_condition":"new"},"_links":{"self":[{"href":"https:\/\/valaisingronlund.fi\/en\/wp-json\/wp\/v2\/product\/71238","targetHints":{"allow":["GET"]}}],"collection":[{"href":"https:\/\/valaisingronlund.fi\/en\/wp-json\/wp\/v2\/product"}],"about":[{"href":"https:\/\/valaisingronlund.fi\/en\/wp-json\/wp\/v2\/types\/product"}],"wp:featuredmedia":[{"embeddable":true,"href":"https:\/\/valaisingronlund.fi\/en\/wp-json\/wp\/v2\/media\/70856"}],"wp:attachment":[{"href":"https:\/\/valaisingronlund.fi\/en\/wp-json\/wp\/v2\/media?parent=71238"}],"wp:term":[{"taxonomy":"product_brand","embeddable":true,"href":"https:\/\/valaisingronlund.fi\/en\/wp-json\/wp\/v2\/product_brand?post=71238"},{"taxonomy":"product_cat","embeddable":true,"href":"https:\/\/valaisingronlund.fi\/en\/wp-json\/wp\/v2\/product_cat?post=71238"},{"taxonomy":"product_tag","embeddable":true,"href":"https:\/\/valaisingronlund.fi\/en\/wp-json\/wp\/v2\/product_tag?post=71238"}],"curies":[{"name":"wp","href":"https:\/\/api.w.org\/{rel}","templated":true}]}}