{"id":71196,"date":"2024-05-13T08:59:35","date_gmt":"2024-05-13T05:59:35","guid":{"rendered":"https:\/\/valaisingronlund.fi\/tuotteet\/uncategorized\/guide-lattiavalaisin"},"modified":"2025-08-01T15:19:16","modified_gmt":"2025-08-01T12:19:16","slug":"guide-floor-lamp","status":"publish","type":"product","link":"https:\/\/valaisingronlund.fi\/en\/products\/floor-lamps\/guide-floor-lamp","title":{"rendered":"Guide Floor Lamp"},"content":{"rendered":"<p>The Guide floor lamp reflects modern elegance and functionality, making it perfect for contemporary home lighting needs.The design of the Guide floor lamp emphasizes simplicity and practicality, making it easy to integrate into various interior styles and environments. Its timeless design and color options allow for placement in a wide range of spaces and decors. It is an ideal choice for any home that values stylish design in lighting solutions.<\/p>\n<h2>Features<\/h2>\n<ul class=\"bulletlist\">\n<li>The height makes it an ideal reading and task light, providing adequate light to the workspace or next to a favorite chair.<\/li>\n<li>Compatibility with commonly available E27 base bulbs makes this lamp a very practical choice.<\/li>\n<li>The metal structure not only enhances the lamp&#8217;s visual appeal but also ensures longevity and durability.<\/li>\n<\/ul>\n<h2>Color Options<\/h2>\n<li><b>Glossy green and brass:<\/b> The glossy green shade combined with brass details adds natural elegance and depth to the decor, matching well with wooden furniture.<\/li>\n<li><b>Glossy white and brass:<\/b> The bright white finish with warm brass details creates a fresh and bright look, easily blending with various interior styles.<\/li>\n<h2>Usage<\/h2>\n<p>The Guide floor lamp is a versatile choice suitable for various spaces and purposes. It is ideal for use as a reading lamp, task light, or general lighting. Its timeless design and practicality make it a fitting addition to both modern and traditional spaces, such as living rooms, offices, or bedrooms.<\/p>\n","protected":false},"excerpt":{"rendered":"<p>The Guide floor lamp seamlessly combines practicality and style. Its clean-lined design and high-quality metal surface make it both an efficient light source and a stylish decor element. This lamp brings a modern touch to any space, whether a reading nook or a living area, providing reliable lighting for everyday needs.<\/p>\n<ul class=\"product-technical-data\">\n<li>Lamp height: 170 cm<\/li>\n<li>Bulb: 1 x E27, max 40 W (bulb not included)<\/li>\n<li>Power switch: On the cord<\/li>\n<li>Materials: metal<\/li>\n<\/ul>\n<p><b>3764-06<\/b> Glossy white \/ brass<br \/>\n<b>3764-127<\/b> Glossy green \/ brass<\/p>\n","protected":false},"featured_media":71446,"template":"","meta":{"_acf_changed":false,"inline_featured_image":false,"_monsterinsights_skip_tracking":false,"_monsterinsights_sitenote_active":false,"_monsterinsights_sitenote_note":"","_monsterinsights_sitenote_category":0},"product_brand":[],"product_cat":[79,4157,1784],"product_tag":[5026,2801,4103,5030,5028,2795],"class_list":{"0":"post-71196","1":"product","2":"type-product","3":"status-publish","4":"has-post-thumbnail","6":"product_cat-design-by-gronlund","7":"product_cat-new-products","8":"product_cat-floor-lamps","9":"product_tag-design-floor-lamp","10":"product_tag-floor-lamp-en-2","11":"product_tag-floor-lamp","12":"product_tag-green-lamp","13":"product_tag-stylish-floor-lamp","14":"product_tag-white","16":"first","17":"instock","18":"taxable","19":"shipping-taxable","20":"purchasable","21":"product-type-variable","22":"wvs-archive-product-wrapper"},"acf":[],"yoast_head":"<!-- This site is optimized with the Yoast SEO Premium plugin v26.4 (Yoast SEO v26.9) - https:\/\/yoast.com\/product\/yoast-seo-premium-wordpress\/ -->\n<title>Guide Floor Lamp | Valaisin Gr\u00f6nlund<\/title>\n<meta name=\"description\" content=\"The Guide floor lamp seamlessly combines practicality and style. The metal surface makes it a stylish decor element in any space.\" \/>\n<meta name=\"robots\" content=\"index, follow, max-snippet:-1, max-image-preview:large, max-video-preview:-1\" \/>\n<link rel=\"canonical\" href=\"https:\/\/valaisingronlund.fi\/en\/products\/floor-lamps\/guide-floor-lamp\" \/>\n<meta property=\"og:locale\" content=\"en_US\" \/>\n<meta property=\"og:type\" content=\"article\" \/>\n<meta property=\"og:title\" content=\"Guide Floor Lamp\" \/>\n<meta property=\"og:description\" content=\"The Guide floor lamp seamlessly combines practicality and style. The metal surface makes it a stylish decor element in any space.\" \/>\n<meta property=\"og:url\" content=\"https:\/\/valaisingronlund.fi\/en\/products\/floor-lamps\/guide-floor-lamp\" \/>\n<meta property=\"og:site_name\" content=\"Valaisin Gr\u00f6nlund\" \/>\n<meta property=\"article:publisher\" content=\"https:\/\/www.facebook.com\/valaisingronlund\/\" \/>\n<meta property=\"article:modified_time\" content=\"2025-08-01T12:19:16+00:00\" \/>\n<meta property=\"og:image\" content=\"https:\/\/valaisingronlund.fi\/wp-content\/uploads\/2024\/05\/guide-floor-lamp-green-02b-xl.jpg\" \/>\n\t<meta property=\"og:image:width\" content=\"2048\" \/>\n\t<meta property=\"og:image:height\" content=\"2048\" \/>\n\t<meta property=\"og:image:type\" content=\"image\/jpeg\" \/>\n<meta name=\"twitter:card\" content=\"summary_large_image\" \/>\n<meta name=\"twitter:label1\" content=\"Availability\" \/>\n\t<meta name=\"twitter:data1\" content=\"In stock\" \/>\n<script type=\"application\/ld+json\" class=\"yoast-schema-graph\">{\"@context\":\"https:\/\/schema.org\",\"@graph\":[{\"@type\":\"WebPage\",\"@id\":\"https:\/\/valaisingronlund.fi\/en\/products\/floor-lamps\/guide-floor-lamp\",\"url\":\"https:\/\/valaisingronlund.fi\/en\/products\/floor-lamps\/guide-floor-lamp\",\"name\":\"Guide Floor Lamp | Valaisin Gr\u00f6nlund\",\"isPartOf\":{\"@id\":\"https:\/\/valaisingronlund.fi\/en\/#website\"},\"primaryImageOfPage\":{\"@id\":\"https:\/\/valaisingronlund.fi\/en\/products\/floor-lamps\/guide-floor-lamp#primaryimage\"},\"image\":{\"@id\":\"https:\/\/valaisingronlund.fi\/en\/products\/floor-lamps\/guide-floor-lamp#primaryimage\"},\"thumbnailUrl\":\"https:\/\/valaisingronlund.fi\/wp-content\/uploads\/2024\/05\/guide-floor-lamp-green-02b-xl.jpg\",\"datePublished\":\"2024-05-13T05:59:35+00:00\",\"dateModified\":\"2025-08-01T12:19:16+00:00\",\"description\":\"The Guide floor lamp seamlessly combines practicality and style. The metal surface makes it a stylish decor element in any space.\",\"breadcrumb\":{\"@id\":\"https:\/\/valaisingronlund.fi\/en\/products\/floor-lamps\/guide-floor-lamp#breadcrumb\"},\"inLanguage\":\"en-US\",\"potentialAction\":[{\"@type\":\"ReadAction\",\"target\":[\"https:\/\/valaisingronlund.fi\/en\/products\/floor-lamps\/guide-floor-lamp\"]}]},{\"@type\":\"ImageObject\",\"inLanguage\":\"en-US\",\"@id\":\"https:\/\/valaisingronlund.fi\/en\/products\/floor-lamps\/guide-floor-lamp#primaryimage\",\"url\":\"https:\/\/valaisingronlund.fi\/wp-content\/uploads\/2024\/05\/guide-floor-lamp-green-02b-xl.jpg\",\"contentUrl\":\"https:\/\/valaisingronlund.fi\/wp-content\/uploads\/2024\/05\/guide-floor-lamp-green-02b-xl.jpg\",\"width\":2048,\"height\":2048,\"caption\":\"Lattiavalaisin pehme\u00e4n vihre\u00e4ll\u00e4 rungolla ja valkoisella sis\u00e4pinnalla varustetulla varjostimella.\"},{\"@type\":\"BreadcrumbList\",\"@id\":\"https:\/\/valaisingronlund.fi\/en\/products\/floor-lamps\/guide-floor-lamp#breadcrumb\",\"itemListElement\":[{\"@type\":\"ListItem\",\"position\":1,\"name\":\"Home\",\"item\":\"https:\/\/valaisingronlund.fi\/en\"},{\"@type\":\"ListItem\",\"position\":2,\"name\":\"Products\",\"item\":\"https:\/\/valaisingronlund.fi\/en\/products\"},{\"@type\":\"ListItem\",\"position\":3,\"name\":\"Guide Floor Lamp\"}]},{\"@type\":\"WebSite\",\"@id\":\"https:\/\/valaisingronlund.fi\/en\/#website\",\"url\":\"https:\/\/valaisingronlund.fi\/en\/\",\"name\":\"Valaisin Gr\u00f6nlund\",\"description\":\"Sisustusvalaisimien valmistus ja maahantuonti\",\"publisher\":{\"@id\":\"https:\/\/valaisingronlund.fi\/en\/#organization\"},\"potentialAction\":[{\"@type\":\"SearchAction\",\"target\":{\"@type\":\"EntryPoint\",\"urlTemplate\":\"https:\/\/valaisingronlund.fi\/en\/?s={search_term_string}\"},\"query-input\":{\"@type\":\"PropertyValueSpecification\",\"valueRequired\":true,\"valueName\":\"search_term_string\"}}],\"inLanguage\":\"en-US\"},{\"@type\":\"Organization\",\"@id\":\"https:\/\/valaisingronlund.fi\/en\/#organization\",\"name\":\"Valaisin Gr\u00f6nlund\",\"url\":\"https:\/\/valaisingronlund.fi\/en\/\",\"logo\":{\"@type\":\"ImageObject\",\"inLanguage\":\"en-US\",\"@id\":\"https:\/\/valaisingronlund.fi\/en\/#\/schema\/logo\/image\/\",\"url\":\"https:\/\/valaisingronlund.fi\/wp-content\/uploads\/2024\/03\/valaisin-gronlund-logo-squre.jpg\",\"contentUrl\":\"https:\/\/valaisingronlund.fi\/wp-content\/uploads\/2024\/03\/valaisin-gronlund-logo-squre.jpg\",\"width\":1024,\"height\":1024,\"caption\":\"Valaisin Gr\u00f6nlund\"},\"image\":{\"@id\":\"https:\/\/valaisingronlund.fi\/en\/#\/schema\/logo\/image\/\"},\"sameAs\":[\"https:\/\/www.facebook.com\/valaisingronlund\/\",\"https:\/\/www.instagram.com\/valaisingronlund\/\",\"https:\/\/fi.pinterest.com\/valaisingronlund\/\"],\"email\":\"info@valaisingronlund.fi\",\"telephone\":\"010 820 8200\",\"legalName\":\"Valaisin Gr\u00f6nlund Oy\",\"foundingDate\":\"1981-08-03\"}]}<\/script>\n<meta property=\"og:availability\" content=\"instock\" \/>\n<meta property=\"product:availability\" content=\"instock\" \/>\n<meta property=\"product:retailer_item_id\" content=\"3764-xx\" \/>\n<meta property=\"product:condition\" content=\"new\" \/>\n<!-- \/ Yoast SEO Premium plugin. -->","yoast_head_json":{"title":"Guide Floor Lamp | Valaisin Gr\u00f6nlund","description":"The Guide floor lamp seamlessly combines practicality and style. The metal surface makes it a stylish decor element in any space.","robots":{"index":"index","follow":"follow","max-snippet":"max-snippet:-1","max-image-preview":"max-image-preview:large","max-video-preview":"max-video-preview:-1"},"canonical":"https:\/\/valaisingronlund.fi\/en\/products\/floor-lamps\/guide-floor-lamp","og_locale":"en_US","og_type":"article","og_title":"Guide Floor Lamp","og_description":"The Guide floor lamp seamlessly combines practicality and style. The metal surface makes it a stylish decor element in any space.","og_url":"https:\/\/valaisingronlund.fi\/en\/products\/floor-lamps\/guide-floor-lamp","og_site_name":"Valaisin Gr\u00f6nlund","article_publisher":"https:\/\/www.facebook.com\/valaisingronlund\/","article_modified_time":"2025-08-01T12:19:16+00:00","og_image":[{"width":2048,"height":2048,"url":"https:\/\/valaisingronlund.fi\/wp-content\/uploads\/2024\/05\/guide-floor-lamp-green-02b-xl.jpg","type":"image\/jpeg"}],"twitter_card":"summary_large_image","twitter_misc":{"Availability":"In stock"},"schema":{"@context":"https:\/\/schema.org","@graph":[{"@type":"WebPage","@id":"https:\/\/valaisingronlund.fi\/en\/products\/floor-lamps\/guide-floor-lamp","url":"https:\/\/valaisingronlund.fi\/en\/products\/floor-lamps\/guide-floor-lamp","name":"Guide Floor Lamp | Valaisin Gr\u00f6nlund","isPartOf":{"@id":"https:\/\/valaisingronlund.fi\/en\/#website"},"primaryImageOfPage":{"@id":"https:\/\/valaisingronlund.fi\/en\/products\/floor-lamps\/guide-floor-lamp#primaryimage"},"image":{"@id":"https:\/\/valaisingronlund.fi\/en\/products\/floor-lamps\/guide-floor-lamp#primaryimage"},"thumbnailUrl":"https:\/\/valaisingronlund.fi\/wp-content\/uploads\/2024\/05\/guide-floor-lamp-green-02b-xl.jpg","datePublished":"2024-05-13T05:59:35+00:00","dateModified":"2025-08-01T12:19:16+00:00","description":"The Guide floor lamp seamlessly combines practicality and style. The metal surface makes it a stylish decor element in any space.","breadcrumb":{"@id":"https:\/\/valaisingronlund.fi\/en\/products\/floor-lamps\/guide-floor-lamp#breadcrumb"},"inLanguage":"en-US","potentialAction":[{"@type":"ReadAction","target":["https:\/\/valaisingronlund.fi\/en\/products\/floor-lamps\/guide-floor-lamp"]}]},{"@type":"ImageObject","inLanguage":"en-US","@id":"https:\/\/valaisingronlund.fi\/en\/products\/floor-lamps\/guide-floor-lamp#primaryimage","url":"https:\/\/valaisingronlund.fi\/wp-content\/uploads\/2024\/05\/guide-floor-lamp-green-02b-xl.jpg","contentUrl":"https:\/\/valaisingronlund.fi\/wp-content\/uploads\/2024\/05\/guide-floor-lamp-green-02b-xl.jpg","width":2048,"height":2048,"caption":"Lattiavalaisin pehme\u00e4n vihre\u00e4ll\u00e4 rungolla ja valkoisella sis\u00e4pinnalla varustetulla varjostimella."},{"@type":"BreadcrumbList","@id":"https:\/\/valaisingronlund.fi\/en\/products\/floor-lamps\/guide-floor-lamp#breadcrumb","itemListElement":[{"@type":"ListItem","position":1,"name":"Home","item":"https:\/\/valaisingronlund.fi\/en"},{"@type":"ListItem","position":2,"name":"Products","item":"https:\/\/valaisingronlund.fi\/en\/products"},{"@type":"ListItem","position":3,"name":"Guide Floor Lamp"}]},{"@type":"WebSite","@id":"https:\/\/valaisingronlund.fi\/en\/#website","url":"https:\/\/valaisingronlund.fi\/en\/","name":"Valaisin Gr\u00f6nlund","description":"Sisustusvalaisimien valmistus ja maahantuonti","publisher":{"@id":"https:\/\/valaisingronlund.fi\/en\/#organization"},"potentialAction":[{"@type":"SearchAction","target":{"@type":"EntryPoint","urlTemplate":"https:\/\/valaisingronlund.fi\/en\/?s={search_term_string}"},"query-input":{"@type":"PropertyValueSpecification","valueRequired":true,"valueName":"search_term_string"}}],"inLanguage":"en-US"},{"@type":"Organization","@id":"https:\/\/valaisingronlund.fi\/en\/#organization","name":"Valaisin Gr\u00f6nlund","url":"https:\/\/valaisingronlund.fi\/en\/","logo":{"@type":"ImageObject","inLanguage":"en-US","@id":"https:\/\/valaisingronlund.fi\/en\/#\/schema\/logo\/image\/","url":"https:\/\/valaisingronlund.fi\/wp-content\/uploads\/2024\/03\/valaisin-gronlund-logo-squre.jpg","contentUrl":"https:\/\/valaisingronlund.fi\/wp-content\/uploads\/2024\/03\/valaisin-gronlund-logo-squre.jpg","width":1024,"height":1024,"caption":"Valaisin Gr\u00f6nlund"},"image":{"@id":"https:\/\/valaisingronlund.fi\/en\/#\/schema\/logo\/image\/"},"sameAs":["https:\/\/www.facebook.com\/valaisingronlund\/","https:\/\/www.instagram.com\/valaisingronlund\/","https:\/\/fi.pinterest.com\/valaisingronlund\/"],"email":"info@valaisingronlund.fi","telephone":"010 820 8200","legalName":"Valaisin Gr\u00f6nlund Oy","foundingDate":"1981-08-03"}]},"og_availability":"instock","product_availability":"instock","product_retailer_item_id":"3764-xx","product_condition":"new"},"_links":{"self":[{"href":"https:\/\/valaisingronlund.fi\/en\/wp-json\/wp\/v2\/product\/71196","targetHints":{"allow":["GET"]}}],"collection":[{"href":"https:\/\/valaisingronlund.fi\/en\/wp-json\/wp\/v2\/product"}],"about":[{"href":"https:\/\/valaisingronlund.fi\/en\/wp-json\/wp\/v2\/types\/product"}],"wp:featuredmedia":[{"embeddable":true,"href":"https:\/\/valaisingronlund.fi\/en\/wp-json\/wp\/v2\/media\/71446"}],"wp:attachment":[{"href":"https:\/\/valaisingronlund.fi\/en\/wp-json\/wp\/v2\/media?parent=71196"}],"wp:term":[{"taxonomy":"product_brand","embeddable":true,"href":"https:\/\/valaisingronlund.fi\/en\/wp-json\/wp\/v2\/product_brand?post=71196"},{"taxonomy":"product_cat","embeddable":true,"href":"https:\/\/valaisingronlund.fi\/en\/wp-json\/wp\/v2\/product_cat?post=71196"},{"taxonomy":"product_tag","embeddable":true,"href":"https:\/\/valaisingronlund.fi\/en\/wp-json\/wp\/v2\/product_tag?post=71196"}],"curies":[{"name":"wp","href":"https:\/\/api.w.org\/{rel}","templated":true}]}}