{"id":71161,"date":"2024-05-13T13:14:28","date_gmt":"2024-05-13T10:14:28","guid":{"rendered":"https:\/\/valaisingronlund.fi\/tuotteet\/uncategorized\/arctic-1-kattovalaisin"},"modified":"2025-08-01T15:18:39","modified_gmt":"2025-08-01T12:18:39","slug":"arctic-1-pendant-light","status":"publish","type":"product","link":"https:\/\/valaisingronlund.fi\/en\/products\/pendant-lights\/arctic-1-pendant-light","title":{"rendered":"Arctic 1 Pendant Light"},"content":{"rendered":"<p>Arctic 1 pendant light brings elegance and sophisticated style to any space. This light combines classic glass and warm brass metal, creating a timeless look that endures over time. The textured glass shade softly and evenly reflects light, offering an inviting and warm atmosphere. The brass finish highlights the luxurious nature of the light, making it both a practical light source and a stunning decorative element. Arctic 1 is designed to fit a variety of interior styles, whether modern minimalism or more traditional elegance.<\/p>\n<h2>Features<\/h2>\n<ul class=\"bulletlist\">\n<li>The light uses a standard E27 bulb, compatible with many energy-efficient solutions on the market.<\/li>\n<li>An adjustable cord allows for placement at different heights.<\/li>\n<li>Hook attachment combined with a light plug makes installation simple and effortless.<\/li>\n<li>The light is made from durable metal and high-quality glass, ensuring long life and easy maintenance.<\/li>\n<\/ul>\n<h2>Usage<\/h2>\n<p>Arctic 1 pendant light is perfect for a variety of spaces, such as living rooms, kitchens, or workspaces. It works wonderfully as a single light source in smaller spaces or as part of a larger lighting group in larger spaces. Its classic design combined with modern details makes it an ideal choice for those who want to blend traditional and modern interior styles elegantly.<\/p>\n","protected":false},"excerpt":{"rendered":"<p>Arctic 1 pendant light shines with both practicality and appearance. Its simple yet stylish design with a brass finish and textured glass shade makes it a versatile light that suits both modern and traditional interiors.<\/p>\n<ul class=\"product-technical-data\">\n<li>Diameter: 12.5 cm<\/li>\n<li>Bulb: 1 x E27, max 40 W (bulb not included)<\/li>\n<li>Cord length: 3 m (adjustable)<\/li>\n<li>Hook attachment<\/li>\n<li>Materials: Glass \/ metal<\/li>\n<\/ul>\n<p><b>1832-1-184<\/b> Brass \/ clear glass <\/p>\n","protected":false},"featured_media":70890,"template":"","meta":{"_acf_changed":false,"inline_featured_image":false,"_monsterinsights_skip_tracking":false,"_monsterinsights_sitenote_active":false,"_monsterinsights_sitenote_note":"","_monsterinsights_sitenote_category":0},"product_brand":[],"product_cat":[79,4157,2081],"product_tag":[4994,4995,2806,4078,3009,2831,4993,99],"class_list":{"0":"post-71161","1":"product","2":"type-product","3":"status-publish","4":"has-post-thumbnail","6":"product_cat-design-by-gronlund","7":"product_cat-new-products","8":"product_cat-pendant-lights","9":"product_tag-arctic-en","10":"product_tag-arktinen-en","11":"product_tag-brass","12":"product_tag-ceiling-light","13":"product_tag-design-en","14":"product_tag-glass","15":"product_tag-magnificent","16":"product_tag-pendant-light","18":"first","19":"instock","20":"taxable","21":"shipping-taxable","22":"purchasable","23":"product-type-simple"},"acf":[],"yoast_head":"<!-- This site is optimized with the Yoast SEO Premium plugin v26.4 (Yoast SEO v26.9) - https:\/\/yoast.com\/product\/yoast-seo-premium-wordpress\/ -->\n<title>Arctic 1 Pendant Light | Valaisin Gr\u00f6nlund<\/title>\n<meta name=\"description\" content=\"Arctic 1 pendant light combines timeless glass with warm brass to create a stylish light source. The light brings sparkle and style to any space.\" \/>\n<meta name=\"robots\" content=\"index, follow, max-snippet:-1, max-image-preview:large, max-video-preview:-1\" \/>\n<link rel=\"canonical\" href=\"https:\/\/valaisingronlund.fi\/en\/products\/pendant-lights\/arctic-1-pendant-light\" \/>\n<meta property=\"og:locale\" content=\"en_US\" \/>\n<meta property=\"og:type\" content=\"article\" \/>\n<meta property=\"og:title\" content=\"Arctic 1 Pendant Light\" \/>\n<meta property=\"og:description\" content=\"Arctic 1 pendant light combines timeless glass with warm brass to create a stylish light source. The light brings sparkle and style to any space.\" \/>\n<meta property=\"og:url\" content=\"https:\/\/valaisingronlund.fi\/en\/products\/pendant-lights\/arctic-1-pendant-light\" \/>\n<meta property=\"og:site_name\" content=\"Valaisin Gr\u00f6nlund\" \/>\n<meta property=\"article:publisher\" content=\"https:\/\/www.facebook.com\/valaisingronlund\/\" \/>\n<meta property=\"article:modified_time\" content=\"2025-08-01T12:18:39+00:00\" \/>\n<meta property=\"og:image\" content=\"https:\/\/valaisingronlund.fi\/wp-content\/uploads\/2024\/05\/arctic-1-pendant-light-01-xl.jpg\" \/>\n\t<meta property=\"og:image:width\" content=\"2048\" \/>\n\t<meta property=\"og:image:height\" content=\"2048\" \/>\n\t<meta property=\"og:image:type\" content=\"image\/jpeg\" \/>\n<meta name=\"twitter:card\" content=\"summary_large_image\" \/>\n<meta name=\"twitter:label1\" content=\"Price\" \/>\n\t<meta name=\"twitter:data1\" content=\"174&nbsp;\u20ac\" \/>\n\t<meta name=\"twitter:label2\" content=\"Availability\" \/>\n\t<meta name=\"twitter:data2\" content=\"In stock\" \/>\n<script type=\"application\/ld+json\" class=\"yoast-schema-graph\">{\"@context\":\"https:\/\/schema.org\",\"@graph\":[{\"@type\":\"WebPage\",\"@id\":\"https:\/\/valaisingronlund.fi\/en\/products\/pendant-lights\/arctic-1-pendant-light\",\"url\":\"https:\/\/valaisingronlund.fi\/en\/products\/pendant-lights\/arctic-1-pendant-light\",\"name\":\"Arctic 1 Pendant Light | Valaisin Gr\u00f6nlund\",\"isPartOf\":{\"@id\":\"https:\/\/valaisingronlund.fi\/en\/#website\"},\"primaryImageOfPage\":{\"@id\":\"https:\/\/valaisingronlund.fi\/en\/products\/pendant-lights\/arctic-1-pendant-light#primaryimage\"},\"image\":{\"@id\":\"https:\/\/valaisingronlund.fi\/en\/products\/pendant-lights\/arctic-1-pendant-light#primaryimage\"},\"thumbnailUrl\":\"https:\/\/valaisingronlund.fi\/wp-content\/uploads\/2024\/05\/arctic-1-pendant-light-01-xl.jpg\",\"datePublished\":\"2024-05-13T10:14:28+00:00\",\"dateModified\":\"2025-08-01T12:18:39+00:00\",\"description\":\"Arctic 1 pendant light combines timeless glass with warm brass to create a stylish light source. The light brings sparkle and style to any space.\",\"breadcrumb\":{\"@id\":\"https:\/\/valaisingronlund.fi\/en\/products\/pendant-lights\/arctic-1-pendant-light#breadcrumb\"},\"inLanguage\":\"en-US\",\"potentialAction\":[{\"@type\":\"ReadAction\",\"target\":[\"https:\/\/valaisingronlund.fi\/en\/products\/pendant-lights\/arctic-1-pendant-light\"]}]},{\"@type\":\"ImageObject\",\"inLanguage\":\"en-US\",\"@id\":\"https:\/\/valaisingronlund.fi\/en\/products\/pendant-lights\/arctic-1-pendant-light#primaryimage\",\"url\":\"https:\/\/valaisingronlund.fi\/wp-content\/uploads\/2024\/05\/arctic-1-pendant-light-01-xl.jpg\",\"contentUrl\":\"https:\/\/valaisingronlund.fi\/wp-content\/uploads\/2024\/05\/arctic-1-pendant-light-01-xl.jpg\",\"width\":2048,\"height\":2048,\"caption\":\"Yksitt\u00e4inen riippuvalaisin, jossa messinkirunko ja lasinen j\u00e4\u00e4pintainen valaisinosa.\"},{\"@type\":\"BreadcrumbList\",\"@id\":\"https:\/\/valaisingronlund.fi\/en\/products\/pendant-lights\/arctic-1-pendant-light#breadcrumb\",\"itemListElement\":[{\"@type\":\"ListItem\",\"position\":1,\"name\":\"Home\",\"item\":\"https:\/\/valaisingronlund.fi\/en\"},{\"@type\":\"ListItem\",\"position\":2,\"name\":\"Products\",\"item\":\"https:\/\/valaisingronlund.fi\/en\/products\"},{\"@type\":\"ListItem\",\"position\":3,\"name\":\"Arctic 1 Pendant Light\"}]},{\"@type\":\"WebSite\",\"@id\":\"https:\/\/valaisingronlund.fi\/en\/#website\",\"url\":\"https:\/\/valaisingronlund.fi\/en\/\",\"name\":\"Valaisin Gr\u00f6nlund\",\"description\":\"Sisustusvalaisimien valmistus ja maahantuonti\",\"publisher\":{\"@id\":\"https:\/\/valaisingronlund.fi\/en\/#organization\"},\"potentialAction\":[{\"@type\":\"SearchAction\",\"target\":{\"@type\":\"EntryPoint\",\"urlTemplate\":\"https:\/\/valaisingronlund.fi\/en\/?s={search_term_string}\"},\"query-input\":{\"@type\":\"PropertyValueSpecification\",\"valueRequired\":true,\"valueName\":\"search_term_string\"}}],\"inLanguage\":\"en-US\"},{\"@type\":\"Organization\",\"@id\":\"https:\/\/valaisingronlund.fi\/en\/#organization\",\"name\":\"Valaisin Gr\u00f6nlund\",\"url\":\"https:\/\/valaisingronlund.fi\/en\/\",\"logo\":{\"@type\":\"ImageObject\",\"inLanguage\":\"en-US\",\"@id\":\"https:\/\/valaisingronlund.fi\/en\/#\/schema\/logo\/image\/\",\"url\":\"https:\/\/valaisingronlund.fi\/wp-content\/uploads\/2024\/03\/valaisin-gronlund-logo-squre.jpg\",\"contentUrl\":\"https:\/\/valaisingronlund.fi\/wp-content\/uploads\/2024\/03\/valaisin-gronlund-logo-squre.jpg\",\"width\":1024,\"height\":1024,\"caption\":\"Valaisin Gr\u00f6nlund\"},\"image\":{\"@id\":\"https:\/\/valaisingronlund.fi\/en\/#\/schema\/logo\/image\/\"},\"sameAs\":[\"https:\/\/www.facebook.com\/valaisingronlund\/\",\"https:\/\/www.instagram.com\/valaisingronlund\/\",\"https:\/\/fi.pinterest.com\/valaisingronlund\/\"],\"email\":\"info@valaisingronlund.fi\",\"telephone\":\"010 820 8200\",\"legalName\":\"Valaisin Gr\u00f6nlund Oy\",\"foundingDate\":\"1981-08-03\"}]}<\/script>\n<meta property=\"product:price:amount\" content=\"174\" \/>\n<meta property=\"product:price:currency\" content=\"EUR\" \/>\n<meta property=\"og:availability\" content=\"instock\" \/>\n<meta property=\"product:availability\" content=\"instock\" \/>\n<meta property=\"product:retailer_item_id\" content=\"1832-1-184\" \/>\n<meta property=\"product:condition\" content=\"new\" \/>\n<!-- \/ Yoast SEO Premium plugin. -->","yoast_head_json":{"title":"Arctic 1 Pendant Light | Valaisin Gr\u00f6nlund","description":"Arctic 1 pendant light combines timeless glass with warm brass to create a stylish light source. The light brings sparkle and style to any space.","robots":{"index":"index","follow":"follow","max-snippet":"max-snippet:-1","max-image-preview":"max-image-preview:large","max-video-preview":"max-video-preview:-1"},"canonical":"https:\/\/valaisingronlund.fi\/en\/products\/pendant-lights\/arctic-1-pendant-light","og_locale":"en_US","og_type":"article","og_title":"Arctic 1 Pendant Light","og_description":"Arctic 1 pendant light combines timeless glass with warm brass to create a stylish light source. The light brings sparkle and style to any space.","og_url":"https:\/\/valaisingronlund.fi\/en\/products\/pendant-lights\/arctic-1-pendant-light","og_site_name":"Valaisin Gr\u00f6nlund","article_publisher":"https:\/\/www.facebook.com\/valaisingronlund\/","article_modified_time":"2025-08-01T12:18:39+00:00","og_image":[{"width":2048,"height":2048,"url":"https:\/\/valaisingronlund.fi\/wp-content\/uploads\/2024\/05\/arctic-1-pendant-light-01-xl.jpg","type":"image\/jpeg"}],"twitter_card":"summary_large_image","twitter_misc":{"Price":"174&nbsp;\u20ac","Availability":"In stock"},"schema":{"@context":"https:\/\/schema.org","@graph":[{"@type":"WebPage","@id":"https:\/\/valaisingronlund.fi\/en\/products\/pendant-lights\/arctic-1-pendant-light","url":"https:\/\/valaisingronlund.fi\/en\/products\/pendant-lights\/arctic-1-pendant-light","name":"Arctic 1 Pendant Light | Valaisin Gr\u00f6nlund","isPartOf":{"@id":"https:\/\/valaisingronlund.fi\/en\/#website"},"primaryImageOfPage":{"@id":"https:\/\/valaisingronlund.fi\/en\/products\/pendant-lights\/arctic-1-pendant-light#primaryimage"},"image":{"@id":"https:\/\/valaisingronlund.fi\/en\/products\/pendant-lights\/arctic-1-pendant-light#primaryimage"},"thumbnailUrl":"https:\/\/valaisingronlund.fi\/wp-content\/uploads\/2024\/05\/arctic-1-pendant-light-01-xl.jpg","datePublished":"2024-05-13T10:14:28+00:00","dateModified":"2025-08-01T12:18:39+00:00","description":"Arctic 1 pendant light combines timeless glass with warm brass to create a stylish light source. The light brings sparkle and style to any space.","breadcrumb":{"@id":"https:\/\/valaisingronlund.fi\/en\/products\/pendant-lights\/arctic-1-pendant-light#breadcrumb"},"inLanguage":"en-US","potentialAction":[{"@type":"ReadAction","target":["https:\/\/valaisingronlund.fi\/en\/products\/pendant-lights\/arctic-1-pendant-light"]}]},{"@type":"ImageObject","inLanguage":"en-US","@id":"https:\/\/valaisingronlund.fi\/en\/products\/pendant-lights\/arctic-1-pendant-light#primaryimage","url":"https:\/\/valaisingronlund.fi\/wp-content\/uploads\/2024\/05\/arctic-1-pendant-light-01-xl.jpg","contentUrl":"https:\/\/valaisingronlund.fi\/wp-content\/uploads\/2024\/05\/arctic-1-pendant-light-01-xl.jpg","width":2048,"height":2048,"caption":"Yksitt\u00e4inen riippuvalaisin, jossa messinkirunko ja lasinen j\u00e4\u00e4pintainen valaisinosa."},{"@type":"BreadcrumbList","@id":"https:\/\/valaisingronlund.fi\/en\/products\/pendant-lights\/arctic-1-pendant-light#breadcrumb","itemListElement":[{"@type":"ListItem","position":1,"name":"Home","item":"https:\/\/valaisingronlund.fi\/en"},{"@type":"ListItem","position":2,"name":"Products","item":"https:\/\/valaisingronlund.fi\/en\/products"},{"@type":"ListItem","position":3,"name":"Arctic 1 Pendant Light"}]},{"@type":"WebSite","@id":"https:\/\/valaisingronlund.fi\/en\/#website","url":"https:\/\/valaisingronlund.fi\/en\/","name":"Valaisin Gr\u00f6nlund","description":"Sisustusvalaisimien valmistus ja maahantuonti","publisher":{"@id":"https:\/\/valaisingronlund.fi\/en\/#organization"},"potentialAction":[{"@type":"SearchAction","target":{"@type":"EntryPoint","urlTemplate":"https:\/\/valaisingronlund.fi\/en\/?s={search_term_string}"},"query-input":{"@type":"PropertyValueSpecification","valueRequired":true,"valueName":"search_term_string"}}],"inLanguage":"en-US"},{"@type":"Organization","@id":"https:\/\/valaisingronlund.fi\/en\/#organization","name":"Valaisin Gr\u00f6nlund","url":"https:\/\/valaisingronlund.fi\/en\/","logo":{"@type":"ImageObject","inLanguage":"en-US","@id":"https:\/\/valaisingronlund.fi\/en\/#\/schema\/logo\/image\/","url":"https:\/\/valaisingronlund.fi\/wp-content\/uploads\/2024\/03\/valaisin-gronlund-logo-squre.jpg","contentUrl":"https:\/\/valaisingronlund.fi\/wp-content\/uploads\/2024\/03\/valaisin-gronlund-logo-squre.jpg","width":1024,"height":1024,"caption":"Valaisin Gr\u00f6nlund"},"image":{"@id":"https:\/\/valaisingronlund.fi\/en\/#\/schema\/logo\/image\/"},"sameAs":["https:\/\/www.facebook.com\/valaisingronlund\/","https:\/\/www.instagram.com\/valaisingronlund\/","https:\/\/fi.pinterest.com\/valaisingronlund\/"],"email":"info@valaisingronlund.fi","telephone":"010 820 8200","legalName":"Valaisin Gr\u00f6nlund Oy","foundingDate":"1981-08-03"}]},"product_price_amount":"174","product_price_currency":"EUR","og_availability":"instock","product_availability":"instock","product_retailer_item_id":"1832-1-184","product_condition":"new"},"_links":{"self":[{"href":"https:\/\/valaisingronlund.fi\/en\/wp-json\/wp\/v2\/product\/71161","targetHints":{"allow":["GET"]}}],"collection":[{"href":"https:\/\/valaisingronlund.fi\/en\/wp-json\/wp\/v2\/product"}],"about":[{"href":"https:\/\/valaisingronlund.fi\/en\/wp-json\/wp\/v2\/types\/product"}],"wp:featuredmedia":[{"embeddable":true,"href":"https:\/\/valaisingronlund.fi\/en\/wp-json\/wp\/v2\/media\/70890"}],"wp:attachment":[{"href":"https:\/\/valaisingronlund.fi\/en\/wp-json\/wp\/v2\/media?parent=71161"}],"wp:term":[{"taxonomy":"product_brand","embeddable":true,"href":"https:\/\/valaisingronlund.fi\/en\/wp-json\/wp\/v2\/product_brand?post=71161"},{"taxonomy":"product_cat","embeddable":true,"href":"https:\/\/valaisingronlund.fi\/en\/wp-json\/wp\/v2\/product_cat?post=71161"},{"taxonomy":"product_tag","embeddable":true,"href":"https:\/\/valaisingronlund.fi\/en\/wp-json\/wp\/v2\/product_tag?post=71161"}],"curies":[{"name":"wp","href":"https:\/\/api.w.org\/{rel}","templated":true}]}}