{"id":68197,"date":"2023-04-06T13:53:02","date_gmt":"2023-04-06T10:53:02","guid":{"rendered":"https:\/\/valaisingronlund.fi\/tuotteet\/uncategorized\/rok"},"modified":"2025-08-01T15:17:12","modified_gmt":"2025-08-01T12:17:12","slug":"rok","status":"publish","type":"product","link":"https:\/\/valaisingronlund.fi\/en\/products\/lampshades\/rok","title":{"rendered":"Rok"},"content":{"rendered":"","protected":false},"excerpt":{"rendered":"<ul class=\"product-technical-data\">\n<li>Lower diameter: about 16 cm \/ 22 cm \/ 34 cm<\/li>\n<li>Lower circle: about 10 cm \/ 15 cm \/ 25 cm<\/li>\n<li>Upper diameter: 6,5 cm \/ 7,5 cm \/ 13,5 cm<\/li>\n<li>Height: 13 cm \/ 16,5 cm \/ 25 cm<\/li>\n<li>Mounting: Press on to the light bulb<\/li>\n<\/ul>\n<p><b>10.30.09-10<\/b> \u00f810cm, dark<br \/>\n<b>10.30.18-10<\/b> \u00f810cm, light<br \/>\n<b>10.30.09-15<\/b> \u00f815cm, dark<br \/>\n<b>10.30.18-15<\/b> \u00f815cm, light<br \/>\n<b>10.30.09-25<\/b> \u00f825cm, dark <\/p>\n","protected":false},"featured_media":67564,"template":"","meta":{"_acf_changed":false,"inline_featured_image":false,"_monsterinsights_skip_tracking":false,"_monsterinsights_sitenote_active":false,"_monsterinsights_sitenote_note":"","_monsterinsights_sitenote_category":0},"product_brand":[],"product_cat":[87],"product_tag":[2874],"class_list":{"0":"post-68197","1":"product","2":"type-product","3":"status-publish","4":"has-post-thumbnail","6":"product_cat-lampshades","7":"product_tag-fabric-shade","9":"first","10":"instock","11":"taxable","12":"shipping-taxable","13":"purchasable","14":"product-type-variable","15":"wvs-archive-product-wrapper"},"acf":[],"yoast_head":"<!-- This site is optimized with the Yoast SEO Premium plugin v26.4 (Yoast SEO v26.9) - https:\/\/yoast.com\/product\/yoast-seo-premium-wordpress\/ -->\n<title>Rok | Valaisin Gr\u00f6nlund<\/title>\n<meta name=\"robots\" content=\"index, follow, max-snippet:-1, max-image-preview:large, max-video-preview:-1\" \/>\n<link rel=\"canonical\" href=\"https:\/\/valaisingronlund.fi\/en\/products\/lampshades\/rok\" \/>\n<meta property=\"og:locale\" content=\"en_US\" \/>\n<meta property=\"og:type\" content=\"article\" \/>\n<meta property=\"og:title\" content=\"Rok\" \/>\n<meta property=\"og:description\" content=\"Lower diameter: about 16 cm \/ 22 cm \/ 34 cm Lower circle: about 10 cm \/ 15 cm \/ 25 cm Upper diameter: 6,5 cm \/ 7,5 cm \/ 13,5 cm Height: 13 cm \/ 16,5 cm \/ 25 cm Mounting: Press on to the light bulb 10.30.09-10 \u00f810cm, dark 10.30.18-10 \u00f810cm, light 10.30.09-15 \u00f815cm, dark 10.30.18-15 \u00f815cm, light 10.30.09-25 \u00f825cm, dark\" \/>\n<meta property=\"og:url\" content=\"https:\/\/valaisingronlund.fi\/en\/products\/lampshades\/rok\" \/>\n<meta property=\"og:site_name\" content=\"Valaisin Gr\u00f6nlund\" \/>\n<meta property=\"article:publisher\" content=\"https:\/\/www.facebook.com\/valaisingronlund\/\" \/>\n<meta property=\"article:modified_time\" content=\"2025-08-01T12:17:12+00:00\" \/>\n<meta property=\"og:image\" content=\"https:\/\/valaisingronlund.fi\/wp-content\/uploads\/2023\/04\/rok-15-tumma-01-xl.jpg\" \/>\n\t<meta property=\"og:image:width\" content=\"2048\" \/>\n\t<meta property=\"og:image:height\" content=\"2048\" \/>\n\t<meta property=\"og:image:type\" content=\"image\/jpeg\" \/>\n<meta name=\"twitter:card\" content=\"summary_large_image\" \/>\n<meta name=\"twitter:label1\" content=\"Availability\" \/>\n\t<meta name=\"twitter:data1\" content=\"In stock\" \/>\n<script type=\"application\/ld+json\" class=\"yoast-schema-graph\">{\"@context\":\"https:\/\/schema.org\",\"@graph\":[{\"@type\":\"WebPage\",\"@id\":\"https:\/\/valaisingronlund.fi\/en\/products\/lampshades\/rok\",\"url\":\"https:\/\/valaisingronlund.fi\/en\/products\/lampshades\/rok\",\"name\":\"Rok | Valaisin Gr\u00f6nlund\",\"isPartOf\":{\"@id\":\"https:\/\/valaisingronlund.fi\/en\/#website\"},\"primaryImageOfPage\":{\"@id\":\"https:\/\/valaisingronlund.fi\/en\/products\/lampshades\/rok#primaryimage\"},\"image\":{\"@id\":\"https:\/\/valaisingronlund.fi\/en\/products\/lampshades\/rok#primaryimage\"},\"thumbnailUrl\":\"https:\/\/valaisingronlund.fi\/wp-content\/uploads\/2023\/04\/rok-15-tumma-01-xl.jpg\",\"datePublished\":\"2023-04-06T10:53:02+00:00\",\"dateModified\":\"2025-08-01T12:17:12+00:00\",\"breadcrumb\":{\"@id\":\"https:\/\/valaisingronlund.fi\/en\/products\/lampshades\/rok#breadcrumb\"},\"inLanguage\":\"en-US\",\"potentialAction\":[{\"@type\":\"ReadAction\",\"target\":[\"https:\/\/valaisingronlund.fi\/en\/products\/lampshades\/rok\"]}]},{\"@type\":\"ImageObject\",\"inLanguage\":\"en-US\",\"@id\":\"https:\/\/valaisingronlund.fi\/en\/products\/lampshades\/rok#primaryimage\",\"url\":\"https:\/\/valaisingronlund.fi\/wp-content\/uploads\/2023\/04\/rok-15-tumma-01-xl.jpg\",\"contentUrl\":\"https:\/\/valaisingronlund.fi\/wp-content\/uploads\/2023\/04\/rok-15-tumma-01-xl.jpg\",\"width\":2048,\"height\":2048,\"caption\":\"ROK-15 shade. Brown flower.\"},{\"@type\":\"BreadcrumbList\",\"@id\":\"https:\/\/valaisingronlund.fi\/en\/products\/lampshades\/rok#breadcrumb\",\"itemListElement\":[{\"@type\":\"ListItem\",\"position\":1,\"name\":\"Home\",\"item\":\"https:\/\/valaisingronlund.fi\/en\"},{\"@type\":\"ListItem\",\"position\":2,\"name\":\"Products\",\"item\":\"https:\/\/valaisingronlund.fi\/en\/products\"},{\"@type\":\"ListItem\",\"position\":3,\"name\":\"Rok\"}]},{\"@type\":\"WebSite\",\"@id\":\"https:\/\/valaisingronlund.fi\/en\/#website\",\"url\":\"https:\/\/valaisingronlund.fi\/en\/\",\"name\":\"Valaisin Gr\u00f6nlund\",\"description\":\"Sisustusvalaisimien valmistus ja maahantuonti\",\"publisher\":{\"@id\":\"https:\/\/valaisingronlund.fi\/en\/#organization\"},\"potentialAction\":[{\"@type\":\"SearchAction\",\"target\":{\"@type\":\"EntryPoint\",\"urlTemplate\":\"https:\/\/valaisingronlund.fi\/en\/?s={search_term_string}\"},\"query-input\":{\"@type\":\"PropertyValueSpecification\",\"valueRequired\":true,\"valueName\":\"search_term_string\"}}],\"inLanguage\":\"en-US\"},{\"@type\":\"Organization\",\"@id\":\"https:\/\/valaisingronlund.fi\/en\/#organization\",\"name\":\"Valaisin Gr\u00f6nlund\",\"url\":\"https:\/\/valaisingronlund.fi\/en\/\",\"logo\":{\"@type\":\"ImageObject\",\"inLanguage\":\"en-US\",\"@id\":\"https:\/\/valaisingronlund.fi\/en\/#\/schema\/logo\/image\/\",\"url\":\"https:\/\/valaisingronlund.fi\/wp-content\/uploads\/2024\/03\/valaisin-gronlund-logo-squre.jpg\",\"contentUrl\":\"https:\/\/valaisingronlund.fi\/wp-content\/uploads\/2024\/03\/valaisin-gronlund-logo-squre.jpg\",\"width\":1024,\"height\":1024,\"caption\":\"Valaisin Gr\u00f6nlund\"},\"image\":{\"@id\":\"https:\/\/valaisingronlund.fi\/en\/#\/schema\/logo\/image\/\"},\"sameAs\":[\"https:\/\/www.facebook.com\/valaisingronlund\/\",\"https:\/\/www.instagram.com\/valaisingronlund\/\",\"https:\/\/fi.pinterest.com\/valaisingronlund\/\"],\"email\":\"info@valaisingronlund.fi\",\"telephone\":\"010 820 8200\",\"legalName\":\"Valaisin Gr\u00f6nlund Oy\",\"foundingDate\":\"1981-08-03\"}]}<\/script>\n<meta property=\"og:availability\" content=\"instock\" \/>\n<meta property=\"product:availability\" content=\"instock\" \/>\n<meta property=\"product:retailer_item_id\" content=\"10.xx.xx\" \/>\n<meta property=\"product:condition\" content=\"new\" \/>\n<!-- \/ Yoast SEO Premium plugin. -->","yoast_head_json":{"title":"Rok | Valaisin Gr\u00f6nlund","robots":{"index":"index","follow":"follow","max-snippet":"max-snippet:-1","max-image-preview":"max-image-preview:large","max-video-preview":"max-video-preview:-1"},"canonical":"https:\/\/valaisingronlund.fi\/en\/products\/lampshades\/rok","og_locale":"en_US","og_type":"article","og_title":"Rok","og_description":"Lower diameter: about 16 cm \/ 22 cm \/ 34 cm Lower circle: about 10 cm \/ 15 cm \/ 25 cm Upper diameter: 6,5 cm \/ 7,5 cm \/ 13,5 cm Height: 13 cm \/ 16,5 cm \/ 25 cm Mounting: Press on to the light bulb 10.30.09-10 \u00f810cm, dark 10.30.18-10 \u00f810cm, light 10.30.09-15 \u00f815cm, dark 10.30.18-15 \u00f815cm, light 10.30.09-25 \u00f825cm, dark","og_url":"https:\/\/valaisingronlund.fi\/en\/products\/lampshades\/rok","og_site_name":"Valaisin Gr\u00f6nlund","article_publisher":"https:\/\/www.facebook.com\/valaisingronlund\/","article_modified_time":"2025-08-01T12:17:12+00:00","og_image":[{"width":2048,"height":2048,"url":"https:\/\/valaisingronlund.fi\/wp-content\/uploads\/2023\/04\/rok-15-tumma-01-xl.jpg","type":"image\/jpeg"}],"twitter_card":"summary_large_image","twitter_misc":{"Availability":"In stock"},"schema":{"@context":"https:\/\/schema.org","@graph":[{"@type":"WebPage","@id":"https:\/\/valaisingronlund.fi\/en\/products\/lampshades\/rok","url":"https:\/\/valaisingronlund.fi\/en\/products\/lampshades\/rok","name":"Rok | Valaisin Gr\u00f6nlund","isPartOf":{"@id":"https:\/\/valaisingronlund.fi\/en\/#website"},"primaryImageOfPage":{"@id":"https:\/\/valaisingronlund.fi\/en\/products\/lampshades\/rok#primaryimage"},"image":{"@id":"https:\/\/valaisingronlund.fi\/en\/products\/lampshades\/rok#primaryimage"},"thumbnailUrl":"https:\/\/valaisingronlund.fi\/wp-content\/uploads\/2023\/04\/rok-15-tumma-01-xl.jpg","datePublished":"2023-04-06T10:53:02+00:00","dateModified":"2025-08-01T12:17:12+00:00","breadcrumb":{"@id":"https:\/\/valaisingronlund.fi\/en\/products\/lampshades\/rok#breadcrumb"},"inLanguage":"en-US","potentialAction":[{"@type":"ReadAction","target":["https:\/\/valaisingronlund.fi\/en\/products\/lampshades\/rok"]}]},{"@type":"ImageObject","inLanguage":"en-US","@id":"https:\/\/valaisingronlund.fi\/en\/products\/lampshades\/rok#primaryimage","url":"https:\/\/valaisingronlund.fi\/wp-content\/uploads\/2023\/04\/rok-15-tumma-01-xl.jpg","contentUrl":"https:\/\/valaisingronlund.fi\/wp-content\/uploads\/2023\/04\/rok-15-tumma-01-xl.jpg","width":2048,"height":2048,"caption":"ROK-15 shade. Brown flower."},{"@type":"BreadcrumbList","@id":"https:\/\/valaisingronlund.fi\/en\/products\/lampshades\/rok#breadcrumb","itemListElement":[{"@type":"ListItem","position":1,"name":"Home","item":"https:\/\/valaisingronlund.fi\/en"},{"@type":"ListItem","position":2,"name":"Products","item":"https:\/\/valaisingronlund.fi\/en\/products"},{"@type":"ListItem","position":3,"name":"Rok"}]},{"@type":"WebSite","@id":"https:\/\/valaisingronlund.fi\/en\/#website","url":"https:\/\/valaisingronlund.fi\/en\/","name":"Valaisin Gr\u00f6nlund","description":"Sisustusvalaisimien valmistus ja maahantuonti","publisher":{"@id":"https:\/\/valaisingronlund.fi\/en\/#organization"},"potentialAction":[{"@type":"SearchAction","target":{"@type":"EntryPoint","urlTemplate":"https:\/\/valaisingronlund.fi\/en\/?s={search_term_string}"},"query-input":{"@type":"PropertyValueSpecification","valueRequired":true,"valueName":"search_term_string"}}],"inLanguage":"en-US"},{"@type":"Organization","@id":"https:\/\/valaisingronlund.fi\/en\/#organization","name":"Valaisin Gr\u00f6nlund","url":"https:\/\/valaisingronlund.fi\/en\/","logo":{"@type":"ImageObject","inLanguage":"en-US","@id":"https:\/\/valaisingronlund.fi\/en\/#\/schema\/logo\/image\/","url":"https:\/\/valaisingronlund.fi\/wp-content\/uploads\/2024\/03\/valaisin-gronlund-logo-squre.jpg","contentUrl":"https:\/\/valaisingronlund.fi\/wp-content\/uploads\/2024\/03\/valaisin-gronlund-logo-squre.jpg","width":1024,"height":1024,"caption":"Valaisin Gr\u00f6nlund"},"image":{"@id":"https:\/\/valaisingronlund.fi\/en\/#\/schema\/logo\/image\/"},"sameAs":["https:\/\/www.facebook.com\/valaisingronlund\/","https:\/\/www.instagram.com\/valaisingronlund\/","https:\/\/fi.pinterest.com\/valaisingronlund\/"],"email":"info@valaisingronlund.fi","telephone":"010 820 8200","legalName":"Valaisin Gr\u00f6nlund Oy","foundingDate":"1981-08-03"}]},"og_availability":"instock","product_availability":"instock","product_retailer_item_id":"10.xx.xx","product_condition":"new"},"_links":{"self":[{"href":"https:\/\/valaisingronlund.fi\/en\/wp-json\/wp\/v2\/product\/68197","targetHints":{"allow":["GET"]}}],"collection":[{"href":"https:\/\/valaisingronlund.fi\/en\/wp-json\/wp\/v2\/product"}],"about":[{"href":"https:\/\/valaisingronlund.fi\/en\/wp-json\/wp\/v2\/types\/product"}],"wp:featuredmedia":[{"embeddable":true,"href":"https:\/\/valaisingronlund.fi\/en\/wp-json\/wp\/v2\/media\/67564"}],"wp:attachment":[{"href":"https:\/\/valaisingronlund.fi\/en\/wp-json\/wp\/v2\/media?parent=68197"}],"wp:term":[{"taxonomy":"product_brand","embeddable":true,"href":"https:\/\/valaisingronlund.fi\/en\/wp-json\/wp\/v2\/product_brand?post=68197"},{"taxonomy":"product_cat","embeddable":true,"href":"https:\/\/valaisingronlund.fi\/en\/wp-json\/wp\/v2\/product_cat?post=68197"},{"taxonomy":"product_tag","embeddable":true,"href":"https:\/\/valaisingronlund.fi\/en\/wp-json\/wp\/v2\/product_tag?post=68197"}],"curies":[{"name":"wp","href":"https:\/\/api.w.org\/{rel}","templated":true}]}}