{"id":64628,"date":"2017-09-29T16:28:08","date_gmt":"2017-09-29T13:28:08","guid":{"rendered":"https:\/\/valaisingronlund.fi\/tuotteet\/uncategorized\/circulo"},"modified":"2025-08-01T15:00:33","modified_gmt":"2025-08-01T12:00:33","slug":"circulo","status":"publish","type":"product","link":"https:\/\/valaisingronlund.fi\/en\/products\/pendant-lights\/circulo","title":{"rendered":"Circulo"},"content":{"rendered":"","protected":false},"excerpt":{"rendered":"<p>Elegant and simple modern form, white color and clean lines combined with a very good and pleasant light makes this lamp irresistible. Timeless design and simplicity gives you the possibility to use this lamp in a variety of places and makes it an ideal choice for most interiors. Circulo is wonderful in its simplicity but gets an extra allure if you hang several or different sizes in a group. Hanging the pendants in different heights in a group gives the room a special character. Circulo is an excellent choice for you if you are looking for a good light and modern, light feeling in your rooms. <\/p>\n<p>Circulo is a TRIAC-dimmable pendant light. It has been tested with the <a href=\"https:\/\/drive.google.com\/file\/d\/1U7Jy5Mlk4tNJuaunHhSXqE8XxoXJ00La\/view?usp=sharing\" target=\"_blank\" rel=\"noopener noreferrer\"><strong>Schneider Exxact WDE002299<\/strong><\/a> -dimmer.<\/p>\n<ul class=\"product-technical-data\">\n<li>Diameter: 60 cm \/ 80 cm\/ 120 cm<\/li>\n<li>Fixed LED: 32 W \/ 48 W \/ 70 W (included)<\/li>\n<li>2550 lm \/ 3350 lm \/ 6800 lm<\/li>\n<li>3000 K \/ 4000 K<\/li>\n<li>TRIAC-dimmable (DALI-dimmable in request)<\/li>\n<li>Lenght of wires: 3 m (adjustable)<\/li>\n<\/ul>\n<p><b>Product codes<\/b><br \/>\n<b>130660-06-3000<\/b> \u00f8 60 cm, 3000 K<br \/>\n<b>130680-06-3000<\/b> \u00f8 80 cm, 3000 K<br \/>\n<b>1306120-06-3000<\/b> \u00f8 120 cm, 3000 K<\/p>\n<p><b>130660-06-4000<\/b> \u00f8 60 cm, 4000 K<br \/>\n<b>130680-06-4000<\/b> \u00f8 80 cm, 4000 K<br \/>\n<b>1306120-06-4000<\/b> \u00f8 120 cm, 4000 K<\/p>\n","protected":false},"featured_media":60324,"template":"","meta":{"_acf_changed":false,"inline_featured_image":false,"_monsterinsights_skip_tracking":false,"_monsterinsights_sitenote_active":false,"_monsterinsights_sitenote_note":"","_monsterinsights_sitenote_category":0},"product_brand":[],"product_cat":[79,2081],"product_tag":[5171,5172,2950,5235,5648,5186,2811,2812,5382,5760,5539,5425,1619,5411,2995,99,5734,2819,2818,5549,5693,2795],"class_list":{"0":"post-64628","1":"product","2":"type-product","3":"status-publish","4":"has-post-thumbnail","6":"product_cat-design-by-gronlund","7":"product_cat-pendant-lights","8":"product_tag-4000-kelvin-en","9":"product_tag-4000k-en","10":"product_tag-acryl","11":"product_tag-big-pendant-light-en","12":"product_tag-colour-temperature-4000k","13":"product_tag-design-lamp-for-living-room","14":"product_tag-led","15":"product_tag-led-light","16":"product_tag-led-light-to-ceiling","17":"product_tag-lighting-of-living-room","18":"product_tag-living-room-lighting","19":"product_tag-living-room-pendant","20":"product_tag-luminaire","21":"product_tag-modern-pendant-light","22":"product_tag-office-light","23":"product_tag-pendant-light","24":"product_tag-pendant-light-white","25":"product_tag-ring","26":"product_tag-ring-light","27":"product_tag-round-pendant","28":"product_tag-triac-dimmer","29":"product_tag-white","31":"first","32":"instock","33":"taxable","34":"shipping-taxable","35":"purchasable","36":"product-type-variable","37":"has-default-attributes","38":"wvs-archive-product-wrapper"},"acf":[],"yoast_head":"<!-- This site is optimized with the Yoast SEO Premium plugin v26.4 (Yoast SEO v26.9) - https:\/\/yoast.com\/product\/yoast-seo-premium-wordpress\/ -->\n<title>Circulo | Valaisin Gr\u00f6nlund<\/title>\n<meta name=\"robots\" content=\"index, follow, max-snippet:-1, max-image-preview:large, max-video-preview:-1\" \/>\n<link rel=\"canonical\" href=\"https:\/\/valaisingronlund.fi\/en\/products\/pendant-lights\/circulo\" \/>\n<meta property=\"og:locale\" content=\"en_US\" \/>\n<meta property=\"og:type\" content=\"article\" \/>\n<meta property=\"og:title\" content=\"Circulo\" \/>\n<meta property=\"og:description\" content=\"Elegant and simple modern form, white color and clean lines combined with a very good and pleasant light makes this lamp irresistible. Timeless design and simplicity gives you the possibility to use this lamp in a variety of places and makes it an ideal choice for most interiors. Circulo is wonderful in its simplicity but gets an extra allure if you hang several or different sizes in a group. Hanging the pendants in different heights in a group gives the room a special character. Circulo is an excellent choice for you if you are looking for a good light and modern, light feeling in your rooms.   Circulo is a TRIAC-dimmable pendant light. It has been tested with the Schneider Exxact WDE002299 -dimmer.  Diameter: 60 cm \/ 80 cm\/ 120 cm Fixed LED: 32 W \/ 48 W \/ 70 W (included) 2550 lm \/ 3350 lm \/ 6800 lm 3000 K \/ 4000 K TRIAC-dimmable (DALI-dimmable in request) Lenght of wires: 3 m (adjustable) Product codes 130660-06-3000 \u00f8 60 cm, 3000 K 130680-06-3000 \u00f8 80 cm, 3000 K 1306120-06-3000 \u00f8 120 cm, 3000 K  130660-06-4000 \u00f8 60 cm, 4000 K 130680-06-4000 \u00f8 80 cm, 4000 K 1306120-06-4000 \u00f8 120 cm, 4000 K\" \/>\n<meta property=\"og:url\" content=\"https:\/\/valaisingronlund.fi\/en\/products\/pendant-lights\/circulo\" \/>\n<meta property=\"og:site_name\" content=\"Valaisin Gr\u00f6nlund\" \/>\n<meta property=\"article:publisher\" content=\"https:\/\/www.facebook.com\/valaisingronlund\/\" \/>\n<meta property=\"article:modified_time\" content=\"2025-08-01T12:00:33+00:00\" \/>\n<meta property=\"og:image\" content=\"https:\/\/valaisingronlund.fi\/wp-content\/uploads\/2017\/09\/circulo-060-01a-ux.jpg\" \/>\n\t<meta property=\"og:image:width\" content=\"2048\" \/>\n\t<meta property=\"og:image:height\" content=\"2048\" \/>\n\t<meta property=\"og:image:type\" content=\"image\/jpeg\" \/>\n<meta name=\"twitter:card\" content=\"summary_large_image\" \/>\n<meta name=\"twitter:label1\" content=\"Availability\" \/>\n\t<meta name=\"twitter:data1\" content=\"In stock\" \/>\n<script type=\"application\/ld+json\" class=\"yoast-schema-graph\">{\"@context\":\"https:\/\/schema.org\",\"@graph\":[{\"@type\":\"WebPage\",\"@id\":\"https:\/\/valaisingronlund.fi\/en\/products\/pendant-lights\/circulo\",\"url\":\"https:\/\/valaisingronlund.fi\/en\/products\/pendant-lights\/circulo\",\"name\":\"Circulo | Valaisin Gr\u00f6nlund\",\"isPartOf\":{\"@id\":\"https:\/\/valaisingronlund.fi\/en\/#website\"},\"primaryImageOfPage\":{\"@id\":\"https:\/\/valaisingronlund.fi\/en\/products\/pendant-lights\/circulo#primaryimage\"},\"image\":{\"@id\":\"https:\/\/valaisingronlund.fi\/en\/products\/pendant-lights\/circulo#primaryimage\"},\"thumbnailUrl\":\"https:\/\/valaisingronlund.fi\/wp-content\/uploads\/2017\/09\/circulo-060-01a-ux.jpg\",\"datePublished\":\"2017-09-29T13:28:08+00:00\",\"dateModified\":\"2025-08-01T12:00:33+00:00\",\"breadcrumb\":{\"@id\":\"https:\/\/valaisingronlund.fi\/en\/products\/pendant-lights\/circulo#breadcrumb\"},\"inLanguage\":\"en-US\",\"potentialAction\":[{\"@type\":\"ReadAction\",\"target\":[\"https:\/\/valaisingronlund.fi\/en\/products\/pendant-lights\/circulo\"]}]},{\"@type\":\"ImageObject\",\"inLanguage\":\"en-US\",\"@id\":\"https:\/\/valaisingronlund.fi\/en\/products\/pendant-lights\/circulo#primaryimage\",\"url\":\"https:\/\/valaisingronlund.fi\/wp-content\/uploads\/2017\/09\/circulo-060-01a-ux.jpg\",\"contentUrl\":\"https:\/\/valaisingronlund.fi\/wp-content\/uploads\/2017\/09\/circulo-060-01a-ux.jpg\",\"width\":2048,\"height\":2048,\"caption\":\"White 60 cm diameter Circulo pendant light. Fixed TRIAC dimmable LED in the lamp.\"},{\"@type\":\"BreadcrumbList\",\"@id\":\"https:\/\/valaisingronlund.fi\/en\/products\/pendant-lights\/circulo#breadcrumb\",\"itemListElement\":[{\"@type\":\"ListItem\",\"position\":1,\"name\":\"Home\",\"item\":\"https:\/\/valaisingronlund.fi\/en\"},{\"@type\":\"ListItem\",\"position\":2,\"name\":\"Products\",\"item\":\"https:\/\/valaisingronlund.fi\/en\/products\"},{\"@type\":\"ListItem\",\"position\":3,\"name\":\"Circulo\"}]},{\"@type\":\"WebSite\",\"@id\":\"https:\/\/valaisingronlund.fi\/en\/#website\",\"url\":\"https:\/\/valaisingronlund.fi\/en\/\",\"name\":\"Valaisin Gr\u00f6nlund\",\"description\":\"Sisustusvalaisimien valmistus ja maahantuonti\",\"publisher\":{\"@id\":\"https:\/\/valaisingronlund.fi\/en\/#organization\"},\"potentialAction\":[{\"@type\":\"SearchAction\",\"target\":{\"@type\":\"EntryPoint\",\"urlTemplate\":\"https:\/\/valaisingronlund.fi\/en\/?s={search_term_string}\"},\"query-input\":{\"@type\":\"PropertyValueSpecification\",\"valueRequired\":true,\"valueName\":\"search_term_string\"}}],\"inLanguage\":\"en-US\"},{\"@type\":\"Organization\",\"@id\":\"https:\/\/valaisingronlund.fi\/en\/#organization\",\"name\":\"Valaisin Gr\u00f6nlund\",\"url\":\"https:\/\/valaisingronlund.fi\/en\/\",\"logo\":{\"@type\":\"ImageObject\",\"inLanguage\":\"en-US\",\"@id\":\"https:\/\/valaisingronlund.fi\/en\/#\/schema\/logo\/image\/\",\"url\":\"https:\/\/valaisingronlund.fi\/wp-content\/uploads\/2024\/03\/valaisin-gronlund-logo-squre.jpg\",\"contentUrl\":\"https:\/\/valaisingronlund.fi\/wp-content\/uploads\/2024\/03\/valaisin-gronlund-logo-squre.jpg\",\"width\":1024,\"height\":1024,\"caption\":\"Valaisin Gr\u00f6nlund\"},\"image\":{\"@id\":\"https:\/\/valaisingronlund.fi\/en\/#\/schema\/logo\/image\/\"},\"sameAs\":[\"https:\/\/www.facebook.com\/valaisingronlund\/\",\"https:\/\/www.instagram.com\/valaisingronlund\/\",\"https:\/\/fi.pinterest.com\/valaisingronlund\/\"],\"email\":\"info@valaisingronlund.fi\",\"telephone\":\"010 820 8200\",\"legalName\":\"Valaisin Gr\u00f6nlund Oy\",\"foundingDate\":\"1981-08-03\"}]}<\/script>\n<meta property=\"og:availability\" content=\"instock\" \/>\n<meta property=\"product:availability\" content=\"instock\" \/>\n<meta property=\"product:retailer_item_id\" content=\"1306xx-3000-06\" \/>\n<meta property=\"product:condition\" content=\"new\" \/>\n<!-- \/ Yoast SEO Premium plugin. -->","yoast_head_json":{"title":"Circulo | Valaisin Gr\u00f6nlund","robots":{"index":"index","follow":"follow","max-snippet":"max-snippet:-1","max-image-preview":"max-image-preview:large","max-video-preview":"max-video-preview:-1"},"canonical":"https:\/\/valaisingronlund.fi\/en\/products\/pendant-lights\/circulo","og_locale":"en_US","og_type":"article","og_title":"Circulo","og_description":"Elegant and simple modern form, white color and clean lines combined with a very good and pleasant light makes this lamp irresistible. Timeless design and simplicity gives you the possibility to use this lamp in a variety of places and makes it an ideal choice for most interiors. Circulo is wonderful in its simplicity but gets an extra allure if you hang several or different sizes in a group. Hanging the pendants in different heights in a group gives the room a special character. Circulo is an excellent choice for you if you are looking for a good light and modern, light feeling in your rooms.   Circulo is a TRIAC-dimmable pendant light. It has been tested with the Schneider Exxact WDE002299 -dimmer.  Diameter: 60 cm \/ 80 cm\/ 120 cm Fixed LED: 32 W \/ 48 W \/ 70 W (included) 2550 lm \/ 3350 lm \/ 6800 lm 3000 K \/ 4000 K TRIAC-dimmable (DALI-dimmable in request) Lenght of wires: 3 m (adjustable) Product codes 130660-06-3000 \u00f8 60 cm, 3000 K 130680-06-3000 \u00f8 80 cm, 3000 K 1306120-06-3000 \u00f8 120 cm, 3000 K  130660-06-4000 \u00f8 60 cm, 4000 K 130680-06-4000 \u00f8 80 cm, 4000 K 1306120-06-4000 \u00f8 120 cm, 4000 K","og_url":"https:\/\/valaisingronlund.fi\/en\/products\/pendant-lights\/circulo","og_site_name":"Valaisin Gr\u00f6nlund","article_publisher":"https:\/\/www.facebook.com\/valaisingronlund\/","article_modified_time":"2025-08-01T12:00:33+00:00","og_image":[{"width":2048,"height":2048,"url":"https:\/\/valaisingronlund.fi\/wp-content\/uploads\/2017\/09\/circulo-060-01a-ux.jpg","type":"image\/jpeg"}],"twitter_card":"summary_large_image","twitter_misc":{"Availability":"In stock"},"schema":{"@context":"https:\/\/schema.org","@graph":[{"@type":"WebPage","@id":"https:\/\/valaisingronlund.fi\/en\/products\/pendant-lights\/circulo","url":"https:\/\/valaisingronlund.fi\/en\/products\/pendant-lights\/circulo","name":"Circulo | Valaisin Gr\u00f6nlund","isPartOf":{"@id":"https:\/\/valaisingronlund.fi\/en\/#website"},"primaryImageOfPage":{"@id":"https:\/\/valaisingronlund.fi\/en\/products\/pendant-lights\/circulo#primaryimage"},"image":{"@id":"https:\/\/valaisingronlund.fi\/en\/products\/pendant-lights\/circulo#primaryimage"},"thumbnailUrl":"https:\/\/valaisingronlund.fi\/wp-content\/uploads\/2017\/09\/circulo-060-01a-ux.jpg","datePublished":"2017-09-29T13:28:08+00:00","dateModified":"2025-08-01T12:00:33+00:00","breadcrumb":{"@id":"https:\/\/valaisingronlund.fi\/en\/products\/pendant-lights\/circulo#breadcrumb"},"inLanguage":"en-US","potentialAction":[{"@type":"ReadAction","target":["https:\/\/valaisingronlund.fi\/en\/products\/pendant-lights\/circulo"]}]},{"@type":"ImageObject","inLanguage":"en-US","@id":"https:\/\/valaisingronlund.fi\/en\/products\/pendant-lights\/circulo#primaryimage","url":"https:\/\/valaisingronlund.fi\/wp-content\/uploads\/2017\/09\/circulo-060-01a-ux.jpg","contentUrl":"https:\/\/valaisingronlund.fi\/wp-content\/uploads\/2017\/09\/circulo-060-01a-ux.jpg","width":2048,"height":2048,"caption":"White 60 cm diameter Circulo pendant light. Fixed TRIAC dimmable LED in the lamp."},{"@type":"BreadcrumbList","@id":"https:\/\/valaisingronlund.fi\/en\/products\/pendant-lights\/circulo#breadcrumb","itemListElement":[{"@type":"ListItem","position":1,"name":"Home","item":"https:\/\/valaisingronlund.fi\/en"},{"@type":"ListItem","position":2,"name":"Products","item":"https:\/\/valaisingronlund.fi\/en\/products"},{"@type":"ListItem","position":3,"name":"Circulo"}]},{"@type":"WebSite","@id":"https:\/\/valaisingronlund.fi\/en\/#website","url":"https:\/\/valaisingronlund.fi\/en\/","name":"Valaisin Gr\u00f6nlund","description":"Sisustusvalaisimien valmistus ja maahantuonti","publisher":{"@id":"https:\/\/valaisingronlund.fi\/en\/#organization"},"potentialAction":[{"@type":"SearchAction","target":{"@type":"EntryPoint","urlTemplate":"https:\/\/valaisingronlund.fi\/en\/?s={search_term_string}"},"query-input":{"@type":"PropertyValueSpecification","valueRequired":true,"valueName":"search_term_string"}}],"inLanguage":"en-US"},{"@type":"Organization","@id":"https:\/\/valaisingronlund.fi\/en\/#organization","name":"Valaisin Gr\u00f6nlund","url":"https:\/\/valaisingronlund.fi\/en\/","logo":{"@type":"ImageObject","inLanguage":"en-US","@id":"https:\/\/valaisingronlund.fi\/en\/#\/schema\/logo\/image\/","url":"https:\/\/valaisingronlund.fi\/wp-content\/uploads\/2024\/03\/valaisin-gronlund-logo-squre.jpg","contentUrl":"https:\/\/valaisingronlund.fi\/wp-content\/uploads\/2024\/03\/valaisin-gronlund-logo-squre.jpg","width":1024,"height":1024,"caption":"Valaisin Gr\u00f6nlund"},"image":{"@id":"https:\/\/valaisingronlund.fi\/en\/#\/schema\/logo\/image\/"},"sameAs":["https:\/\/www.facebook.com\/valaisingronlund\/","https:\/\/www.instagram.com\/valaisingronlund\/","https:\/\/fi.pinterest.com\/valaisingronlund\/"],"email":"info@valaisingronlund.fi","telephone":"010 820 8200","legalName":"Valaisin Gr\u00f6nlund Oy","foundingDate":"1981-08-03"}]},"og_availability":"instock","product_availability":"instock","product_retailer_item_id":"1306xx-3000-06","product_condition":"new"},"_links":{"self":[{"href":"https:\/\/valaisingronlund.fi\/en\/wp-json\/wp\/v2\/product\/64628","targetHints":{"allow":["GET"]}}],"collection":[{"href":"https:\/\/valaisingronlund.fi\/en\/wp-json\/wp\/v2\/product"}],"about":[{"href":"https:\/\/valaisingronlund.fi\/en\/wp-json\/wp\/v2\/types\/product"}],"wp:featuredmedia":[{"embeddable":true,"href":"https:\/\/valaisingronlund.fi\/en\/wp-json\/wp\/v2\/media\/60324"}],"wp:attachment":[{"href":"https:\/\/valaisingronlund.fi\/en\/wp-json\/wp\/v2\/media?parent=64628"}],"wp:term":[{"taxonomy":"product_brand","embeddable":true,"href":"https:\/\/valaisingronlund.fi\/en\/wp-json\/wp\/v2\/product_brand?post=64628"},{"taxonomy":"product_cat","embeddable":true,"href":"https:\/\/valaisingronlund.fi\/en\/wp-json\/wp\/v2\/product_cat?post=64628"},{"taxonomy":"product_tag","embeddable":true,"href":"https:\/\/valaisingronlund.fi\/en\/wp-json\/wp\/v2\/product_tag?post=64628"}],"curies":[{"name":"wp","href":"https:\/\/api.w.org\/{rel}","templated":true}]}}