{"id":64601,"date":"2017-11-23T12:38:13","date_gmt":"2017-11-23T09:38:13","guid":{"rendered":"https:\/\/valaisingronlund.fi\/tuotteet\/uncategorized\/haag-poytavalaisin"},"modified":"2026-03-31T14:26:25","modified_gmt":"2026-03-31T11:26:25","slug":"haag-table-lamp","status":"publish","type":"product","link":"https:\/\/valaisingronlund.fi\/en\/products\/table-lamps\/haag-table-lamp","title":{"rendered":"Haag Table Lamp"},"content":{"rendered":"","protected":false},"excerpt":{"rendered":"<p>Haag with its modern nature inspired style will make an elegant complement that fits with many different interiors and it will give pleasant light to the surroundings where ever it is placed. With Haag you can illuminate your room with a simple Scandinavian style design. Easy to use with a switch in the upper part on the lamp holder is an additional advantage. Available as a floor or table lamp and in two different colours with matt white or matt black fabric drum lampshade and combination of wood and black or white metal and wood coloured metal in the stem.<\/p>\n<ul class=\"product-technical-data\">\n<li>Diameter: 30 cm<\/li>\n<li>Height: 43 cm<\/li>\n<li>1 x E27, max 40 W (bulb not included)<\/li>\n<li>Power switch: On the lamp holder<\/li>\n<\/ul>\n<p><b>2875-05<\/b> Black \/ wood<br \/>\n<b>2875-06<\/b> White \/ wood coloured metal<\/p>\n","protected":false},"featured_media":75868,"template":"","meta":{"_acf_changed":false,"inline_featured_image":false,"_monsterinsights_skip_tracking":false,"_monsterinsights_sitenote_active":false,"_monsterinsights_sitenote_note":"","_monsterinsights_sitenote_category":0},"product_brand":[],"product_cat":[79,2181],"product_tag":[2797,4177,2874,2907,5725,5430,5538,5434,5535,2878,1618,5553,2808],"class_list":{"0":"post-64601","1":"product","2":"type-product","3":"status-publish","4":"has-post-thumbnail","6":"product_cat-design-by-gronlund","7":"product_cat-table-lamps","8":"product_tag-black","9":"product_tag-e27-socket","10":"product_tag-fabric-shade","11":"product_tag-hotel-lamp","12":"product_tag-lamps-of-bed-table","13":"product_tag-living-room-lamps","14":"product_tag-living-room-light-en","15":"product_tag-living-room-light-black","16":"product_tag-living-room-light-wood","17":"product_tag-shade","18":"product_tag-table-lamp","19":"product_tag-table-lamp-black-en","20":"product_tag-wood","22":"first","23":"instock","24":"taxable","25":"shipping-taxable","26":"purchasable","27":"product-type-variable","28":"wvs-archive-product-wrapper"},"acf":[],"yoast_head":"<!-- This site is optimized with the Yoast SEO Premium plugin v26.4 (Yoast SEO v26.9) - https:\/\/yoast.com\/product\/yoast-seo-premium-wordpress\/ -->\n<title>Haag Table Lamp | Valaisin Gr\u00f6nlund<\/title>\n<meta name=\"robots\" content=\"index, follow, max-snippet:-1, max-image-preview:large, max-video-preview:-1\" \/>\n<link rel=\"canonical\" href=\"https:\/\/valaisingronlund.fi\/en\/products\/table-lamps\/haag-table-lamp\" \/>\n<meta property=\"og:locale\" content=\"en_US\" \/>\n<meta property=\"og:type\" content=\"article\" \/>\n<meta property=\"og:title\" content=\"Haag Table Lamp\" \/>\n<meta property=\"og:description\" content=\"Haag with its modern nature inspired style will make an elegant complement that fits with many different interiors and it will give pleasant light to the surroundings where ever it is placed. With Haag you can illuminate your room with a simple Scandinavian style design. Easy to use with a switch in the upper part on the lamp holder is an additional advantage. Available as a floor or table lamp and in two different colours with matt white or matt black fabric drum lampshade and combination of wood and black or white metal and wood coloured metal in the stem.  Diameter: 30 cm Height: 43 cm 1 x E27, max 40 W (bulb not included) Power switch: On the lamp holder  2875-05 Black \/ wood 2875-06 White \/ wood coloured metal\" \/>\n<meta property=\"og:url\" content=\"https:\/\/valaisingronlund.fi\/en\/products\/table-lamps\/haag-table-lamp\" \/>\n<meta property=\"og:site_name\" content=\"Valaisin Gr\u00f6nlund\" \/>\n<meta property=\"article:publisher\" content=\"https:\/\/www.facebook.com\/valaisingronlund\/\" \/>\n<meta property=\"article:modified_time\" content=\"2026-03-31T11:26:25+00:00\" \/>\n<meta property=\"og:image\" content=\"https:\/\/valaisingronlund.fi\/wp-content\/uploads\/2026\/04\/haag-table-lamp-black-01a-xl.jpg\" \/>\n\t<meta property=\"og:image:width\" content=\"2048\" \/>\n\t<meta property=\"og:image:height\" content=\"2048\" \/>\n\t<meta property=\"og:image:type\" content=\"image\/jpeg\" \/>\n<meta name=\"twitter:card\" content=\"summary_large_image\" \/>\n<meta name=\"twitter:label1\" content=\"Availability\" \/>\n\t<meta name=\"twitter:data1\" content=\"In stock\" \/>\n<script type=\"application\/ld+json\" class=\"yoast-schema-graph\">{\"@context\":\"https:\/\/schema.org\",\"@graph\":[{\"@type\":\"WebPage\",\"@id\":\"https:\/\/valaisingronlund.fi\/en\/products\/table-lamps\/haag-table-lamp\",\"url\":\"https:\/\/valaisingronlund.fi\/en\/products\/table-lamps\/haag-table-lamp\",\"name\":\"Haag Table Lamp | Valaisin Gr\u00f6nlund\",\"isPartOf\":{\"@id\":\"https:\/\/valaisingronlund.fi\/en\/#website\"},\"primaryImageOfPage\":{\"@id\":\"https:\/\/valaisingronlund.fi\/en\/products\/table-lamps\/haag-table-lamp#primaryimage\"},\"image\":{\"@id\":\"https:\/\/valaisingronlund.fi\/en\/products\/table-lamps\/haag-table-lamp#primaryimage\"},\"thumbnailUrl\":\"https:\/\/valaisingronlund.fi\/wp-content\/uploads\/2026\/04\/haag-table-lamp-black-01a-xl.jpg\",\"datePublished\":\"2017-11-23T09:38:13+00:00\",\"dateModified\":\"2026-03-31T11:26:25+00:00\",\"breadcrumb\":{\"@id\":\"https:\/\/valaisingronlund.fi\/en\/products\/table-lamps\/haag-table-lamp#breadcrumb\"},\"inLanguage\":\"en-US\",\"potentialAction\":[{\"@type\":\"ReadAction\",\"target\":[\"https:\/\/valaisingronlund.fi\/en\/products\/table-lamps\/haag-table-lamp\"]}]},{\"@type\":\"ImageObject\",\"inLanguage\":\"en-US\",\"@id\":\"https:\/\/valaisingronlund.fi\/en\/products\/table-lamps\/haag-table-lamp#primaryimage\",\"url\":\"https:\/\/valaisingronlund.fi\/wp-content\/uploads\/2026\/04\/haag-table-lamp-black-01a-xl.jpg\",\"contentUrl\":\"https:\/\/valaisingronlund.fi\/wp-content\/uploads\/2026\/04\/haag-table-lamp-black-01a-xl.jpg\",\"width\":2048,\"height\":2048,\"caption\":\"Musta Haag-p\u00f6yt\u00e4lamppu yhdist\u00e4\u00e4 skaninaavisen puukuvioinnin ja tumman arvokkaan pinnan\"},{\"@type\":\"BreadcrumbList\",\"@id\":\"https:\/\/valaisingronlund.fi\/en\/products\/table-lamps\/haag-table-lamp#breadcrumb\",\"itemListElement\":[{\"@type\":\"ListItem\",\"position\":1,\"name\":\"Home\",\"item\":\"https:\/\/valaisingronlund.fi\/en\"},{\"@type\":\"ListItem\",\"position\":2,\"name\":\"Products\",\"item\":\"https:\/\/valaisingronlund.fi\/en\/products\"},{\"@type\":\"ListItem\",\"position\":3,\"name\":\"Haag Table Lamp\"}]},{\"@type\":\"WebSite\",\"@id\":\"https:\/\/valaisingronlund.fi\/en\/#website\",\"url\":\"https:\/\/valaisingronlund.fi\/en\/\",\"name\":\"Valaisin Gr\u00f6nlund\",\"description\":\"Sisustusvalaisimien valmistus ja maahantuonti\",\"publisher\":{\"@id\":\"https:\/\/valaisingronlund.fi\/en\/#organization\"},\"potentialAction\":[{\"@type\":\"SearchAction\",\"target\":{\"@type\":\"EntryPoint\",\"urlTemplate\":\"https:\/\/valaisingronlund.fi\/en\/?s={search_term_string}\"},\"query-input\":{\"@type\":\"PropertyValueSpecification\",\"valueRequired\":true,\"valueName\":\"search_term_string\"}}],\"inLanguage\":\"en-US\"},{\"@type\":\"Organization\",\"@id\":\"https:\/\/valaisingronlund.fi\/en\/#organization\",\"name\":\"Valaisin Gr\u00f6nlund\",\"url\":\"https:\/\/valaisingronlund.fi\/en\/\",\"logo\":{\"@type\":\"ImageObject\",\"inLanguage\":\"en-US\",\"@id\":\"https:\/\/valaisingronlund.fi\/en\/#\/schema\/logo\/image\/\",\"url\":\"https:\/\/valaisingronlund.fi\/wp-content\/uploads\/2024\/03\/valaisin-gronlund-logo-squre.jpg\",\"contentUrl\":\"https:\/\/valaisingronlund.fi\/wp-content\/uploads\/2024\/03\/valaisin-gronlund-logo-squre.jpg\",\"width\":1024,\"height\":1024,\"caption\":\"Valaisin Gr\u00f6nlund\"},\"image\":{\"@id\":\"https:\/\/valaisingronlund.fi\/en\/#\/schema\/logo\/image\/\"},\"sameAs\":[\"https:\/\/www.facebook.com\/valaisingronlund\/\",\"https:\/\/www.instagram.com\/valaisingronlund\/\",\"https:\/\/fi.pinterest.com\/valaisingronlund\/\"],\"email\":\"info@valaisingronlund.fi\",\"telephone\":\"010 820 8200\",\"legalName\":\"Valaisin Gr\u00f6nlund Oy\",\"foundingDate\":\"1981-08-03\"}]}<\/script>\n<meta property=\"og:availability\" content=\"instock\" \/>\n<meta property=\"product:availability\" content=\"instock\" \/>\n<meta property=\"product:retailer_item_id\" content=\"2875-xx\" \/>\n<meta property=\"product:condition\" content=\"new\" \/>\n<!-- \/ Yoast SEO Premium plugin. -->","yoast_head_json":{"title":"Haag Table Lamp | Valaisin Gr\u00f6nlund","robots":{"index":"index","follow":"follow","max-snippet":"max-snippet:-1","max-image-preview":"max-image-preview:large","max-video-preview":"max-video-preview:-1"},"canonical":"https:\/\/valaisingronlund.fi\/en\/products\/table-lamps\/haag-table-lamp","og_locale":"en_US","og_type":"article","og_title":"Haag Table Lamp","og_description":"Haag with its modern nature inspired style will make an elegant complement that fits with many different interiors and it will give pleasant light to the surroundings where ever it is placed. With Haag you can illuminate your room with a simple Scandinavian style design. Easy to use with a switch in the upper part on the lamp holder is an additional advantage. Available as a floor or table lamp and in two different colours with matt white or matt black fabric drum lampshade and combination of wood and black or white metal and wood coloured metal in the stem.  Diameter: 30 cm Height: 43 cm 1 x E27, max 40 W (bulb not included) Power switch: On the lamp holder  2875-05 Black \/ wood 2875-06 White \/ wood coloured metal","og_url":"https:\/\/valaisingronlund.fi\/en\/products\/table-lamps\/haag-table-lamp","og_site_name":"Valaisin Gr\u00f6nlund","article_publisher":"https:\/\/www.facebook.com\/valaisingronlund\/","article_modified_time":"2026-03-31T11:26:25+00:00","og_image":[{"width":2048,"height":2048,"url":"https:\/\/valaisingronlund.fi\/wp-content\/uploads\/2026\/04\/haag-table-lamp-black-01a-xl.jpg","type":"image\/jpeg"}],"twitter_card":"summary_large_image","twitter_misc":{"Availability":"In stock"},"schema":{"@context":"https:\/\/schema.org","@graph":[{"@type":"WebPage","@id":"https:\/\/valaisingronlund.fi\/en\/products\/table-lamps\/haag-table-lamp","url":"https:\/\/valaisingronlund.fi\/en\/products\/table-lamps\/haag-table-lamp","name":"Haag Table Lamp | Valaisin Gr\u00f6nlund","isPartOf":{"@id":"https:\/\/valaisingronlund.fi\/en\/#website"},"primaryImageOfPage":{"@id":"https:\/\/valaisingronlund.fi\/en\/products\/table-lamps\/haag-table-lamp#primaryimage"},"image":{"@id":"https:\/\/valaisingronlund.fi\/en\/products\/table-lamps\/haag-table-lamp#primaryimage"},"thumbnailUrl":"https:\/\/valaisingronlund.fi\/wp-content\/uploads\/2026\/04\/haag-table-lamp-black-01a-xl.jpg","datePublished":"2017-11-23T09:38:13+00:00","dateModified":"2026-03-31T11:26:25+00:00","breadcrumb":{"@id":"https:\/\/valaisingronlund.fi\/en\/products\/table-lamps\/haag-table-lamp#breadcrumb"},"inLanguage":"en-US","potentialAction":[{"@type":"ReadAction","target":["https:\/\/valaisingronlund.fi\/en\/products\/table-lamps\/haag-table-lamp"]}]},{"@type":"ImageObject","inLanguage":"en-US","@id":"https:\/\/valaisingronlund.fi\/en\/products\/table-lamps\/haag-table-lamp#primaryimage","url":"https:\/\/valaisingronlund.fi\/wp-content\/uploads\/2026\/04\/haag-table-lamp-black-01a-xl.jpg","contentUrl":"https:\/\/valaisingronlund.fi\/wp-content\/uploads\/2026\/04\/haag-table-lamp-black-01a-xl.jpg","width":2048,"height":2048,"caption":"Musta Haag-p\u00f6yt\u00e4lamppu yhdist\u00e4\u00e4 skaninaavisen puukuvioinnin ja tumman arvokkaan pinnan"},{"@type":"BreadcrumbList","@id":"https:\/\/valaisingronlund.fi\/en\/products\/table-lamps\/haag-table-lamp#breadcrumb","itemListElement":[{"@type":"ListItem","position":1,"name":"Home","item":"https:\/\/valaisingronlund.fi\/en"},{"@type":"ListItem","position":2,"name":"Products","item":"https:\/\/valaisingronlund.fi\/en\/products"},{"@type":"ListItem","position":3,"name":"Haag Table Lamp"}]},{"@type":"WebSite","@id":"https:\/\/valaisingronlund.fi\/en\/#website","url":"https:\/\/valaisingronlund.fi\/en\/","name":"Valaisin Gr\u00f6nlund","description":"Sisustusvalaisimien valmistus ja maahantuonti","publisher":{"@id":"https:\/\/valaisingronlund.fi\/en\/#organization"},"potentialAction":[{"@type":"SearchAction","target":{"@type":"EntryPoint","urlTemplate":"https:\/\/valaisingronlund.fi\/en\/?s={search_term_string}"},"query-input":{"@type":"PropertyValueSpecification","valueRequired":true,"valueName":"search_term_string"}}],"inLanguage":"en-US"},{"@type":"Organization","@id":"https:\/\/valaisingronlund.fi\/en\/#organization","name":"Valaisin Gr\u00f6nlund","url":"https:\/\/valaisingronlund.fi\/en\/","logo":{"@type":"ImageObject","inLanguage":"en-US","@id":"https:\/\/valaisingronlund.fi\/en\/#\/schema\/logo\/image\/","url":"https:\/\/valaisingronlund.fi\/wp-content\/uploads\/2024\/03\/valaisin-gronlund-logo-squre.jpg","contentUrl":"https:\/\/valaisingronlund.fi\/wp-content\/uploads\/2024\/03\/valaisin-gronlund-logo-squre.jpg","width":1024,"height":1024,"caption":"Valaisin Gr\u00f6nlund"},"image":{"@id":"https:\/\/valaisingronlund.fi\/en\/#\/schema\/logo\/image\/"},"sameAs":["https:\/\/www.facebook.com\/valaisingronlund\/","https:\/\/www.instagram.com\/valaisingronlund\/","https:\/\/fi.pinterest.com\/valaisingronlund\/"],"email":"info@valaisingronlund.fi","telephone":"010 820 8200","legalName":"Valaisin Gr\u00f6nlund Oy","foundingDate":"1981-08-03"}]},"og_availability":"instock","product_availability":"instock","product_retailer_item_id":"2875-xx","product_condition":"new"},"_links":{"self":[{"href":"https:\/\/valaisingronlund.fi\/en\/wp-json\/wp\/v2\/product\/64601","targetHints":{"allow":["GET"]}}],"collection":[{"href":"https:\/\/valaisingronlund.fi\/en\/wp-json\/wp\/v2\/product"}],"about":[{"href":"https:\/\/valaisingronlund.fi\/en\/wp-json\/wp\/v2\/types\/product"}],"wp:featuredmedia":[{"embeddable":true,"href":"https:\/\/valaisingronlund.fi\/en\/wp-json\/wp\/v2\/media\/75868"}],"wp:attachment":[{"href":"https:\/\/valaisingronlund.fi\/en\/wp-json\/wp\/v2\/media?parent=64601"}],"wp:term":[{"taxonomy":"product_brand","embeddable":true,"href":"https:\/\/valaisingronlund.fi\/en\/wp-json\/wp\/v2\/product_brand?post=64601"},{"taxonomy":"product_cat","embeddable":true,"href":"https:\/\/valaisingronlund.fi\/en\/wp-json\/wp\/v2\/product_cat?post=64601"},{"taxonomy":"product_tag","embeddable":true,"href":"https:\/\/valaisingronlund.fi\/en\/wp-json\/wp\/v2\/product_tag?post=64601"}],"curies":[{"name":"wp","href":"https:\/\/api.w.org\/{rel}","templated":true}]}}