{"id":64588,"date":"2018-01-14T20:00:15","date_gmt":"2018-01-14T17:00:15","guid":{"rendered":"https:\/\/valaisingronlund.fi\/tuotteet\/uncategorized\/acoustic-circulo"},"modified":"2025-10-21T08:12:55","modified_gmt":"2025-10-21T05:12:55","slug":"acoustic-circulo","status":"publish","type":"product","link":"https:\/\/valaisingronlund.fi\/en\/products\/pendant-lights\/acoustic-circulo","title":{"rendered":"Acoustic Circulo"},"content":{"rendered":"","protected":false},"excerpt":{"rendered":"<p>Elegant sound absorbing pendant light Acoustic Circulo has three important features in one: acoustic effect, good light and stylish design. Simple modern design with clean lines combined with a very good and pleasant light and with the sound absorbing effect makes this lamp unique.<\/p>\n<p>Timeless design and simplicity gives you the possibility to use this lamp in a variety of places and makes it an ideal choice for most interiors. The acoustic effect is tested and the lamp is specially desinged for places where you need an additional sound absorbing element.<\/p>\n<p>Acoustic Circulo is a TRIAC-dimmable pendant light. It has been tested with the <a href=\"https:\/\/drive.google.com\/file\/d\/1U7Jy5Mlk4tNJuaunHhSXqE8XxoXJ00La\/view?usp=sharing\" target=\"_blank\" rel=\"noopener noreferrer\"><strong>Schneider Exxact WDE002299<\/strong><\/a> -dimmer.<\/p>\n<ul class=\"product-technical-data\">\n<li>Diameter: 60 cm \/ 80 cm\/ 120 cm<\/li>\n<li>Fixed LED: 32 W \/ 48 W \/ 70 W (included)<\/li>\n<li>2550 lm \/ 3350 lm \/ 6800 lm<\/li>\n<li>3000 K \/ 4000 K<\/li>\n<li>TRIAC-dimmable (DALI-dimmable in request)<\/li>\n<li>Lenght of wires: 3 m (adjustable)<\/li>\n<\/ul>\n<p><b>Product codes<\/b><br \/>\n<b>130660-06-3000-felt color<\/b> \u00f8 60 cm, 3000 K<br \/>\n<b>130680-06-3000-felt color<\/b> \u00f8 80 cm, 3000 K<br \/>\n<b>1306120-06-3000-felt color<\/b> \u00f8 120 cm, 3000 K<\/p>\n<p><b>130660-06-4000-felt color<\/b> \u00f8 60 cm, 4000 K<br \/>\n<b>130680-06-4000-felt color<\/b> \u00f8 80 cm, 4000 K<br \/>\n<b>1306120-06-4000-felt color<\/b> \u00f8 120 cm, 4000 K<\/p>\n<p><b>Acoustic felts<\/b><br \/>\n<b>501<\/b> White acoustic felt<br \/>\n<b>502<\/b> Light grey acoustic felt<br \/>\n<b>503<\/b>\u00a0Dark grey acoustic felt<br \/>\n<b>504<\/b> Black acoustic felt<\/p>\n","protected":false},"featured_media":62832,"template":"","meta":{"_acf_changed":false,"inline_featured_image":false,"_monsterinsights_skip_tracking":false,"_monsterinsights_sitenote_active":false,"_monsterinsights_sitenote_note":"","_monsterinsights_sitenote_category":0},"product_brand":[],"product_cat":[79,2081],"product_tag":[5146,2993,916,2023,2950,5647,5183,2870,2994,5299,5038,5237,2812,4106,5570,5428,5426,1619,2925,5414,5411,2995,99,5280,2818,5693,2795,5743],"class_list":{"0":"post-64588","1":"product","2":"type-product","3":"status-publish","4":"has-post-thumbnail","6":"product_cat-design-by-gronlund","7":"product_cat-pendant-lights","8":"product_tag-4000k-light","9":"product_tag-acoustic","10":"product_tag-acoustic-circulo-en","11":"product_tag-acoustic-lamp","12":"product_tag-acryl","13":"product_tag-colour-temperature","14":"product_tag-dali-light","15":"product_tag-dark","16":"product_tag-felt","17":"product_tag-kelvin-en","18":"product_tag-large-led-light","19":"product_tag-large-pendant-lights","20":"product_tag-led-light","21":"product_tag-led-light-en-3","22":"product_tag-led-lights-for-ceiling","23":"product_tag-living-room-ceiling-lighting","24":"product_tag-living-room-pendant-ligths","25":"product_tag-luminaire","26":"product_tag-modern","27":"product_tag-modern-living-room-light","28":"product_tag-modern-pendant-light","29":"product_tag-office-light","30":"product_tag-pendant-light","31":"product_tag-pendant-living-room","32":"product_tag-ring-light","33":"product_tag-triac-dimmer","34":"product_tag-white","35":"product_tag-wire-light","37":"first","38":"instock","39":"taxable","40":"shipping-taxable","41":"purchasable","42":"product-type-variable","43":"wvs-archive-product-wrapper"},"acf":[],"yoast_head":"<!-- This site is optimized with the Yoast SEO Premium plugin v26.4 (Yoast SEO v26.9) - https:\/\/yoast.com\/product\/yoast-seo-premium-wordpress\/ -->\n<title>Acoustic Circulo | Valaisin Gr\u00f6nlund<\/title>\n<meta name=\"robots\" content=\"index, follow, max-snippet:-1, max-image-preview:large, max-video-preview:-1\" \/>\n<link rel=\"canonical\" href=\"https:\/\/valaisingronlund.fi\/en\/products\/pendant-lights\/acoustic-circulo\" \/>\n<meta property=\"og:locale\" content=\"en_US\" \/>\n<meta property=\"og:type\" content=\"article\" \/>\n<meta property=\"og:title\" content=\"Acoustic Circulo\" \/>\n<meta property=\"og:description\" content=\"Elegant sound absorbing pendant light Acoustic Circulo has three important features in one: acoustic effect, good light and stylish design. Simple modern design with clean lines combined with a very good and pleasant light and with the sound absorbing effect makes this lamp unique.  Timeless design and simplicity gives you the possibility to use this lamp in a variety of places and makes it an ideal choice for most interiors. The acoustic effect is tested and the lamp is specially desinged for places where you need an additional sound absorbing element.  Acoustic Circulo is a TRIAC-dimmable pendant light. It has been tested with the Schneider Exxact WDE002299 -dimmer.   Diameter: 60 cm \/ 80 cm\/ 120 cm  Fixed LED: 32 W \/ 48 W \/ 70 W (included)  2550 lm \/ 3350 lm \/ 6800 lm  3000 K \/ 4000 K  TRIAC-dimmable (DALI-dimmable in request)  Lenght of wires: 3 m (adjustable)  Product codes 130660-06-3000-felt color \u00f8 60 cm, 3000 K 130680-06-3000-felt color \u00f8 80 cm, 3000 K 1306120-06-3000-felt color \u00f8 120 cm, 3000 K  130660-06-4000-felt color \u00f8 60 cm, 4000 K 130680-06-4000-felt color \u00f8 80 cm, 4000 K 1306120-06-4000-felt color \u00f8 120 cm, 4000 K  Acoustic felts 501 White acoustic felt 502 Light grey acoustic felt 503\u00a0Dark grey acoustic felt 504 Black acoustic felt\" \/>\n<meta property=\"og:url\" content=\"https:\/\/valaisingronlund.fi\/en\/products\/pendant-lights\/acoustic-circulo\" \/>\n<meta property=\"og:site_name\" content=\"Valaisin Gr\u00f6nlund\" \/>\n<meta property=\"article:publisher\" content=\"https:\/\/www.facebook.com\/valaisingronlund\/\" \/>\n<meta property=\"article:modified_time\" content=\"2025-10-21T05:12:55+00:00\" \/>\n<meta property=\"og:image\" content=\"https:\/\/valaisingronlund.fi\/wp-content\/uploads\/2018\/01\/acoustic-circulo-080-503-dark-grey-01a-ux.jpg\" \/>\n\t<meta property=\"og:image:width\" content=\"2048\" \/>\n\t<meta property=\"og:image:height\" content=\"2048\" \/>\n\t<meta property=\"og:image:type\" content=\"image\/jpeg\" \/>\n<meta name=\"twitter:card\" content=\"summary_large_image\" \/>\n<meta name=\"twitter:label1\" content=\"Availability\" \/>\n\t<meta name=\"twitter:data1\" content=\"In stock\" \/>\n<script type=\"application\/ld+json\" class=\"yoast-schema-graph\">{\"@context\":\"https:\/\/schema.org\",\"@graph\":[{\"@type\":\"WebPage\",\"@id\":\"https:\/\/valaisingronlund.fi\/en\/products\/pendant-lights\/acoustic-circulo\",\"url\":\"https:\/\/valaisingronlund.fi\/en\/products\/pendant-lights\/acoustic-circulo\",\"name\":\"Acoustic Circulo | Valaisin Gr\u00f6nlund\",\"isPartOf\":{\"@id\":\"https:\/\/valaisingronlund.fi\/en\/#website\"},\"primaryImageOfPage\":{\"@id\":\"https:\/\/valaisingronlund.fi\/en\/products\/pendant-lights\/acoustic-circulo#primaryimage\"},\"image\":{\"@id\":\"https:\/\/valaisingronlund.fi\/en\/products\/pendant-lights\/acoustic-circulo#primaryimage\"},\"thumbnailUrl\":\"https:\/\/valaisingronlund.fi\/wp-content\/uploads\/2018\/01\/acoustic-circulo-080-503-dark-grey-01a-ux.jpg\",\"datePublished\":\"2018-01-14T17:00:15+00:00\",\"dateModified\":\"2025-10-21T05:12:55+00:00\",\"breadcrumb\":{\"@id\":\"https:\/\/valaisingronlund.fi\/en\/products\/pendant-lights\/acoustic-circulo#breadcrumb\"},\"inLanguage\":\"en-US\",\"potentialAction\":[{\"@type\":\"ReadAction\",\"target\":[\"https:\/\/valaisingronlund.fi\/en\/products\/pendant-lights\/acoustic-circulo\"]}]},{\"@type\":\"ImageObject\",\"inLanguage\":\"en-US\",\"@id\":\"https:\/\/valaisingronlund.fi\/en\/products\/pendant-lights\/acoustic-circulo#primaryimage\",\"url\":\"https:\/\/valaisingronlund.fi\/wp-content\/uploads\/2018\/01\/acoustic-circulo-080-503-dark-grey-01a-ux.jpg\",\"contentUrl\":\"https:\/\/valaisingronlund.fi\/wp-content\/uploads\/2018\/01\/acoustic-circulo-080-503-dark-grey-01a-ux.jpg\",\"width\":2048,\"height\":2048,\"caption\":\"Acoustic Circulo pendant light. The lamp has fixed LEDs and a panel made of acoustic felt.\"},{\"@type\":\"BreadcrumbList\",\"@id\":\"https:\/\/valaisingronlund.fi\/en\/products\/pendant-lights\/acoustic-circulo#breadcrumb\",\"itemListElement\":[{\"@type\":\"ListItem\",\"position\":1,\"name\":\"Home\",\"item\":\"https:\/\/valaisingronlund.fi\/en\"},{\"@type\":\"ListItem\",\"position\":2,\"name\":\"Products\",\"item\":\"https:\/\/valaisingronlund.fi\/en\/products\"},{\"@type\":\"ListItem\",\"position\":3,\"name\":\"Acoustic Circulo\"}]},{\"@type\":\"WebSite\",\"@id\":\"https:\/\/valaisingronlund.fi\/en\/#website\",\"url\":\"https:\/\/valaisingronlund.fi\/en\/\",\"name\":\"Valaisin Gr\u00f6nlund\",\"description\":\"Sisustusvalaisimien valmistus ja maahantuonti\",\"publisher\":{\"@id\":\"https:\/\/valaisingronlund.fi\/en\/#organization\"},\"potentialAction\":[{\"@type\":\"SearchAction\",\"target\":{\"@type\":\"EntryPoint\",\"urlTemplate\":\"https:\/\/valaisingronlund.fi\/en\/?s={search_term_string}\"},\"query-input\":{\"@type\":\"PropertyValueSpecification\",\"valueRequired\":true,\"valueName\":\"search_term_string\"}}],\"inLanguage\":\"en-US\"},{\"@type\":\"Organization\",\"@id\":\"https:\/\/valaisingronlund.fi\/en\/#organization\",\"name\":\"Valaisin Gr\u00f6nlund\",\"url\":\"https:\/\/valaisingronlund.fi\/en\/\",\"logo\":{\"@type\":\"ImageObject\",\"inLanguage\":\"en-US\",\"@id\":\"https:\/\/valaisingronlund.fi\/en\/#\/schema\/logo\/image\/\",\"url\":\"https:\/\/valaisingronlund.fi\/wp-content\/uploads\/2024\/03\/valaisin-gronlund-logo-squre.jpg\",\"contentUrl\":\"https:\/\/valaisingronlund.fi\/wp-content\/uploads\/2024\/03\/valaisin-gronlund-logo-squre.jpg\",\"width\":1024,\"height\":1024,\"caption\":\"Valaisin Gr\u00f6nlund\"},\"image\":{\"@id\":\"https:\/\/valaisingronlund.fi\/en\/#\/schema\/logo\/image\/\"},\"sameAs\":[\"https:\/\/www.facebook.com\/valaisingronlund\/\",\"https:\/\/www.instagram.com\/valaisingronlund\/\",\"https:\/\/fi.pinterest.com\/valaisingronlund\/\"],\"email\":\"info@valaisingronlund.fi\",\"telephone\":\"010 820 8200\",\"legalName\":\"Valaisin Gr\u00f6nlund Oy\",\"foundingDate\":\"1981-08-03\"}]}<\/script>\n<meta property=\"og:availability\" content=\"instock\" \/>\n<meta property=\"product:availability\" content=\"instock\" \/>\n<meta property=\"product:retailer_item_id\" content=\"1306xx-06-3000-xxx\" \/>\n<meta property=\"product:condition\" content=\"new\" \/>\n<!-- \/ Yoast SEO Premium plugin. -->","yoast_head_json":{"title":"Acoustic Circulo | Valaisin Gr\u00f6nlund","robots":{"index":"index","follow":"follow","max-snippet":"max-snippet:-1","max-image-preview":"max-image-preview:large","max-video-preview":"max-video-preview:-1"},"canonical":"https:\/\/valaisingronlund.fi\/en\/products\/pendant-lights\/acoustic-circulo","og_locale":"en_US","og_type":"article","og_title":"Acoustic Circulo","og_description":"Elegant sound absorbing pendant light Acoustic Circulo has three important features in one: acoustic effect, good light and stylish design. Simple modern design with clean lines combined with a very good and pleasant light and with the sound absorbing effect makes this lamp unique.  Timeless design and simplicity gives you the possibility to use this lamp in a variety of places and makes it an ideal choice for most interiors. The acoustic effect is tested and the lamp is specially desinged for places where you need an additional sound absorbing element.  Acoustic Circulo is a TRIAC-dimmable pendant light. It has been tested with the Schneider Exxact WDE002299 -dimmer.   Diameter: 60 cm \/ 80 cm\/ 120 cm  Fixed LED: 32 W \/ 48 W \/ 70 W (included)  2550 lm \/ 3350 lm \/ 6800 lm  3000 K \/ 4000 K  TRIAC-dimmable (DALI-dimmable in request)  Lenght of wires: 3 m (adjustable)  Product codes 130660-06-3000-felt color \u00f8 60 cm, 3000 K 130680-06-3000-felt color \u00f8 80 cm, 3000 K 1306120-06-3000-felt color \u00f8 120 cm, 3000 K  130660-06-4000-felt color \u00f8 60 cm, 4000 K 130680-06-4000-felt color \u00f8 80 cm, 4000 K 1306120-06-4000-felt color \u00f8 120 cm, 4000 K  Acoustic felts 501 White acoustic felt 502 Light grey acoustic felt 503\u00a0Dark grey acoustic felt 504 Black acoustic felt","og_url":"https:\/\/valaisingronlund.fi\/en\/products\/pendant-lights\/acoustic-circulo","og_site_name":"Valaisin Gr\u00f6nlund","article_publisher":"https:\/\/www.facebook.com\/valaisingronlund\/","article_modified_time":"2025-10-21T05:12:55+00:00","og_image":[{"width":2048,"height":2048,"url":"https:\/\/valaisingronlund.fi\/wp-content\/uploads\/2018\/01\/acoustic-circulo-080-503-dark-grey-01a-ux.jpg","type":"image\/jpeg"}],"twitter_card":"summary_large_image","twitter_misc":{"Availability":"In stock"},"schema":{"@context":"https:\/\/schema.org","@graph":[{"@type":"WebPage","@id":"https:\/\/valaisingronlund.fi\/en\/products\/pendant-lights\/acoustic-circulo","url":"https:\/\/valaisingronlund.fi\/en\/products\/pendant-lights\/acoustic-circulo","name":"Acoustic Circulo | Valaisin Gr\u00f6nlund","isPartOf":{"@id":"https:\/\/valaisingronlund.fi\/en\/#website"},"primaryImageOfPage":{"@id":"https:\/\/valaisingronlund.fi\/en\/products\/pendant-lights\/acoustic-circulo#primaryimage"},"image":{"@id":"https:\/\/valaisingronlund.fi\/en\/products\/pendant-lights\/acoustic-circulo#primaryimage"},"thumbnailUrl":"https:\/\/valaisingronlund.fi\/wp-content\/uploads\/2018\/01\/acoustic-circulo-080-503-dark-grey-01a-ux.jpg","datePublished":"2018-01-14T17:00:15+00:00","dateModified":"2025-10-21T05:12:55+00:00","breadcrumb":{"@id":"https:\/\/valaisingronlund.fi\/en\/products\/pendant-lights\/acoustic-circulo#breadcrumb"},"inLanguage":"en-US","potentialAction":[{"@type":"ReadAction","target":["https:\/\/valaisingronlund.fi\/en\/products\/pendant-lights\/acoustic-circulo"]}]},{"@type":"ImageObject","inLanguage":"en-US","@id":"https:\/\/valaisingronlund.fi\/en\/products\/pendant-lights\/acoustic-circulo#primaryimage","url":"https:\/\/valaisingronlund.fi\/wp-content\/uploads\/2018\/01\/acoustic-circulo-080-503-dark-grey-01a-ux.jpg","contentUrl":"https:\/\/valaisingronlund.fi\/wp-content\/uploads\/2018\/01\/acoustic-circulo-080-503-dark-grey-01a-ux.jpg","width":2048,"height":2048,"caption":"Acoustic Circulo pendant light. The lamp has fixed LEDs and a panel made of acoustic felt."},{"@type":"BreadcrumbList","@id":"https:\/\/valaisingronlund.fi\/en\/products\/pendant-lights\/acoustic-circulo#breadcrumb","itemListElement":[{"@type":"ListItem","position":1,"name":"Home","item":"https:\/\/valaisingronlund.fi\/en"},{"@type":"ListItem","position":2,"name":"Products","item":"https:\/\/valaisingronlund.fi\/en\/products"},{"@type":"ListItem","position":3,"name":"Acoustic Circulo"}]},{"@type":"WebSite","@id":"https:\/\/valaisingronlund.fi\/en\/#website","url":"https:\/\/valaisingronlund.fi\/en\/","name":"Valaisin Gr\u00f6nlund","description":"Sisustusvalaisimien valmistus ja maahantuonti","publisher":{"@id":"https:\/\/valaisingronlund.fi\/en\/#organization"},"potentialAction":[{"@type":"SearchAction","target":{"@type":"EntryPoint","urlTemplate":"https:\/\/valaisingronlund.fi\/en\/?s={search_term_string}"},"query-input":{"@type":"PropertyValueSpecification","valueRequired":true,"valueName":"search_term_string"}}],"inLanguage":"en-US"},{"@type":"Organization","@id":"https:\/\/valaisingronlund.fi\/en\/#organization","name":"Valaisin Gr\u00f6nlund","url":"https:\/\/valaisingronlund.fi\/en\/","logo":{"@type":"ImageObject","inLanguage":"en-US","@id":"https:\/\/valaisingronlund.fi\/en\/#\/schema\/logo\/image\/","url":"https:\/\/valaisingronlund.fi\/wp-content\/uploads\/2024\/03\/valaisin-gronlund-logo-squre.jpg","contentUrl":"https:\/\/valaisingronlund.fi\/wp-content\/uploads\/2024\/03\/valaisin-gronlund-logo-squre.jpg","width":1024,"height":1024,"caption":"Valaisin Gr\u00f6nlund"},"image":{"@id":"https:\/\/valaisingronlund.fi\/en\/#\/schema\/logo\/image\/"},"sameAs":["https:\/\/www.facebook.com\/valaisingronlund\/","https:\/\/www.instagram.com\/valaisingronlund\/","https:\/\/fi.pinterest.com\/valaisingronlund\/"],"email":"info@valaisingronlund.fi","telephone":"010 820 8200","legalName":"Valaisin Gr\u00f6nlund Oy","foundingDate":"1981-08-03"}]},"og_availability":"instock","product_availability":"instock","product_retailer_item_id":"1306xx-06-3000-xxx","product_condition":"new"},"_links":{"self":[{"href":"https:\/\/valaisingronlund.fi\/en\/wp-json\/wp\/v2\/product\/64588","targetHints":{"allow":["GET"]}}],"collection":[{"href":"https:\/\/valaisingronlund.fi\/en\/wp-json\/wp\/v2\/product"}],"about":[{"href":"https:\/\/valaisingronlund.fi\/en\/wp-json\/wp\/v2\/types\/product"}],"wp:featuredmedia":[{"embeddable":true,"href":"https:\/\/valaisingronlund.fi\/en\/wp-json\/wp\/v2\/media\/62832"}],"wp:attachment":[{"href":"https:\/\/valaisingronlund.fi\/en\/wp-json\/wp\/v2\/media?parent=64588"}],"wp:term":[{"taxonomy":"product_brand","embeddable":true,"href":"https:\/\/valaisingronlund.fi\/en\/wp-json\/wp\/v2\/product_brand?post=64588"},{"taxonomy":"product_cat","embeddable":true,"href":"https:\/\/valaisingronlund.fi\/en\/wp-json\/wp\/v2\/product_cat?post=64588"},{"taxonomy":"product_tag","embeddable":true,"href":"https:\/\/valaisingronlund.fi\/en\/wp-json\/wp\/v2\/product_tag?post=64588"}],"curies":[{"name":"wp","href":"https:\/\/api.w.org\/{rel}","templated":true}]}}