{"id":64570,"date":"2018-05-03T11:15:09","date_gmt":"2018-05-03T08:15:09","guid":{"rendered":"https:\/\/valaisingronlund.fi\/tuotteet\/uncategorized\/flyer"},"modified":"2026-02-04T15:55:06","modified_gmt":"2026-02-04T12:55:06","slug":"flyer","status":"publish","type":"product","link":"https:\/\/valaisingronlund.fi\/en\/products\/pendant-lights\/flyer","title":{"rendered":"Flyer"},"content":{"rendered":"","protected":false},"excerpt":{"rendered":"<p>Featuring a captivating minimalist design and timeless colors, Flyer pendant boasts a built-in LED light that not only conserves electricity but also provides excellent illumination. Its discreet design allows seamless integration with almost any interior, offering both functionality and style in line with pure Scandinavian aesthetics. Available in white and black, and in two different sizes.<\/p>\n<p>Flyer is a TRIAC-dimmable pendant light. It has been tested with the <a href=\"https:\/\/drive.google.com\/file\/d\/1U7Jy5Mlk4tNJuaunHhSXqE8XxoXJ00La\/view?usp=sharing\" target=\"_blank\" rel=\"noopener noreferrer\"><strong>Schneider Exxact WDE002299<\/strong><\/a> -dimmer.<\/p>\n<ul class=\"product-technical-data\">\n<li>Diameter: 50 cm \/ 70 cm<\/li>\n<li>Fixed LED: 35 W \/ 75 W (included)<\/li>\n<li>1735 lm \/ 3660 lm<\/li>\n<li>3000 K<\/li>\n<li>Length of cord and wire: 3 m (adjustable)<\/li>\n<li>TRIAC-dimmable (DALI-dimmable in request)<\/li>\n<\/ul>\n<p><b>150150-05<\/b> Matt black, \u00f8 50 cm<br \/>\n<b>150150-06<\/b> Matt white, \u00f8 50 cm<\/p>\n<p><b>150170-05<\/b> Matt black, \u00f8 70 cm<br \/>\n<b>150170-06<\/b> Matt white, \u00f8 70 cm<\/p>\n","protected":false},"featured_media":74098,"template":"","meta":{"_acf_changed":false,"inline_featured_image":false,"_monsterinsights_skip_tracking":false,"_monsterinsights_sitenote_active":false,"_monsterinsights_sitenote_note":"","_monsterinsights_sitenote_category":0},"product_brand":[],"product_cat":[79,2081],"product_tag":[5692,5228,2797,5532,5181,5182,2809,5218,2811,2812,5365,5431,99,5221,5277,2819,2818,2828,2795,5698],"class_list":{"0":"post-64570","1":"product","2":"type-product","3":"status-publish","4":"has-post-thumbnail","6":"product_cat-design-by-gronlund","7":"product_cat-pendant-lights","8":"product_tag-adjustable-pendant-light","9":"product_tag-big-pendant-light","10":"product_tag-black","11":"product_tag-black-pendant-light","12":"product_tag-dali-en","13":"product_tag-dali-dimmer","14":"product_tag-dimmable","15":"product_tag-dimmer-led","16":"product_tag-led","17":"product_tag-led-light","18":"product_tag-led-pendant-light","19":"product_tag-living-room-pendant-lamp","20":"product_tag-pendant-light","21":"product_tag-pendant-light-with-good-light","22":"product_tag-pendant-lights-living-room","23":"product_tag-ring","24":"product_tag-ring-light","25":"product_tag-stylish","26":"product_tag-white","27":"product_tag-white-suspended-light","29":"first","30":"instock","31":"taxable","32":"shipping-taxable","33":"purchasable","34":"product-type-variable","35":"wvs-archive-product-wrapper"},"acf":[],"yoast_head":"<!-- This site is optimized with the Yoast SEO Premium plugin v26.4 (Yoast SEO v26.9) - https:\/\/yoast.com\/product\/yoast-seo-premium-wordpress\/ -->\n<title>Flyer | Valaisin Gr\u00f6nlund<\/title>\n<meta name=\"robots\" content=\"index, follow, max-snippet:-1, max-image-preview:large, max-video-preview:-1\" \/>\n<link rel=\"canonical\" href=\"https:\/\/valaisingronlund.fi\/en\/products\/pendant-lights\/flyer\" \/>\n<meta property=\"og:locale\" content=\"en_US\" \/>\n<meta property=\"og:type\" content=\"article\" \/>\n<meta property=\"og:title\" content=\"Flyer\" \/>\n<meta property=\"og:description\" content=\"Featuring a captivating minimalist design and timeless colors, Flyer pendant boasts a built-in LED light that not only conserves electricity but also provides excellent illumination. Its discreet design allows seamless integration with almost any interior, offering both functionality and style in line with pure Scandinavian aesthetics. Available in white and black, and in two different sizes. Flyer is a TRIAC-dimmable pendant light. It has been tested with the Schneider Exxact WDE002299 -dimmer. Diameter: 50 cm \/ 70 cm Fixed LED: 35 W \/ 75 W (included) 1735 lm \/ 3660 lm 3000 K Length of cord and wire: 3 m (adjustable) TRIAC-dimmable (DALI-dimmable in request)  150150-05 Matt black, \u00f8 50 cm 150150-06 Matt white, \u00f8 50 cm 150170-05 Matt black, \u00f8 70 cm 150170-06 Matt white, \u00f8 70 cm\" \/>\n<meta property=\"og:url\" content=\"https:\/\/valaisingronlund.fi\/en\/products\/pendant-lights\/flyer\" \/>\n<meta property=\"og:site_name\" content=\"Valaisin Gr\u00f6nlund\" \/>\n<meta property=\"article:publisher\" content=\"https:\/\/www.facebook.com\/valaisingronlund\/\" \/>\n<meta property=\"article:modified_time\" content=\"2026-02-04T12:55:06+00:00\" \/>\n<meta property=\"og:image\" content=\"https:\/\/valaisingronlund.fi\/wp-content\/uploads\/2018\/05\/flyer50-bl-03-xl.jpg\" \/>\n\t<meta property=\"og:image:width\" content=\"2048\" \/>\n\t<meta property=\"og:image:height\" content=\"2048\" \/>\n\t<meta property=\"og:image:type\" content=\"image\/jpeg\" \/>\n<meta name=\"twitter:card\" content=\"summary_large_image\" \/>\n<meta name=\"twitter:label1\" content=\"Availability\" \/>\n\t<meta name=\"twitter:data1\" content=\"In stock\" \/>\n<script type=\"application\/ld+json\" class=\"yoast-schema-graph\">{\"@context\":\"https:\/\/schema.org\",\"@graph\":[{\"@type\":\"WebPage\",\"@id\":\"https:\/\/valaisingronlund.fi\/en\/products\/pendant-lights\/flyer\",\"url\":\"https:\/\/valaisingronlund.fi\/en\/products\/pendant-lights\/flyer\",\"name\":\"Flyer | Valaisin Gr\u00f6nlund\",\"isPartOf\":{\"@id\":\"https:\/\/valaisingronlund.fi\/en\/#website\"},\"primaryImageOfPage\":{\"@id\":\"https:\/\/valaisingronlund.fi\/en\/products\/pendant-lights\/flyer#primaryimage\"},\"image\":{\"@id\":\"https:\/\/valaisingronlund.fi\/en\/products\/pendant-lights\/flyer#primaryimage\"},\"thumbnailUrl\":\"https:\/\/valaisingronlund.fi\/wp-content\/uploads\/2018\/05\/flyer-50-pendant-light-black-01a-xl.jpg\",\"datePublished\":\"2018-05-03T08:15:09+00:00\",\"dateModified\":\"2026-02-04T12:55:06+00:00\",\"breadcrumb\":{\"@id\":\"https:\/\/valaisingronlund.fi\/en\/products\/pendant-lights\/flyer#breadcrumb\"},\"inLanguage\":\"en-US\",\"potentialAction\":[{\"@type\":\"ReadAction\",\"target\":[\"https:\/\/valaisingronlund.fi\/en\/products\/pendant-lights\/flyer\"]}]},{\"@type\":\"ImageObject\",\"inLanguage\":\"en-US\",\"@id\":\"https:\/\/valaisingronlund.fi\/en\/products\/pendant-lights\/flyer#primaryimage\",\"url\":\"https:\/\/valaisingronlund.fi\/wp-content\/uploads\/2018\/05\/flyer-50-pendant-light-black-01a-xl.jpg\",\"contentUrl\":\"https:\/\/valaisingronlund.fi\/wp-content\/uploads\/2018\/05\/flyer-50-pendant-light-black-01a-xl.jpg\",\"width\":2048,\"height\":2048},{\"@type\":\"BreadcrumbList\",\"@id\":\"https:\/\/valaisingronlund.fi\/en\/products\/pendant-lights\/flyer#breadcrumb\",\"itemListElement\":[{\"@type\":\"ListItem\",\"position\":1,\"name\":\"Home\",\"item\":\"https:\/\/valaisingronlund.fi\/en\"},{\"@type\":\"ListItem\",\"position\":2,\"name\":\"Products\",\"item\":\"https:\/\/valaisingronlund.fi\/en\/products\"},{\"@type\":\"ListItem\",\"position\":3,\"name\":\"Flyer\"}]},{\"@type\":\"WebSite\",\"@id\":\"https:\/\/valaisingronlund.fi\/en\/#website\",\"url\":\"https:\/\/valaisingronlund.fi\/en\/\",\"name\":\"Valaisin Gr\u00f6nlund\",\"description\":\"Sisustusvalaisimien valmistus ja maahantuonti\",\"publisher\":{\"@id\":\"https:\/\/valaisingronlund.fi\/en\/#organization\"},\"potentialAction\":[{\"@type\":\"SearchAction\",\"target\":{\"@type\":\"EntryPoint\",\"urlTemplate\":\"https:\/\/valaisingronlund.fi\/en\/?s={search_term_string}\"},\"query-input\":{\"@type\":\"PropertyValueSpecification\",\"valueRequired\":true,\"valueName\":\"search_term_string\"}}],\"inLanguage\":\"en-US\"},{\"@type\":\"Organization\",\"@id\":\"https:\/\/valaisingronlund.fi\/en\/#organization\",\"name\":\"Valaisin Gr\u00f6nlund\",\"url\":\"https:\/\/valaisingronlund.fi\/en\/\",\"logo\":{\"@type\":\"ImageObject\",\"inLanguage\":\"en-US\",\"@id\":\"https:\/\/valaisingronlund.fi\/en\/#\/schema\/logo\/image\/\",\"url\":\"https:\/\/valaisingronlund.fi\/wp-content\/uploads\/2024\/03\/valaisin-gronlund-logo-squre.jpg\",\"contentUrl\":\"https:\/\/valaisingronlund.fi\/wp-content\/uploads\/2024\/03\/valaisin-gronlund-logo-squre.jpg\",\"width\":1024,\"height\":1024,\"caption\":\"Valaisin Gr\u00f6nlund\"},\"image\":{\"@id\":\"https:\/\/valaisingronlund.fi\/en\/#\/schema\/logo\/image\/\"},\"sameAs\":[\"https:\/\/www.facebook.com\/valaisingronlund\/\",\"https:\/\/www.instagram.com\/valaisingronlund\/\",\"https:\/\/fi.pinterest.com\/valaisingronlund\/\"],\"email\":\"info@valaisingronlund.fi\",\"telephone\":\"010 820 8200\",\"legalName\":\"Valaisin Gr\u00f6nlund Oy\",\"foundingDate\":\"1981-08-03\"}]}<\/script>\n<meta property=\"og:availability\" content=\"instock\" \/>\n<meta property=\"product:availability\" content=\"instock\" \/>\n<meta property=\"product:retailer_item_id\" content=\"1501x0-xx\" \/>\n<meta property=\"product:condition\" content=\"new\" \/>\n<!-- \/ Yoast SEO Premium plugin. -->","yoast_head_json":{"title":"Flyer | Valaisin Gr\u00f6nlund","robots":{"index":"index","follow":"follow","max-snippet":"max-snippet:-1","max-image-preview":"max-image-preview:large","max-video-preview":"max-video-preview:-1"},"canonical":"https:\/\/valaisingronlund.fi\/en\/products\/pendant-lights\/flyer","og_locale":"en_US","og_type":"article","og_title":"Flyer","og_description":"Featuring a captivating minimalist design and timeless colors, Flyer pendant boasts a built-in LED light that not only conserves electricity but also provides excellent illumination. Its discreet design allows seamless integration with almost any interior, offering both functionality and style in line with pure Scandinavian aesthetics. Available in white and black, and in two different sizes. Flyer is a TRIAC-dimmable pendant light. It has been tested with the Schneider Exxact WDE002299 -dimmer. Diameter: 50 cm \/ 70 cm Fixed LED: 35 W \/ 75 W (included) 1735 lm \/ 3660 lm 3000 K Length of cord and wire: 3 m (adjustable) TRIAC-dimmable (DALI-dimmable in request)  150150-05 Matt black, \u00f8 50 cm 150150-06 Matt white, \u00f8 50 cm 150170-05 Matt black, \u00f8 70 cm 150170-06 Matt white, \u00f8 70 cm","og_url":"https:\/\/valaisingronlund.fi\/en\/products\/pendant-lights\/flyer","og_site_name":"Valaisin Gr\u00f6nlund","article_publisher":"https:\/\/www.facebook.com\/valaisingronlund\/","article_modified_time":"2026-02-04T12:55:06+00:00","og_image":[{"width":2048,"height":2048,"url":"https:\/\/valaisingronlund.fi\/wp-content\/uploads\/2018\/05\/flyer50-bl-03-xl.jpg","type":"image\/jpeg"}],"twitter_card":"summary_large_image","twitter_misc":{"Availability":"In stock"},"schema":{"@context":"https:\/\/schema.org","@graph":[{"@type":"WebPage","@id":"https:\/\/valaisingronlund.fi\/en\/products\/pendant-lights\/flyer","url":"https:\/\/valaisingronlund.fi\/en\/products\/pendant-lights\/flyer","name":"Flyer | Valaisin Gr\u00f6nlund","isPartOf":{"@id":"https:\/\/valaisingronlund.fi\/en\/#website"},"primaryImageOfPage":{"@id":"https:\/\/valaisingronlund.fi\/en\/products\/pendant-lights\/flyer#primaryimage"},"image":{"@id":"https:\/\/valaisingronlund.fi\/en\/products\/pendant-lights\/flyer#primaryimage"},"thumbnailUrl":"https:\/\/valaisingronlund.fi\/wp-content\/uploads\/2018\/05\/flyer-50-pendant-light-black-01a-xl.jpg","datePublished":"2018-05-03T08:15:09+00:00","dateModified":"2026-02-04T12:55:06+00:00","breadcrumb":{"@id":"https:\/\/valaisingronlund.fi\/en\/products\/pendant-lights\/flyer#breadcrumb"},"inLanguage":"en-US","potentialAction":[{"@type":"ReadAction","target":["https:\/\/valaisingronlund.fi\/en\/products\/pendant-lights\/flyer"]}]},{"@type":"ImageObject","inLanguage":"en-US","@id":"https:\/\/valaisingronlund.fi\/en\/products\/pendant-lights\/flyer#primaryimage","url":"https:\/\/valaisingronlund.fi\/wp-content\/uploads\/2018\/05\/flyer-50-pendant-light-black-01a-xl.jpg","contentUrl":"https:\/\/valaisingronlund.fi\/wp-content\/uploads\/2018\/05\/flyer-50-pendant-light-black-01a-xl.jpg","width":2048,"height":2048},{"@type":"BreadcrumbList","@id":"https:\/\/valaisingronlund.fi\/en\/products\/pendant-lights\/flyer#breadcrumb","itemListElement":[{"@type":"ListItem","position":1,"name":"Home","item":"https:\/\/valaisingronlund.fi\/en"},{"@type":"ListItem","position":2,"name":"Products","item":"https:\/\/valaisingronlund.fi\/en\/products"},{"@type":"ListItem","position":3,"name":"Flyer"}]},{"@type":"WebSite","@id":"https:\/\/valaisingronlund.fi\/en\/#website","url":"https:\/\/valaisingronlund.fi\/en\/","name":"Valaisin Gr\u00f6nlund","description":"Sisustusvalaisimien valmistus ja maahantuonti","publisher":{"@id":"https:\/\/valaisingronlund.fi\/en\/#organization"},"potentialAction":[{"@type":"SearchAction","target":{"@type":"EntryPoint","urlTemplate":"https:\/\/valaisingronlund.fi\/en\/?s={search_term_string}"},"query-input":{"@type":"PropertyValueSpecification","valueRequired":true,"valueName":"search_term_string"}}],"inLanguage":"en-US"},{"@type":"Organization","@id":"https:\/\/valaisingronlund.fi\/en\/#organization","name":"Valaisin Gr\u00f6nlund","url":"https:\/\/valaisingronlund.fi\/en\/","logo":{"@type":"ImageObject","inLanguage":"en-US","@id":"https:\/\/valaisingronlund.fi\/en\/#\/schema\/logo\/image\/","url":"https:\/\/valaisingronlund.fi\/wp-content\/uploads\/2024\/03\/valaisin-gronlund-logo-squre.jpg","contentUrl":"https:\/\/valaisingronlund.fi\/wp-content\/uploads\/2024\/03\/valaisin-gronlund-logo-squre.jpg","width":1024,"height":1024,"caption":"Valaisin Gr\u00f6nlund"},"image":{"@id":"https:\/\/valaisingronlund.fi\/en\/#\/schema\/logo\/image\/"},"sameAs":["https:\/\/www.facebook.com\/valaisingronlund\/","https:\/\/www.instagram.com\/valaisingronlund\/","https:\/\/fi.pinterest.com\/valaisingronlund\/"],"email":"info@valaisingronlund.fi","telephone":"010 820 8200","legalName":"Valaisin Gr\u00f6nlund Oy","foundingDate":"1981-08-03"}]},"og_availability":"instock","product_availability":"instock","product_retailer_item_id":"1501x0-xx","product_condition":"new"},"_links":{"self":[{"href":"https:\/\/valaisingronlund.fi\/en\/wp-json\/wp\/v2\/product\/64570","targetHints":{"allow":["GET"]}}],"collection":[{"href":"https:\/\/valaisingronlund.fi\/en\/wp-json\/wp\/v2\/product"}],"about":[{"href":"https:\/\/valaisingronlund.fi\/en\/wp-json\/wp\/v2\/types\/product"}],"wp:featuredmedia":[{"embeddable":true,"href":"https:\/\/valaisingronlund.fi\/en\/wp-json\/wp\/v2\/media\/74098"}],"wp:attachment":[{"href":"https:\/\/valaisingronlund.fi\/en\/wp-json\/wp\/v2\/media?parent=64570"}],"wp:term":[{"taxonomy":"product_brand","embeddable":true,"href":"https:\/\/valaisingronlund.fi\/en\/wp-json\/wp\/v2\/product_brand?post=64570"},{"taxonomy":"product_cat","embeddable":true,"href":"https:\/\/valaisingronlund.fi\/en\/wp-json\/wp\/v2\/product_cat?post=64570"},{"taxonomy":"product_tag","embeddable":true,"href":"https:\/\/valaisingronlund.fi\/en\/wp-json\/wp\/v2\/product_tag?post=64570"}],"curies":[{"name":"wp","href":"https:\/\/api.w.org\/{rel}","templated":true}]}}