{"id":64552,"date":"2018-10-29T13:22:41","date_gmt":"2018-10-29T10:22:41","guid":{"rendered":"https:\/\/valaisingronlund.fi\/tuotteet\/uncategorized\/piano-lattiavalaisin"},"modified":"2025-08-01T14:59:06","modified_gmt":"2025-08-01T11:59:06","slug":"piano-floor-lamp","status":"publish","type":"product","link":"https:\/\/valaisingronlund.fi\/en\/products\/floor-lamps\/piano-floor-lamp","title":{"rendered":"Piano Floor Lamp"},"content":{"rendered":"","protected":false},"excerpt":{"rendered":"<p>Piano is a slim modern style LED light with matt black or white finish and elegant glossy copper or glossy brass details. Minimalistic design with the principle less is more, combining functionality with sophisticated design details. The narrow upper part is attached to the body so that it can be moved upwards and downwards. The long LED light under the whole upper part makes it possible to give good but still pleasant light and it is suitable for many purposes: reading, working or general lighting. This is a lamp that stands out with a natural elegance. Available as a table or floor lamp. <\/p>\n<ul class=\"product-technical-data\">\n<li>Height: 155 cm<\/li>\n<li>Fixed LED: 1 x 7 W (included)<\/li>\n<li>735 lm<\/li>\n<li>3000 K<\/li>\n<li>Power switch: On the cord<\/li>\n<\/ul>\n<p><b>3746-05<\/b> Black \/ glossy copper<br \/>\n<b>3746-06<\/b> White \/ glossy brass<\/p>\n","protected":false},"featured_media":74525,"template":"","meta":{"_acf_changed":false,"inline_featured_image":false,"_monsterinsights_skip_tracking":false,"_monsterinsights_sitenote_active":false,"_monsterinsights_sitenote_note":"","_monsterinsights_sitenote_category":0},"product_brand":[],"product_cat":[79,1784],"product_tag":[2797,2901,5754,2801,5359,5069,5433,2811,2812,2925,5413,2979,2824,2980,2897],"class_list":{"0":"post-64552","1":"product","2":"type-product","3":"status-publish","4":"has-post-thumbnail","6":"product_cat-design-by-gronlund","7":"product_cat-floor-lamps","8":"product_tag-black","9":"product_tag-copper","10":"product_tag-copper-light","11":"product_tag-floor-lamp-en-2","12":"product_tag-floor-lamp-design","13":"product_tag-floor-light-black","14":"product_tag-lamp-of-living-room","15":"product_tag-led","16":"product_tag-led-light","17":"product_tag-modern","18":"product_tag-modern-floor-lamp","19":"product_tag-pelkistetty-en","20":"product_tag-reading-light","21":"product_tag-simple","22":"product_tag-slim","24":"first","25":"instock","26":"taxable","27":"shipping-taxable","28":"purchasable","29":"product-type-variable","30":"wvs-archive-product-wrapper"},"acf":[],"yoast_head":"<!-- This site is optimized with the Yoast SEO Premium plugin v26.4 (Yoast SEO v26.9) - https:\/\/yoast.com\/product\/yoast-seo-premium-wordpress\/ -->\n<title>Piano Floor Lamp | Valaisin Gr\u00f6nlund<\/title>\n<meta name=\"robots\" content=\"index, follow, max-snippet:-1, max-image-preview:large, max-video-preview:-1\" \/>\n<link rel=\"canonical\" href=\"https:\/\/valaisingronlund.fi\/en\/products\/floor-lamps\/piano-floor-lamp\" \/>\n<meta property=\"og:locale\" content=\"en_US\" \/>\n<meta property=\"og:type\" content=\"article\" \/>\n<meta property=\"og:title\" content=\"Piano Floor Lamp\" \/>\n<meta property=\"og:description\" content=\"Piano is a slim modern style LED light with matt black or white finish and elegant glossy copper or glossy brass details. Minimalistic design with the principle less is more, combining functionality with sophisticated design details. The narrow upper part is attached to the body so that it can be moved upwards and downwards. The long LED light under the whole upper part makes it possible to give good but still pleasant light and it is suitable for many purposes: reading, working or general lighting. This is a lamp that stands out with a natural elegance. Available as a table or floor lamp.  Height: 155 cm Fixed LED: 1 x 7 W (included) 735 lm 3000 K Power switch: On the cord 3746-05 Black \/ glossy copper 3746-06 White \/ glossy brass\" \/>\n<meta property=\"og:url\" content=\"https:\/\/valaisingronlund.fi\/en\/products\/floor-lamps\/piano-floor-lamp\" \/>\n<meta property=\"og:site_name\" content=\"Valaisin Gr\u00f6nlund\" \/>\n<meta property=\"article:publisher\" content=\"https:\/\/www.facebook.com\/valaisingronlund\/\" \/>\n<meta property=\"article:modified_time\" content=\"2025-08-01T11:59:06+00:00\" \/>\n<meta property=\"og:image\" content=\"https:\/\/valaisingronlund.fi\/wp-content\/uploads\/2018\/10\/piano-floor-bl-02-xl.jpg\" \/>\n\t<meta property=\"og:image:width\" content=\"2048\" \/>\n\t<meta property=\"og:image:height\" content=\"2048\" \/>\n\t<meta property=\"og:image:type\" content=\"image\/jpeg\" \/>\n<meta name=\"twitter:card\" content=\"summary_large_image\" \/>\n<meta name=\"twitter:label1\" content=\"Availability\" \/>\n\t<meta name=\"twitter:data1\" content=\"In stock\" \/>\n<script type=\"application\/ld+json\" class=\"yoast-schema-graph\">{\"@context\":\"https:\/\/schema.org\",\"@graph\":[{\"@type\":\"WebPage\",\"@id\":\"https:\/\/valaisingronlund.fi\/en\/products\/floor-lamps\/piano-floor-lamp\",\"url\":\"https:\/\/valaisingronlund.fi\/en\/products\/floor-lamps\/piano-floor-lamp\",\"name\":\"Piano Floor Lamp | Valaisin Gr\u00f6nlund\",\"isPartOf\":{\"@id\":\"https:\/\/valaisingronlund.fi\/en\/#website\"},\"primaryImageOfPage\":{\"@id\":\"https:\/\/valaisingronlund.fi\/en\/products\/floor-lamps\/piano-floor-lamp#primaryimage\"},\"image\":{\"@id\":\"https:\/\/valaisingronlund.fi\/en\/products\/floor-lamps\/piano-floor-lamp#primaryimage\"},\"thumbnailUrl\":\"https:\/\/valaisingronlund.fi\/wp-content\/uploads\/2018\/10\/piano-floor-lamp-black-01a-ux.jpg\",\"datePublished\":\"2018-10-29T10:22:41+00:00\",\"dateModified\":\"2025-08-01T11:59:06+00:00\",\"breadcrumb\":{\"@id\":\"https:\/\/valaisingronlund.fi\/en\/products\/floor-lamps\/piano-floor-lamp#breadcrumb\"},\"inLanguage\":\"en-US\",\"potentialAction\":[{\"@type\":\"ReadAction\",\"target\":[\"https:\/\/valaisingronlund.fi\/en\/products\/floor-lamps\/piano-floor-lamp\"]}]},{\"@type\":\"ImageObject\",\"inLanguage\":\"en-US\",\"@id\":\"https:\/\/valaisingronlund.fi\/en\/products\/floor-lamps\/piano-floor-lamp#primaryimage\",\"url\":\"https:\/\/valaisingronlund.fi\/wp-content\/uploads\/2018\/10\/piano-floor-lamp-black-01a-ux.jpg\",\"contentUrl\":\"https:\/\/valaisingronlund.fi\/wp-content\/uploads\/2018\/10\/piano-floor-lamp-black-01a-ux.jpg\",\"width\":2048,\"height\":2048,\"caption\":\"musta-kuparinen piano led lattiavalaisin valo p\u00e4\u00e4ll\u00e4 sivulta\"},{\"@type\":\"BreadcrumbList\",\"@id\":\"https:\/\/valaisingronlund.fi\/en\/products\/floor-lamps\/piano-floor-lamp#breadcrumb\",\"itemListElement\":[{\"@type\":\"ListItem\",\"position\":1,\"name\":\"Home\",\"item\":\"https:\/\/valaisingronlund.fi\/en\"},{\"@type\":\"ListItem\",\"position\":2,\"name\":\"Products\",\"item\":\"https:\/\/valaisingronlund.fi\/en\/products\"},{\"@type\":\"ListItem\",\"position\":3,\"name\":\"Piano Floor Lamp\"}]},{\"@type\":\"WebSite\",\"@id\":\"https:\/\/valaisingronlund.fi\/en\/#website\",\"url\":\"https:\/\/valaisingronlund.fi\/en\/\",\"name\":\"Valaisin Gr\u00f6nlund\",\"description\":\"Sisustusvalaisimien valmistus ja maahantuonti\",\"publisher\":{\"@id\":\"https:\/\/valaisingronlund.fi\/en\/#organization\"},\"potentialAction\":[{\"@type\":\"SearchAction\",\"target\":{\"@type\":\"EntryPoint\",\"urlTemplate\":\"https:\/\/valaisingronlund.fi\/en\/?s={search_term_string}\"},\"query-input\":{\"@type\":\"PropertyValueSpecification\",\"valueRequired\":true,\"valueName\":\"search_term_string\"}}],\"inLanguage\":\"en-US\"},{\"@type\":\"Organization\",\"@id\":\"https:\/\/valaisingronlund.fi\/en\/#organization\",\"name\":\"Valaisin Gr\u00f6nlund\",\"url\":\"https:\/\/valaisingronlund.fi\/en\/\",\"logo\":{\"@type\":\"ImageObject\",\"inLanguage\":\"en-US\",\"@id\":\"https:\/\/valaisingronlund.fi\/en\/#\/schema\/logo\/image\/\",\"url\":\"https:\/\/valaisingronlund.fi\/wp-content\/uploads\/2024\/03\/valaisin-gronlund-logo-squre.jpg\",\"contentUrl\":\"https:\/\/valaisingronlund.fi\/wp-content\/uploads\/2024\/03\/valaisin-gronlund-logo-squre.jpg\",\"width\":1024,\"height\":1024,\"caption\":\"Valaisin Gr\u00f6nlund\"},\"image\":{\"@id\":\"https:\/\/valaisingronlund.fi\/en\/#\/schema\/logo\/image\/\"},\"sameAs\":[\"https:\/\/www.facebook.com\/valaisingronlund\/\",\"https:\/\/www.instagram.com\/valaisingronlund\/\",\"https:\/\/fi.pinterest.com\/valaisingronlund\/\"],\"email\":\"info@valaisingronlund.fi\",\"telephone\":\"010 820 8200\",\"legalName\":\"Valaisin Gr\u00f6nlund Oy\",\"foundingDate\":\"1981-08-03\"}]}<\/script>\n<meta property=\"og:availability\" content=\"instock\" \/>\n<meta property=\"product:availability\" content=\"instock\" \/>\n<meta property=\"product:retailer_item_id\" content=\"3746-xx\" \/>\n<meta property=\"product:condition\" content=\"new\" \/>\n<!-- \/ Yoast SEO Premium plugin. -->","yoast_head_json":{"title":"Piano Floor Lamp | Valaisin Gr\u00f6nlund","robots":{"index":"index","follow":"follow","max-snippet":"max-snippet:-1","max-image-preview":"max-image-preview:large","max-video-preview":"max-video-preview:-1"},"canonical":"https:\/\/valaisingronlund.fi\/en\/products\/floor-lamps\/piano-floor-lamp","og_locale":"en_US","og_type":"article","og_title":"Piano Floor Lamp","og_description":"Piano is a slim modern style LED light with matt black or white finish and elegant glossy copper or glossy brass details. Minimalistic design with the principle less is more, combining functionality with sophisticated design details. The narrow upper part is attached to the body so that it can be moved upwards and downwards. The long LED light under the whole upper part makes it possible to give good but still pleasant light and it is suitable for many purposes: reading, working or general lighting. This is a lamp that stands out with a natural elegance. Available as a table or floor lamp.  Height: 155 cm Fixed LED: 1 x 7 W (included) 735 lm 3000 K Power switch: On the cord 3746-05 Black \/ glossy copper 3746-06 White \/ glossy brass","og_url":"https:\/\/valaisingronlund.fi\/en\/products\/floor-lamps\/piano-floor-lamp","og_site_name":"Valaisin Gr\u00f6nlund","article_publisher":"https:\/\/www.facebook.com\/valaisingronlund\/","article_modified_time":"2025-08-01T11:59:06+00:00","og_image":[{"width":2048,"height":2048,"url":"https:\/\/valaisingronlund.fi\/wp-content\/uploads\/2018\/10\/piano-floor-bl-02-xl.jpg","type":"image\/jpeg"}],"twitter_card":"summary_large_image","twitter_misc":{"Availability":"In stock"},"schema":{"@context":"https:\/\/schema.org","@graph":[{"@type":"WebPage","@id":"https:\/\/valaisingronlund.fi\/en\/products\/floor-lamps\/piano-floor-lamp","url":"https:\/\/valaisingronlund.fi\/en\/products\/floor-lamps\/piano-floor-lamp","name":"Piano Floor Lamp | Valaisin Gr\u00f6nlund","isPartOf":{"@id":"https:\/\/valaisingronlund.fi\/en\/#website"},"primaryImageOfPage":{"@id":"https:\/\/valaisingronlund.fi\/en\/products\/floor-lamps\/piano-floor-lamp#primaryimage"},"image":{"@id":"https:\/\/valaisingronlund.fi\/en\/products\/floor-lamps\/piano-floor-lamp#primaryimage"},"thumbnailUrl":"https:\/\/valaisingronlund.fi\/wp-content\/uploads\/2018\/10\/piano-floor-lamp-black-01a-ux.jpg","datePublished":"2018-10-29T10:22:41+00:00","dateModified":"2025-08-01T11:59:06+00:00","breadcrumb":{"@id":"https:\/\/valaisingronlund.fi\/en\/products\/floor-lamps\/piano-floor-lamp#breadcrumb"},"inLanguage":"en-US","potentialAction":[{"@type":"ReadAction","target":["https:\/\/valaisingronlund.fi\/en\/products\/floor-lamps\/piano-floor-lamp"]}]},{"@type":"ImageObject","inLanguage":"en-US","@id":"https:\/\/valaisingronlund.fi\/en\/products\/floor-lamps\/piano-floor-lamp#primaryimage","url":"https:\/\/valaisingronlund.fi\/wp-content\/uploads\/2018\/10\/piano-floor-lamp-black-01a-ux.jpg","contentUrl":"https:\/\/valaisingronlund.fi\/wp-content\/uploads\/2018\/10\/piano-floor-lamp-black-01a-ux.jpg","width":2048,"height":2048,"caption":"musta-kuparinen piano led lattiavalaisin valo p\u00e4\u00e4ll\u00e4 sivulta"},{"@type":"BreadcrumbList","@id":"https:\/\/valaisingronlund.fi\/en\/products\/floor-lamps\/piano-floor-lamp#breadcrumb","itemListElement":[{"@type":"ListItem","position":1,"name":"Home","item":"https:\/\/valaisingronlund.fi\/en"},{"@type":"ListItem","position":2,"name":"Products","item":"https:\/\/valaisingronlund.fi\/en\/products"},{"@type":"ListItem","position":3,"name":"Piano Floor Lamp"}]},{"@type":"WebSite","@id":"https:\/\/valaisingronlund.fi\/en\/#website","url":"https:\/\/valaisingronlund.fi\/en\/","name":"Valaisin Gr\u00f6nlund","description":"Sisustusvalaisimien valmistus ja maahantuonti","publisher":{"@id":"https:\/\/valaisingronlund.fi\/en\/#organization"},"potentialAction":[{"@type":"SearchAction","target":{"@type":"EntryPoint","urlTemplate":"https:\/\/valaisingronlund.fi\/en\/?s={search_term_string}"},"query-input":{"@type":"PropertyValueSpecification","valueRequired":true,"valueName":"search_term_string"}}],"inLanguage":"en-US"},{"@type":"Organization","@id":"https:\/\/valaisingronlund.fi\/en\/#organization","name":"Valaisin Gr\u00f6nlund","url":"https:\/\/valaisingronlund.fi\/en\/","logo":{"@type":"ImageObject","inLanguage":"en-US","@id":"https:\/\/valaisingronlund.fi\/en\/#\/schema\/logo\/image\/","url":"https:\/\/valaisingronlund.fi\/wp-content\/uploads\/2024\/03\/valaisin-gronlund-logo-squre.jpg","contentUrl":"https:\/\/valaisingronlund.fi\/wp-content\/uploads\/2024\/03\/valaisin-gronlund-logo-squre.jpg","width":1024,"height":1024,"caption":"Valaisin Gr\u00f6nlund"},"image":{"@id":"https:\/\/valaisingronlund.fi\/en\/#\/schema\/logo\/image\/"},"sameAs":["https:\/\/www.facebook.com\/valaisingronlund\/","https:\/\/www.instagram.com\/valaisingronlund\/","https:\/\/fi.pinterest.com\/valaisingronlund\/"],"email":"info@valaisingronlund.fi","telephone":"010 820 8200","legalName":"Valaisin Gr\u00f6nlund Oy","foundingDate":"1981-08-03"}]},"og_availability":"instock","product_availability":"instock","product_retailer_item_id":"3746-xx","product_condition":"new"},"_links":{"self":[{"href":"https:\/\/valaisingronlund.fi\/en\/wp-json\/wp\/v2\/product\/64552","targetHints":{"allow":["GET"]}}],"collection":[{"href":"https:\/\/valaisingronlund.fi\/en\/wp-json\/wp\/v2\/product"}],"about":[{"href":"https:\/\/valaisingronlund.fi\/en\/wp-json\/wp\/v2\/types\/product"}],"wp:featuredmedia":[{"embeddable":true,"href":"https:\/\/valaisingronlund.fi\/en\/wp-json\/wp\/v2\/media\/74525"}],"wp:attachment":[{"href":"https:\/\/valaisingronlund.fi\/en\/wp-json\/wp\/v2\/media?parent=64552"}],"wp:term":[{"taxonomy":"product_brand","embeddable":true,"href":"https:\/\/valaisingronlund.fi\/en\/wp-json\/wp\/v2\/product_brand?post=64552"},{"taxonomy":"product_cat","embeddable":true,"href":"https:\/\/valaisingronlund.fi\/en\/wp-json\/wp\/v2\/product_cat?post=64552"},{"taxonomy":"product_tag","embeddable":true,"href":"https:\/\/valaisingronlund.fi\/en\/wp-json\/wp\/v2\/product_tag?post=64552"}],"curies":[{"name":"wp","href":"https:\/\/api.w.org\/{rel}","templated":true}]}}