{"id":64506,"date":"2018-10-29T16:43:18","date_gmt":"2018-10-29T13:43:18","guid":{"rendered":"https:\/\/valaisingronlund.fi\/tuotteet\/uncategorized\/royal-kattovalaisin"},"modified":"2025-08-01T14:58:24","modified_gmt":"2025-08-01T11:58:24","slug":"royal-pendant-light","status":"publish","type":"product","link":"https:\/\/valaisingronlund.fi\/en\/products\/design-by-gronlund\/royal-pendant-light","title":{"rendered":"Royal Pendant Light"},"content":{"rendered":"","protected":false},"excerpt":{"rendered":"<p>Magnificient modern crystal lamp family that charms with its elegance and reflects light beautifully around. The design is sophisticated and gives you a touch of glamor. This beautiful lamp fits excellently to the room where something little extra is needed. Stylish modern crystal lighting can be used in a variety of places where you need both atmosphere and general lighting. Royal light family is the right choice for you who want both unique design and efficient lighting. This very elegant pendant with modern design provides beautiful reflections and adds a nice feel to every room.<\/p>\n<ul class=\"product-technical-data\">\n<li>Royal 40 diameter: 40 cm<\/li>\n<li>Royal 70 diameter: 70 cm<\/li>\n<li>Royal Oval diameter: 94 cm<\/li>\n<li>3 \/ 6 \/ 9 x E27, max 60 W (bulbs not included)<\/li>\n<li>Length of cord and wire: 4 m (adjustable)<\/li>\n<li>Chrome \/ crystal<\/li>\n<\/ul>\n<p><b>9513-3<\/b> Pendant light, \u00f8 40 cm<br \/>\n<b>9513-6<\/b> Pendant light, \u00f8 60 cm<br \/>\n<b>9513-9<\/b> Oval pendant light, \u00f8 94 cm<\/p>\n","protected":false},"featured_media":58309,"template":"","meta":{"_acf_changed":false,"inline_featured_image":false,"_monsterinsights_skip_tracking":false,"_monsterinsights_sitenote_active":false,"_monsterinsights_sitenote_note":"","_monsterinsights_sitenote_category":0},"product_brand":[],"product_cat":[79,2081],"product_tag":[2792,2790,2968,5755,2791,2859,2867,5412,5262,99],"class_list":{"0":"post-64506","1":"product","2":"type-product","3":"status-publish","4":"has-post-thumbnail","6":"product_cat-design-by-gronlund","7":"product_cat-pendant-lights","8":"product_tag-chrome","9":"product_tag-crystal","10":"product_tag-crystal-chandelier","11":"product_tag-crystal-lamp","12":"product_tag-crystal-pendant","13":"product_tag-dashing","14":"product_tag-festive","15":"product_tag-modern-crystal-chandelier","16":"product_tag-pendant-crystal","17":"product_tag-pendant-light","19":"first","20":"instock","21":"taxable","22":"shipping-taxable","23":"purchasable","24":"product-type-variable","25":"wvs-archive-product-wrapper"},"acf":[],"yoast_head":"<!-- This site is optimized with the Yoast SEO Premium plugin v26.4 (Yoast SEO v26.9) - https:\/\/yoast.com\/product\/yoast-seo-premium-wordpress\/ -->\n<title>Royal Pendant Light | Valaisin Gr\u00f6nlund<\/title>\n<meta name=\"robots\" content=\"index, follow, max-snippet:-1, max-image-preview:large, max-video-preview:-1\" \/>\n<link rel=\"canonical\" href=\"https:\/\/valaisingronlund.fi\/en\/products\/design-by-gronlund\/royal-pendant-light\" \/>\n<meta property=\"og:locale\" content=\"en_US\" \/>\n<meta property=\"og:type\" content=\"article\" \/>\n<meta property=\"og:title\" content=\"Royal Pendant Light\" \/>\n<meta property=\"og:description\" content=\"Magnificient modern crystal lamp family that charms with its elegance and reflects light beautifully around. The design is sophisticated and gives you a touch of glamor. This beautiful lamp fits excellently to the room where something little extra is needed. Stylish modern crystal lighting can be used in a variety of places where you need both atmosphere and general lighting. Royal light family is the right choice for you who want both unique design and efficient lighting. This very elegant pendant with modern design provides beautiful reflections and adds a nice feel to every room. Royal 40 diameter: 40 cm Royal 70 diameter: 70 cm Royal Oval diameter: 94 cm 3 \/ 6 \/ 9 x E27, max 60 W (bulbs not included) Length of cord and wire: 4 m (adjustable) Chrome \/ crystal 9513-3 Pendant light, \u00f8 40 cm 9513-6 Pendant light, \u00f8 60 cm 9513-9 Oval pendant light, \u00f8 94 cm\" \/>\n<meta property=\"og:url\" content=\"https:\/\/valaisingronlund.fi\/en\/products\/design-by-gronlund\/royal-pendant-light\" \/>\n<meta property=\"og:site_name\" content=\"Valaisin Gr\u00f6nlund\" \/>\n<meta property=\"article:publisher\" content=\"https:\/\/www.facebook.com\/valaisingronlund\/\" \/>\n<meta property=\"article:modified_time\" content=\"2025-08-01T11:58:24+00:00\" \/>\n<meta property=\"og:image\" content=\"https:\/\/valaisingronlund.fi\/wp-content\/uploads\/2018\/10\/royal-pendant-70-02-xl.jpg\" \/>\n\t<meta property=\"og:image:width\" content=\"2048\" \/>\n\t<meta property=\"og:image:height\" content=\"2048\" \/>\n\t<meta property=\"og:image:type\" content=\"image\/jpeg\" \/>\n<meta name=\"twitter:card\" content=\"summary_large_image\" \/>\n<meta name=\"twitter:label1\" content=\"Availability\" \/>\n\t<meta name=\"twitter:data1\" content=\"In stock\" \/>\n<script type=\"application\/ld+json\" class=\"yoast-schema-graph\">{\"@context\":\"https:\/\/schema.org\",\"@graph\":[{\"@type\":\"WebPage\",\"@id\":\"https:\/\/valaisingronlund.fi\/en\/products\/design-by-gronlund\/royal-pendant-light\",\"url\":\"https:\/\/valaisingronlund.fi\/en\/products\/design-by-gronlund\/royal-pendant-light\",\"name\":\"Royal Pendant Light | Valaisin Gr\u00f6nlund\",\"isPartOf\":{\"@id\":\"https:\/\/valaisingronlund.fi\/en\/#website\"},\"primaryImageOfPage\":{\"@id\":\"https:\/\/valaisingronlund.fi\/en\/products\/design-by-gronlund\/royal-pendant-light#primaryimage\"},\"image\":{\"@id\":\"https:\/\/valaisingronlund.fi\/en\/products\/design-by-gronlund\/royal-pendant-light#primaryimage\"},\"thumbnailUrl\":\"https:\/\/valaisingronlund.fi\/wp-content\/uploads\/2018\/10\/royal-pendant-70-02-xl.jpg\",\"datePublished\":\"2018-10-29T13:43:18+00:00\",\"dateModified\":\"2025-08-01T11:58:24+00:00\",\"breadcrumb\":{\"@id\":\"https:\/\/valaisingronlund.fi\/en\/products\/design-by-gronlund\/royal-pendant-light#breadcrumb\"},\"inLanguage\":\"en-US\",\"potentialAction\":[{\"@type\":\"ReadAction\",\"target\":[\"https:\/\/valaisingronlund.fi\/en\/products\/design-by-gronlund\/royal-pendant-light\"]}]},{\"@type\":\"ImageObject\",\"inLanguage\":\"en-US\",\"@id\":\"https:\/\/valaisingronlund.fi\/en\/products\/design-by-gronlund\/royal-pendant-light#primaryimage\",\"url\":\"https:\/\/valaisingronlund.fi\/wp-content\/uploads\/2018\/10\/royal-pendant-70-02-xl.jpg\",\"contentUrl\":\"https:\/\/valaisingronlund.fi\/wp-content\/uploads\/2018\/10\/royal-pendant-70-02-xl.jpg\",\"width\":2048,\"height\":2048},{\"@type\":\"BreadcrumbList\",\"@id\":\"https:\/\/valaisingronlund.fi\/en\/products\/design-by-gronlund\/royal-pendant-light#breadcrumb\",\"itemListElement\":[{\"@type\":\"ListItem\",\"position\":1,\"name\":\"Home\",\"item\":\"https:\/\/valaisingronlund.fi\/en\"},{\"@type\":\"ListItem\",\"position\":2,\"name\":\"Products\",\"item\":\"https:\/\/valaisingronlund.fi\/en\/products\"},{\"@type\":\"ListItem\",\"position\":3,\"name\":\"Royal Pendant Light\"}]},{\"@type\":\"WebSite\",\"@id\":\"https:\/\/valaisingronlund.fi\/en\/#website\",\"url\":\"https:\/\/valaisingronlund.fi\/en\/\",\"name\":\"Valaisin Gr\u00f6nlund\",\"description\":\"Sisustusvalaisimien valmistus ja maahantuonti\",\"publisher\":{\"@id\":\"https:\/\/valaisingronlund.fi\/en\/#organization\"},\"potentialAction\":[{\"@type\":\"SearchAction\",\"target\":{\"@type\":\"EntryPoint\",\"urlTemplate\":\"https:\/\/valaisingronlund.fi\/en\/?s={search_term_string}\"},\"query-input\":{\"@type\":\"PropertyValueSpecification\",\"valueRequired\":true,\"valueName\":\"search_term_string\"}}],\"inLanguage\":\"en-US\"},{\"@type\":\"Organization\",\"@id\":\"https:\/\/valaisingronlund.fi\/en\/#organization\",\"name\":\"Valaisin Gr\u00f6nlund\",\"url\":\"https:\/\/valaisingronlund.fi\/en\/\",\"logo\":{\"@type\":\"ImageObject\",\"inLanguage\":\"en-US\",\"@id\":\"https:\/\/valaisingronlund.fi\/en\/#\/schema\/logo\/image\/\",\"url\":\"https:\/\/valaisingronlund.fi\/wp-content\/uploads\/2024\/03\/valaisin-gronlund-logo-squre.jpg\",\"contentUrl\":\"https:\/\/valaisingronlund.fi\/wp-content\/uploads\/2024\/03\/valaisin-gronlund-logo-squre.jpg\",\"width\":1024,\"height\":1024,\"caption\":\"Valaisin Gr\u00f6nlund\"},\"image\":{\"@id\":\"https:\/\/valaisingronlund.fi\/en\/#\/schema\/logo\/image\/\"},\"sameAs\":[\"https:\/\/www.facebook.com\/valaisingronlund\/\",\"https:\/\/www.instagram.com\/valaisingronlund\/\",\"https:\/\/fi.pinterest.com\/valaisingronlund\/\"],\"email\":\"info@valaisingronlund.fi\",\"telephone\":\"010 820 8200\",\"legalName\":\"Valaisin Gr\u00f6nlund Oy\",\"foundingDate\":\"1981-08-03\"}]}<\/script>\n<meta property=\"og:availability\" content=\"instock\" \/>\n<meta property=\"product:availability\" content=\"instock\" \/>\n<meta property=\"product:retailer_item_id\" content=\"9513-x\" \/>\n<meta property=\"product:condition\" content=\"new\" \/>\n<!-- \/ Yoast SEO Premium plugin. -->","yoast_head_json":{"title":"Royal Pendant Light | Valaisin Gr\u00f6nlund","robots":{"index":"index","follow":"follow","max-snippet":"max-snippet:-1","max-image-preview":"max-image-preview:large","max-video-preview":"max-video-preview:-1"},"canonical":"https:\/\/valaisingronlund.fi\/en\/products\/design-by-gronlund\/royal-pendant-light","og_locale":"en_US","og_type":"article","og_title":"Royal Pendant Light","og_description":"Magnificient modern crystal lamp family that charms with its elegance and reflects light beautifully around. The design is sophisticated and gives you a touch of glamor. This beautiful lamp fits excellently to the room where something little extra is needed. Stylish modern crystal lighting can be used in a variety of places where you need both atmosphere and general lighting. Royal light family is the right choice for you who want both unique design and efficient lighting. This very elegant pendant with modern design provides beautiful reflections and adds a nice feel to every room. Royal 40 diameter: 40 cm Royal 70 diameter: 70 cm Royal Oval diameter: 94 cm 3 \/ 6 \/ 9 x E27, max 60 W (bulbs not included) Length of cord and wire: 4 m (adjustable) Chrome \/ crystal 9513-3 Pendant light, \u00f8 40 cm 9513-6 Pendant light, \u00f8 60 cm 9513-9 Oval pendant light, \u00f8 94 cm","og_url":"https:\/\/valaisingronlund.fi\/en\/products\/design-by-gronlund\/royal-pendant-light","og_site_name":"Valaisin Gr\u00f6nlund","article_publisher":"https:\/\/www.facebook.com\/valaisingronlund\/","article_modified_time":"2025-08-01T11:58:24+00:00","og_image":[{"width":2048,"height":2048,"url":"https:\/\/valaisingronlund.fi\/wp-content\/uploads\/2018\/10\/royal-pendant-70-02-xl.jpg","type":"image\/jpeg"}],"twitter_card":"summary_large_image","twitter_misc":{"Availability":"In stock"},"schema":{"@context":"https:\/\/schema.org","@graph":[{"@type":"WebPage","@id":"https:\/\/valaisingronlund.fi\/en\/products\/design-by-gronlund\/royal-pendant-light","url":"https:\/\/valaisingronlund.fi\/en\/products\/design-by-gronlund\/royal-pendant-light","name":"Royal Pendant Light | Valaisin Gr\u00f6nlund","isPartOf":{"@id":"https:\/\/valaisingronlund.fi\/en\/#website"},"primaryImageOfPage":{"@id":"https:\/\/valaisingronlund.fi\/en\/products\/design-by-gronlund\/royal-pendant-light#primaryimage"},"image":{"@id":"https:\/\/valaisingronlund.fi\/en\/products\/design-by-gronlund\/royal-pendant-light#primaryimage"},"thumbnailUrl":"https:\/\/valaisingronlund.fi\/wp-content\/uploads\/2018\/10\/royal-pendant-70-02-xl.jpg","datePublished":"2018-10-29T13:43:18+00:00","dateModified":"2025-08-01T11:58:24+00:00","breadcrumb":{"@id":"https:\/\/valaisingronlund.fi\/en\/products\/design-by-gronlund\/royal-pendant-light#breadcrumb"},"inLanguage":"en-US","potentialAction":[{"@type":"ReadAction","target":["https:\/\/valaisingronlund.fi\/en\/products\/design-by-gronlund\/royal-pendant-light"]}]},{"@type":"ImageObject","inLanguage":"en-US","@id":"https:\/\/valaisingronlund.fi\/en\/products\/design-by-gronlund\/royal-pendant-light#primaryimage","url":"https:\/\/valaisingronlund.fi\/wp-content\/uploads\/2018\/10\/royal-pendant-70-02-xl.jpg","contentUrl":"https:\/\/valaisingronlund.fi\/wp-content\/uploads\/2018\/10\/royal-pendant-70-02-xl.jpg","width":2048,"height":2048},{"@type":"BreadcrumbList","@id":"https:\/\/valaisingronlund.fi\/en\/products\/design-by-gronlund\/royal-pendant-light#breadcrumb","itemListElement":[{"@type":"ListItem","position":1,"name":"Home","item":"https:\/\/valaisingronlund.fi\/en"},{"@type":"ListItem","position":2,"name":"Products","item":"https:\/\/valaisingronlund.fi\/en\/products"},{"@type":"ListItem","position":3,"name":"Royal Pendant Light"}]},{"@type":"WebSite","@id":"https:\/\/valaisingronlund.fi\/en\/#website","url":"https:\/\/valaisingronlund.fi\/en\/","name":"Valaisin Gr\u00f6nlund","description":"Sisustusvalaisimien valmistus ja maahantuonti","publisher":{"@id":"https:\/\/valaisingronlund.fi\/en\/#organization"},"potentialAction":[{"@type":"SearchAction","target":{"@type":"EntryPoint","urlTemplate":"https:\/\/valaisingronlund.fi\/en\/?s={search_term_string}"},"query-input":{"@type":"PropertyValueSpecification","valueRequired":true,"valueName":"search_term_string"}}],"inLanguage":"en-US"},{"@type":"Organization","@id":"https:\/\/valaisingronlund.fi\/en\/#organization","name":"Valaisin Gr\u00f6nlund","url":"https:\/\/valaisingronlund.fi\/en\/","logo":{"@type":"ImageObject","inLanguage":"en-US","@id":"https:\/\/valaisingronlund.fi\/en\/#\/schema\/logo\/image\/","url":"https:\/\/valaisingronlund.fi\/wp-content\/uploads\/2024\/03\/valaisin-gronlund-logo-squre.jpg","contentUrl":"https:\/\/valaisingronlund.fi\/wp-content\/uploads\/2024\/03\/valaisin-gronlund-logo-squre.jpg","width":1024,"height":1024,"caption":"Valaisin Gr\u00f6nlund"},"image":{"@id":"https:\/\/valaisingronlund.fi\/en\/#\/schema\/logo\/image\/"},"sameAs":["https:\/\/www.facebook.com\/valaisingronlund\/","https:\/\/www.instagram.com\/valaisingronlund\/","https:\/\/fi.pinterest.com\/valaisingronlund\/"],"email":"info@valaisingronlund.fi","telephone":"010 820 8200","legalName":"Valaisin Gr\u00f6nlund Oy","foundingDate":"1981-08-03"}]},"og_availability":"instock","product_availability":"instock","product_retailer_item_id":"9513-x","product_condition":"new"},"_links":{"self":[{"href":"https:\/\/valaisingronlund.fi\/en\/wp-json\/wp\/v2\/product\/64506","targetHints":{"allow":["GET"]}}],"collection":[{"href":"https:\/\/valaisingronlund.fi\/en\/wp-json\/wp\/v2\/product"}],"about":[{"href":"https:\/\/valaisingronlund.fi\/en\/wp-json\/wp\/v2\/types\/product"}],"wp:featuredmedia":[{"embeddable":true,"href":"https:\/\/valaisingronlund.fi\/en\/wp-json\/wp\/v2\/media\/58309"}],"wp:attachment":[{"href":"https:\/\/valaisingronlund.fi\/en\/wp-json\/wp\/v2\/media?parent=64506"}],"wp:term":[{"taxonomy":"product_brand","embeddable":true,"href":"https:\/\/valaisingronlund.fi\/en\/wp-json\/wp\/v2\/product_brand?post=64506"},{"taxonomy":"product_cat","embeddable":true,"href":"https:\/\/valaisingronlund.fi\/en\/wp-json\/wp\/v2\/product_cat?post=64506"},{"taxonomy":"product_tag","embeddable":true,"href":"https:\/\/valaisingronlund.fi\/en\/wp-json\/wp\/v2\/product_tag?post=64506"}],"curies":[{"name":"wp","href":"https:\/\/api.w.org\/{rel}","templated":true}]}}