{"id":64199,"date":"2020-06-12T14:49:00","date_gmt":"2020-06-12T11:49:00","guid":{"rendered":"https:\/\/valaisingronlund.fi\/tuotteet\/uncategorized\/york"},"modified":"2025-08-01T14:54:30","modified_gmt":"2025-08-01T11:54:30","slug":"york","status":"publish","type":"product","link":"https:\/\/valaisingronlund.fi\/en\/products\/pendant-lights\/york","title":{"rendered":"York Pendant"},"content":{"rendered":"","protected":false},"excerpt":{"rendered":"<p>York is a spectacularly reflective pendant light. Its special glass surface is smoky chrome gradient, which makes the surface shine and darken towards the top of the shade. York is available in three different sizes: 20 cm, 30 cm and 40 cm. They have a hook mounting and a three meter long fabric cord. The two largest models are equipped with a wire to support the glass shade. <\/p>\n<ul class=\"product-technical-data\">\n<li>Diameter: 20 cm \/ 30 cm \/ 40 cm<\/li>\n<li>1 x E27, max 40 W (bulb not included)<\/li>\n<li>Hook mounting and ceiling plug<\/li>\n<li>Length of cord and wire: 3 m (adjustable)<\/li>\n<li>Black \/ Chrome-slide color<\/li>\n<\/ul>\n<p><b>17420-05<\/b> \u00f8 20 cm<br \/>\n<b>17430-05<\/b> \u00f8 30 cm<br \/>\n<b>17440-05<\/b> \u00f8 40 cm<\/p>\n","protected":false},"featured_media":57283,"template":"","meta":{"_acf_changed":false,"inline_featured_image":false,"_monsterinsights_skip_tracking":false,"_monsterinsights_sitenote_active":false,"_monsterinsights_sitenote_note":"","_monsterinsights_sitenote_category":0},"product_brand":[],"product_cat":[79,2081],"product_tag":[2860,2864,2797,5422,5418,2863,2800,5757,2841,2842,5589,2862,5321,5495,2848,5667,99,5282,5476,2840,2861,2833,5762,5737,5225,5224],"class_list":{"0":"post-64199","1":"product","2":"type-product","3":"status-publish","4":"has-post-thumbnail","6":"product_cat-design-by-gronlund","7":"product_cat-pendant-lights","8":"product_tag-ball","9":"product_tag-ball-like","10":"product_tag-black","11":"product_tag-black-pendant-for-kitchen","12":"product_tag-black-small-pendant-light","13":"product_tag-chrome-glass","14":"product_tag-e27-en","15":"product_tag-glass-ball-light","16":"product_tag-glossy","17":"product_tag-gradient-color","18":"product_tag-hangging-pendant-lamp","19":"product_tag-hook","20":"product_tag-lamp-for-above-the-dining-table","21":"product_tag-lamp-for-above-the-kitchen-table","22":"product_tag-large","23":"product_tag-pendant-equiped-with-plug","24":"product_tag-pendant-light","25":"product_tag-pendant-light-with-plug-en","26":"product_tag-pendant-to-kitchen","27":"product_tag-reflective","28":"product_tag-round","29":"product_tag-smoked-glass","30":"product_tag-sphere-lamp","31":"product_tag-suspended-ball-light","32":"product_tag-window-lamps","33":"product_tag-window-lights","35":"first","36":"instock","37":"taxable","38":"shipping-taxable","39":"purchasable","40":"product-type-variable","41":"wvs-archive-product-wrapper"},"acf":[],"yoast_head":"<!-- This site is optimized with the Yoast SEO Premium plugin v26.4 (Yoast SEO v26.9) - https:\/\/yoast.com\/product\/yoast-seo-premium-wordpress\/ -->\n<title>York Pendant | Valaisin Gr\u00f6nlund<\/title>\n<meta name=\"robots\" content=\"index, follow, max-snippet:-1, max-image-preview:large, max-video-preview:-1\" \/>\n<link rel=\"canonical\" href=\"https:\/\/valaisingronlund.fi\/en\/products\/pendant-lights\/york\" \/>\n<meta property=\"og:locale\" content=\"en_US\" \/>\n<meta property=\"og:type\" content=\"article\" \/>\n<meta property=\"og:title\" content=\"York Pendant\" \/>\n<meta property=\"og:description\" content=\"York is a spectacularly reflective pendant light. Its special glass surface is smoky chrome gradient, which makes the surface shine and darken towards the top of the shade. York is available in three different sizes: 20 cm, 30 cm and 40 cm. They have a hook mounting and a three meter long fabric cord. The two largest models are equipped with a wire to support the glass shade.  Diameter: 20 cm \/ 30 cm \/ 40 cm 1 x E27, max 40 W (bulb not included) Hook mounting and ceiling plug Length of cord and wire: 3 m (adjustable) Black \/ Chrome-slide color 17420-05 \u00f8 20 cm 17430-05 \u00f8 30 cm 17440-05 \u00f8 40 cm\" \/>\n<meta property=\"og:url\" content=\"https:\/\/valaisingronlund.fi\/en\/products\/pendant-lights\/york\" \/>\n<meta property=\"og:site_name\" content=\"Valaisin Gr\u00f6nlund\" \/>\n<meta property=\"article:publisher\" content=\"https:\/\/www.facebook.com\/valaisingronlund\/\" \/>\n<meta property=\"article:modified_time\" content=\"2025-08-01T11:54:30+00:00\" \/>\n<meta property=\"og:image\" content=\"https:\/\/valaisingronlund.fi\/wp-content\/uploads\/2020\/06\/york-pendant-30-01-xl-1.jpg\" \/>\n\t<meta property=\"og:image:width\" content=\"2048\" \/>\n\t<meta property=\"og:image:height\" content=\"2048\" \/>\n\t<meta property=\"og:image:type\" content=\"image\/jpeg\" \/>\n<meta name=\"twitter:card\" content=\"summary_large_image\" \/>\n<meta name=\"twitter:label1\" content=\"Availability\" \/>\n\t<meta name=\"twitter:data1\" content=\"In stock\" \/>\n<script type=\"application\/ld+json\" class=\"yoast-schema-graph\">{\"@context\":\"https:\/\/schema.org\",\"@graph\":[{\"@type\":\"WebPage\",\"@id\":\"https:\/\/valaisingronlund.fi\/en\/products\/pendant-lights\/york\",\"url\":\"https:\/\/valaisingronlund.fi\/en\/products\/pendant-lights\/york\",\"name\":\"York Pendant | Valaisin Gr\u00f6nlund\",\"isPartOf\":{\"@id\":\"https:\/\/valaisingronlund.fi\/en\/#website\"},\"primaryImageOfPage\":{\"@id\":\"https:\/\/valaisingronlund.fi\/en\/products\/pendant-lights\/york#primaryimage\"},\"image\":{\"@id\":\"https:\/\/valaisingronlund.fi\/en\/products\/pendant-lights\/york#primaryimage\"},\"thumbnailUrl\":\"https:\/\/valaisingronlund.fi\/wp-content\/uploads\/2020\/06\/york-pendant-30-01-xl-1.jpg\",\"datePublished\":\"2020-06-12T11:49:00+00:00\",\"dateModified\":\"2025-08-01T11:54:30+00:00\",\"breadcrumb\":{\"@id\":\"https:\/\/valaisingronlund.fi\/en\/products\/pendant-lights\/york#breadcrumb\"},\"inLanguage\":\"en-US\",\"potentialAction\":[{\"@type\":\"ReadAction\",\"target\":[\"https:\/\/valaisingronlund.fi\/en\/products\/pendant-lights\/york\"]}]},{\"@type\":\"ImageObject\",\"inLanguage\":\"en-US\",\"@id\":\"https:\/\/valaisingronlund.fi\/en\/products\/pendant-lights\/york#primaryimage\",\"url\":\"https:\/\/valaisingronlund.fi\/wp-content\/uploads\/2020\/06\/york-pendant-30-01-xl-1.jpg\",\"contentUrl\":\"https:\/\/valaisingronlund.fi\/wp-content\/uploads\/2020\/06\/york-pendant-30-01-xl-1.jpg\",\"width\":2048,\"height\":2048},{\"@type\":\"BreadcrumbList\",\"@id\":\"https:\/\/valaisingronlund.fi\/en\/products\/pendant-lights\/york#breadcrumb\",\"itemListElement\":[{\"@type\":\"ListItem\",\"position\":1,\"name\":\"Home\",\"item\":\"https:\/\/valaisingronlund.fi\/en\"},{\"@type\":\"ListItem\",\"position\":2,\"name\":\"Products\",\"item\":\"https:\/\/valaisingronlund.fi\/en\/products\"},{\"@type\":\"ListItem\",\"position\":3,\"name\":\"York Pendant\"}]},{\"@type\":\"WebSite\",\"@id\":\"https:\/\/valaisingronlund.fi\/en\/#website\",\"url\":\"https:\/\/valaisingronlund.fi\/en\/\",\"name\":\"Valaisin Gr\u00f6nlund\",\"description\":\"Sisustusvalaisimien valmistus ja maahantuonti\",\"publisher\":{\"@id\":\"https:\/\/valaisingronlund.fi\/en\/#organization\"},\"potentialAction\":[{\"@type\":\"SearchAction\",\"target\":{\"@type\":\"EntryPoint\",\"urlTemplate\":\"https:\/\/valaisingronlund.fi\/en\/?s={search_term_string}\"},\"query-input\":{\"@type\":\"PropertyValueSpecification\",\"valueRequired\":true,\"valueName\":\"search_term_string\"}}],\"inLanguage\":\"en-US\"},{\"@type\":\"Organization\",\"@id\":\"https:\/\/valaisingronlund.fi\/en\/#organization\",\"name\":\"Valaisin Gr\u00f6nlund\",\"url\":\"https:\/\/valaisingronlund.fi\/en\/\",\"logo\":{\"@type\":\"ImageObject\",\"inLanguage\":\"en-US\",\"@id\":\"https:\/\/valaisingronlund.fi\/en\/#\/schema\/logo\/image\/\",\"url\":\"https:\/\/valaisingronlund.fi\/wp-content\/uploads\/2024\/03\/valaisin-gronlund-logo-squre.jpg\",\"contentUrl\":\"https:\/\/valaisingronlund.fi\/wp-content\/uploads\/2024\/03\/valaisin-gronlund-logo-squre.jpg\",\"width\":1024,\"height\":1024,\"caption\":\"Valaisin Gr\u00f6nlund\"},\"image\":{\"@id\":\"https:\/\/valaisingronlund.fi\/en\/#\/schema\/logo\/image\/\"},\"sameAs\":[\"https:\/\/www.facebook.com\/valaisingronlund\/\",\"https:\/\/www.instagram.com\/valaisingronlund\/\",\"https:\/\/fi.pinterest.com\/valaisingronlund\/\"],\"email\":\"info@valaisingronlund.fi\",\"telephone\":\"010 820 8200\",\"legalName\":\"Valaisin Gr\u00f6nlund Oy\",\"foundingDate\":\"1981-08-03\"}]}<\/script>\n<meta property=\"og:availability\" content=\"instock\" \/>\n<meta property=\"product:availability\" content=\"instock\" \/>\n<meta property=\"product:retailer_item_id\" content=\"174xx-05\" \/>\n<meta property=\"product:condition\" content=\"new\" \/>\n<!-- \/ Yoast SEO Premium plugin. -->","yoast_head_json":{"title":"York Pendant | Valaisin Gr\u00f6nlund","robots":{"index":"index","follow":"follow","max-snippet":"max-snippet:-1","max-image-preview":"max-image-preview:large","max-video-preview":"max-video-preview:-1"},"canonical":"https:\/\/valaisingronlund.fi\/en\/products\/pendant-lights\/york","og_locale":"en_US","og_type":"article","og_title":"York Pendant","og_description":"York is a spectacularly reflective pendant light. Its special glass surface is smoky chrome gradient, which makes the surface shine and darken towards the top of the shade. York is available in three different sizes: 20 cm, 30 cm and 40 cm. They have a hook mounting and a three meter long fabric cord. The two largest models are equipped with a wire to support the glass shade.  Diameter: 20 cm \/ 30 cm \/ 40 cm 1 x E27, max 40 W (bulb not included) Hook mounting and ceiling plug Length of cord and wire: 3 m (adjustable) Black \/ Chrome-slide color 17420-05 \u00f8 20 cm 17430-05 \u00f8 30 cm 17440-05 \u00f8 40 cm","og_url":"https:\/\/valaisingronlund.fi\/en\/products\/pendant-lights\/york","og_site_name":"Valaisin Gr\u00f6nlund","article_publisher":"https:\/\/www.facebook.com\/valaisingronlund\/","article_modified_time":"2025-08-01T11:54:30+00:00","og_image":[{"width":2048,"height":2048,"url":"https:\/\/valaisingronlund.fi\/wp-content\/uploads\/2020\/06\/york-pendant-30-01-xl-1.jpg","type":"image\/jpeg"}],"twitter_card":"summary_large_image","twitter_misc":{"Availability":"In stock"},"schema":{"@context":"https:\/\/schema.org","@graph":[{"@type":"WebPage","@id":"https:\/\/valaisingronlund.fi\/en\/products\/pendant-lights\/york","url":"https:\/\/valaisingronlund.fi\/en\/products\/pendant-lights\/york","name":"York Pendant | Valaisin Gr\u00f6nlund","isPartOf":{"@id":"https:\/\/valaisingronlund.fi\/en\/#website"},"primaryImageOfPage":{"@id":"https:\/\/valaisingronlund.fi\/en\/products\/pendant-lights\/york#primaryimage"},"image":{"@id":"https:\/\/valaisingronlund.fi\/en\/products\/pendant-lights\/york#primaryimage"},"thumbnailUrl":"https:\/\/valaisingronlund.fi\/wp-content\/uploads\/2020\/06\/york-pendant-30-01-xl-1.jpg","datePublished":"2020-06-12T11:49:00+00:00","dateModified":"2025-08-01T11:54:30+00:00","breadcrumb":{"@id":"https:\/\/valaisingronlund.fi\/en\/products\/pendant-lights\/york#breadcrumb"},"inLanguage":"en-US","potentialAction":[{"@type":"ReadAction","target":["https:\/\/valaisingronlund.fi\/en\/products\/pendant-lights\/york"]}]},{"@type":"ImageObject","inLanguage":"en-US","@id":"https:\/\/valaisingronlund.fi\/en\/products\/pendant-lights\/york#primaryimage","url":"https:\/\/valaisingronlund.fi\/wp-content\/uploads\/2020\/06\/york-pendant-30-01-xl-1.jpg","contentUrl":"https:\/\/valaisingronlund.fi\/wp-content\/uploads\/2020\/06\/york-pendant-30-01-xl-1.jpg","width":2048,"height":2048},{"@type":"BreadcrumbList","@id":"https:\/\/valaisingronlund.fi\/en\/products\/pendant-lights\/york#breadcrumb","itemListElement":[{"@type":"ListItem","position":1,"name":"Home","item":"https:\/\/valaisingronlund.fi\/en"},{"@type":"ListItem","position":2,"name":"Products","item":"https:\/\/valaisingronlund.fi\/en\/products"},{"@type":"ListItem","position":3,"name":"York Pendant"}]},{"@type":"WebSite","@id":"https:\/\/valaisingronlund.fi\/en\/#website","url":"https:\/\/valaisingronlund.fi\/en\/","name":"Valaisin Gr\u00f6nlund","description":"Sisustusvalaisimien valmistus ja maahantuonti","publisher":{"@id":"https:\/\/valaisingronlund.fi\/en\/#organization"},"potentialAction":[{"@type":"SearchAction","target":{"@type":"EntryPoint","urlTemplate":"https:\/\/valaisingronlund.fi\/en\/?s={search_term_string}"},"query-input":{"@type":"PropertyValueSpecification","valueRequired":true,"valueName":"search_term_string"}}],"inLanguage":"en-US"},{"@type":"Organization","@id":"https:\/\/valaisingronlund.fi\/en\/#organization","name":"Valaisin Gr\u00f6nlund","url":"https:\/\/valaisingronlund.fi\/en\/","logo":{"@type":"ImageObject","inLanguage":"en-US","@id":"https:\/\/valaisingronlund.fi\/en\/#\/schema\/logo\/image\/","url":"https:\/\/valaisingronlund.fi\/wp-content\/uploads\/2024\/03\/valaisin-gronlund-logo-squre.jpg","contentUrl":"https:\/\/valaisingronlund.fi\/wp-content\/uploads\/2024\/03\/valaisin-gronlund-logo-squre.jpg","width":1024,"height":1024,"caption":"Valaisin Gr\u00f6nlund"},"image":{"@id":"https:\/\/valaisingronlund.fi\/en\/#\/schema\/logo\/image\/"},"sameAs":["https:\/\/www.facebook.com\/valaisingronlund\/","https:\/\/www.instagram.com\/valaisingronlund\/","https:\/\/fi.pinterest.com\/valaisingronlund\/"],"email":"info@valaisingronlund.fi","telephone":"010 820 8200","legalName":"Valaisin Gr\u00f6nlund Oy","foundingDate":"1981-08-03"}]},"og_availability":"instock","product_availability":"instock","product_retailer_item_id":"174xx-05","product_condition":"new"},"_links":{"self":[{"href":"https:\/\/valaisingronlund.fi\/en\/wp-json\/wp\/v2\/product\/64199","targetHints":{"allow":["GET"]}}],"collection":[{"href":"https:\/\/valaisingronlund.fi\/en\/wp-json\/wp\/v2\/product"}],"about":[{"href":"https:\/\/valaisingronlund.fi\/en\/wp-json\/wp\/v2\/types\/product"}],"wp:featuredmedia":[{"embeddable":true,"href":"https:\/\/valaisingronlund.fi\/en\/wp-json\/wp\/v2\/media\/57283"}],"wp:attachment":[{"href":"https:\/\/valaisingronlund.fi\/en\/wp-json\/wp\/v2\/media?parent=64199"}],"wp:term":[{"taxonomy":"product_brand","embeddable":true,"href":"https:\/\/valaisingronlund.fi\/en\/wp-json\/wp\/v2\/product_brand?post=64199"},{"taxonomy":"product_cat","embeddable":true,"href":"https:\/\/valaisingronlund.fi\/en\/wp-json\/wp\/v2\/product_cat?post=64199"},{"taxonomy":"product_tag","embeddable":true,"href":"https:\/\/valaisingronlund.fi\/en\/wp-json\/wp\/v2\/product_tag?post=64199"}],"curies":[{"name":"wp","href":"https:\/\/api.w.org\/{rel}","templated":true}]}}