{"id":64155,"date":"2020-10-22T10:31:20","date_gmt":"2020-10-22T07:31:20","guid":{"rendered":"https:\/\/valaisingronlund.fi\/tuotteet\/uncategorized\/kimber"},"modified":"2025-08-01T14:53:52","modified_gmt":"2025-08-01T11:53:52","slug":"kimber","status":"publish","type":"product","link":"https:\/\/valaisingronlund.fi\/en\/products\/pendant-lights\/kimber","title":{"rendered":"Kimber Pendant Light"},"content":{"rendered":"","protected":false},"excerpt":{"rendered":"<p>Kimber is a minimalistic pendant light family with two size options, \u00f8 30 cm and \u00f8 50 cm. Even the body of the pendant is thin, integrated LEDs provide good and smooth lighting with low energy cost. Both sizes have three colour options: black\/brass, white\/brass and brass. They have hook mounted canopy and 3 meter long cord.<\/p>\n<ul class=\"product-technical-data\">\n<li>Diameter: 30 cm \/ 50 cm<\/li>\n<li>Fixed LED: 17 W \/ 37 W (included)<\/li>\n<li>910 lm \/ 2770 lm<\/li>\n<li>3000 K<\/li>\n<li>Length of cord: 3 m (adjustable)<\/li>\n<li>Hook mounting<\/li>\n<li>TRIAC-dimmable<\/li>\n<li>Brass stem<\/li>\n<\/ul>\n<p><b>16230-05<\/b> Matt black, \u00f8 30 cm<br \/>\n<b>16230-06<\/b> Matt white, \u00f8 30 cm<br \/>\n<b>16230-184<\/b> Brass, \u00f8 30 cm<\/p>\n<p><b>16250-05<\/b> Matt black, \u00f8 50 cm<br \/>\n<b>16250-06<\/b> Matt white, \u00f8 50 cm<br \/>\n<b>16250-184<\/b> Brass, \u00f8 50 cm<\/p>\n","protected":false},"featured_media":74904,"template":"","meta":{"_acf_changed":false,"inline_featured_image":false,"_monsterinsights_skip_tracking":false,"_monsterinsights_sitenote_active":false,"_monsterinsights_sitenote_note":"","_monsterinsights_sitenote_category":0},"product_brand":[],"product_cat":[79,2081],"product_tag":[5168,2797,2806,5184,5292,2805,5289,5496,5320,2811,5658,2812,5383,5384,5294,5555,5642,5331,99,5486,5269,5787,2897,2814,5738,2903,2795],"class_list":{"0":"post-64155","1":"product","2":"type-product","3":"status-publish","4":"has-post-thumbnail","6":"product_cat-design-by-gronlund","7":"product_cat-pendant-lights","8":"product_tag-3000k-en","9":"product_tag-black","10":"product_tag-brass","11":"product_tag-design-light-for-kitchen","12":"product_tag-kitchen-lamp","13":"product_tag-kitchen-light-en","14":"product_tag-kitchen-pendant-light","15":"product_tag-lamp-for-kitchen","16":"product_tag-lamp-with-plug","17":"product_tag-led","18":"product_tag-led-downlight","19":"product_tag-led-light","20":"product_tag-led-light-for-kitchen","21":"product_tag-led-lighting-for-ceiling","22":"product_tag-led-lights-of-kitchen","23":"product_tag-light-kitchen","24":"product_tag-light-over-dining-table","25":"product_tag-pendant-for-kitchen-en","26":"product_tag-pendant-light","27":"product_tag-pendant-light-led","28":"product_tag-pendant-light-with-plug","29":"product_tag-round-led-light","30":"product_tag-slim","31":"product_tag-steady-light","32":"product_tag-suspended-pendant-lights","33":"product_tag-thin","34":"product_tag-white","36":"first","37":"instock","38":"taxable","39":"shipping-taxable","40":"purchasable","41":"product-type-variable","42":"wvs-archive-product-wrapper"},"acf":[],"yoast_head":"<!-- This site is optimized with the Yoast SEO Premium plugin v26.4 (Yoast SEO v26.9) - https:\/\/yoast.com\/product\/yoast-seo-premium-wordpress\/ -->\n<title>Kimber Pendant Light | Valaisin Gr\u00f6nlund<\/title>\n<meta name=\"robots\" content=\"index, follow, max-snippet:-1, max-image-preview:large, max-video-preview:-1\" \/>\n<link rel=\"canonical\" href=\"https:\/\/valaisingronlund.fi\/en\/products\/pendant-lights\/kimber\" \/>\n<meta property=\"og:locale\" content=\"en_US\" \/>\n<meta property=\"og:type\" content=\"article\" \/>\n<meta property=\"og:title\" content=\"Kimber Pendant Light\" \/>\n<meta property=\"og:description\" content=\"Kimber is a minimalistic pendant light family with two size options, \u00f8 30 cm and \u00f8 50 cm. Even the body of the pendant is thin, integrated LEDs provide good and smooth lighting with low energy cost. Both sizes have three colour options: black\/brass, white\/brass and brass. They have hook mounted canopy and 3 meter long cord. Diameter: 30 cm \/ 50 cm Fixed LED: 17 W \/ 37 W (included) 910 lm \/ 2770 lm 3000 K Length of cord: 3 m (adjustable) Hook mounting TRIAC-dimmable Brass stem 16230-05 Matt black, \u00f8 30 cm 16230-06 Matt white, \u00f8 30 cm 16230-184 Brass, \u00f8 30 cm 16250-05 Matt black, \u00f8 50 cm 16250-06 Matt white, \u00f8 50 cm 16250-184 Brass, \u00f8 50 cm\" \/>\n<meta property=\"og:url\" content=\"https:\/\/valaisingronlund.fi\/en\/products\/pendant-lights\/kimber\" \/>\n<meta property=\"og:site_name\" content=\"Valaisin Gr\u00f6nlund\" \/>\n<meta property=\"article:publisher\" content=\"https:\/\/www.facebook.com\/valaisingronlund\/\" \/>\n<meta property=\"article:modified_time\" content=\"2025-08-01T11:53:52+00:00\" \/>\n<meta property=\"og:image\" content=\"https:\/\/valaisingronlund.fi\/wp-content\/uploads\/2020\/10\/kimber-30-pendant-light-bl-01-v2024.jpg\" \/>\n\t<meta property=\"og:image:width\" content=\"2048\" \/>\n\t<meta property=\"og:image:height\" content=\"2048\" \/>\n\t<meta property=\"og:image:type\" content=\"image\/jpeg\" \/>\n<meta name=\"twitter:card\" content=\"summary_large_image\" \/>\n<meta name=\"twitter:label1\" content=\"Availability\" \/>\n\t<meta name=\"twitter:data1\" content=\"In stock\" \/>\n<script type=\"application\/ld+json\" class=\"yoast-schema-graph\">{\"@context\":\"https:\/\/schema.org\",\"@graph\":[{\"@type\":\"WebPage\",\"@id\":\"https:\/\/valaisingronlund.fi\/en\/products\/pendant-lights\/kimber\",\"url\":\"https:\/\/valaisingronlund.fi\/en\/products\/pendant-lights\/kimber\",\"name\":\"Kimber Pendant Light | Valaisin Gr\u00f6nlund\",\"isPartOf\":{\"@id\":\"https:\/\/valaisingronlund.fi\/en\/#website\"},\"primaryImageOfPage\":{\"@id\":\"https:\/\/valaisingronlund.fi\/en\/products\/pendant-lights\/kimber#primaryimage\"},\"image\":{\"@id\":\"https:\/\/valaisingronlund.fi\/en\/products\/pendant-lights\/kimber#primaryimage\"},\"thumbnailUrl\":\"https:\/\/valaisingronlund.fi\/wp-content\/uploads\/2020\/10\/kimber-50-pendant-light-brass-01-xl.jpg\",\"datePublished\":\"2020-10-22T07:31:20+00:00\",\"dateModified\":\"2025-08-01T11:53:52+00:00\",\"breadcrumb\":{\"@id\":\"https:\/\/valaisingronlund.fi\/en\/products\/pendant-lights\/kimber#breadcrumb\"},\"inLanguage\":\"en-US\",\"potentialAction\":[{\"@type\":\"ReadAction\",\"target\":[\"https:\/\/valaisingronlund.fi\/en\/products\/pendant-lights\/kimber\"]}]},{\"@type\":\"ImageObject\",\"inLanguage\":\"en-US\",\"@id\":\"https:\/\/valaisingronlund.fi\/en\/products\/pendant-lights\/kimber#primaryimage\",\"url\":\"https:\/\/valaisingronlund.fi\/wp-content\/uploads\/2020\/10\/kimber-50-pendant-light-brass-01-xl.jpg\",\"contentUrl\":\"https:\/\/valaisingronlund.fi\/wp-content\/uploads\/2020\/10\/kimber-50-pendant-light-brass-01-xl.jpg\",\"width\":2048,\"height\":2048,\"caption\":\"Kimber 50cm messinki riippuvalaisin\"},{\"@type\":\"BreadcrumbList\",\"@id\":\"https:\/\/valaisingronlund.fi\/en\/products\/pendant-lights\/kimber#breadcrumb\",\"itemListElement\":[{\"@type\":\"ListItem\",\"position\":1,\"name\":\"Home\",\"item\":\"https:\/\/valaisingronlund.fi\/en\"},{\"@type\":\"ListItem\",\"position\":2,\"name\":\"Products\",\"item\":\"https:\/\/valaisingronlund.fi\/en\/products\"},{\"@type\":\"ListItem\",\"position\":3,\"name\":\"Kimber Pendant Light\"}]},{\"@type\":\"WebSite\",\"@id\":\"https:\/\/valaisingronlund.fi\/en\/#website\",\"url\":\"https:\/\/valaisingronlund.fi\/en\/\",\"name\":\"Valaisin Gr\u00f6nlund\",\"description\":\"Sisustusvalaisimien valmistus ja maahantuonti\",\"publisher\":{\"@id\":\"https:\/\/valaisingronlund.fi\/en\/#organization\"},\"potentialAction\":[{\"@type\":\"SearchAction\",\"target\":{\"@type\":\"EntryPoint\",\"urlTemplate\":\"https:\/\/valaisingronlund.fi\/en\/?s={search_term_string}\"},\"query-input\":{\"@type\":\"PropertyValueSpecification\",\"valueRequired\":true,\"valueName\":\"search_term_string\"}}],\"inLanguage\":\"en-US\"},{\"@type\":\"Organization\",\"@id\":\"https:\/\/valaisingronlund.fi\/en\/#organization\",\"name\":\"Valaisin Gr\u00f6nlund\",\"url\":\"https:\/\/valaisingronlund.fi\/en\/\",\"logo\":{\"@type\":\"ImageObject\",\"inLanguage\":\"en-US\",\"@id\":\"https:\/\/valaisingronlund.fi\/en\/#\/schema\/logo\/image\/\",\"url\":\"https:\/\/valaisingronlund.fi\/wp-content\/uploads\/2024\/03\/valaisin-gronlund-logo-squre.jpg\",\"contentUrl\":\"https:\/\/valaisingronlund.fi\/wp-content\/uploads\/2024\/03\/valaisin-gronlund-logo-squre.jpg\",\"width\":1024,\"height\":1024,\"caption\":\"Valaisin Gr\u00f6nlund\"},\"image\":{\"@id\":\"https:\/\/valaisingronlund.fi\/en\/#\/schema\/logo\/image\/\"},\"sameAs\":[\"https:\/\/www.facebook.com\/valaisingronlund\/\",\"https:\/\/www.instagram.com\/valaisingronlund\/\",\"https:\/\/fi.pinterest.com\/valaisingronlund\/\"],\"email\":\"info@valaisingronlund.fi\",\"telephone\":\"010 820 8200\",\"legalName\":\"Valaisin Gr\u00f6nlund Oy\",\"foundingDate\":\"1981-08-03\"}]}<\/script>\n<meta property=\"og:availability\" content=\"instock\" \/>\n<meta property=\"product:availability\" content=\"instock\" \/>\n<meta property=\"product:retailer_item_id\" content=\"16230-16250\" \/>\n<meta property=\"product:condition\" content=\"new\" \/>\n<!-- \/ Yoast SEO Premium plugin. -->","yoast_head_json":{"title":"Kimber Pendant Light | Valaisin Gr\u00f6nlund","robots":{"index":"index","follow":"follow","max-snippet":"max-snippet:-1","max-image-preview":"max-image-preview:large","max-video-preview":"max-video-preview:-1"},"canonical":"https:\/\/valaisingronlund.fi\/en\/products\/pendant-lights\/kimber","og_locale":"en_US","og_type":"article","og_title":"Kimber Pendant Light","og_description":"Kimber is a minimalistic pendant light family with two size options, \u00f8 30 cm and \u00f8 50 cm. Even the body of the pendant is thin, integrated LEDs provide good and smooth lighting with low energy cost. Both sizes have three colour options: black\/brass, white\/brass and brass. They have hook mounted canopy and 3 meter long cord. Diameter: 30 cm \/ 50 cm Fixed LED: 17 W \/ 37 W (included) 910 lm \/ 2770 lm 3000 K Length of cord: 3 m (adjustable) Hook mounting TRIAC-dimmable Brass stem 16230-05 Matt black, \u00f8 30 cm 16230-06 Matt white, \u00f8 30 cm 16230-184 Brass, \u00f8 30 cm 16250-05 Matt black, \u00f8 50 cm 16250-06 Matt white, \u00f8 50 cm 16250-184 Brass, \u00f8 50 cm","og_url":"https:\/\/valaisingronlund.fi\/en\/products\/pendant-lights\/kimber","og_site_name":"Valaisin Gr\u00f6nlund","article_publisher":"https:\/\/www.facebook.com\/valaisingronlund\/","article_modified_time":"2025-08-01T11:53:52+00:00","og_image":[{"width":2048,"height":2048,"url":"https:\/\/valaisingronlund.fi\/wp-content\/uploads\/2020\/10\/kimber-30-pendant-light-bl-01-v2024.jpg","type":"image\/jpeg"}],"twitter_card":"summary_large_image","twitter_misc":{"Availability":"In stock"},"schema":{"@context":"https:\/\/schema.org","@graph":[{"@type":"WebPage","@id":"https:\/\/valaisingronlund.fi\/en\/products\/pendant-lights\/kimber","url":"https:\/\/valaisingronlund.fi\/en\/products\/pendant-lights\/kimber","name":"Kimber Pendant Light | Valaisin Gr\u00f6nlund","isPartOf":{"@id":"https:\/\/valaisingronlund.fi\/en\/#website"},"primaryImageOfPage":{"@id":"https:\/\/valaisingronlund.fi\/en\/products\/pendant-lights\/kimber#primaryimage"},"image":{"@id":"https:\/\/valaisingronlund.fi\/en\/products\/pendant-lights\/kimber#primaryimage"},"thumbnailUrl":"https:\/\/valaisingronlund.fi\/wp-content\/uploads\/2020\/10\/kimber-50-pendant-light-brass-01-xl.jpg","datePublished":"2020-10-22T07:31:20+00:00","dateModified":"2025-08-01T11:53:52+00:00","breadcrumb":{"@id":"https:\/\/valaisingronlund.fi\/en\/products\/pendant-lights\/kimber#breadcrumb"},"inLanguage":"en-US","potentialAction":[{"@type":"ReadAction","target":["https:\/\/valaisingronlund.fi\/en\/products\/pendant-lights\/kimber"]}]},{"@type":"ImageObject","inLanguage":"en-US","@id":"https:\/\/valaisingronlund.fi\/en\/products\/pendant-lights\/kimber#primaryimage","url":"https:\/\/valaisingronlund.fi\/wp-content\/uploads\/2020\/10\/kimber-50-pendant-light-brass-01-xl.jpg","contentUrl":"https:\/\/valaisingronlund.fi\/wp-content\/uploads\/2020\/10\/kimber-50-pendant-light-brass-01-xl.jpg","width":2048,"height":2048,"caption":"Kimber 50cm messinki riippuvalaisin"},{"@type":"BreadcrumbList","@id":"https:\/\/valaisingronlund.fi\/en\/products\/pendant-lights\/kimber#breadcrumb","itemListElement":[{"@type":"ListItem","position":1,"name":"Home","item":"https:\/\/valaisingronlund.fi\/en"},{"@type":"ListItem","position":2,"name":"Products","item":"https:\/\/valaisingronlund.fi\/en\/products"},{"@type":"ListItem","position":3,"name":"Kimber Pendant Light"}]},{"@type":"WebSite","@id":"https:\/\/valaisingronlund.fi\/en\/#website","url":"https:\/\/valaisingronlund.fi\/en\/","name":"Valaisin Gr\u00f6nlund","description":"Sisustusvalaisimien valmistus ja maahantuonti","publisher":{"@id":"https:\/\/valaisingronlund.fi\/en\/#organization"},"potentialAction":[{"@type":"SearchAction","target":{"@type":"EntryPoint","urlTemplate":"https:\/\/valaisingronlund.fi\/en\/?s={search_term_string}"},"query-input":{"@type":"PropertyValueSpecification","valueRequired":true,"valueName":"search_term_string"}}],"inLanguage":"en-US"},{"@type":"Organization","@id":"https:\/\/valaisingronlund.fi\/en\/#organization","name":"Valaisin Gr\u00f6nlund","url":"https:\/\/valaisingronlund.fi\/en\/","logo":{"@type":"ImageObject","inLanguage":"en-US","@id":"https:\/\/valaisingronlund.fi\/en\/#\/schema\/logo\/image\/","url":"https:\/\/valaisingronlund.fi\/wp-content\/uploads\/2024\/03\/valaisin-gronlund-logo-squre.jpg","contentUrl":"https:\/\/valaisingronlund.fi\/wp-content\/uploads\/2024\/03\/valaisin-gronlund-logo-squre.jpg","width":1024,"height":1024,"caption":"Valaisin Gr\u00f6nlund"},"image":{"@id":"https:\/\/valaisingronlund.fi\/en\/#\/schema\/logo\/image\/"},"sameAs":["https:\/\/www.facebook.com\/valaisingronlund\/","https:\/\/www.instagram.com\/valaisingronlund\/","https:\/\/fi.pinterest.com\/valaisingronlund\/"],"email":"info@valaisingronlund.fi","telephone":"010 820 8200","legalName":"Valaisin Gr\u00f6nlund Oy","foundingDate":"1981-08-03"}]},"og_availability":"instock","product_availability":"instock","product_retailer_item_id":"16230-16250","product_condition":"new"},"_links":{"self":[{"href":"https:\/\/valaisingronlund.fi\/en\/wp-json\/wp\/v2\/product\/64155","targetHints":{"allow":["GET"]}}],"collection":[{"href":"https:\/\/valaisingronlund.fi\/en\/wp-json\/wp\/v2\/product"}],"about":[{"href":"https:\/\/valaisingronlund.fi\/en\/wp-json\/wp\/v2\/types\/product"}],"wp:featuredmedia":[{"embeddable":true,"href":"https:\/\/valaisingronlund.fi\/en\/wp-json\/wp\/v2\/media\/74904"}],"wp:attachment":[{"href":"https:\/\/valaisingronlund.fi\/en\/wp-json\/wp\/v2\/media?parent=64155"}],"wp:term":[{"taxonomy":"product_brand","embeddable":true,"href":"https:\/\/valaisingronlund.fi\/en\/wp-json\/wp\/v2\/product_brand?post=64155"},{"taxonomy":"product_cat","embeddable":true,"href":"https:\/\/valaisingronlund.fi\/en\/wp-json\/wp\/v2\/product_cat?post=64155"},{"taxonomy":"product_tag","embeddable":true,"href":"https:\/\/valaisingronlund.fi\/en\/wp-json\/wp\/v2\/product_tag?post=64155"}],"curies":[{"name":"wp","href":"https:\/\/api.w.org\/{rel}","templated":true}]}}