{"id":64144,"date":"2020-12-14T10:11:22","date_gmt":"2020-12-14T07:11:22","guid":{"rendered":"https:\/\/valaisingronlund.fi\/tuotteet\/uncategorized\/layer-1"},"modified":"2025-08-01T14:53:44","modified_gmt":"2025-08-01T11:53:44","slug":"layer-1","status":"publish","type":"product","link":"https:\/\/valaisingronlund.fi\/en\/products\/pendant-lights\/layer-1","title":{"rendered":"Layer 1"},"content":{"rendered":"","protected":false},"excerpt":{"rendered":"<p>Very elegant and simple modern form, sophisticated matt brass color and clean lines combined with a very good and pleasant light makes this luminaire irresistible. Timeless design and simplicity gives you the possibility to use this lamp in a variety of places and makes it an ideal choice for most interiors. Layer 1 is wonderful in its simplicity as a single pendant. Layer 3 and 4 models give the room a special character with three or four different sized layers in one pendant. In Layer 3 and 4 you can adjust each layer height separate according to your wishes. All Layer lights are an excellent choices for you if you are looking for a good light and modern, light feeling in your rooms. <\/p>\n<ul class=\"product-technical-data\">\n<li>Diameter: 60 cm \/ 80 cm<\/li>\n<li>Fixed LED: 30 W \/ 40 W (included)<\/li>\n<li>2400 lm \/ 3200 lm<\/li>\n<li>3200 K<\/li>\n<li>TRIAC-dimmable (DALI-dimmable in request)<\/li>\n<li>Lenght of wires: 3 m (adjustable)<\/li>\n<\/ul>\n<p><b>1233-64<\/b> Matt brass, \u00f8 60 cm<br \/>\n<b>1233-05<\/b> Matt black, \u00f8 60 cm<br \/>\n<b>1233-06<\/b> Matt white, \u00f8 60 cm<\/p>\n<p><b>1231-64<\/b> Matt brass, \u00f8 80 cm<br \/>\n<b>1231-05<\/b> Matt black, \u00f8 80 cm<br \/>\n<b>1231-06<\/b> Matt white, \u00f8 80 cm<\/p>\n","protected":false},"featured_media":57625,"template":"","meta":{"_acf_changed":false,"inline_featured_image":false,"_monsterinsights_skip_tracking":false,"_monsterinsights_sitenote_active":false,"_monsterinsights_sitenote_note":"","_monsterinsights_sitenote_category":0},"product_brand":[],"product_cat":[79,2081],"product_tag":[2797,2806,5709,2809,2811,2812,5339,5407,5411,5264,99,5266,5290,5493,2819,2818,3992,2795],"class_list":{"0":"post-64144","1":"product","2":"type-product","3":"status-publish","4":"has-post-thumbnail","6":"product_cat-design-by-gronlund","7":"product_cat-pendant-lights","8":"product_tag-black","9":"product_tag-brass","10":"product_tag-brass-pendant-lamp","11":"product_tag-dimmable","12":"product_tag-led","13":"product_tag-led-light","14":"product_tag-lighting-of-kitchen","15":"product_tag-metal-pendant-light","16":"product_tag-modern-pendant-light","17":"product_tag-pendant-bedroom","18":"product_tag-pendant-light","19":"product_tag-pendant-light-for-bedroom","20":"product_tag-pendant-lights-of-kitchen","21":"product_tag-pendants","22":"product_tag-ring","23":"product_tag-ring-light","24":"product_tag-triac-en","25":"product_tag-white","27":"first","28":"instock","29":"taxable","30":"shipping-taxable","31":"purchasable","32":"product-type-variable","33":"wvs-archive-product-wrapper"},"acf":[],"yoast_head":"<!-- This site is optimized with the Yoast SEO Premium plugin v26.4 (Yoast SEO v26.9) - https:\/\/yoast.com\/product\/yoast-seo-premium-wordpress\/ -->\n<title>Layer 1 | Valaisin Gr\u00f6nlund<\/title>\n<meta name=\"robots\" content=\"index, follow, max-snippet:-1, max-image-preview:large, max-video-preview:-1\" \/>\n<link rel=\"canonical\" href=\"https:\/\/valaisingronlund.fi\/en\/products\/pendant-lights\/layer-1\" \/>\n<meta property=\"og:locale\" content=\"en_US\" \/>\n<meta property=\"og:type\" content=\"article\" \/>\n<meta property=\"og:title\" content=\"Layer 1\" \/>\n<meta property=\"og:description\" content=\"Very elegant and simple modern form, sophisticated matt brass color and clean lines combined with a very good and pleasant light makes this luminaire irresistible. Timeless design and simplicity gives you the possibility to use this lamp in a variety of places and makes it an ideal choice for most interiors. Layer 1 is wonderful in its simplicity as a single pendant. Layer 3 and 4 models give the room a special character with three or four different sized layers in one pendant. In Layer 3 and 4 you can adjust each layer height separate according to your wishes. All Layer lights are an excellent choices for you if you are looking for a good light and modern, light feeling in your rooms.   Diameter: 60 cm \/ 80 cm Fixed LED: 30 W \/ 40 W (included) 2400 lm \/ 3200 lm 3200 K TRIAC-dimmable (DALI-dimmable in request) Lenght of wires: 3 m (adjustable)  1233-64 Matt brass, \u00f8 60 cm 1233-05 Matt black, \u00f8 60 cm 1233-06 Matt white, \u00f8 60 cm  1231-64 Matt brass, \u00f8 80 cm 1231-05 Matt black, \u00f8 80 cm 1231-06 Matt white, \u00f8 80 cm\" \/>\n<meta property=\"og:url\" content=\"https:\/\/valaisingronlund.fi\/en\/products\/pendant-lights\/layer-1\" \/>\n<meta property=\"og:site_name\" content=\"Valaisin Gr\u00f6nlund\" \/>\n<meta property=\"article:publisher\" content=\"https:\/\/www.facebook.com\/valaisingronlund\/\" \/>\n<meta property=\"article:modified_time\" content=\"2025-08-01T11:53:44+00:00\" \/>\n<meta property=\"og:image\" content=\"https:\/\/valaisingronlund.fi\/wp-content\/uploads\/2020\/12\/layer-60-bl-01-xl.jpg\" \/>\n\t<meta property=\"og:image:width\" content=\"2048\" \/>\n\t<meta property=\"og:image:height\" content=\"2048\" \/>\n\t<meta property=\"og:image:type\" content=\"image\/jpeg\" \/>\n<meta name=\"twitter:card\" content=\"summary_large_image\" \/>\n<meta name=\"twitter:label1\" content=\"Availability\" \/>\n\t<meta name=\"twitter:data1\" content=\"In stock\" \/>\n<script type=\"application\/ld+json\" class=\"yoast-schema-graph\">{\"@context\":\"https:\/\/schema.org\",\"@graph\":[{\"@type\":\"WebPage\",\"@id\":\"https:\/\/valaisingronlund.fi\/en\/products\/pendant-lights\/layer-1\",\"url\":\"https:\/\/valaisingronlund.fi\/en\/products\/pendant-lights\/layer-1\",\"name\":\"Layer 1 | Valaisin Gr\u00f6nlund\",\"isPartOf\":{\"@id\":\"https:\/\/valaisingronlund.fi\/en\/#website\"},\"primaryImageOfPage\":{\"@id\":\"https:\/\/valaisingronlund.fi\/en\/products\/pendant-lights\/layer-1#primaryimage\"},\"image\":{\"@id\":\"https:\/\/valaisingronlund.fi\/en\/products\/pendant-lights\/layer-1#primaryimage\"},\"thumbnailUrl\":\"https:\/\/valaisingronlund.fi\/wp-content\/uploads\/2020\/12\/layer-60-bl-01-xl.jpg\",\"datePublished\":\"2020-12-14T07:11:22+00:00\",\"dateModified\":\"2025-08-01T11:53:44+00:00\",\"breadcrumb\":{\"@id\":\"https:\/\/valaisingronlund.fi\/en\/products\/pendant-lights\/layer-1#breadcrumb\"},\"inLanguage\":\"en-US\",\"potentialAction\":[{\"@type\":\"ReadAction\",\"target\":[\"https:\/\/valaisingronlund.fi\/en\/products\/pendant-lights\/layer-1\"]}]},{\"@type\":\"ImageObject\",\"inLanguage\":\"en-US\",\"@id\":\"https:\/\/valaisingronlund.fi\/en\/products\/pendant-lights\/layer-1#primaryimage\",\"url\":\"https:\/\/valaisingronlund.fi\/wp-content\/uploads\/2020\/12\/layer-60-bl-01-xl.jpg\",\"contentUrl\":\"https:\/\/valaisingronlund.fi\/wp-content\/uploads\/2020\/12\/layer-60-bl-01-xl.jpg\",\"width\":2048,\"height\":2048,\"caption\":\"Rengasvalaisin\"},{\"@type\":\"BreadcrumbList\",\"@id\":\"https:\/\/valaisingronlund.fi\/en\/products\/pendant-lights\/layer-1#breadcrumb\",\"itemListElement\":[{\"@type\":\"ListItem\",\"position\":1,\"name\":\"Home\",\"item\":\"https:\/\/valaisingronlund.fi\/en\"},{\"@type\":\"ListItem\",\"position\":2,\"name\":\"Products\",\"item\":\"https:\/\/valaisingronlund.fi\/en\/products\"},{\"@type\":\"ListItem\",\"position\":3,\"name\":\"Layer 1\"}]},{\"@type\":\"WebSite\",\"@id\":\"https:\/\/valaisingronlund.fi\/en\/#website\",\"url\":\"https:\/\/valaisingronlund.fi\/en\/\",\"name\":\"Valaisin Gr\u00f6nlund\",\"description\":\"Sisustusvalaisimien valmistus ja maahantuonti\",\"publisher\":{\"@id\":\"https:\/\/valaisingronlund.fi\/en\/#organization\"},\"potentialAction\":[{\"@type\":\"SearchAction\",\"target\":{\"@type\":\"EntryPoint\",\"urlTemplate\":\"https:\/\/valaisingronlund.fi\/en\/?s={search_term_string}\"},\"query-input\":{\"@type\":\"PropertyValueSpecification\",\"valueRequired\":true,\"valueName\":\"search_term_string\"}}],\"inLanguage\":\"en-US\"},{\"@type\":\"Organization\",\"@id\":\"https:\/\/valaisingronlund.fi\/en\/#organization\",\"name\":\"Valaisin Gr\u00f6nlund\",\"url\":\"https:\/\/valaisingronlund.fi\/en\/\",\"logo\":{\"@type\":\"ImageObject\",\"inLanguage\":\"en-US\",\"@id\":\"https:\/\/valaisingronlund.fi\/en\/#\/schema\/logo\/image\/\",\"url\":\"https:\/\/valaisingronlund.fi\/wp-content\/uploads\/2024\/03\/valaisin-gronlund-logo-squre.jpg\",\"contentUrl\":\"https:\/\/valaisingronlund.fi\/wp-content\/uploads\/2024\/03\/valaisin-gronlund-logo-squre.jpg\",\"width\":1024,\"height\":1024,\"caption\":\"Valaisin Gr\u00f6nlund\"},\"image\":{\"@id\":\"https:\/\/valaisingronlund.fi\/en\/#\/schema\/logo\/image\/\"},\"sameAs\":[\"https:\/\/www.facebook.com\/valaisingronlund\/\",\"https:\/\/www.instagram.com\/valaisingronlund\/\",\"https:\/\/fi.pinterest.com\/valaisingronlund\/\"],\"email\":\"info@valaisingronlund.fi\",\"telephone\":\"010 820 8200\",\"legalName\":\"Valaisin Gr\u00f6nlund Oy\",\"foundingDate\":\"1981-08-03\"}]}<\/script>\n<meta property=\"og:availability\" content=\"instock\" \/>\n<meta property=\"product:availability\" content=\"instock\" \/>\n<meta property=\"product:retailer_item_id\" content=\"123x-xx\" \/>\n<meta property=\"product:condition\" content=\"new\" \/>\n<!-- \/ Yoast SEO Premium plugin. -->","yoast_head_json":{"title":"Layer 1 | Valaisin Gr\u00f6nlund","robots":{"index":"index","follow":"follow","max-snippet":"max-snippet:-1","max-image-preview":"max-image-preview:large","max-video-preview":"max-video-preview:-1"},"canonical":"https:\/\/valaisingronlund.fi\/en\/products\/pendant-lights\/layer-1","og_locale":"en_US","og_type":"article","og_title":"Layer 1","og_description":"Very elegant and simple modern form, sophisticated matt brass color and clean lines combined with a very good and pleasant light makes this luminaire irresistible. Timeless design and simplicity gives you the possibility to use this lamp in a variety of places and makes it an ideal choice for most interiors. Layer 1 is wonderful in its simplicity as a single pendant. Layer 3 and 4 models give the room a special character with three or four different sized layers in one pendant. In Layer 3 and 4 you can adjust each layer height separate according to your wishes. All Layer lights are an excellent choices for you if you are looking for a good light and modern, light feeling in your rooms.   Diameter: 60 cm \/ 80 cm Fixed LED: 30 W \/ 40 W (included) 2400 lm \/ 3200 lm 3200 K TRIAC-dimmable (DALI-dimmable in request) Lenght of wires: 3 m (adjustable)  1233-64 Matt brass, \u00f8 60 cm 1233-05 Matt black, \u00f8 60 cm 1233-06 Matt white, \u00f8 60 cm  1231-64 Matt brass, \u00f8 80 cm 1231-05 Matt black, \u00f8 80 cm 1231-06 Matt white, \u00f8 80 cm","og_url":"https:\/\/valaisingronlund.fi\/en\/products\/pendant-lights\/layer-1","og_site_name":"Valaisin Gr\u00f6nlund","article_publisher":"https:\/\/www.facebook.com\/valaisingronlund\/","article_modified_time":"2025-08-01T11:53:44+00:00","og_image":[{"width":2048,"height":2048,"url":"https:\/\/valaisingronlund.fi\/wp-content\/uploads\/2020\/12\/layer-60-bl-01-xl.jpg","type":"image\/jpeg"}],"twitter_card":"summary_large_image","twitter_misc":{"Availability":"In stock"},"schema":{"@context":"https:\/\/schema.org","@graph":[{"@type":"WebPage","@id":"https:\/\/valaisingronlund.fi\/en\/products\/pendant-lights\/layer-1","url":"https:\/\/valaisingronlund.fi\/en\/products\/pendant-lights\/layer-1","name":"Layer 1 | Valaisin Gr\u00f6nlund","isPartOf":{"@id":"https:\/\/valaisingronlund.fi\/en\/#website"},"primaryImageOfPage":{"@id":"https:\/\/valaisingronlund.fi\/en\/products\/pendant-lights\/layer-1#primaryimage"},"image":{"@id":"https:\/\/valaisingronlund.fi\/en\/products\/pendant-lights\/layer-1#primaryimage"},"thumbnailUrl":"https:\/\/valaisingronlund.fi\/wp-content\/uploads\/2020\/12\/layer-60-bl-01-xl.jpg","datePublished":"2020-12-14T07:11:22+00:00","dateModified":"2025-08-01T11:53:44+00:00","breadcrumb":{"@id":"https:\/\/valaisingronlund.fi\/en\/products\/pendant-lights\/layer-1#breadcrumb"},"inLanguage":"en-US","potentialAction":[{"@type":"ReadAction","target":["https:\/\/valaisingronlund.fi\/en\/products\/pendant-lights\/layer-1"]}]},{"@type":"ImageObject","inLanguage":"en-US","@id":"https:\/\/valaisingronlund.fi\/en\/products\/pendant-lights\/layer-1#primaryimage","url":"https:\/\/valaisingronlund.fi\/wp-content\/uploads\/2020\/12\/layer-60-bl-01-xl.jpg","contentUrl":"https:\/\/valaisingronlund.fi\/wp-content\/uploads\/2020\/12\/layer-60-bl-01-xl.jpg","width":2048,"height":2048,"caption":"Rengasvalaisin"},{"@type":"BreadcrumbList","@id":"https:\/\/valaisingronlund.fi\/en\/products\/pendant-lights\/layer-1#breadcrumb","itemListElement":[{"@type":"ListItem","position":1,"name":"Home","item":"https:\/\/valaisingronlund.fi\/en"},{"@type":"ListItem","position":2,"name":"Products","item":"https:\/\/valaisingronlund.fi\/en\/products"},{"@type":"ListItem","position":3,"name":"Layer 1"}]},{"@type":"WebSite","@id":"https:\/\/valaisingronlund.fi\/en\/#website","url":"https:\/\/valaisingronlund.fi\/en\/","name":"Valaisin Gr\u00f6nlund","description":"Sisustusvalaisimien valmistus ja maahantuonti","publisher":{"@id":"https:\/\/valaisingronlund.fi\/en\/#organization"},"potentialAction":[{"@type":"SearchAction","target":{"@type":"EntryPoint","urlTemplate":"https:\/\/valaisingronlund.fi\/en\/?s={search_term_string}"},"query-input":{"@type":"PropertyValueSpecification","valueRequired":true,"valueName":"search_term_string"}}],"inLanguage":"en-US"},{"@type":"Organization","@id":"https:\/\/valaisingronlund.fi\/en\/#organization","name":"Valaisin Gr\u00f6nlund","url":"https:\/\/valaisingronlund.fi\/en\/","logo":{"@type":"ImageObject","inLanguage":"en-US","@id":"https:\/\/valaisingronlund.fi\/en\/#\/schema\/logo\/image\/","url":"https:\/\/valaisingronlund.fi\/wp-content\/uploads\/2024\/03\/valaisin-gronlund-logo-squre.jpg","contentUrl":"https:\/\/valaisingronlund.fi\/wp-content\/uploads\/2024\/03\/valaisin-gronlund-logo-squre.jpg","width":1024,"height":1024,"caption":"Valaisin Gr\u00f6nlund"},"image":{"@id":"https:\/\/valaisingronlund.fi\/en\/#\/schema\/logo\/image\/"},"sameAs":["https:\/\/www.facebook.com\/valaisingronlund\/","https:\/\/www.instagram.com\/valaisingronlund\/","https:\/\/fi.pinterest.com\/valaisingronlund\/"],"email":"info@valaisingronlund.fi","telephone":"010 820 8200","legalName":"Valaisin Gr\u00f6nlund Oy","foundingDate":"1981-08-03"}]},"og_availability":"instock","product_availability":"instock","product_retailer_item_id":"123x-xx","product_condition":"new"},"_links":{"self":[{"href":"https:\/\/valaisingronlund.fi\/en\/wp-json\/wp\/v2\/product\/64144","targetHints":{"allow":["GET"]}}],"collection":[{"href":"https:\/\/valaisingronlund.fi\/en\/wp-json\/wp\/v2\/product"}],"about":[{"href":"https:\/\/valaisingronlund.fi\/en\/wp-json\/wp\/v2\/types\/product"}],"wp:featuredmedia":[{"embeddable":true,"href":"https:\/\/valaisingronlund.fi\/en\/wp-json\/wp\/v2\/media\/57625"}],"wp:attachment":[{"href":"https:\/\/valaisingronlund.fi\/en\/wp-json\/wp\/v2\/media?parent=64144"}],"wp:term":[{"taxonomy":"product_brand","embeddable":true,"href":"https:\/\/valaisingronlund.fi\/en\/wp-json\/wp\/v2\/product_brand?post=64144"},{"taxonomy":"product_cat","embeddable":true,"href":"https:\/\/valaisingronlund.fi\/en\/wp-json\/wp\/v2\/product_cat?post=64144"},{"taxonomy":"product_tag","embeddable":true,"href":"https:\/\/valaisingronlund.fi\/en\/wp-json\/wp\/v2\/product_tag?post=64144"}],"curies":[{"name":"wp","href":"https:\/\/api.w.org\/{rel}","templated":true}]}}