{"id":72135,"date":"2020-11-13T13:07:25","date_gmt":"2020-11-13T10:07:25","guid":{"rendered":"https:\/\/valaisingronlund.fi\/materials"},"modified":"2025-11-24T15:27:21","modified_gmt":"2025-11-24T12:27:21","slug":"materials","status":"publish","type":"page","link":"https:\/\/valaisingronlund.fi\/en\/materials","title":{"rendered":"Materials"},"content":{"rendered":"\n<div class=\"wp-block-group alignfull heroimagegroup is-layout-constrained wp-block-group-is-layout-constrained\">\n<figure class=\"wp-block-gallery alignfull has-nested-images columns-default is-cropped wp-block-gallery-1 is-layout-flex wp-block-gallery-is-layout-flex\">\n<figure class=\"wp-block-image size-full heroimage\"><img loading=\"lazy\" decoding=\"async\" width=\"2560\" height=\"500\" data-id=\"72951\" src=\"https:\/\/valaisingronlund.fi\/wp-content\/uploads\/2025\/05\/hero-22-materials2.jpg\" alt=\"valaisin gr&#xF6;nlundin ladattavat aineistot\" class=\"wp-image-72951\" srcset=\"https:\/\/valaisingronlund.fi\/wp-content\/uploads\/2025\/05\/hero-22-materials2.jpg 2560w, https:\/\/valaisingronlund.fi\/wp-content\/uploads\/2025\/05\/hero-22-materials2-300x59.jpg 300w, https:\/\/valaisingronlund.fi\/wp-content\/uploads\/2025\/05\/hero-22-materials2-1024x200.jpg 1024w, https:\/\/valaisingronlund.fi\/wp-content\/uploads\/2025\/05\/hero-22-materials2-768x150.jpg 768w, https:\/\/valaisingronlund.fi\/wp-content\/uploads\/2025\/05\/hero-22-materials2-1536x300.jpg 1536w, https:\/\/valaisingronlund.fi\/wp-content\/uploads\/2025\/05\/hero-22-materials2-2048x400.jpg 2048w, https:\/\/valaisingronlund.fi\/wp-content\/uploads\/2025\/05\/hero-22-materials2-512x100.jpg 512w, https:\/\/valaisingronlund.fi\/wp-content\/uploads\/2025\/05\/hero-22-materials2-64x13.jpg 64w\" sizes=\"auto, (max-width: 2560px) 100vw, 2560px\" \/><\/figure>\n<\/figure>\n\n\n\n<div style=\"height:16px\" aria-hidden=\"true\" class=\"wp-block-spacer\"><\/div>\n\n\n\n<h1 class=\"wp-block-heading has-text-align-center\" id=\"h-aineistot\">Materials <br\/><\/h1>\n\n\n\n<div class=\"wp-block-group alignwide is-layout-constrained wp-block-group-is-layout-constrained\">\n<div style=\"height:4px\" aria-hidden=\"true\" class=\"wp-block-spacer\"><\/div>\n\n\n\n<hr class=\"wp-block-separator has-text-color has-tummaharmaa-color has-alpha-channel-opacity has-tummaharmaa-background-color has-background is-style-wide\" style=\"margin-top:var(--wp--preset--spacing--20);margin-bottom:var(--wp--preset--spacing--20)\"\/>\n\n\n\n<div style=\"height:4px\" aria-hidden=\"true\" class=\"wp-block-spacer\"><\/div>\n<\/div>\n<\/div>\n\n<div class=\"wp-block-group alignwide materialscolumngroup is-layout-constrained wp-block-group-is-layout-constrained\">\n<div class=\"wp-block-columns materialscolumn is-layout-flex wp-container-core-columns-is-layout-28f84493 wp-block-columns-is-layout-flex\">\n<div class=\"wp-block-column is-layout-flow wp-block-column-is-layout-flow\">\n<figure class=\"wp-block-image size-large is-resized\"><img loading=\"lazy\" decoding=\"async\" width=\"1024\" height=\"1024\" src=\"https:\/\/valaisingronlund.fi\/wp-content\/uploads\/2024\/09\/valaisin-gronlund-valaisinkuvasto-1024x1024.jpg\" alt=\"\" class=\"wp-image-71597\" srcset=\"https:\/\/valaisingronlund.fi\/wp-content\/uploads\/2024\/09\/valaisin-gronlund-valaisinkuvasto-1024x1024.jpg 1024w, https:\/\/valaisingronlund.fi\/wp-content\/uploads\/2024\/09\/valaisin-gronlund-valaisinkuvasto-300x300.jpg 300w, https:\/\/valaisingronlund.fi\/wp-content\/uploads\/2024\/09\/valaisin-gronlund-valaisinkuvasto-150x150.jpg 150w, https:\/\/valaisingronlund.fi\/wp-content\/uploads\/2024\/09\/valaisin-gronlund-valaisinkuvasto-768x768.jpg 768w, https:\/\/valaisingronlund.fi\/wp-content\/uploads\/2024\/09\/valaisin-gronlund-valaisinkuvasto-1536x1536.jpg 1536w, https:\/\/valaisingronlund.fi\/wp-content\/uploads\/2024\/09\/valaisin-gronlund-valaisinkuvasto-60x60.jpg 60w, https:\/\/valaisingronlund.fi\/wp-content\/uploads\/2024\/09\/valaisin-gronlund-valaisinkuvasto-110x110.jpg 110w, https:\/\/valaisingronlund.fi\/wp-content\/uploads\/2024\/09\/valaisin-gronlund-valaisinkuvasto-512x512.jpg 512w, https:\/\/valaisingronlund.fi\/wp-content\/uploads\/2024\/09\/valaisin-gronlund-valaisinkuvasto-200x200.jpg 200w, https:\/\/valaisingronlund.fi\/wp-content\/uploads\/2024\/09\/valaisin-gronlund-valaisinkuvasto-50x50.jpg 50w, https:\/\/valaisingronlund.fi\/wp-content\/uploads\/2024\/09\/valaisin-gronlund-valaisinkuvasto-100x100.jpg 100w, https:\/\/valaisingronlund.fi\/wp-content\/uploads\/2024\/09\/valaisin-gronlund-valaisinkuvasto-64x64.jpg 64w, https:\/\/valaisingronlund.fi\/wp-content\/uploads\/2024\/09\/valaisin-gronlund-valaisinkuvasto.jpg 2048w\" sizes=\"auto, (max-width: 1024px) 100vw, 1024px\" \/><\/figure>\n\n\n\n<p class=\"has-text-align-center\"><a href=\"https:\/\/valaisingronlund.fi\/en\/catalogues\">Catalogues<\/a><\/p>\n<\/div>\n\n\n\n<div class=\"wp-block-column is-layout-flow wp-block-column-is-layout-flow\">\n<figure class=\"wp-block-image size-large is-resized\"><a href=\"https:\/\/valaisingronlund.fi\/en\/image-bank-2\"><img decoding=\"async\" src=\"https:\/\/valaisingronlund.fi\/wp-content\/icons\/bank-images.jpg\" alt=\"Image Bank &lt;br&gt;\"\/><\/a><\/figure>\n\n\n\n<p class=\"has-text-align-center\"><a href=\"https:\/\/valaisingronlund.fi\/en\/image-bank-2\">Image Bank<br\/><\/a><\/p>\n<\/div>\n\n\n\n<div class=\"wp-block-column is-layout-flow wp-block-column-is-layout-flow\">\n<figure class=\"wp-block-image size-large is-resized\"><a href=\"https:\/\/valaisingronlund.fi\/en\/3d-presentations-2\"><img decoding=\"async\" src=\"https:\/\/valaisingronlund.fi\/wp-content\/icons\/bank-webgl.jpg\" alt=\"3D Presentations&lt;br&gt;\"\/><\/a><\/figure>\n\n\n\n<p class=\"has-text-align-center\"><a href=\"https:\/\/valaisingronlund.fi\/en\/3d-presentations-2\">3D Presentations<br\/><\/a><\/p>\n<\/div>\n<\/div>\n\n\n\n<div class=\"wp-block-columns materialscolumn is-layout-flex wp-container-core-columns-is-layout-28f84493 wp-block-columns-is-layout-flex\">\n<div class=\"wp-block-column is-layout-flow wp-block-column-is-layout-flow\">\n<figure class=\"wp-block-image size-large is-resized\"><a href=\"https:\/\/valaisingronlund.fi\/en\/3d-models-2\"><img decoding=\"async\" src=\"https:\/\/valaisingronlund.fi\/wp-content\/icons\/bank-3d-models.jpg\" alt=\"3D Models of products from Valaisin Gr&#xF6;nlund &lt;br&gt;\"\/><\/a><\/figure>\n\n\n\n<p class=\"has-text-align-center\"><a href=\"https:\/\/valaisingronlund.fi\/en\/3d-models-2\">3D Models<br\/><\/a><\/p>\n<\/div>\n\n\n\n<div class=\"wp-block-column is-layout-flow wp-block-column-is-layout-flow\">\n<figure class=\"wp-block-image size-full is-resized\"><img loading=\"lazy\" decoding=\"async\" width=\"1024\" height=\"1024\" src=\"https:\/\/valaisingronlund.fi\/wp-content\/uploads\/2024\/03\/valaisin-gronlund-logo-squre.jpg\" alt=\"\" class=\"wp-image-70211\" srcset=\"https:\/\/valaisingronlund.fi\/wp-content\/uploads\/2024\/03\/valaisin-gronlund-logo-squre.jpg 1024w, https:\/\/valaisingronlund.fi\/wp-content\/uploads\/2024\/03\/valaisin-gronlund-logo-squre-300x300.jpg 300w, https:\/\/valaisingronlund.fi\/wp-content\/uploads\/2024\/03\/valaisin-gronlund-logo-squre-150x150.jpg 150w, https:\/\/valaisingronlund.fi\/wp-content\/uploads\/2024\/03\/valaisin-gronlund-logo-squre-768x768.jpg 768w, https:\/\/valaisingronlund.fi\/wp-content\/uploads\/2024\/03\/valaisin-gronlund-logo-squre-60x60.jpg 60w, https:\/\/valaisingronlund.fi\/wp-content\/uploads\/2024\/03\/valaisin-gronlund-logo-squre-110x110.jpg 110w, https:\/\/valaisingronlund.fi\/wp-content\/uploads\/2024\/03\/valaisin-gronlund-logo-squre-512x512.jpg 512w, https:\/\/valaisingronlund.fi\/wp-content\/uploads\/2024\/03\/valaisin-gronlund-logo-squre-200x200.jpg 200w, https:\/\/valaisingronlund.fi\/wp-content\/uploads\/2024\/03\/valaisin-gronlund-logo-squre-50x50.jpg 50w, https:\/\/valaisingronlund.fi\/wp-content\/uploads\/2024\/03\/valaisin-gronlund-logo-squre-100x100.jpg 100w, https:\/\/valaisingronlund.fi\/wp-content\/uploads\/2024\/03\/valaisin-gronlund-logo-squre-64x64.jpg 64w\" sizes=\"auto, (max-width: 1024px) 100vw, 1024px\" \/><\/figure>\n\n\n\n<p class=\"has-text-align-center\"><a href=\"https:\/\/valaisingronlund.fi\/en\/logos-2\">Logos <br\/><\/a><\/p>\n<\/div>\n\n\n\n<div class=\"wp-block-column is-layout-flow wp-block-column-is-layout-flow\">\n<figure class=\"wp-block-image size-large is-resized\"><a href=\"https:\/\/valaisingronlund.fi\/en\/privacy-policy-2\"><img decoding=\"async\" src=\"https:\/\/valaisingronlund.fi\/wp-content\/icons\/bank-privacy-policy.jpg\" alt=\"Privacy Policy\"\/><\/a><\/figure>\n\n\n\n<p class=\"has-text-align-center\"><a href=\"https:\/\/valaisingronlund.fi\/en\/privacy-policy-2\">Privacy Policy<br\/><\/a><\/p>\n<\/div>\n<\/div>\n<\/div>\n","protected":false},"excerpt":{"rendered":"<p>Materials Catalogues Image Bank 3D Presentations 3D Models Logos Privacy Policy<\/p>\n","protected":false},"author":3,"featured_media":0,"parent":0,"menu_order":0,"comment_status":"closed","ping_status":"closed","template":"","meta":{"_acf_changed":false,"inline_featured_image":false,"_monsterinsights_skip_tracking":false,"_monsterinsights_sitenote_active":false,"_monsterinsights_sitenote_note":"","_monsterinsights_sitenote_category":0,"footnotes":""},"class_list":["post-72135","page","type-page","status-publish","hentry"],"acf":[],"yoast_head":"<!-- This site is optimized with the Yoast SEO Premium plugin v26.4 (Yoast SEO v26.9) - https:\/\/yoast.com\/product\/yoast-seo-premium-wordpress\/ -->\n<title>Explore the product materials offered by Valaisin Gr\u00f6nlund | Valaisin Gr\u00f6nlund<\/title>\n<meta name=\"description\" content=\"Explore the product materials offered by Valaisin Gr\u00f6nlund. You&#039;ll find a wide range of resources available for customers and partners.\" \/>\n<meta name=\"robots\" content=\"index, follow, max-snippet:-1, max-image-preview:large, max-video-preview:-1\" \/>\n<link rel=\"canonical\" href=\"https:\/\/valaisingronlund.fi\/en\/materials\" \/>\n<meta property=\"og:locale\" content=\"en_US\" \/>\n<meta property=\"og:type\" content=\"article\" \/>\n<meta property=\"og:title\" content=\"Materials\" \/>\n<meta property=\"og:description\" content=\"Explore the product materials offered by Valaisin Gr\u00f6nlund. You&#039;ll find a wide range of resources available for customers and partners.\" \/>\n<meta property=\"og:url\" content=\"https:\/\/valaisingronlund.fi\/en\/materials\" \/>\n<meta property=\"og:site_name\" content=\"Valaisin Gr\u00f6nlund\" \/>\n<meta property=\"article:publisher\" content=\"https:\/\/www.facebook.com\/valaisingronlund\/\" \/>\n<meta property=\"article:modified_time\" content=\"2025-11-24T12:27:21+00:00\" \/>\n<meta property=\"og:image\" content=\"https:\/\/valaisingronlund.fi\/wp-content\/uploads\/2025\/05\/hero-22-materials2.jpg\" \/>\n\t<meta property=\"og:image:width\" content=\"2560\" \/>\n\t<meta property=\"og:image:height\" content=\"500\" \/>\n\t<meta property=\"og:image:type\" content=\"image\/jpeg\" \/>\n<meta name=\"twitter:card\" content=\"summary_large_image\" \/>\n<script type=\"application\/ld+json\" class=\"yoast-schema-graph\">{\"@context\":\"https:\/\/schema.org\",\"@graph\":[{\"@type\":\"WebPage\",\"@id\":\"https:\/\/valaisingronlund.fi\/en\/materials\",\"url\":\"https:\/\/valaisingronlund.fi\/en\/materials\",\"name\":\"Explore the product materials offered by Valaisin Gr\u00f6nlund | Valaisin Gr\u00f6nlund\",\"isPartOf\":{\"@id\":\"https:\/\/valaisingronlund.fi\/en\/#website\"},\"primaryImageOfPage\":{\"@id\":\"https:\/\/valaisingronlund.fi\/en\/materials#primaryimage\"},\"image\":{\"@id\":\"https:\/\/valaisingronlund.fi\/en\/materials#primaryimage\"},\"thumbnailUrl\":\"https:\/\/valaisingronlund.fi\/wp-content\/uploads\/2025\/05\/hero-22-materials2.jpg\",\"datePublished\":\"2020-11-13T10:07:25+00:00\",\"dateModified\":\"2025-11-24T12:27:21+00:00\",\"description\":\"Explore the product materials offered by Valaisin Gr\u00f6nlund. You'll find a wide range of resources available for customers and partners.\",\"breadcrumb\":{\"@id\":\"https:\/\/valaisingronlund.fi\/en\/materials#breadcrumb\"},\"inLanguage\":\"en-US\",\"potentialAction\":[{\"@type\":\"ReadAction\",\"target\":[\"https:\/\/valaisingronlund.fi\/en\/materials\"]}]},{\"@type\":\"ImageObject\",\"inLanguage\":\"en-US\",\"@id\":\"https:\/\/valaisingronlund.fi\/en\/materials#primaryimage\",\"url\":\"https:\/\/valaisingronlund.fi\/wp-content\/uploads\/2025\/05\/hero-22-materials2.jpg\",\"contentUrl\":\"https:\/\/valaisingronlund.fi\/wp-content\/uploads\/2025\/05\/hero-22-materials2.jpg\"},{\"@type\":\"BreadcrumbList\",\"@id\":\"https:\/\/valaisingronlund.fi\/en\/materials#breadcrumb\",\"itemListElement\":[{\"@type\":\"ListItem\",\"position\":1,\"name\":\"Home\",\"item\":\"https:\/\/valaisingronlund.fi\/en\"},{\"@type\":\"ListItem\",\"position\":2,\"name\":\"Materials\"}]},{\"@type\":\"WebSite\",\"@id\":\"https:\/\/valaisingronlund.fi\/en\/#website\",\"url\":\"https:\/\/valaisingronlund.fi\/en\/\",\"name\":\"Valaisin Gr\u00f6nlund\",\"description\":\"Sisustusvalaisimien valmistus ja maahantuonti\",\"publisher\":{\"@id\":\"https:\/\/valaisingronlund.fi\/en\/#organization\"},\"potentialAction\":[{\"@type\":\"SearchAction\",\"target\":{\"@type\":\"EntryPoint\",\"urlTemplate\":\"https:\/\/valaisingronlund.fi\/en\/?s={search_term_string}\"},\"query-input\":{\"@type\":\"PropertyValueSpecification\",\"valueRequired\":true,\"valueName\":\"search_term_string\"}}],\"inLanguage\":\"en-US\"},{\"@type\":\"Organization\",\"@id\":\"https:\/\/valaisingronlund.fi\/en\/#organization\",\"name\":\"Valaisin Gr\u00f6nlund\",\"url\":\"https:\/\/valaisingronlund.fi\/en\/\",\"logo\":{\"@type\":\"ImageObject\",\"inLanguage\":\"en-US\",\"@id\":\"https:\/\/valaisingronlund.fi\/en\/#\/schema\/logo\/image\/\",\"url\":\"https:\/\/valaisingronlund.fi\/wp-content\/uploads\/2024\/03\/valaisin-gronlund-logo-squre.jpg\",\"contentUrl\":\"https:\/\/valaisingronlund.fi\/wp-content\/uploads\/2024\/03\/valaisin-gronlund-logo-squre.jpg\",\"width\":1024,\"height\":1024,\"caption\":\"Valaisin Gr\u00f6nlund\"},\"image\":{\"@id\":\"https:\/\/valaisingronlund.fi\/en\/#\/schema\/logo\/image\/\"},\"sameAs\":[\"https:\/\/www.facebook.com\/valaisingronlund\/\",\"https:\/\/www.instagram.com\/valaisingronlund\/\",\"https:\/\/fi.pinterest.com\/valaisingronlund\/\"],\"email\":\"info@valaisingronlund.fi\",\"telephone\":\"010 820 8200\",\"legalName\":\"Valaisin Gr\u00f6nlund Oy\",\"foundingDate\":\"1981-08-03\"}]}<\/script>\n<!-- \/ Yoast SEO Premium plugin. -->","yoast_head_json":{"title":"Explore the product materials offered by Valaisin Gr\u00f6nlund | Valaisin Gr\u00f6nlund","description":"Explore the product materials offered by Valaisin Gr\u00f6nlund. You'll find a wide range of resources available for customers and partners.","robots":{"index":"index","follow":"follow","max-snippet":"max-snippet:-1","max-image-preview":"max-image-preview:large","max-video-preview":"max-video-preview:-1"},"canonical":"https:\/\/valaisingronlund.fi\/en\/materials","og_locale":"en_US","og_type":"article","og_title":"Materials","og_description":"Explore the product materials offered by Valaisin Gr\u00f6nlund. You'll find a wide range of resources available for customers and partners.","og_url":"https:\/\/valaisingronlund.fi\/en\/materials","og_site_name":"Valaisin Gr\u00f6nlund","article_publisher":"https:\/\/www.facebook.com\/valaisingronlund\/","article_modified_time":"2025-11-24T12:27:21+00:00","og_image":[{"width":2560,"height":500,"url":"https:\/\/valaisingronlund.fi\/wp-content\/uploads\/2025\/05\/hero-22-materials2.jpg","type":"image\/jpeg"}],"twitter_card":"summary_large_image","schema":{"@context":"https:\/\/schema.org","@graph":[{"@type":"WebPage","@id":"https:\/\/valaisingronlund.fi\/en\/materials","url":"https:\/\/valaisingronlund.fi\/en\/materials","name":"Explore the product materials offered by Valaisin Gr\u00f6nlund | Valaisin Gr\u00f6nlund","isPartOf":{"@id":"https:\/\/valaisingronlund.fi\/en\/#website"},"primaryImageOfPage":{"@id":"https:\/\/valaisingronlund.fi\/en\/materials#primaryimage"},"image":{"@id":"https:\/\/valaisingronlund.fi\/en\/materials#primaryimage"},"thumbnailUrl":"https:\/\/valaisingronlund.fi\/wp-content\/uploads\/2025\/05\/hero-22-materials2.jpg","datePublished":"2020-11-13T10:07:25+00:00","dateModified":"2025-11-24T12:27:21+00:00","description":"Explore the product materials offered by Valaisin Gr\u00f6nlund. You'll find a wide range of resources available for customers and partners.","breadcrumb":{"@id":"https:\/\/valaisingronlund.fi\/en\/materials#breadcrumb"},"inLanguage":"en-US","potentialAction":[{"@type":"ReadAction","target":["https:\/\/valaisingronlund.fi\/en\/materials"]}]},{"@type":"ImageObject","inLanguage":"en-US","@id":"https:\/\/valaisingronlund.fi\/en\/materials#primaryimage","url":"https:\/\/valaisingronlund.fi\/wp-content\/uploads\/2025\/05\/hero-22-materials2.jpg","contentUrl":"https:\/\/valaisingronlund.fi\/wp-content\/uploads\/2025\/05\/hero-22-materials2.jpg"},{"@type":"BreadcrumbList","@id":"https:\/\/valaisingronlund.fi\/en\/materials#breadcrumb","itemListElement":[{"@type":"ListItem","position":1,"name":"Home","item":"https:\/\/valaisingronlund.fi\/en"},{"@type":"ListItem","position":2,"name":"Materials"}]},{"@type":"WebSite","@id":"https:\/\/valaisingronlund.fi\/en\/#website","url":"https:\/\/valaisingronlund.fi\/en\/","name":"Valaisin Gr\u00f6nlund","description":"Sisustusvalaisimien valmistus ja maahantuonti","publisher":{"@id":"https:\/\/valaisingronlund.fi\/en\/#organization"},"potentialAction":[{"@type":"SearchAction","target":{"@type":"EntryPoint","urlTemplate":"https:\/\/valaisingronlund.fi\/en\/?s={search_term_string}"},"query-input":{"@type":"PropertyValueSpecification","valueRequired":true,"valueName":"search_term_string"}}],"inLanguage":"en-US"},{"@type":"Organization","@id":"https:\/\/valaisingronlund.fi\/en\/#organization","name":"Valaisin Gr\u00f6nlund","url":"https:\/\/valaisingronlund.fi\/en\/","logo":{"@type":"ImageObject","inLanguage":"en-US","@id":"https:\/\/valaisingronlund.fi\/en\/#\/schema\/logo\/image\/","url":"https:\/\/valaisingronlund.fi\/wp-content\/uploads\/2024\/03\/valaisin-gronlund-logo-squre.jpg","contentUrl":"https:\/\/valaisingronlund.fi\/wp-content\/uploads\/2024\/03\/valaisin-gronlund-logo-squre.jpg","width":1024,"height":1024,"caption":"Valaisin Gr\u00f6nlund"},"image":{"@id":"https:\/\/valaisingronlund.fi\/en\/#\/schema\/logo\/image\/"},"sameAs":["https:\/\/www.facebook.com\/valaisingronlund\/","https:\/\/www.instagram.com\/valaisingronlund\/","https:\/\/fi.pinterest.com\/valaisingronlund\/"],"email":"info@valaisingronlund.fi","telephone":"010 820 8200","legalName":"Valaisin Gr\u00f6nlund Oy","foundingDate":"1981-08-03"}]}},"_links":{"self":[{"href":"https:\/\/valaisingronlund.fi\/en\/wp-json\/wp\/v2\/pages\/72135","targetHints":{"allow":["GET"]}}],"collection":[{"href":"https:\/\/valaisingronlund.fi\/en\/wp-json\/wp\/v2\/pages"}],"about":[{"href":"https:\/\/valaisingronlund.fi\/en\/wp-json\/wp\/v2\/types\/page"}],"author":[{"embeddable":true,"href":"https:\/\/valaisingronlund.fi\/en\/wp-json\/wp\/v2\/users\/3"}],"replies":[{"embeddable":true,"href":"https:\/\/valaisingronlund.fi\/en\/wp-json\/wp\/v2\/comments?post=72135"}],"version-history":[{"count":3,"href":"https:\/\/valaisingronlund.fi\/en\/wp-json\/wp\/v2\/pages\/72135\/revisions"}],"predecessor-version":[{"id":74588,"href":"https:\/\/valaisingronlund.fi\/en\/wp-json\/wp\/v2\/pages\/72135\/revisions\/74588"}],"wp:attachment":[{"href":"https:\/\/valaisingronlund.fi\/en\/wp-json\/wp\/v2\/media?parent=72135"}],"curies":[{"name":"wp","href":"https:\/\/api.w.org\/{rel}","templated":true}]}}