{"id":72011,"date":"2024-04-03T12:48:29","date_gmt":"2024-04-03T09:48:29","guid":{"rendered":"https:\/\/valaisingronlund.fi\/outlet-store"},"modified":"2026-03-12T13:35:19","modified_gmt":"2026-03-12T10:35:19","slug":"outlet-store","status":"publish","type":"page","link":"https:\/\/valaisingronlund.fi\/en\/outlet-store","title":{"rendered":"Outlet Store"},"content":{"rendered":"\n<div class=\"wp-block-group alignfull heroimagegroup is-layout-constrained wp-block-group-is-layout-constrained\">\n<figure class=\"wp-block-gallery alignfull has-nested-images columns-default is-cropped wp-block-gallery-1 is-layout-flex wp-block-gallery-is-layout-flex\">\n<figure class=\"wp-block-image size-full heroimage\"><img loading=\"lazy\" decoding=\"async\" width=\"2560\" height=\"500\" data-id=\"70578\" src=\"https:\/\/valaisingronlund.fi\/wp-content\/uploads\/2024\/04\/hero-outlet-myymala.jpg\" alt=\"Valaisin Gr&#xF6;nlund Outlet store located at our premises in Kaarina\" class=\"wp-image-70578\" srcset=\"https:\/\/valaisingronlund.fi\/wp-content\/uploads\/2024\/04\/hero-outlet-myymala.jpg 2560w, https:\/\/valaisingronlund.fi\/wp-content\/uploads\/2024\/04\/hero-outlet-myymala-300x59.jpg 300w, https:\/\/valaisingronlund.fi\/wp-content\/uploads\/2024\/04\/hero-outlet-myymala-1024x200.jpg 1024w, https:\/\/valaisingronlund.fi\/wp-content\/uploads\/2024\/04\/hero-outlet-myymala-768x150.jpg 768w, https:\/\/valaisingronlund.fi\/wp-content\/uploads\/2024\/04\/hero-outlet-myymala-1536x300.jpg 1536w, https:\/\/valaisingronlund.fi\/wp-content\/uploads\/2024\/04\/hero-outlet-myymala-2048x400.jpg 2048w, https:\/\/valaisingronlund.fi\/wp-content\/uploads\/2024\/04\/hero-outlet-myymala-60x12.jpg 60w, https:\/\/valaisingronlund.fi\/wp-content\/uploads\/2024\/04\/hero-outlet-myymala-110x21.jpg 110w, https:\/\/valaisingronlund.fi\/wp-content\/uploads\/2024\/04\/hero-outlet-myymala-512x100.jpg 512w, https:\/\/valaisingronlund.fi\/wp-content\/uploads\/2024\/04\/hero-outlet-myymala-64x13.jpg 64w\" sizes=\"auto, (max-width: 2560px) 100vw, 2560px\" \/><\/figure>\n<\/figure>\n\n\n\n<div style=\"height:60px\" aria-hidden=\"true\" class=\"wp-block-spacer herospacer\"><\/div>\n<\/div>\n\n<div class=\"wp-block-group pagedescriptiongroup is-layout-constrained wp-block-group-is-layout-constrained\">\n<div class=\"wp-block-columns is-layout-flex wp-container-core-columns-is-layout-28f84493 wp-block-columns-is-layout-flex\">\n<div class=\"wp-block-column is-layout-flow wp-block-column-is-layout-flow\">\n<figure class=\"wp-block-image aligncenter size-medium tittleimage\"><a href=\"https:\/\/valaisingronlund.fi\/wp-content\/uploads\/2017\/09\/shine-table-low-bl-01-u.jpg\"><img loading=\"lazy\" decoding=\"async\" width=\"300\" height=\"300\" src=\"https:\/\/valaisingronlund.fi\/wp-content\/uploads\/2017\/09\/shine-table-low-bl-01-u-300x300.jpg\" alt=\"A black ceramic Shine table lamp with embedded crystal decorations.\" class=\"wp-image-61037\" srcset=\"https:\/\/valaisingronlund.fi\/wp-content\/uploads\/2017\/09\/shine-table-low-bl-01-u-300x300.jpg 300w, https:\/\/valaisingronlund.fi\/wp-content\/uploads\/2017\/09\/shine-table-low-bl-01-u.jpg 1024w, https:\/\/valaisingronlund.fi\/wp-content\/uploads\/2017\/09\/shine-table-low-bl-01-u-150x150.jpg 150w, https:\/\/valaisingronlund.fi\/wp-content\/uploads\/2017\/09\/shine-table-low-bl-01-u-768x768.jpg 768w, https:\/\/valaisingronlund.fi\/wp-content\/uploads\/2017\/09\/shine-table-low-bl-01-u-60x60.jpg 60w, https:\/\/valaisingronlund.fi\/wp-content\/uploads\/2017\/09\/shine-table-low-bl-01-u-110x110.jpg 110w, https:\/\/valaisingronlund.fi\/wp-content\/uploads\/2017\/09\/shine-table-low-bl-01-u-512x512.jpg 512w, https:\/\/valaisingronlund.fi\/wp-content\/uploads\/2017\/09\/shine-table-low-bl-01-u-200x200.jpg 200w, https:\/\/valaisingronlund.fi\/wp-content\/uploads\/2017\/09\/shine-table-low-bl-01-u-50x50.jpg 50w, https:\/\/valaisingronlund.fi\/wp-content\/uploads\/2017\/09\/shine-table-low-bl-01-u-100x100.jpg 100w\" sizes=\"auto, (max-width: 300px) 100vw, 300px\" \/><\/a><\/figure>\n<\/div>\n\n\n\n<div class=\"wp-block-column is-layout-flow wp-block-column-is-layout-flow\">\n<h1 class=\"wp-block-heading\" id=\"h-outlet-myymala\">Outlet Store<\/h1>\n\n\n\n<p><span class=\"space-a\">The Valaisin Gr\u00f6nlund Outlet store is located at our premises in Kaarina, at Voivalantie 22, 20780 Kaarina. <\/span><span class=\"space-b\">The outlet store features hundreds of lighting fixtures from different collections, each with its own story and background. It offers a unique opportunity to see the luminaires in person and find individual solutions for homes or projects.  <\/span><span class=\"space-b\">We are open on weekdays from 8:00 to 16:00. Welcome to explore a selection you won\u2019t find anywhere else. <\/span><\/p>\n<\/div>\n<\/div>\n\n\n\n<div class=\"wp-block-group alignwide is-layout-constrained wp-block-group-is-layout-constrained\">\n<div style=\"height:20px\" aria-hidden=\"true\" class=\"wp-block-spacer\"><\/div>\n\n\n\n<hr class=\"wp-block-separator has-text-color has-tummaharmaa-color has-alpha-channel-opacity has-tummaharmaa-background-color has-background is-style-wide\" style=\"margin-top:var(--wp--preset--spacing--20);margin-bottom:var(--wp--preset--spacing--20)\"\/>\n\n\n\n<div style=\"height:30px\" aria-hidden=\"true\" class=\"wp-block-spacer\"><\/div>\n<\/div>\n<\/div>\n\n<div class=\"wp-block-group fullcontentgroup is-layout-constrained wp-block-group-is-layout-constrained\">\n<div class=\"wp-block-columns is-layout-flex wp-container-core-columns-is-layout-28f84493 wp-block-columns-is-layout-flex\">\n<div class=\"wp-block-column is-layout-flow wp-block-column-is-layout-flow\">\n<h2 class=\"wp-block-heading\" id=\"h-valaisinmyymala\">Lighting Store<\/h2>\n\n\n\n<p>Our outlet store displays several hundred different lighting fixtures and <a href=\"https:\/\/valaisingronlund.fi\/en\/product-section\/lampshades\">lampshades<\/a>. Our selection includes unique one-of-a-kind pieces, exhibition models, lighting used in TV productions, discontinued <a href=\"https:\/\/valaisingronlund.fi\/en\/product-section\/design-by-gronlund\"><strong>wholesale items<\/strong><\/a>, and designs that were never released into mass production.<\/p>\n\n\n\n<p>The outlet store offers ceiling, floor, wall and table lamps, ranging from simple everyday lighting solutions to striking designer luminaires and crystal chandeliers.<\/p>\n\n\n\n<p>The Valaisin Gr\u00f6nlund Outlet store is located along Road 110, close to Kaarina city center and Paraistentie, in the direction of Helsinki, at Voivalantie 22, 20780 Kaarina.<\/p>\n<\/div>\n\n\n\n<div class=\"wp-block-column is-layout-flow wp-block-column-is-layout-flow\">\n<figure class=\"wp-block-image size-large\"><a href=\"https:\/\/valaisingronlund.fi\/wp-content\/uploads\/2024\/04\/outlet_kollaasi4b-big.jpg\"><img loading=\"lazy\" decoding=\"async\" width=\"1024\" height=\"687\" src=\"https:\/\/valaisingronlund.fi\/wp-content\/uploads\/2024\/04\/outlet_kollaasi4b-big-1024x687.jpg\" alt=\"\" class=\"wp-image-70377\" srcset=\"https:\/\/valaisingronlund.fi\/wp-content\/uploads\/2024\/04\/outlet_kollaasi4b-big-1024x687.jpg 1024w, https:\/\/valaisingronlund.fi\/wp-content\/uploads\/2024\/04\/outlet_kollaasi4b-big-300x201.jpg 300w, https:\/\/valaisingronlund.fi\/wp-content\/uploads\/2024\/04\/outlet_kollaasi4b-big-768x515.jpg 768w, https:\/\/valaisingronlund.fi\/wp-content\/uploads\/2024\/04\/outlet_kollaasi4b-big-60x40.jpg 60w, https:\/\/valaisingronlund.fi\/wp-content\/uploads\/2024\/04\/outlet_kollaasi4b-big-110x74.jpg 110w, https:\/\/valaisingronlund.fi\/wp-content\/uploads\/2024\/04\/outlet_kollaasi4b-big-512x343.jpg 512w, https:\/\/valaisingronlund.fi\/wp-content\/uploads\/2024\/04\/outlet_kollaasi4b-big-64x43.jpg 64w, https:\/\/valaisingronlund.fi\/wp-content\/uploads\/2024\/04\/outlet_kollaasi4b-big.jpg 1536w\" sizes=\"auto, (max-width: 1024px) 100vw, 1024px\" \/><\/a><\/figure>\n<\/div>\n<\/div>\n<\/div>\n","protected":false},"excerpt":{"rendered":"<p>Outlet Store The Valaisin Gr\u00f6nlund Outlet store is located at our premises in Kaarina, at Voivalantie 22, 20780 Kaarina. The outlet store features hundreds of lighting fixtures from different collections, each with its own story and background. It offers a unique opportunity to see the luminaires in person and find individual solutions for homes or [&hellip;]<\/p>\n","protected":false},"author":3,"featured_media":0,"parent":0,"menu_order":0,"comment_status":"closed","ping_status":"closed","template":"","meta":{"_acf_changed":false,"inline_featured_image":false,"_monsterinsights_skip_tracking":false,"_monsterinsights_sitenote_active":false,"_monsterinsights_sitenote_note":"","_monsterinsights_sitenote_category":0,"footnotes":""},"class_list":["post-72011","page","type-page","status-publish","hentry"],"acf":[],"yoast_head":"<!-- This site is optimized with the Yoast SEO Premium plugin v26.4 (Yoast SEO v26.9) - https:\/\/yoast.com\/product\/yoast-seo-premium-wordpress\/ -->\n<title>Valaisin Gr\u00f6nlund Outlet | Hundreds of Lighting Fixtures in Kaarina | | Valaisin Gr\u00f6nlund<\/title>\n<meta name=\"description\" content=\"Valaisin Gr\u00f6nlund Outlet offers hundreds of lighting fixtures on display in Kaarina. Visit our outlet store and explore a wide selection on site.\" \/>\n<meta name=\"robots\" content=\"index, follow, max-snippet:-1, max-image-preview:large, max-video-preview:-1\" \/>\n<link rel=\"canonical\" href=\"https:\/\/valaisingronlund.fi\/en\/outlet-store\" \/>\n<meta property=\"og:locale\" content=\"en_US\" \/>\n<meta property=\"og:type\" content=\"article\" \/>\n<meta property=\"og:title\" content=\"Outlet Store\" \/>\n<meta property=\"og:description\" content=\"Valaisin Gr\u00f6nlund Outlet offers hundreds of lighting fixtures on display in Kaarina. Visit our outlet store and explore a wide selection on site.\" \/>\n<meta property=\"og:url\" content=\"https:\/\/valaisingronlund.fi\/en\/outlet-store\" \/>\n<meta property=\"og:site_name\" content=\"Valaisin Gr\u00f6nlund\" \/>\n<meta property=\"article:publisher\" content=\"https:\/\/www.facebook.com\/valaisingronlund\/\" \/>\n<meta property=\"article:modified_time\" content=\"2026-03-12T10:35:19+00:00\" \/>\n<meta property=\"og:image\" content=\"https:\/\/valaisingronlund.fi\/wp-content\/uploads\/2024\/04\/hero-outlet-myymala.jpg\" \/>\n\t<meta property=\"og:image:width\" content=\"2560\" \/>\n\t<meta property=\"og:image:height\" content=\"500\" \/>\n\t<meta property=\"og:image:type\" content=\"image\/jpeg\" \/>\n<meta name=\"twitter:card\" content=\"summary_large_image\" \/>\n<meta name=\"twitter:label1\" content=\"Est. reading time\" \/>\n\t<meta name=\"twitter:data1\" content=\"4 minutes\" \/>\n<script type=\"application\/ld+json\" class=\"yoast-schema-graph\">{\"@context\":\"https:\/\/schema.org\",\"@graph\":[{\"@type\":\"WebPage\",\"@id\":\"https:\/\/valaisingronlund.fi\/en\/outlet-store\",\"url\":\"https:\/\/valaisingronlund.fi\/en\/outlet-store\",\"name\":\"Valaisin Gr\u00f6nlund Outlet | Hundreds of Lighting Fixtures in Kaarina | | Valaisin Gr\u00f6nlund\",\"isPartOf\":{\"@id\":\"https:\/\/valaisingronlund.fi\/en\/#website\"},\"primaryImageOfPage\":{\"@id\":\"https:\/\/valaisingronlund.fi\/en\/outlet-store#primaryimage\"},\"image\":{\"@id\":\"https:\/\/valaisingronlund.fi\/en\/outlet-store#primaryimage\"},\"thumbnailUrl\":\"https:\/\/valaisingronlund.fi\/wp-content\/uploads\/2024\/04\/hero-outlet-myymala.jpg\",\"datePublished\":\"2024-04-03T09:48:29+00:00\",\"dateModified\":\"2026-03-12T10:35:19+00:00\",\"description\":\"Valaisin Gr\u00f6nlund Outlet offers hundreds of lighting fixtures on display in Kaarina. Visit our outlet store and explore a wide selection on site.\",\"breadcrumb\":{\"@id\":\"https:\/\/valaisingronlund.fi\/en\/outlet-store#breadcrumb\"},\"inLanguage\":\"en-US\",\"potentialAction\":[{\"@type\":\"ReadAction\",\"target\":[\"https:\/\/valaisingronlund.fi\/en\/outlet-store\"]}]},{\"@type\":\"ImageObject\",\"inLanguage\":\"en-US\",\"@id\":\"https:\/\/valaisingronlund.fi\/en\/outlet-store#primaryimage\",\"url\":\"https:\/\/valaisingronlund.fi\/wp-content\/uploads\/2024\/04\/hero-outlet-myymala.jpg\",\"contentUrl\":\"https:\/\/valaisingronlund.fi\/wp-content\/uploads\/2024\/04\/hero-outlet-myymala.jpg\"},{\"@type\":\"BreadcrumbList\",\"@id\":\"https:\/\/valaisingronlund.fi\/en\/outlet-store#breadcrumb\",\"itemListElement\":[{\"@type\":\"ListItem\",\"position\":1,\"name\":\"Home\",\"item\":\"https:\/\/valaisingronlund.fi\/en\"},{\"@type\":\"ListItem\",\"position\":2,\"name\":\"Outlet Store\"}]},{\"@type\":\"WebSite\",\"@id\":\"https:\/\/valaisingronlund.fi\/en\/#website\",\"url\":\"https:\/\/valaisingronlund.fi\/en\/\",\"name\":\"Valaisin Gr\u00f6nlund\",\"description\":\"Sisustusvalaisimien valmistus ja maahantuonti\",\"publisher\":{\"@id\":\"https:\/\/valaisingronlund.fi\/en\/#organization\"},\"potentialAction\":[{\"@type\":\"SearchAction\",\"target\":{\"@type\":\"EntryPoint\",\"urlTemplate\":\"https:\/\/valaisingronlund.fi\/en\/?s={search_term_string}\"},\"query-input\":{\"@type\":\"PropertyValueSpecification\",\"valueRequired\":true,\"valueName\":\"search_term_string\"}}],\"inLanguage\":\"en-US\"},{\"@type\":\"Organization\",\"@id\":\"https:\/\/valaisingronlund.fi\/en\/#organization\",\"name\":\"Valaisin Gr\u00f6nlund\",\"url\":\"https:\/\/valaisingronlund.fi\/en\/\",\"logo\":{\"@type\":\"ImageObject\",\"inLanguage\":\"en-US\",\"@id\":\"https:\/\/valaisingronlund.fi\/en\/#\/schema\/logo\/image\/\",\"url\":\"https:\/\/valaisingronlund.fi\/wp-content\/uploads\/2024\/03\/valaisin-gronlund-logo-squre.jpg\",\"contentUrl\":\"https:\/\/valaisingronlund.fi\/wp-content\/uploads\/2024\/03\/valaisin-gronlund-logo-squre.jpg\",\"width\":1024,\"height\":1024,\"caption\":\"Valaisin Gr\u00f6nlund\"},\"image\":{\"@id\":\"https:\/\/valaisingronlund.fi\/en\/#\/schema\/logo\/image\/\"},\"sameAs\":[\"https:\/\/www.facebook.com\/valaisingronlund\/\",\"https:\/\/www.instagram.com\/valaisingronlund\/\",\"https:\/\/fi.pinterest.com\/valaisingronlund\/\"],\"email\":\"info@valaisingronlund.fi\",\"telephone\":\"010 820 8200\",\"legalName\":\"Valaisin Gr\u00f6nlund Oy\",\"foundingDate\":\"1981-08-03\"}]}<\/script>\n<!-- \/ Yoast SEO Premium plugin. -->","yoast_head_json":{"title":"Valaisin Gr\u00f6nlund Outlet | Hundreds of Lighting Fixtures in Kaarina | | Valaisin Gr\u00f6nlund","description":"Valaisin Gr\u00f6nlund Outlet offers hundreds of lighting fixtures on display in Kaarina. Visit our outlet store and explore a wide selection on site.","robots":{"index":"index","follow":"follow","max-snippet":"max-snippet:-1","max-image-preview":"max-image-preview:large","max-video-preview":"max-video-preview:-1"},"canonical":"https:\/\/valaisingronlund.fi\/en\/outlet-store","og_locale":"en_US","og_type":"article","og_title":"Outlet Store","og_description":"Valaisin Gr\u00f6nlund Outlet offers hundreds of lighting fixtures on display in Kaarina. Visit our outlet store and explore a wide selection on site.","og_url":"https:\/\/valaisingronlund.fi\/en\/outlet-store","og_site_name":"Valaisin Gr\u00f6nlund","article_publisher":"https:\/\/www.facebook.com\/valaisingronlund\/","article_modified_time":"2026-03-12T10:35:19+00:00","og_image":[{"width":2560,"height":500,"url":"https:\/\/valaisingronlund.fi\/wp-content\/uploads\/2024\/04\/hero-outlet-myymala.jpg","type":"image\/jpeg"}],"twitter_card":"summary_large_image","twitter_misc":{"Est. reading time":"4 minutes"},"schema":{"@context":"https:\/\/schema.org","@graph":[{"@type":"WebPage","@id":"https:\/\/valaisingronlund.fi\/en\/outlet-store","url":"https:\/\/valaisingronlund.fi\/en\/outlet-store","name":"Valaisin Gr\u00f6nlund Outlet | Hundreds of Lighting Fixtures in Kaarina | | Valaisin Gr\u00f6nlund","isPartOf":{"@id":"https:\/\/valaisingronlund.fi\/en\/#website"},"primaryImageOfPage":{"@id":"https:\/\/valaisingronlund.fi\/en\/outlet-store#primaryimage"},"image":{"@id":"https:\/\/valaisingronlund.fi\/en\/outlet-store#primaryimage"},"thumbnailUrl":"https:\/\/valaisingronlund.fi\/wp-content\/uploads\/2024\/04\/hero-outlet-myymala.jpg","datePublished":"2024-04-03T09:48:29+00:00","dateModified":"2026-03-12T10:35:19+00:00","description":"Valaisin Gr\u00f6nlund Outlet offers hundreds of lighting fixtures on display in Kaarina. Visit our outlet store and explore a wide selection on site.","breadcrumb":{"@id":"https:\/\/valaisingronlund.fi\/en\/outlet-store#breadcrumb"},"inLanguage":"en-US","potentialAction":[{"@type":"ReadAction","target":["https:\/\/valaisingronlund.fi\/en\/outlet-store"]}]},{"@type":"ImageObject","inLanguage":"en-US","@id":"https:\/\/valaisingronlund.fi\/en\/outlet-store#primaryimage","url":"https:\/\/valaisingronlund.fi\/wp-content\/uploads\/2024\/04\/hero-outlet-myymala.jpg","contentUrl":"https:\/\/valaisingronlund.fi\/wp-content\/uploads\/2024\/04\/hero-outlet-myymala.jpg"},{"@type":"BreadcrumbList","@id":"https:\/\/valaisingronlund.fi\/en\/outlet-store#breadcrumb","itemListElement":[{"@type":"ListItem","position":1,"name":"Home","item":"https:\/\/valaisingronlund.fi\/en"},{"@type":"ListItem","position":2,"name":"Outlet Store"}]},{"@type":"WebSite","@id":"https:\/\/valaisingronlund.fi\/en\/#website","url":"https:\/\/valaisingronlund.fi\/en\/","name":"Valaisin Gr\u00f6nlund","description":"Sisustusvalaisimien valmistus ja maahantuonti","publisher":{"@id":"https:\/\/valaisingronlund.fi\/en\/#organization"},"potentialAction":[{"@type":"SearchAction","target":{"@type":"EntryPoint","urlTemplate":"https:\/\/valaisingronlund.fi\/en\/?s={search_term_string}"},"query-input":{"@type":"PropertyValueSpecification","valueRequired":true,"valueName":"search_term_string"}}],"inLanguage":"en-US"},{"@type":"Organization","@id":"https:\/\/valaisingronlund.fi\/en\/#organization","name":"Valaisin Gr\u00f6nlund","url":"https:\/\/valaisingronlund.fi\/en\/","logo":{"@type":"ImageObject","inLanguage":"en-US","@id":"https:\/\/valaisingronlund.fi\/en\/#\/schema\/logo\/image\/","url":"https:\/\/valaisingronlund.fi\/wp-content\/uploads\/2024\/03\/valaisin-gronlund-logo-squre.jpg","contentUrl":"https:\/\/valaisingronlund.fi\/wp-content\/uploads\/2024\/03\/valaisin-gronlund-logo-squre.jpg","width":1024,"height":1024,"caption":"Valaisin Gr\u00f6nlund"},"image":{"@id":"https:\/\/valaisingronlund.fi\/en\/#\/schema\/logo\/image\/"},"sameAs":["https:\/\/www.facebook.com\/valaisingronlund\/","https:\/\/www.instagram.com\/valaisingronlund\/","https:\/\/fi.pinterest.com\/valaisingronlund\/"],"email":"info@valaisingronlund.fi","telephone":"010 820 8200","legalName":"Valaisin Gr\u00f6nlund Oy","foundingDate":"1981-08-03"}]}},"_links":{"self":[{"href":"https:\/\/valaisingronlund.fi\/en\/wp-json\/wp\/v2\/pages\/72011","targetHints":{"allow":["GET"]}}],"collection":[{"href":"https:\/\/valaisingronlund.fi\/en\/wp-json\/wp\/v2\/pages"}],"about":[{"href":"https:\/\/valaisingronlund.fi\/en\/wp-json\/wp\/v2\/types\/page"}],"author":[{"embeddable":true,"href":"https:\/\/valaisingronlund.fi\/en\/wp-json\/wp\/v2\/users\/3"}],"replies":[{"embeddable":true,"href":"https:\/\/valaisingronlund.fi\/en\/wp-json\/wp\/v2\/comments?post=72011"}],"version-history":[{"count":8,"href":"https:\/\/valaisingronlund.fi\/en\/wp-json\/wp\/v2\/pages\/72011\/revisions"}],"predecessor-version":[{"id":75264,"href":"https:\/\/valaisingronlund.fi\/en\/wp-json\/wp\/v2\/pages\/72011\/revisions\/75264"}],"wp:attachment":[{"href":"https:\/\/valaisingronlund.fi\/en\/wp-json\/wp\/v2\/media?parent=72011"}],"curies":[{"name":"wp","href":"https:\/\/api.w.org\/{rel}","templated":true}]}}