{"id":71919,"date":"2024-04-03T11:18:12","date_gmt":"2024-04-03T08:18:12","guid":{"rendered":"https:\/\/valaisingronlund.fi\/lighting-design-2"},"modified":"2026-03-12T13:38:33","modified_gmt":"2026-03-12T10:38:33","slug":"lighting-design","status":"publish","type":"page","link":"https:\/\/valaisingronlund.fi\/en\/lighting-design","title":{"rendered":"Lighting Design"},"content":{"rendered":"\n<div class=\"wp-block-group alignfull heroimagegroup is-layout-constrained wp-block-group-is-layout-constrained\">\n<figure class=\"wp-block-gallery alignfull has-nested-images columns-default is-cropped wp-block-gallery-1 is-layout-flex wp-block-gallery-is-layout-flex\">\n<figure class=\"wp-block-image size-full heroimage\"><img loading=\"lazy\" decoding=\"async\" width=\"2560\" height=\"500\" data-id=\"70385\" src=\"https:\/\/valaisingronlund.fi\/wp-content\/uploads\/2024\/04\/hero_sketsit.jpg\" alt=\"Lighting design by Valaisin Gr\u00f6nlund for hotels, cruise ships and public spaces\" class=\"wp-image-70385\" srcset=\"https:\/\/valaisingronlund.fi\/wp-content\/uploads\/2024\/04\/hero_sketsit.jpg 2560w, https:\/\/valaisingronlund.fi\/wp-content\/uploads\/2024\/04\/hero_sketsit-300x59.jpg 300w, https:\/\/valaisingronlund.fi\/wp-content\/uploads\/2024\/04\/hero_sketsit-1024x200.jpg 1024w, https:\/\/valaisingronlund.fi\/wp-content\/uploads\/2024\/04\/hero_sketsit-768x150.jpg 768w, https:\/\/valaisingronlund.fi\/wp-content\/uploads\/2024\/04\/hero_sketsit-1536x300.jpg 1536w, https:\/\/valaisingronlund.fi\/wp-content\/uploads\/2024\/04\/hero_sketsit-2048x400.jpg 2048w, https:\/\/valaisingronlund.fi\/wp-content\/uploads\/2024\/04\/hero_sketsit-60x12.jpg 60w, https:\/\/valaisingronlund.fi\/wp-content\/uploads\/2024\/04\/hero_sketsit-110x21.jpg 110w, https:\/\/valaisingronlund.fi\/wp-content\/uploads\/2024\/04\/hero_sketsit-512x100.jpg 512w, https:\/\/valaisingronlund.fi\/wp-content\/uploads\/2024\/04\/hero_sketsit-64x13.jpg 64w\" sizes=\"auto, (max-width: 2560px) 100vw, 2560px\" \/><\/figure>\n<\/figure>\n\n\n\n<div style=\"height:60px\" aria-hidden=\"true\" class=\"wp-block-spacer herospacer\"><\/div>\n<\/div>\n\n\n\n<div class=\"wp-block-group fullcontentgroup is-layout-constrained wp-block-group-is-layout-constrained\">\n<div class=\"wp-block-group alignwide pagedescriptiongroup is-layout-constrained wp-block-group-is-layout-constrained\">\n<div class=\"wp-block-columns is-layout-flex wp-container-core-columns-is-layout-28f84493 wp-block-columns-is-layout-flex\">\n<div class=\"wp-block-column is-layout-flow wp-block-column-is-layout-flow\">\n<figure class=\"wp-block-image aligncenter size-medium titleimage\"><img loading=\"lazy\" decoding=\"async\" width=\"300\" height=\"300\" src=\"https:\/\/valaisingronlund.fi\/wp-content\/uploads\/2020\/05\/basel-bronze-05-xl-300x300.jpg\" alt=\"Custom-designed and functional luminaires for project-based applications\" class=\"wp-image-71673\" srcset=\"https:\/\/valaisingronlund.fi\/wp-content\/uploads\/2020\/05\/basel-bronze-05-xl-300x300.jpg 300w, https:\/\/valaisingronlund.fi\/wp-content\/uploads\/2020\/05\/basel-bronze-05-xl-1024x1024.jpg 1024w, https:\/\/valaisingronlund.fi\/wp-content\/uploads\/2020\/05\/basel-bronze-05-xl-150x150.jpg 150w, https:\/\/valaisingronlund.fi\/wp-content\/uploads\/2020\/05\/basel-bronze-05-xl-768x768.jpg 768w, https:\/\/valaisingronlund.fi\/wp-content\/uploads\/2020\/05\/basel-bronze-05-xl-1536x1536.jpg 1536w, https:\/\/valaisingronlund.fi\/wp-content\/uploads\/2020\/05\/basel-bronze-05-xl-60x60.jpg 60w, https:\/\/valaisingronlund.fi\/wp-content\/uploads\/2020\/05\/basel-bronze-05-xl-110x110.jpg 110w, https:\/\/valaisingronlund.fi\/wp-content\/uploads\/2020\/05\/basel-bronze-05-xl-512x512.jpg 512w, https:\/\/valaisingronlund.fi\/wp-content\/uploads\/2020\/05\/basel-bronze-05-xl-200x200.jpg 200w, https:\/\/valaisingronlund.fi\/wp-content\/uploads\/2020\/05\/basel-bronze-05-xl-50x50.jpg 50w, https:\/\/valaisingronlund.fi\/wp-content\/uploads\/2020\/05\/basel-bronze-05-xl-100x100.jpg 100w, https:\/\/valaisingronlund.fi\/wp-content\/uploads\/2020\/05\/basel-bronze-05-xl-64x64.jpg 64w, https:\/\/valaisingronlund.fi\/wp-content\/uploads\/2020\/05\/basel-bronze-05-xl.jpg 2048w\" sizes=\"auto, (max-width: 300px) 100vw, 300px\" \/><\/figure>\n<\/div>\n\n\n\n<div class=\"wp-block-column is-layout-flow wp-block-column-is-layout-flow\">\n<h1 class=\"wp-block-heading\" id=\"h-lighting-design\">Lighting Design<\/h1>\n\n\n\n<p><span class=\"space-a\">Lighting design is a core competence of the Gr\u00f6nlund Design Team. We design luminaires both for the Design by Gr\u00f6nlund collection and for a wide range of project-based applications. <\/span><span class=\"space-b\">We create custom-designed and functional luminaires for hotels, ships, cruise vessels, shopping centers, retail environments and other public spaces. <\/span><span class=\"space-b\">We have been designing lighting since 1981 and have developed a process that combines design, functionality and energy-efficient solutions. Our goal is to create luminaires that meet our clients\u2019 needs while enhancing the space with both light and visual refinement. <\/span><\/p>\n<\/div>\n<\/div>\n\n\n\n<div class=\"wp-block-group alignwide is-layout-constrained wp-block-group-is-layout-constrained\">\n<div style=\"height:20px\" aria-hidden=\"true\" class=\"wp-block-spacer\"><\/div>\n\n\n\n<hr class=\"wp-block-separator has-text-color has-tummaharmaa-color has-alpha-channel-opacity has-tummaharmaa-background-color has-background is-style-wide\" style=\"margin-top:var(--wp--preset--spacing--20);margin-bottom:var(--wp--preset--spacing--20)\"\/>\n\n\n\n<div style=\"height:30px\" aria-hidden=\"true\" class=\"wp-block-spacer\"><\/div>\n<\/div>\n<\/div>\n\n\n\n<div class=\"wp-block-group margincontentgroup is-layout-constrained wp-block-group-is-layout-constrained\">\n<div class=\"wp-block-columns is-layout-flex wp-container-core-columns-is-layout-28f84493 wp-block-columns-is-layout-flex\">\n<div class=\"wp-block-column is-layout-flow wp-block-column-is-layout-flow\" style=\"flex-basis:66.66%\">\n<h2 class=\"wp-block-heading\" id=\"h-gronlund-design-team\">Gr\u00f6nlund Design Team<\/h2>\n\n\n\n<p>At the heart of the Gr\u00f6nlund Design Team beats a passion for creating unique lighting fixtures that not only illuminate a space but also add style and individuality to it. Our goal is to enrich people&#8217;s lives by offering lighting that reflects the owners&#8217; personality and the sophistication of their decor. <\/p>\n\n\n\n<p>Every design we create is a carefully considered combination of easy-to-install functionality and robust construction, using only the best materials that are both physically and ecologically sustainable. We aim to craft lighting fixtures that not only meet the lighting needs of a space but also enhance its aesthetic value. When selecting surface materials, we start with a broad palette of colors and materials, conducting thorough testing before making final choices to ensure that each of our fixtures meets the demands of various interior design solutions.   <\/p>\n\n\n\n<p>Our design team, composed of experts in product design and electrical engineering, combines decades of experience with an innovative design process that begins with traditional pencil-and-paper sketches. This creative phase generates new and exciting ideas, which are further refined using <a href=\"https:\/\/valaisingronlund.fi\/en\/3d-models\">advanced 3D modeling software<\/a>. The final, polished appearance of a lighting fixture is achieved through <a href=\"https:\/\/valaisingronlund.fi\/en\/3d-presentations\">3D design<\/a> and photorealistic renderings, with a prototype created before production begins. This allows us to fine-tune the product to its final form.  <\/p>\n<\/div>\n\n\n\n<div class=\"wp-block-column is-layout-flow wp-block-column-is-layout-flow\" style=\"flex-basis:33.33%\">\n<figure class=\"wp-block-image aligncenter size-full\"><img loading=\"lazy\" decoding=\"async\" width=\"300\" height=\"600\" src=\"https:\/\/valaisingronlund.fi\/wp-content\/uploads\/2024\/04\/arm-table-wireframe-02f.jpg\" alt=\"arm table lamp design picture \" class=\"wp-image-70413\" style=\"object-fit:cover\" srcset=\"https:\/\/valaisingronlund.fi\/wp-content\/uploads\/2024\/04\/arm-table-wireframe-02f.jpg 300w, https:\/\/valaisingronlund.fi\/wp-content\/uploads\/2024\/04\/arm-table-wireframe-02f-150x300.jpg 150w, https:\/\/valaisingronlund.fi\/wp-content\/uploads\/2024\/04\/arm-table-wireframe-02f-60x120.jpg 60w, https:\/\/valaisingronlund.fi\/wp-content\/uploads\/2024\/04\/arm-table-wireframe-02f-110x220.jpg 110w, https:\/\/valaisingronlund.fi\/wp-content\/uploads\/2024\/04\/arm-table-wireframe-02f-64x128.jpg 64w\" sizes=\"auto, (max-width: 300px) 100vw, 300px\" \/><\/figure>\n<\/div>\n<\/div>\n\n\n\n<div class=\"wp-block-group alignwide is-layout-constrained wp-block-group-is-layout-constrained\">\n<div style=\"height:20px\" aria-hidden=\"true\" class=\"wp-block-spacer\"><\/div>\n\n\n\n<hr class=\"wp-block-separator has-text-color has-tummaharmaa-color has-alpha-channel-opacity has-tummaharmaa-background-color has-background is-style-wide\" style=\"margin-top:var(--wp--preset--spacing--20);margin-bottom:var(--wp--preset--spacing--20)\"\/>\n\n\n\n<div style=\"height:30px\" aria-hidden=\"true\" class=\"wp-block-spacer\"><\/div>\n<\/div>\n\n\n\n<div class=\"wp-block-columns is-layout-flex wp-container-core-columns-is-layout-28f84493 wp-block-columns-is-layout-flex\">\n<div class=\"wp-block-column is-layout-flow wp-block-column-is-layout-flow\" style=\"flex-basis:50%\">\n<figure class=\"wp-block-image aligncenter size-full\"><img loading=\"lazy\" decoding=\"async\" width=\"1600\" height=\"1600\" src=\"https:\/\/valaisingronlund.fi\/wp-content\/uploads\/2025\/01\/vg-design-process-01_sketch_fi-en.jpg\" alt=\"The lighting design process of the Gr\u00f6nlund Design Team from concept to finished product\" class=\"wp-image-72187\" srcset=\"https:\/\/valaisingronlund.fi\/wp-content\/uploads\/2025\/01\/vg-design-process-01_sketch_fi-en.jpg 1600w, https:\/\/valaisingronlund.fi\/wp-content\/uploads\/2025\/01\/vg-design-process-01_sketch_fi-en-300x300.jpg 300w, https:\/\/valaisingronlund.fi\/wp-content\/uploads\/2025\/01\/vg-design-process-01_sketch_fi-en-1024x1024.jpg 1024w, https:\/\/valaisingronlund.fi\/wp-content\/uploads\/2025\/01\/vg-design-process-01_sketch_fi-en-150x150.jpg 150w, https:\/\/valaisingronlund.fi\/wp-content\/uploads\/2025\/01\/vg-design-process-01_sketch_fi-en-768x768.jpg 768w, https:\/\/valaisingronlund.fi\/wp-content\/uploads\/2025\/01\/vg-design-process-01_sketch_fi-en-1536x1536.jpg 1536w, https:\/\/valaisingronlund.fi\/wp-content\/uploads\/2025\/01\/vg-design-process-01_sketch_fi-en-400x400.jpg 400w, https:\/\/valaisingronlund.fi\/wp-content\/uploads\/2025\/01\/vg-design-process-01_sketch_fi-en-600x600.jpg 600w, https:\/\/valaisingronlund.fi\/wp-content\/uploads\/2025\/01\/vg-design-process-01_sketch_fi-en-60x60.jpg 60w, https:\/\/valaisingronlund.fi\/wp-content\/uploads\/2025\/01\/vg-design-process-01_sketch_fi-en-110x110.jpg 110w, https:\/\/valaisingronlund.fi\/wp-content\/uploads\/2025\/01\/vg-design-process-01_sketch_fi-en-512x512.jpg 512w, https:\/\/valaisingronlund.fi\/wp-content\/uploads\/2025\/01\/vg-design-process-01_sketch_fi-en-200x200.jpg 200w, https:\/\/valaisingronlund.fi\/wp-content\/uploads\/2025\/01\/vg-design-process-01_sketch_fi-en-50x50.jpg 50w, https:\/\/valaisingronlund.fi\/wp-content\/uploads\/2025\/01\/vg-design-process-01_sketch_fi-en-100x100.jpg 100w, https:\/\/valaisingronlund.fi\/wp-content\/uploads\/2025\/01\/vg-design-process-01_sketch_fi-en-64x64.jpg 64w\" sizes=\"auto, (max-width: 1600px) 100vw, 1600px\" \/><\/figure>\n<\/div>\n\n\n\n<div class=\"wp-block-column is-layout-flow wp-block-column-is-layout-flow\" style=\"flex-basis:50%\">\n<h2 class=\"wp-block-heading\" id=\"h-project-design\">Project Design<\/h2>\n\n\n\n<p>The Gr\u00f6nlund Design Team doesn\u2019t just create lighting fixtures; we shape light itself. Our own Design by Gr\u00f6nlund lighting collection is merely the tip of the iceberg, as our team also designs custom lighting fixtures for a wide variety of projects &#8211; from hotels and restaurants to the luxurious spaces of ocean liners, trains, and lavish yachts. Whether it\u2019s a store, shopping center, retail shop, brick-and-mortar store, or gym; we possess the skill and experience to execute visionary lighting design that perfectly meets the client\u2019s needs.  <\/p>\n\n\n\n<p>Our process begins when a client presents their idea, whether as a drawing, a sketch, or a verbal description. From that moment forward, our Design Team embraces the challenge, designing a purpose-fit, visually compelling lighting fixture. We present our proposal to the client through modern <a href=\"https:\/\/valaisingronlund.fi\/en\/3d-presentations\">3D visualizations<\/a>, presentations, and videos, offering them the opportunity to provide detailed feedback. Through an intensive design process and dialogue, we continue working until we achieve a result that fulfills the client\u2019s expectations.   <\/p>\n\n\n\n<p>Afterwards, we offer a competitive quote, and upon acceptance, we begin the manufacture of a prototype. The production and delivery of the lighting fixtures are initiated following the client\u2019s approval, taking into consideration that although our design process is flexible and swift, production and transportation times need to be accounted for. Every project presents us with an opportunity to bring light and beauty to spaces, creating customized lighting fixtures that reflect Gr\u00f6nlund\u2019s commitment to quality and individuality.  <\/p>\n<\/div>\n<\/div>\n<\/div>\n<\/div>\n\n\n\n<div style=\"height:60px\" aria-hidden=\"true\" class=\"wp-block-spacer\"><\/div>\n","protected":false},"excerpt":{"rendered":"<p>Lighting Design Lighting design is a core competence of the Gr\u00f6nlund Design Team. We design luminaires both for the Design by Gr\u00f6nlund collection and for a wide range of project-based applications. We create custom-designed and functional luminaires for hotels, ships, cruise vessels, shopping centers, retail environments and other public spaces. We have been designing lighting [&hellip;]<\/p>\n","protected":false},"author":3,"featured_media":0,"parent":0,"menu_order":0,"comment_status":"closed","ping_status":"closed","template":"","meta":{"_acf_changed":false,"inline_featured_image":false,"_monsterinsights_skip_tracking":false,"_monsterinsights_sitenote_active":false,"_monsterinsights_sitenote_note":"","_monsterinsights_sitenote_category":0,"footnotes":""},"class_list":["post-71919","page","type-page","status-publish","hentry"],"acf":[],"yoast_head":"<!-- This site is optimized with the Yoast SEO Premium plugin v26.4 (Yoast SEO v26.9) - https:\/\/yoast.com\/product\/yoast-seo-premium-wordpress\/ -->\n<title>Lighting Design | Design by Gr\u00f6nlund | Valaisin Gr\u00f6nlund<\/title>\n<meta name=\"description\" content=\"Lighting design is a core expertise of the Gr\u00f6nlund Design Team. We design luminaires for our own collections and custom lighting projects.\" \/>\n<meta name=\"robots\" content=\"index, follow, max-snippet:-1, max-image-preview:large, max-video-preview:-1\" \/>\n<link rel=\"canonical\" href=\"https:\/\/valaisingronlund.fi\/en\/lighting-design\" \/>\n<meta property=\"og:locale\" content=\"en_US\" \/>\n<meta property=\"og:type\" content=\"article\" \/>\n<meta property=\"og:title\" content=\"Lighting Design\" \/>\n<meta property=\"og:description\" content=\"Lighting design is a core expertise of the Gr\u00f6nlund Design Team. We design luminaires for our own collections and custom lighting projects.\" \/>\n<meta property=\"og:url\" content=\"https:\/\/valaisingronlund.fi\/en\/lighting-design\" \/>\n<meta property=\"og:site_name\" content=\"Valaisin Gr\u00f6nlund\" \/>\n<meta property=\"article:publisher\" content=\"https:\/\/www.facebook.com\/valaisingronlund\/\" \/>\n<meta property=\"article:modified_time\" content=\"2026-03-12T10:38:33+00:00\" \/>\n<meta property=\"og:image\" content=\"https:\/\/valaisingronlund.fi\/wp-content\/uploads\/2024\/04\/hero_sketsit.jpg\" \/>\n\t<meta property=\"og:image:width\" content=\"2560\" \/>\n\t<meta property=\"og:image:height\" content=\"500\" \/>\n\t<meta property=\"og:image:type\" content=\"image\/jpeg\" \/>\n<meta name=\"twitter:card\" content=\"summary_large_image\" \/>\n<meta name=\"twitter:label1\" content=\"Est. reading time\" \/>\n\t<meta name=\"twitter:data1\" content=\"13 minutes\" \/>\n<script type=\"application\/ld+json\" class=\"yoast-schema-graph\">{\"@context\":\"https:\/\/schema.org\",\"@graph\":[{\"@type\":\"WebPage\",\"@id\":\"https:\/\/valaisingronlund.fi\/en\/lighting-design\",\"url\":\"https:\/\/valaisingronlund.fi\/en\/lighting-design\",\"name\":\"Lighting Design | Design by Gr\u00f6nlund | Valaisin Gr\u00f6nlund\",\"isPartOf\":{\"@id\":\"https:\/\/valaisingronlund.fi\/en\/#website\"},\"primaryImageOfPage\":{\"@id\":\"https:\/\/valaisingronlund.fi\/en\/lighting-design#primaryimage\"},\"image\":{\"@id\":\"https:\/\/valaisingronlund.fi\/en\/lighting-design#primaryimage\"},\"thumbnailUrl\":\"https:\/\/valaisingronlund.fi\/wp-content\/uploads\/2024\/04\/hero_sketsit.jpg\",\"datePublished\":\"2024-04-03T08:18:12+00:00\",\"dateModified\":\"2026-03-12T10:38:33+00:00\",\"description\":\"Lighting design is a core expertise of the Gr\u00f6nlund Design Team. We design luminaires for our own collections and custom lighting projects.\",\"breadcrumb\":{\"@id\":\"https:\/\/valaisingronlund.fi\/en\/lighting-design#breadcrumb\"},\"inLanguage\":\"en-US\",\"potentialAction\":[{\"@type\":\"ReadAction\",\"target\":[\"https:\/\/valaisingronlund.fi\/en\/lighting-design\"]}]},{\"@type\":\"ImageObject\",\"inLanguage\":\"en-US\",\"@id\":\"https:\/\/valaisingronlund.fi\/en\/lighting-design#primaryimage\",\"url\":\"https:\/\/valaisingronlund.fi\/wp-content\/uploads\/2024\/04\/hero_sketsit.jpg\",\"contentUrl\":\"https:\/\/valaisingronlund.fi\/wp-content\/uploads\/2024\/04\/hero_sketsit.jpg\"},{\"@type\":\"BreadcrumbList\",\"@id\":\"https:\/\/valaisingronlund.fi\/en\/lighting-design#breadcrumb\",\"itemListElement\":[{\"@type\":\"ListItem\",\"position\":1,\"name\":\"Home\",\"item\":\"https:\/\/valaisingronlund.fi\/en\"},{\"@type\":\"ListItem\",\"position\":2,\"name\":\"Lighting Design\"}]},{\"@type\":\"WebSite\",\"@id\":\"https:\/\/valaisingronlund.fi\/en\/#website\",\"url\":\"https:\/\/valaisingronlund.fi\/en\/\",\"name\":\"Valaisin Gr\u00f6nlund\",\"description\":\"Sisustusvalaisimien valmistus ja maahantuonti\",\"publisher\":{\"@id\":\"https:\/\/valaisingronlund.fi\/en\/#organization\"},\"potentialAction\":[{\"@type\":\"SearchAction\",\"target\":{\"@type\":\"EntryPoint\",\"urlTemplate\":\"https:\/\/valaisingronlund.fi\/en\/?s={search_term_string}\"},\"query-input\":{\"@type\":\"PropertyValueSpecification\",\"valueRequired\":true,\"valueName\":\"search_term_string\"}}],\"inLanguage\":\"en-US\"},{\"@type\":\"Organization\",\"@id\":\"https:\/\/valaisingronlund.fi\/en\/#organization\",\"name\":\"Valaisin Gr\u00f6nlund\",\"url\":\"https:\/\/valaisingronlund.fi\/en\/\",\"logo\":{\"@type\":\"ImageObject\",\"inLanguage\":\"en-US\",\"@id\":\"https:\/\/valaisingronlund.fi\/en\/#\/schema\/logo\/image\/\",\"url\":\"https:\/\/valaisingronlund.fi\/wp-content\/uploads\/2024\/03\/valaisin-gronlund-logo-squre.jpg\",\"contentUrl\":\"https:\/\/valaisingronlund.fi\/wp-content\/uploads\/2024\/03\/valaisin-gronlund-logo-squre.jpg\",\"width\":1024,\"height\":1024,\"caption\":\"Valaisin Gr\u00f6nlund\"},\"image\":{\"@id\":\"https:\/\/valaisingronlund.fi\/en\/#\/schema\/logo\/image\/\"},\"sameAs\":[\"https:\/\/www.facebook.com\/valaisingronlund\/\",\"https:\/\/www.instagram.com\/valaisingronlund\/\",\"https:\/\/fi.pinterest.com\/valaisingronlund\/\"],\"email\":\"info@valaisingronlund.fi\",\"telephone\":\"010 820 8200\",\"legalName\":\"Valaisin Gr\u00f6nlund Oy\",\"foundingDate\":\"1981-08-03\"}]}<\/script>\n<!-- \/ Yoast SEO Premium plugin. -->","yoast_head_json":{"title":"Lighting Design | Design by Gr\u00f6nlund | Valaisin Gr\u00f6nlund","description":"Lighting design is a core expertise of the Gr\u00f6nlund Design Team. We design luminaires for our own collections and custom lighting projects.","robots":{"index":"index","follow":"follow","max-snippet":"max-snippet:-1","max-image-preview":"max-image-preview:large","max-video-preview":"max-video-preview:-1"},"canonical":"https:\/\/valaisingronlund.fi\/en\/lighting-design","og_locale":"en_US","og_type":"article","og_title":"Lighting Design","og_description":"Lighting design is a core expertise of the Gr\u00f6nlund Design Team. We design luminaires for our own collections and custom lighting projects.","og_url":"https:\/\/valaisingronlund.fi\/en\/lighting-design","og_site_name":"Valaisin Gr\u00f6nlund","article_publisher":"https:\/\/www.facebook.com\/valaisingronlund\/","article_modified_time":"2026-03-12T10:38:33+00:00","og_image":[{"width":2560,"height":500,"url":"https:\/\/valaisingronlund.fi\/wp-content\/uploads\/2024\/04\/hero_sketsit.jpg","type":"image\/jpeg"}],"twitter_card":"summary_large_image","twitter_misc":{"Est. reading time":"13 minutes"},"schema":{"@context":"https:\/\/schema.org","@graph":[{"@type":"WebPage","@id":"https:\/\/valaisingronlund.fi\/en\/lighting-design","url":"https:\/\/valaisingronlund.fi\/en\/lighting-design","name":"Lighting Design | Design by Gr\u00f6nlund | Valaisin Gr\u00f6nlund","isPartOf":{"@id":"https:\/\/valaisingronlund.fi\/en\/#website"},"primaryImageOfPage":{"@id":"https:\/\/valaisingronlund.fi\/en\/lighting-design#primaryimage"},"image":{"@id":"https:\/\/valaisingronlund.fi\/en\/lighting-design#primaryimage"},"thumbnailUrl":"https:\/\/valaisingronlund.fi\/wp-content\/uploads\/2024\/04\/hero_sketsit.jpg","datePublished":"2024-04-03T08:18:12+00:00","dateModified":"2026-03-12T10:38:33+00:00","description":"Lighting design is a core expertise of the Gr\u00f6nlund Design Team. We design luminaires for our own collections and custom lighting projects.","breadcrumb":{"@id":"https:\/\/valaisingronlund.fi\/en\/lighting-design#breadcrumb"},"inLanguage":"en-US","potentialAction":[{"@type":"ReadAction","target":["https:\/\/valaisingronlund.fi\/en\/lighting-design"]}]},{"@type":"ImageObject","inLanguage":"en-US","@id":"https:\/\/valaisingronlund.fi\/en\/lighting-design#primaryimage","url":"https:\/\/valaisingronlund.fi\/wp-content\/uploads\/2024\/04\/hero_sketsit.jpg","contentUrl":"https:\/\/valaisingronlund.fi\/wp-content\/uploads\/2024\/04\/hero_sketsit.jpg"},{"@type":"BreadcrumbList","@id":"https:\/\/valaisingronlund.fi\/en\/lighting-design#breadcrumb","itemListElement":[{"@type":"ListItem","position":1,"name":"Home","item":"https:\/\/valaisingronlund.fi\/en"},{"@type":"ListItem","position":2,"name":"Lighting Design"}]},{"@type":"WebSite","@id":"https:\/\/valaisingronlund.fi\/en\/#website","url":"https:\/\/valaisingronlund.fi\/en\/","name":"Valaisin Gr\u00f6nlund","description":"Sisustusvalaisimien valmistus ja maahantuonti","publisher":{"@id":"https:\/\/valaisingronlund.fi\/en\/#organization"},"potentialAction":[{"@type":"SearchAction","target":{"@type":"EntryPoint","urlTemplate":"https:\/\/valaisingronlund.fi\/en\/?s={search_term_string}"},"query-input":{"@type":"PropertyValueSpecification","valueRequired":true,"valueName":"search_term_string"}}],"inLanguage":"en-US"},{"@type":"Organization","@id":"https:\/\/valaisingronlund.fi\/en\/#organization","name":"Valaisin Gr\u00f6nlund","url":"https:\/\/valaisingronlund.fi\/en\/","logo":{"@type":"ImageObject","inLanguage":"en-US","@id":"https:\/\/valaisingronlund.fi\/en\/#\/schema\/logo\/image\/","url":"https:\/\/valaisingronlund.fi\/wp-content\/uploads\/2024\/03\/valaisin-gronlund-logo-squre.jpg","contentUrl":"https:\/\/valaisingronlund.fi\/wp-content\/uploads\/2024\/03\/valaisin-gronlund-logo-squre.jpg","width":1024,"height":1024,"caption":"Valaisin Gr\u00f6nlund"},"image":{"@id":"https:\/\/valaisingronlund.fi\/en\/#\/schema\/logo\/image\/"},"sameAs":["https:\/\/www.facebook.com\/valaisingronlund\/","https:\/\/www.instagram.com\/valaisingronlund\/","https:\/\/fi.pinterest.com\/valaisingronlund\/"],"email":"info@valaisingronlund.fi","telephone":"010 820 8200","legalName":"Valaisin Gr\u00f6nlund Oy","foundingDate":"1981-08-03"}]}},"_links":{"self":[{"href":"https:\/\/valaisingronlund.fi\/en\/wp-json\/wp\/v2\/pages\/71919","targetHints":{"allow":["GET"]}}],"collection":[{"href":"https:\/\/valaisingronlund.fi\/en\/wp-json\/wp\/v2\/pages"}],"about":[{"href":"https:\/\/valaisingronlund.fi\/en\/wp-json\/wp\/v2\/types\/page"}],"author":[{"embeddable":true,"href":"https:\/\/valaisingronlund.fi\/en\/wp-json\/wp\/v2\/users\/3"}],"replies":[{"embeddable":true,"href":"https:\/\/valaisingronlund.fi\/en\/wp-json\/wp\/v2\/comments?post=71919"}],"version-history":[{"count":14,"href":"https:\/\/valaisingronlund.fi\/en\/wp-json\/wp\/v2\/pages\/71919\/revisions"}],"predecessor-version":[{"id":75758,"href":"https:\/\/valaisingronlund.fi\/en\/wp-json\/wp\/v2\/pages\/71919\/revisions\/75758"}],"wp:attachment":[{"href":"https:\/\/valaisingronlund.fi\/en\/wp-json\/wp\/v2\/media?parent=71919"}],"curies":[{"name":"wp","href":"https:\/\/api.w.org\/{rel}","templated":true}]}}