{"id":379,"date":"2017-08-08T08:41:51","date_gmt":"2017-08-08T05:41:51","guid":{"rendered":"http:\/\/valaisingronlund.fi\/?page_id=379"},"modified":"2026-03-12T13:41:35","modified_gmt":"2026-03-12T10:41:35","slug":"about-us","status":"publish","type":"page","link":"https:\/\/valaisingronlund.fi\/en\/about-us","title":{"rendered":"About us"},"content":{"rendered":"\n<div class=\"wp-block-group alignfull heroimagegroup is-layout-constrained wp-block-group-is-layout-constrained\">\n<figure class=\"wp-block-image alignfull size-full\"><img loading=\"lazy\" decoding=\"async\" width=\"2560\" height=\"500\" src=\"https:\/\/valaisingronlund.fi\/wp-content\/uploads\/2022\/10\/hero20_company2.jpg\" alt=\"Valaisin Gr\u00f6nlund was found 1981\" class=\"wp-image-63603\" srcset=\"https:\/\/valaisingronlund.fi\/wp-content\/uploads\/2022\/10\/hero20_company2.jpg 2560w, https:\/\/valaisingronlund.fi\/wp-content\/uploads\/2022\/10\/hero20_company2-300x59.jpg 300w, https:\/\/valaisingronlund.fi\/wp-content\/uploads\/2022\/10\/hero20_company2-1024x200.jpg 1024w, https:\/\/valaisingronlund.fi\/wp-content\/uploads\/2022\/10\/hero20_company2-768x150.jpg 768w, https:\/\/valaisingronlund.fi\/wp-content\/uploads\/2022\/10\/hero20_company2-1536x300.jpg 1536w, https:\/\/valaisingronlund.fi\/wp-content\/uploads\/2022\/10\/hero20_company2-2048x400.jpg 2048w, https:\/\/valaisingronlund.fi\/wp-content\/uploads\/2022\/10\/hero20_company2-60x12.jpg 60w, https:\/\/valaisingronlund.fi\/wp-content\/uploads\/2022\/10\/hero20_company2-110x21.jpg 110w, https:\/\/valaisingronlund.fi\/wp-content\/uploads\/2022\/10\/hero20_company2-512x100.jpg 512w, https:\/\/valaisingronlund.fi\/wp-content\/uploads\/2022\/10\/hero20_company2-64x13.jpg 64w\" sizes=\"auto, (max-width: 2560px) 100vw, 2560px\" \/><\/figure>\n\n\n\n<div style=\"height:60px\" aria-hidden=\"true\" class=\"wp-block-spacer herospacer\"><\/div>\n<\/div>\n\n\n\n<div class=\"wp-block-group pagedescriptiongroup is-layout-constrained wp-block-group-is-layout-constrained\">\n<div class=\"wp-block-columns is-layout-flex wp-container-core-columns-is-layout-28f84493 wp-block-columns-is-layout-flex\">\n<div class=\"wp-block-column is-layout-flow wp-block-column-is-layout-flow\">\n<figure class=\"wp-block-image aligncenter size-medium titleimage\"><a href=\"https:\/\/valaisingronlund.fi\/wp-content\/uploads\/2018\/01\/acoustic-circulo-080-503-dark-grey-01a-ux.jpg\"><img loading=\"lazy\" decoding=\"async\" width=\"300\" height=\"300\" src=\"https:\/\/valaisingronlund.fi\/wp-content\/uploads\/2018\/01\/acoustic-circulo-080-503-dark-grey-01a-ux-300x300.jpg\" alt=\"Acoustic Circulo pendant.\" class=\"wp-image-62831\" srcset=\"https:\/\/valaisingronlund.fi\/wp-content\/uploads\/2018\/01\/acoustic-circulo-080-503-dark-grey-01a-ux-300x300.jpg 300w, https:\/\/valaisingronlund.fi\/wp-content\/uploads\/2018\/01\/acoustic-circulo-080-503-dark-grey-01a-ux-1024x1024.jpg 1024w, https:\/\/valaisingronlund.fi\/wp-content\/uploads\/2018\/01\/acoustic-circulo-080-503-dark-grey-01a-ux-150x150.jpg 150w, https:\/\/valaisingronlund.fi\/wp-content\/uploads\/2018\/01\/acoustic-circulo-080-503-dark-grey-01a-ux-768x768.jpg 768w, https:\/\/valaisingronlund.fi\/wp-content\/uploads\/2018\/01\/acoustic-circulo-080-503-dark-grey-01a-ux-1536x1536.jpg 1536w, https:\/\/valaisingronlund.fi\/wp-content\/uploads\/2018\/01\/acoustic-circulo-080-503-dark-grey-01a-ux-512x512.jpg 512w, https:\/\/valaisingronlund.fi\/wp-content\/uploads\/2018\/01\/acoustic-circulo-080-503-dark-grey-01a-ux-200x200.jpg 200w, https:\/\/valaisingronlund.fi\/wp-content\/uploads\/2018\/01\/acoustic-circulo-080-503-dark-grey-01a-ux-50x50.jpg 50w, https:\/\/valaisingronlund.fi\/wp-content\/uploads\/2018\/01\/acoustic-circulo-080-503-dark-grey-01a-ux-100x100.jpg 100w, https:\/\/valaisingronlund.fi\/wp-content\/uploads\/2018\/01\/acoustic-circulo-080-503-dark-grey-01a-ux-64x64.jpg 64w, https:\/\/valaisingronlund.fi\/wp-content\/uploads\/2018\/01\/acoustic-circulo-080-503-dark-grey-01a-ux.jpg 2048w\" sizes=\"auto, (max-width: 300px) 100vw, 300px\" \/><\/a><\/figure>\n<\/div>\n\n\n\n<div class=\"wp-block-column is-layout-flow wp-block-column-is-layout-flow\">\n<h1 class=\"wp-block-heading\" id=\"h-valaisin-gronlund\">Valaisin Gr\u00f6nlund<\/h1>\n\n\n\n<p>Valaisin Gr\u00f6nlund is a designer and producer of interior lighting. Company was founded in 1981 and has been running by Gr\u00f6nlund family since then. Company premises are located in, Kaarina, South-West Finland. Valaisin Gr\u00f6nlund is known of high quality products and its professional and friendly customer service.<\/p>\n<\/div>\n<\/div>\n\n\n\n<div class=\"wp-block-group alignwide is-layout-constrained wp-block-group-is-layout-constrained\">\n<div style=\"height:20px\" aria-hidden=\"true\" class=\"wp-block-spacer\"><\/div>\n\n\n\n<hr class=\"wp-block-separator has-text-color has-tummaharmaa-color has-alpha-channel-opacity has-tummaharmaa-background-color has-background is-style-wide\" style=\"margin-top:var(--wp--preset--spacing--20);margin-bottom:var(--wp--preset--spacing--20)\"\/>\n\n\n\n<div style=\"height:30px\" aria-hidden=\"true\" class=\"wp-block-spacer\"><\/div>\n<\/div>\n<\/div>\n\n\n\n<div class=\"wp-block-group is-layout-constrained wp-block-group-is-layout-constrained\">\n<div class=\"wp-block-columns is-layout-flex wp-container-core-columns-is-layout-28f84493 wp-block-columns-is-layout-flex\">\n<div class=\"wp-block-column is-layout-flow wp-block-column-is-layout-flow\" style=\"flex-basis:66.66%\">\n<figure class=\"wp-block-image size-large\"><a href=\"https:\/\/valaisingronlund.fi\/wp-content\/uploads\/2021\/07\/finder-miljoo-01-big.jpg\"><img loading=\"lazy\" decoding=\"async\" width=\"1024\" height=\"576\" src=\"https:\/\/valaisingronlund.fi\/wp-content\/uploads\/2021\/07\/finder-miljoo-01-big-1024x576.jpg\" alt=\"\" class=\"wp-image-48232\" srcset=\"https:\/\/valaisingronlund.fi\/wp-content\/uploads\/2021\/07\/finder-miljoo-01-big-1024x576.jpg 1024w, https:\/\/valaisingronlund.fi\/wp-content\/uploads\/2021\/07\/finder-miljoo-01-big-600x338.jpg 600w, https:\/\/valaisingronlund.fi\/wp-content\/uploads\/2021\/07\/finder-miljoo-01-big-300x169.jpg 300w, https:\/\/valaisingronlund.fi\/wp-content\/uploads\/2021\/07\/finder-miljoo-01-big-768x432.jpg 768w, https:\/\/valaisingronlund.fi\/wp-content\/uploads\/2021\/07\/finder-miljoo-01-big-1536x864.jpg 1536w, https:\/\/valaisingronlund.fi\/wp-content\/uploads\/2021\/07\/finder-miljoo-01-big.jpg 1920w\" sizes=\"auto, (max-width: 1024px) 100vw, 1024px\" \/><\/a><\/figure>\n<\/div>\n\n\n\n<div class=\"wp-block-column is-layout-flow wp-block-column-is-layout-flow\" style=\"flex-basis:33.33%\">\n<p>Our collection is <a href=\"https:\/\/valaisingronlund.fi\/en\/product-section\/design-by-gronlund\">Design by Gr\u00f6nlund<\/a>-lighting collection designed by Gr\u00f6nlund Design Team. We represent a wide range of high quality products which are designed for people who consider style and individual design. Our products can be purchased from furniture stores, department stores, lighting stores and interior stores.<\/p>\n\n\n\n<p>We also design and manufacture custom made lamps for hotels, <a href=\"https:\/\/valaisingronlund.fi\/en\/portfolio\/ship-lighting\">cruising vessels<\/a>, restaurants and other public premises all over the world.<\/p>\n<\/div>\n<\/div>\n\n\n\n<div style=\"height:16px\" aria-hidden=\"true\" class=\"wp-block-spacer\"><\/div>\n\n\n\n<div class=\"wp-block-buttons is-content-justification-center is-layout-flex wp-container-core-buttons-is-layout-a89b3969 wp-block-buttons-is-layout-flex\">\n<div class=\"wp-block-button hotel-light-button\"><a class=\"wp-block-button__link wp-element-button\" href=\"https:\/\/valaisingronlund.fi\/en\/contact-us\">Contact us<\/a><\/div>\n<\/div>\n\n\n\n<div style=\"height:80px\" aria-hidden=\"true\" class=\"wp-block-spacer\"><\/div>\n<\/div>\n","protected":false},"excerpt":{"rendered":"<p>Valaisin Gr\u00f6nlund Valaisin Gr\u00f6nlund is a designer and producer of interior lighting. Company was founded in 1981 and has been running by Gr\u00f6nlund family since then. Company premises are located in, Kaarina, South-West Finland. Valaisin Gr\u00f6nlund is known of high quality products and its professional and friendly customer service. Our collection is Design by Gr\u00f6nlund-lighting [&hellip;]<\/p>\n","protected":false},"author":1,"featured_media":0,"parent":0,"menu_order":0,"comment_status":"closed","ping_status":"closed","template":"","meta":{"_acf_changed":false,"inline_featured_image":false,"_monsterinsights_skip_tracking":false,"_monsterinsights_sitenote_active":false,"_monsterinsights_sitenote_note":"","_monsterinsights_sitenote_category":0,"footnotes":""},"class_list":["post-379","page","type-page","status-publish","hentry"],"acf":[],"yoast_head":"<!-- This site is optimized with the Yoast SEO Premium plugin v26.4 (Yoast SEO v26.9) - https:\/\/yoast.com\/product\/yoast-seo-premium-wordpress\/ -->\n<title>About us | Valaisin Gr\u00f6nlund<\/title>\n<meta name=\"description\" content=\"Valaisin Gr\u00f6nlund - a designer and producer of decorative lighting since 1981. We represent high-quality products and offer professional customer service.\" \/>\n<meta name=\"robots\" content=\"index, follow, max-snippet:-1, max-image-preview:large, max-video-preview:-1\" \/>\n<link rel=\"canonical\" href=\"https:\/\/valaisingronlund.fi\/en\/about-us\" \/>\n<meta property=\"og:locale\" content=\"en_US\" \/>\n<meta property=\"og:type\" content=\"article\" \/>\n<meta property=\"og:title\" content=\"About us\" \/>\n<meta property=\"og:description\" content=\"Valaisin Gr\u00f6nlund - a designer and producer of decorative lighting since 1981. We represent high-quality products and offer professional customer service.\" \/>\n<meta property=\"og:url\" content=\"https:\/\/valaisingronlund.fi\/en\/about-us\" \/>\n<meta property=\"og:site_name\" content=\"Valaisin Gr\u00f6nlund\" \/>\n<meta property=\"article:publisher\" content=\"https:\/\/www.facebook.com\/valaisingronlund\/\" \/>\n<meta property=\"article:modified_time\" content=\"2026-03-12T10:41:35+00:00\" \/>\n<meta property=\"og:image\" content=\"https:\/\/valaisingronlund.fi\/wp-content\/uploads\/2022\/10\/hero20_company2.jpg\" \/>\n\t<meta property=\"og:image:width\" content=\"2560\" \/>\n\t<meta property=\"og:image:height\" content=\"500\" \/>\n\t<meta property=\"og:image:type\" content=\"image\/jpeg\" \/>\n<meta name=\"twitter:card\" content=\"summary_large_image\" \/>\n<meta name=\"twitter:label1\" content=\"Est. reading time\" \/>\n\t<meta name=\"twitter:data1\" content=\"3 minutes\" \/>\n<script type=\"application\/ld+json\" class=\"yoast-schema-graph\">{\"@context\":\"https:\/\/schema.org\",\"@graph\":[{\"@type\":\"WebPage\",\"@id\":\"https:\/\/valaisingronlund.fi\/en\/about-us\",\"url\":\"https:\/\/valaisingronlund.fi\/en\/about-us\",\"name\":\"About us | Valaisin Gr\u00f6nlund\",\"isPartOf\":{\"@id\":\"https:\/\/valaisingronlund.fi\/en\/#website\"},\"primaryImageOfPage\":{\"@id\":\"https:\/\/valaisingronlund.fi\/en\/about-us#primaryimage\"},\"image\":{\"@id\":\"https:\/\/valaisingronlund.fi\/en\/about-us#primaryimage\"},\"thumbnailUrl\":\"https:\/\/valaisingronlund.fi\/wp-content\/uploads\/2022\/10\/hero20_company2.jpg\",\"datePublished\":\"2017-08-08T05:41:51+00:00\",\"dateModified\":\"2026-03-12T10:41:35+00:00\",\"description\":\"Valaisin Gr\u00f6nlund - a designer and producer of decorative lighting since 1981. We represent high-quality products and offer professional customer service.\",\"breadcrumb\":{\"@id\":\"https:\/\/valaisingronlund.fi\/en\/about-us#breadcrumb\"},\"inLanguage\":\"en-US\",\"potentialAction\":[{\"@type\":\"ReadAction\",\"target\":[\"https:\/\/valaisingronlund.fi\/en\/about-us\"]}]},{\"@type\":\"ImageObject\",\"inLanguage\":\"en-US\",\"@id\":\"https:\/\/valaisingronlund.fi\/en\/about-us#primaryimage\",\"url\":\"https:\/\/valaisingronlund.fi\/wp-content\/uploads\/2022\/10\/hero20_company2.jpg\",\"contentUrl\":\"https:\/\/valaisingronlund.fi\/wp-content\/uploads\/2022\/10\/hero20_company2.jpg\"},{\"@type\":\"BreadcrumbList\",\"@id\":\"https:\/\/valaisingronlund.fi\/en\/about-us#breadcrumb\",\"itemListElement\":[{\"@type\":\"ListItem\",\"position\":1,\"name\":\"Home\",\"item\":\"https:\/\/valaisingronlund.fi\/en\"},{\"@type\":\"ListItem\",\"position\":2,\"name\":\"About us\"}]},{\"@type\":\"WebSite\",\"@id\":\"https:\/\/valaisingronlund.fi\/en\/#website\",\"url\":\"https:\/\/valaisingronlund.fi\/en\/\",\"name\":\"Valaisin Gr\u00f6nlund\",\"description\":\"Sisustusvalaisimien valmistus ja maahantuonti\",\"publisher\":{\"@id\":\"https:\/\/valaisingronlund.fi\/en\/#organization\"},\"potentialAction\":[{\"@type\":\"SearchAction\",\"target\":{\"@type\":\"EntryPoint\",\"urlTemplate\":\"https:\/\/valaisingronlund.fi\/en\/?s={search_term_string}\"},\"query-input\":{\"@type\":\"PropertyValueSpecification\",\"valueRequired\":true,\"valueName\":\"search_term_string\"}}],\"inLanguage\":\"en-US\"},{\"@type\":\"Organization\",\"@id\":\"https:\/\/valaisingronlund.fi\/en\/#organization\",\"name\":\"Valaisin Gr\u00f6nlund\",\"url\":\"https:\/\/valaisingronlund.fi\/en\/\",\"logo\":{\"@type\":\"ImageObject\",\"inLanguage\":\"en-US\",\"@id\":\"https:\/\/valaisingronlund.fi\/en\/#\/schema\/logo\/image\/\",\"url\":\"https:\/\/valaisingronlund.fi\/wp-content\/uploads\/2024\/03\/valaisin-gronlund-logo-squre.jpg\",\"contentUrl\":\"https:\/\/valaisingronlund.fi\/wp-content\/uploads\/2024\/03\/valaisin-gronlund-logo-squre.jpg\",\"width\":1024,\"height\":1024,\"caption\":\"Valaisin Gr\u00f6nlund\"},\"image\":{\"@id\":\"https:\/\/valaisingronlund.fi\/en\/#\/schema\/logo\/image\/\"},\"sameAs\":[\"https:\/\/www.facebook.com\/valaisingronlund\/\",\"https:\/\/www.instagram.com\/valaisingronlund\/\",\"https:\/\/fi.pinterest.com\/valaisingronlund\/\"],\"email\":\"info@valaisingronlund.fi\",\"telephone\":\"010 820 8200\",\"legalName\":\"Valaisin Gr\u00f6nlund Oy\",\"foundingDate\":\"1981-08-03\"}]}<\/script>\n<!-- \/ Yoast SEO Premium plugin. -->","yoast_head_json":{"title":"About us | Valaisin Gr\u00f6nlund","description":"Valaisin Gr\u00f6nlund - a designer and producer of decorative lighting since 1981. We represent high-quality products and offer professional customer service.","robots":{"index":"index","follow":"follow","max-snippet":"max-snippet:-1","max-image-preview":"max-image-preview:large","max-video-preview":"max-video-preview:-1"},"canonical":"https:\/\/valaisingronlund.fi\/en\/about-us","og_locale":"en_US","og_type":"article","og_title":"About us","og_description":"Valaisin Gr\u00f6nlund - a designer and producer of decorative lighting since 1981. We represent high-quality products and offer professional customer service.","og_url":"https:\/\/valaisingronlund.fi\/en\/about-us","og_site_name":"Valaisin Gr\u00f6nlund","article_publisher":"https:\/\/www.facebook.com\/valaisingronlund\/","article_modified_time":"2026-03-12T10:41:35+00:00","og_image":[{"width":2560,"height":500,"url":"https:\/\/valaisingronlund.fi\/wp-content\/uploads\/2022\/10\/hero20_company2.jpg","type":"image\/jpeg"}],"twitter_card":"summary_large_image","twitter_misc":{"Est. reading time":"3 minutes"},"schema":{"@context":"https:\/\/schema.org","@graph":[{"@type":"WebPage","@id":"https:\/\/valaisingronlund.fi\/en\/about-us","url":"https:\/\/valaisingronlund.fi\/en\/about-us","name":"About us | Valaisin Gr\u00f6nlund","isPartOf":{"@id":"https:\/\/valaisingronlund.fi\/en\/#website"},"primaryImageOfPage":{"@id":"https:\/\/valaisingronlund.fi\/en\/about-us#primaryimage"},"image":{"@id":"https:\/\/valaisingronlund.fi\/en\/about-us#primaryimage"},"thumbnailUrl":"https:\/\/valaisingronlund.fi\/wp-content\/uploads\/2022\/10\/hero20_company2.jpg","datePublished":"2017-08-08T05:41:51+00:00","dateModified":"2026-03-12T10:41:35+00:00","description":"Valaisin Gr\u00f6nlund - a designer and producer of decorative lighting since 1981. We represent high-quality products and offer professional customer service.","breadcrumb":{"@id":"https:\/\/valaisingronlund.fi\/en\/about-us#breadcrumb"},"inLanguage":"en-US","potentialAction":[{"@type":"ReadAction","target":["https:\/\/valaisingronlund.fi\/en\/about-us"]}]},{"@type":"ImageObject","inLanguage":"en-US","@id":"https:\/\/valaisingronlund.fi\/en\/about-us#primaryimage","url":"https:\/\/valaisingronlund.fi\/wp-content\/uploads\/2022\/10\/hero20_company2.jpg","contentUrl":"https:\/\/valaisingronlund.fi\/wp-content\/uploads\/2022\/10\/hero20_company2.jpg"},{"@type":"BreadcrumbList","@id":"https:\/\/valaisingronlund.fi\/en\/about-us#breadcrumb","itemListElement":[{"@type":"ListItem","position":1,"name":"Home","item":"https:\/\/valaisingronlund.fi\/en"},{"@type":"ListItem","position":2,"name":"About us"}]},{"@type":"WebSite","@id":"https:\/\/valaisingronlund.fi\/en\/#website","url":"https:\/\/valaisingronlund.fi\/en\/","name":"Valaisin Gr\u00f6nlund","description":"Sisustusvalaisimien valmistus ja maahantuonti","publisher":{"@id":"https:\/\/valaisingronlund.fi\/en\/#organization"},"potentialAction":[{"@type":"SearchAction","target":{"@type":"EntryPoint","urlTemplate":"https:\/\/valaisingronlund.fi\/en\/?s={search_term_string}"},"query-input":{"@type":"PropertyValueSpecification","valueRequired":true,"valueName":"search_term_string"}}],"inLanguage":"en-US"},{"@type":"Organization","@id":"https:\/\/valaisingronlund.fi\/en\/#organization","name":"Valaisin Gr\u00f6nlund","url":"https:\/\/valaisingronlund.fi\/en\/","logo":{"@type":"ImageObject","inLanguage":"en-US","@id":"https:\/\/valaisingronlund.fi\/en\/#\/schema\/logo\/image\/","url":"https:\/\/valaisingronlund.fi\/wp-content\/uploads\/2024\/03\/valaisin-gronlund-logo-squre.jpg","contentUrl":"https:\/\/valaisingronlund.fi\/wp-content\/uploads\/2024\/03\/valaisin-gronlund-logo-squre.jpg","width":1024,"height":1024,"caption":"Valaisin Gr\u00f6nlund"},"image":{"@id":"https:\/\/valaisingronlund.fi\/en\/#\/schema\/logo\/image\/"},"sameAs":["https:\/\/www.facebook.com\/valaisingronlund\/","https:\/\/www.instagram.com\/valaisingronlund\/","https:\/\/fi.pinterest.com\/valaisingronlund\/"],"email":"info@valaisingronlund.fi","telephone":"010 820 8200","legalName":"Valaisin Gr\u00f6nlund Oy","foundingDate":"1981-08-03"}]}},"_links":{"self":[{"href":"https:\/\/valaisingronlund.fi\/en\/wp-json\/wp\/v2\/pages\/379","targetHints":{"allow":["GET"]}}],"collection":[{"href":"https:\/\/valaisingronlund.fi\/en\/wp-json\/wp\/v2\/pages"}],"about":[{"href":"https:\/\/valaisingronlund.fi\/en\/wp-json\/wp\/v2\/types\/page"}],"author":[{"embeddable":true,"href":"https:\/\/valaisingronlund.fi\/en\/wp-json\/wp\/v2\/users\/1"}],"replies":[{"embeddable":true,"href":"https:\/\/valaisingronlund.fi\/en\/wp-json\/wp\/v2\/comments?post=379"}],"version-history":[{"count":18,"href":"https:\/\/valaisingronlund.fi\/en\/wp-json\/wp\/v2\/pages\/379\/revisions"}],"predecessor-version":[{"id":75761,"href":"https:\/\/valaisingronlund.fi\/en\/wp-json\/wp\/v2\/pages\/379\/revisions\/75761"}],"wp:attachment":[{"href":"https:\/\/valaisingronlund.fi\/en\/wp-json\/wp\/v2\/media?parent=379"}],"curies":[{"name":"wp","href":"https:\/\/api.w.org\/{rel}","templated":true}]}}