{"id":22691,"date":"2017-08-25T09:03:39","date_gmt":"2017-08-25T06:03:39","guid":{"rendered":"http:\/\/valaisingronlund.fi\/kuvastot"},"modified":"2026-03-12T13:34:59","modified_gmt":"2026-03-12T10:34:59","slug":"catalogues","status":"publish","type":"page","link":"https:\/\/valaisingronlund.fi\/en\/catalogues","title":{"rendered":"Catalogues"},"content":{"rendered":"\n<div class=\"wp-block-group alignfull heroimagegroup is-layout-constrained wp-block-group-is-layout-constrained\">\n<figure class=\"wp-block-gallery alignfull has-nested-images columns-default is-cropped wp-block-gallery-1 is-layout-flex wp-block-gallery-is-layout-flex\">\n<figure class=\"wp-block-image size-full heroimage\"><img loading=\"lazy\" decoding=\"async\" width=\"2560\" height=\"500\" data-id=\"70562\" src=\"https:\/\/valaisingronlund.fi\/wp-content\/uploads\/2024\/04\/hero-tuotekuvastot-esitteet.jpg\" alt=\"Hero image for Catalogues of Valaisi Gr\u00f6nlund<br&gt;\" class=\"wp-image-70562\" srcset=\"https:\/\/valaisingronlund.fi\/wp-content\/uploads\/2024\/04\/hero-tuotekuvastot-esitteet.jpg 2560w, https:\/\/valaisingronlund.fi\/wp-content\/uploads\/2024\/04\/hero-tuotekuvastot-esitteet-300x59.jpg 300w, https:\/\/valaisingronlund.fi\/wp-content\/uploads\/2024\/04\/hero-tuotekuvastot-esitteet-1024x200.jpg 1024w, https:\/\/valaisingronlund.fi\/wp-content\/uploads\/2024\/04\/hero-tuotekuvastot-esitteet-768x150.jpg 768w, https:\/\/valaisingronlund.fi\/wp-content\/uploads\/2024\/04\/hero-tuotekuvastot-esitteet-1536x300.jpg 1536w, https:\/\/valaisingronlund.fi\/wp-content\/uploads\/2024\/04\/hero-tuotekuvastot-esitteet-2048x400.jpg 2048w, https:\/\/valaisingronlund.fi\/wp-content\/uploads\/2024\/04\/hero-tuotekuvastot-esitteet-60x12.jpg 60w, https:\/\/valaisingronlund.fi\/wp-content\/uploads\/2024\/04\/hero-tuotekuvastot-esitteet-110x21.jpg 110w, https:\/\/valaisingronlund.fi\/wp-content\/uploads\/2024\/04\/hero-tuotekuvastot-esitteet-512x100.jpg 512w, https:\/\/valaisingronlund.fi\/wp-content\/uploads\/2024\/04\/hero-tuotekuvastot-esitteet-64x13.jpg 64w\" sizes=\"auto, (max-width: 2560px) 100vw, 2560px\" \/><\/figure>\n<\/figure>\n\n\n\n<div style=\"height:60px\" aria-hidden=\"true\" class=\"wp-block-spacer\"><\/div>\n<\/div>\n\n\n\n<div class=\"wp-block-group pagedescriptiongroup is-layout-constrained wp-block-group-is-layout-constrained\">\n<div class=\"wp-block-columns is-layout-flex wp-container-core-columns-is-layout-28f84493 wp-block-columns-is-layout-flex\">\n<div class=\"wp-block-column is-layout-flow wp-block-column-is-layout-flow\">\n<figure class=\"wp-block-image aligncenter size-medium is-resized titleimage\"><img loading=\"lazy\" decoding=\"async\" width=\"300\" height=\"300\" src=\"https:\/\/valaisingronlund.fi\/wp-content\/uploads\/2025\/12\/valaisin-gronlund-lighting-catalogue-2026-300x300.jpg\" alt=\"\" class=\"wp-image-74995\" srcset=\"https:\/\/valaisingronlund.fi\/wp-content\/uploads\/2025\/12\/valaisin-gronlund-lighting-catalogue-2026-300x300.jpg 300w, https:\/\/valaisingronlund.fi\/wp-content\/uploads\/2025\/12\/valaisin-gronlund-lighting-catalogue-2026-1024x1024.jpg 1024w, https:\/\/valaisingronlund.fi\/wp-content\/uploads\/2025\/12\/valaisin-gronlund-lighting-catalogue-2026-150x150.jpg 150w, https:\/\/valaisingronlund.fi\/wp-content\/uploads\/2025\/12\/valaisin-gronlund-lighting-catalogue-2026-768x768.jpg 768w, https:\/\/valaisingronlund.fi\/wp-content\/uploads\/2025\/12\/valaisin-gronlund-lighting-catalogue-2026-1536x1536.jpg 1536w, https:\/\/valaisingronlund.fi\/wp-content\/uploads\/2025\/12\/valaisin-gronlund-lighting-catalogue-2026-60x60.jpg 60w, https:\/\/valaisingronlund.fi\/wp-content\/uploads\/2025\/12\/valaisin-gronlund-lighting-catalogue-2026-512x512.jpg 512w, https:\/\/valaisingronlund.fi\/wp-content\/uploads\/2025\/12\/valaisin-gronlund-lighting-catalogue-2026-200x200.jpg 200w, https:\/\/valaisingronlund.fi\/wp-content\/uploads\/2025\/12\/valaisin-gronlund-lighting-catalogue-2026-50x50.jpg 50w, https:\/\/valaisingronlund.fi\/wp-content\/uploads\/2025\/12\/valaisin-gronlund-lighting-catalogue-2026-100x100.jpg 100w, https:\/\/valaisingronlund.fi\/wp-content\/uploads\/2025\/12\/valaisin-gronlund-lighting-catalogue-2026-64x64.jpg 64w, https:\/\/valaisingronlund.fi\/wp-content\/uploads\/2025\/12\/valaisin-gronlund-lighting-catalogue-2026.jpg 2048w\" sizes=\"auto, (max-width: 300px) 100vw, 300px\" \/><\/figure>\n<\/div>\n\n\n\n<div class=\"wp-block-column is-layout-flow wp-block-column-is-layout-flow\">\n<h1 class=\"wp-block-heading\" id=\"h-catalogue-2026\">Catalogue 2026 <br><\/h1>\n\n\n\n<p><span class=\"space-a\">The Valaisin Gr\u00f6nlund lighting catalogue brings together the latest, most popular and timeless luminaires from the Design by Gr\u00f6nlund collection. The catalogue features a wide range of table, ceiling, floor and wall lights, as well as special products such as acoustic luminaires and LED solutions. It provides an inspiring overview of the collection and helps visualize how different lighting solutions work in residential and public environments. <\/span><span class=\"space-b\">You can browse the catalogue online or download it for project planning, interior design or product comparison. The catalogue is updated regularly to ensure access to the most current selection.<\/span><\/p>\n<\/div>\n<\/div>\n\n\n\n<div class=\"wp-block-group alignwide is-layout-constrained wp-block-group-is-layout-constrained\">\n<div style=\"height:20px\" aria-hidden=\"true\" class=\"wp-block-spacer\"><\/div>\n\n\n\n<hr class=\"wp-block-separator has-text-color has-tummaharmaa-color has-alpha-channel-opacity has-tummaharmaa-background-color has-background is-style-wide\" style=\"margin-top:var(--wp--preset--spacing--20);margin-bottom:var(--wp--preset--spacing--20)\"\/>\n\n\n\n<div style=\"height:30px\" aria-hidden=\"true\" class=\"wp-block-spacer\"><\/div>\n<\/div>\n<\/div>\n\n\n\n<div class=\"wp-block-group is-layout-constrained wp-block-group-is-layout-constrained\">\n<div class=\"wp-block-columns is-layout-flex wp-container-core-columns-is-layout-28f84493 wp-block-columns-is-layout-flex\">\n<div class=\"wp-block-column is-layout-flow wp-block-column-is-layout-flow\">\n<figure class=\"wp-block-image size-large\"><a href=\"https:\/\/drive.google.com\/file\/d\/1AhLP_bxbJus8s8wk5b044NRchWtEPnH6\/view\" target=\"_blank\" rel=\" noreferrer noopener\"><img loading=\"lazy\" decoding=\"async\" width=\"1024\" height=\"1024\" src=\"https:\/\/valaisingronlund.fi\/wp-content\/uploads\/2025\/12\/valaisin-gronlund-lighting-catalogue-2026-1024x1024.jpg\" alt=\"\" class=\"wp-image-74995\" srcset=\"https:\/\/valaisingronlund.fi\/wp-content\/uploads\/2025\/12\/valaisin-gronlund-lighting-catalogue-2026-1024x1024.jpg 1024w, https:\/\/valaisingronlund.fi\/wp-content\/uploads\/2025\/12\/valaisin-gronlund-lighting-catalogue-2026-300x300.jpg 300w, https:\/\/valaisingronlund.fi\/wp-content\/uploads\/2025\/12\/valaisin-gronlund-lighting-catalogue-2026-150x150.jpg 150w, https:\/\/valaisingronlund.fi\/wp-content\/uploads\/2025\/12\/valaisin-gronlund-lighting-catalogue-2026-768x768.jpg 768w, https:\/\/valaisingronlund.fi\/wp-content\/uploads\/2025\/12\/valaisin-gronlund-lighting-catalogue-2026-1536x1536.jpg 1536w, https:\/\/valaisingronlund.fi\/wp-content\/uploads\/2025\/12\/valaisin-gronlund-lighting-catalogue-2026-60x60.jpg 60w, https:\/\/valaisingronlund.fi\/wp-content\/uploads\/2025\/12\/valaisin-gronlund-lighting-catalogue-2026-512x512.jpg 512w, https:\/\/valaisingronlund.fi\/wp-content\/uploads\/2025\/12\/valaisin-gronlund-lighting-catalogue-2026-200x200.jpg 200w, https:\/\/valaisingronlund.fi\/wp-content\/uploads\/2025\/12\/valaisin-gronlund-lighting-catalogue-2026-50x50.jpg 50w, https:\/\/valaisingronlund.fi\/wp-content\/uploads\/2025\/12\/valaisin-gronlund-lighting-catalogue-2026-100x100.jpg 100w, https:\/\/valaisingronlund.fi\/wp-content\/uploads\/2025\/12\/valaisin-gronlund-lighting-catalogue-2026-64x64.jpg 64w, https:\/\/valaisingronlund.fi\/wp-content\/uploads\/2025\/12\/valaisin-gronlund-lighting-catalogue-2026.jpg 2048w\" sizes=\"auto, (max-width: 1024px) 100vw, 1024px\" \/><\/a><\/figure>\n\n\n\n<div class=\"wp-block-buttons btncatalogue is-content-justification-center is-layout-flex wp-container-core-buttons-is-layout-a89b3969 wp-block-buttons-is-layout-flex\">\n<div class=\"wp-block-button\"><a class=\"wp-block-button__link wp-element-button\" href=\"https:\/\/drive.google.com\/file\/d\/1AhLP_bxbJus8s8wk5b044NRchWtEPnH6\/view\" target=\"_blank\" rel=\"noreferrer noopener\">Download 2026 catalogue<\/a><\/div>\n<\/div>\n<\/div>\n\n\n\n<div class=\"wp-block-column is-layout-flow wp-block-column-is-layout-flow\">\n<figure class=\"wp-block-image size-large\"><a href=\"https:\/\/drive.google.com\/file\/d\/1nu7DP2xEV441f2SwURqrA0SaLDwxfv4E\/view\" target=\"_blank\" rel=\" noreferrer noopener\"><img loading=\"lazy\" decoding=\"async\" width=\"1024\" height=\"1024\" src=\"https:\/\/valaisingronlund.fi\/wp-content\/uploads\/2025\/12\/valaisin-gronlund-lighting-catalogue-web-2026-1024x1024.jpg\" alt=\"\" class=\"wp-image-75004\" srcset=\"https:\/\/valaisingronlund.fi\/wp-content\/uploads\/2025\/12\/valaisin-gronlund-lighting-catalogue-web-2026-1024x1024.jpg 1024w, https:\/\/valaisingronlund.fi\/wp-content\/uploads\/2025\/12\/valaisin-gronlund-lighting-catalogue-web-2026-300x300.jpg 300w, https:\/\/valaisingronlund.fi\/wp-content\/uploads\/2025\/12\/valaisin-gronlund-lighting-catalogue-web-2026-150x150.jpg 150w, https:\/\/valaisingronlund.fi\/wp-content\/uploads\/2025\/12\/valaisin-gronlund-lighting-catalogue-web-2026-768x768.jpg 768w, https:\/\/valaisingronlund.fi\/wp-content\/uploads\/2025\/12\/valaisin-gronlund-lighting-catalogue-web-2026-1536x1536.jpg 1536w, https:\/\/valaisingronlund.fi\/wp-content\/uploads\/2025\/12\/valaisin-gronlund-lighting-catalogue-web-2026-60x60.jpg 60w, https:\/\/valaisingronlund.fi\/wp-content\/uploads\/2025\/12\/valaisin-gronlund-lighting-catalogue-web-2026-512x512.jpg 512w, https:\/\/valaisingronlund.fi\/wp-content\/uploads\/2025\/12\/valaisin-gronlund-lighting-catalogue-web-2026-200x200.jpg 200w, https:\/\/valaisingronlund.fi\/wp-content\/uploads\/2025\/12\/valaisin-gronlund-lighting-catalogue-web-2026-50x50.jpg 50w, https:\/\/valaisingronlund.fi\/wp-content\/uploads\/2025\/12\/valaisin-gronlund-lighting-catalogue-web-2026-100x100.jpg 100w, https:\/\/valaisingronlund.fi\/wp-content\/uploads\/2025\/12\/valaisin-gronlund-lighting-catalogue-web-2026-64x64.jpg 64w, https:\/\/valaisingronlund.fi\/wp-content\/uploads\/2025\/12\/valaisin-gronlund-lighting-catalogue-web-2026.jpg 2048w\" sizes=\"auto, (max-width: 1024px) 100vw, 1024px\" \/><\/a><\/figure>\n\n\n\n<div class=\"wp-block-buttons btncatalogue is-content-justification-center is-layout-flex wp-container-core-buttons-is-layout-a89b3969 wp-block-buttons-is-layout-flex\">\n<div class=\"wp-block-button\"><a class=\"wp-block-button__link wp-element-button\" href=\"https:\/\/drive.google.com\/file\/d\/1nu7DP2xEV441f2SwURqrA0SaLDwxfv4E\/view\" target=\"_blank\" rel=\"noreferrer noopener\">Light web version<br><\/a><\/div>\n<\/div>\n<\/div>\n<\/div>\n\n\n\n<div class=\"wp-block-group alignwide is-layout-constrained wp-block-group-is-layout-constrained\">\n<div style=\"height:20px\" aria-hidden=\"true\" class=\"wp-block-spacer\"><\/div>\n\n\n\n<hr class=\"wp-block-separator has-text-color has-tummaharmaa-color has-alpha-channel-opacity has-tummaharmaa-background-color has-background is-style-wide\" style=\"margin-top:var(--wp--preset--spacing--20);margin-bottom:var(--wp--preset--spacing--20)\"\/>\n\n\n\n<div style=\"height:30px\" aria-hidden=\"true\" class=\"wp-block-spacer\"><\/div>\n<\/div>\n<\/div>\n\n\n\n<div class=\"wp-block-group is-layout-constrained wp-block-group-is-layout-constrained\">\n<h2 class=\"wp-block-heading has-text-align-center\" id=\"h-brochures\">Brochures<\/h2>\n\n\n\n<div class=\"wp-block-columns is-layout-flex wp-container-core-columns-is-layout-28f84493 wp-block-columns-is-layout-flex\">\n<div class=\"wp-block-column is-layout-flow wp-block-column-is-layout-flow\">\n<figure class=\"wp-block-image size-large\"><a href=\"https:\/\/drive.google.com\/file\/d\/1mAjtGzYoq3E4PRjDTHwF-8kUDmIJOyUb\/view\" target=\"_blank\" rel=\"noreferrer noopener\"><img loading=\"lazy\" decoding=\"async\" width=\"1024\" height=\"1024\" src=\"https:\/\/valaisingronlund.fi\/wp-content\/uploads\/2022\/08\/esite-acoustic-circulo-1024x1024.jpg\" alt=\"Brochure of Acoustic Circulo pendant<br&gt;\" class=\"wp-image-50553\" srcset=\"https:\/\/valaisingronlund.fi\/wp-content\/uploads\/2022\/08\/esite-acoustic-circulo-1024x1024.jpg 1024w, https:\/\/valaisingronlund.fi\/wp-content\/uploads\/2022\/08\/esite-acoustic-circulo-300x300.jpg 300w, https:\/\/valaisingronlund.fi\/wp-content\/uploads\/2022\/08\/esite-acoustic-circulo-150x150.jpg 150w, https:\/\/valaisingronlund.fi\/wp-content\/uploads\/2022\/08\/esite-acoustic-circulo-768x768.jpg 768w, https:\/\/valaisingronlund.fi\/wp-content\/uploads\/2022\/08\/esite-acoustic-circulo-1536x1536.jpg 1536w, https:\/\/valaisingronlund.fi\/wp-content\/uploads\/2022\/08\/esite-acoustic-circulo.jpg 2048w, https:\/\/valaisingronlund.fi\/wp-content\/uploads\/2022\/08\/esite-acoustic-circulo-400x400.jpg 400w, https:\/\/valaisingronlund.fi\/wp-content\/uploads\/2022\/08\/esite-acoustic-circulo-200x200.jpg 200w\" sizes=\"auto, (max-width: 1024px) 100vw, 1024px\" \/><\/a><\/figure>\n\n\n\n<div class=\"wp-block-buttons btncatalogue is-content-justification-center is-layout-flex wp-container-core-buttons-is-layout-a89b3969 wp-block-buttons-is-layout-flex\">\n<div class=\"wp-block-button\"><a class=\"wp-block-button__link wp-element-button\" href=\"https:\/\/drive.google.com\/file\/d\/1mAjtGzYoq3E4PRjDTHwF-8kUDmIJOyUb\/view\" target=\"_blank\" rel=\"noreferrer noopener\">Acoustic Circulo<\/a><\/div>\n<\/div>\n<\/div>\n\n\n\n<div class=\"wp-block-column is-layout-flow wp-block-column-is-layout-flow\">\n<figure class=\"wp-block-image size-large\"><a href=\"https:\/\/drive.google.com\/file\/d\/1QwhWSBd5YIZixg8zBFs82DaHDp6Wv061\/view\" target=\"_blank\" rel=\"noreferrer noopener\"><img loading=\"lazy\" decoding=\"async\" width=\"1024\" height=\"1024\" src=\"https:\/\/valaisingronlund.fi\/wp-content\/uploads\/2022\/08\/esite-acoustic-line-1024x1024.jpg\" alt=\"Brochure of Acoustic Line pendant\" class=\"wp-image-50557\" srcset=\"https:\/\/valaisingronlund.fi\/wp-content\/uploads\/2022\/08\/esite-acoustic-line-1024x1024.jpg 1024w, https:\/\/valaisingronlund.fi\/wp-content\/uploads\/2022\/08\/esite-acoustic-line-300x300.jpg 300w, https:\/\/valaisingronlund.fi\/wp-content\/uploads\/2022\/08\/esite-acoustic-line-150x150.jpg 150w, https:\/\/valaisingronlund.fi\/wp-content\/uploads\/2022\/08\/esite-acoustic-line-768x768.jpg 768w, https:\/\/valaisingronlund.fi\/wp-content\/uploads\/2022\/08\/esite-acoustic-line-1536x1536.jpg 1536w, https:\/\/valaisingronlund.fi\/wp-content\/uploads\/2022\/08\/esite-acoustic-line.jpg 2048w, https:\/\/valaisingronlund.fi\/wp-content\/uploads\/2022\/08\/esite-acoustic-line-400x400.jpg 400w, https:\/\/valaisingronlund.fi\/wp-content\/uploads\/2022\/08\/esite-acoustic-line-200x200.jpg 200w\" sizes=\"auto, (max-width: 1024px) 100vw, 1024px\" \/><\/a><\/figure>\n\n\n\n<div class=\"wp-block-buttons btncatalogue is-content-justification-center is-layout-flex wp-container-core-buttons-is-layout-a89b3969 wp-block-buttons-is-layout-flex\">\n<div class=\"wp-block-button\"><a class=\"wp-block-button__link wp-element-button\" href=\"https:\/\/drive.google.com\/file\/d\/1QwhWSBd5YIZixg8zBFs82DaHDp6Wv061\/view\" target=\"_blank\" rel=\"noreferrer noopener\">Acoustic Line<\/a><\/div>\n<\/div>\n<\/div>\n<\/div>\n<\/div>\n\n\n\n<div style=\"height:60px\" aria-hidden=\"true\" class=\"wp-block-spacer\"><\/div>\n","protected":false},"excerpt":{"rendered":"<p>Catalogue 2026 The Valaisin Gr\u00f6nlund lighting catalogue brings together the latest, most popular and timeless luminaires from the Design by Gr\u00f6nlund collection. The catalogue features a wide range of table, ceiling, floor and wall lights, as well as special products such as acoustic luminaires and LED solutions. It provides an inspiring overview of the collection [&hellip;]<\/p>\n","protected":false},"author":1,"featured_media":0,"parent":0,"menu_order":0,"comment_status":"closed","ping_status":"closed","template":"","meta":{"_acf_changed":false,"inline_featured_image":false,"_monsterinsights_skip_tracking":false,"_monsterinsights_sitenote_active":false,"_monsterinsights_sitenote_note":"","_monsterinsights_sitenote_category":0,"footnotes":""},"class_list":["post-22691","page","type-page","status-publish","hentry"],"acf":[],"yoast_head":"<!-- This site is optimized with the Yoast SEO Premium plugin v26.4 (Yoast SEO v26.9) - https:\/\/yoast.com\/product\/yoast-seo-premium-wordpress\/ -->\n<title>Lighting Catalogues | Product Catalogs and Brochures by Gr\u00f6nlund | Valaisin Gr\u00f6nlund<\/title>\n<meta name=\"description\" content=\"Browse and download Valaisin Gr\u00f6nlund lighting catalogues and brochures. Explore the Design by Gr\u00f6nlund collection.\" \/>\n<meta name=\"robots\" content=\"index, follow, max-snippet:-1, max-image-preview:large, max-video-preview:-1\" \/>\n<link rel=\"canonical\" href=\"https:\/\/valaisingronlund.fi\/en\/catalogues\" \/>\n<meta property=\"og:locale\" content=\"en_US\" \/>\n<meta property=\"og:type\" content=\"article\" \/>\n<meta property=\"og:title\" content=\"Catalogues\" \/>\n<meta property=\"og:description\" content=\"Browse and download Valaisin Gr\u00f6nlund lighting catalogues and brochures. Explore the Design by Gr\u00f6nlund collection.\" \/>\n<meta property=\"og:url\" content=\"https:\/\/valaisingronlund.fi\/en\/catalogues\" \/>\n<meta property=\"og:site_name\" content=\"Valaisin Gr\u00f6nlund\" \/>\n<meta property=\"article:publisher\" content=\"https:\/\/www.facebook.com\/valaisingronlund\/\" \/>\n<meta property=\"article:modified_time\" content=\"2026-03-12T10:34:59+00:00\" \/>\n<meta property=\"og:image\" content=\"https:\/\/valaisingronlund.fi\/wp-content\/uploads\/2024\/04\/hero-tuotekuvastot-esitteet.jpg\" \/>\n\t<meta property=\"og:image:width\" content=\"2560\" \/>\n\t<meta property=\"og:image:height\" content=\"500\" \/>\n\t<meta property=\"og:image:type\" content=\"image\/jpeg\" \/>\n<meta name=\"twitter:card\" content=\"summary_large_image\" \/>\n<meta name=\"twitter:label1\" content=\"Est. reading time\" \/>\n\t<meta name=\"twitter:data1\" content=\"6 minutes\" \/>\n<script type=\"application\/ld+json\" class=\"yoast-schema-graph\">{\"@context\":\"https:\/\/schema.org\",\"@graph\":[{\"@type\":\"WebPage\",\"@id\":\"https:\/\/valaisingronlund.fi\/en\/catalogues\",\"url\":\"https:\/\/valaisingronlund.fi\/en\/catalogues\",\"name\":\"Lighting Catalogues | Product Catalogs and Brochures by Gr\u00f6nlund | Valaisin Gr\u00f6nlund\",\"isPartOf\":{\"@id\":\"https:\/\/valaisingronlund.fi\/en\/#website\"},\"primaryImageOfPage\":{\"@id\":\"https:\/\/valaisingronlund.fi\/en\/catalogues#primaryimage\"},\"image\":{\"@id\":\"https:\/\/valaisingronlund.fi\/en\/catalogues#primaryimage\"},\"thumbnailUrl\":\"https:\/\/valaisingronlund.fi\/wp-content\/uploads\/2024\/04\/hero-tuotekuvastot-esitteet.jpg\",\"datePublished\":\"2017-08-25T06:03:39+00:00\",\"dateModified\":\"2026-03-12T10:34:59+00:00\",\"description\":\"Browse and download Valaisin Gr\u00f6nlund lighting catalogues and brochures. Explore the Design by Gr\u00f6nlund collection.\",\"breadcrumb\":{\"@id\":\"https:\/\/valaisingronlund.fi\/en\/catalogues#breadcrumb\"},\"inLanguage\":\"en-US\",\"potentialAction\":[{\"@type\":\"ReadAction\",\"target\":[\"https:\/\/valaisingronlund.fi\/en\/catalogues\"]}]},{\"@type\":\"ImageObject\",\"inLanguage\":\"en-US\",\"@id\":\"https:\/\/valaisingronlund.fi\/en\/catalogues#primaryimage\",\"url\":\"https:\/\/valaisingronlund.fi\/wp-content\/uploads\/2024\/04\/hero-tuotekuvastot-esitteet.jpg\",\"contentUrl\":\"https:\/\/valaisingronlund.fi\/wp-content\/uploads\/2024\/04\/hero-tuotekuvastot-esitteet.jpg\"},{\"@type\":\"BreadcrumbList\",\"@id\":\"https:\/\/valaisingronlund.fi\/en\/catalogues#breadcrumb\",\"itemListElement\":[{\"@type\":\"ListItem\",\"position\":1,\"name\":\"Home\",\"item\":\"https:\/\/valaisingronlund.fi\/en\"},{\"@type\":\"ListItem\",\"position\":2,\"name\":\"Catalogues\"}]},{\"@type\":\"WebSite\",\"@id\":\"https:\/\/valaisingronlund.fi\/en\/#website\",\"url\":\"https:\/\/valaisingronlund.fi\/en\/\",\"name\":\"Valaisin Gr\u00f6nlund\",\"description\":\"Sisustusvalaisimien valmistus ja maahantuonti\",\"publisher\":{\"@id\":\"https:\/\/valaisingronlund.fi\/en\/#organization\"},\"potentialAction\":[{\"@type\":\"SearchAction\",\"target\":{\"@type\":\"EntryPoint\",\"urlTemplate\":\"https:\/\/valaisingronlund.fi\/en\/?s={search_term_string}\"},\"query-input\":{\"@type\":\"PropertyValueSpecification\",\"valueRequired\":true,\"valueName\":\"search_term_string\"}}],\"inLanguage\":\"en-US\"},{\"@type\":\"Organization\",\"@id\":\"https:\/\/valaisingronlund.fi\/en\/#organization\",\"name\":\"Valaisin Gr\u00f6nlund\",\"url\":\"https:\/\/valaisingronlund.fi\/en\/\",\"logo\":{\"@type\":\"ImageObject\",\"inLanguage\":\"en-US\",\"@id\":\"https:\/\/valaisingronlund.fi\/en\/#\/schema\/logo\/image\/\",\"url\":\"https:\/\/valaisingronlund.fi\/wp-content\/uploads\/2024\/03\/valaisin-gronlund-logo-squre.jpg\",\"contentUrl\":\"https:\/\/valaisingronlund.fi\/wp-content\/uploads\/2024\/03\/valaisin-gronlund-logo-squre.jpg\",\"width\":1024,\"height\":1024,\"caption\":\"Valaisin Gr\u00f6nlund\"},\"image\":{\"@id\":\"https:\/\/valaisingronlund.fi\/en\/#\/schema\/logo\/image\/\"},\"sameAs\":[\"https:\/\/www.facebook.com\/valaisingronlund\/\",\"https:\/\/www.instagram.com\/valaisingronlund\/\",\"https:\/\/fi.pinterest.com\/valaisingronlund\/\"],\"email\":\"info@valaisingronlund.fi\",\"telephone\":\"010 820 8200\",\"legalName\":\"Valaisin Gr\u00f6nlund Oy\",\"foundingDate\":\"1981-08-03\"}]}<\/script>\n<!-- \/ Yoast SEO Premium plugin. -->","yoast_head_json":{"title":"Lighting Catalogues | Product Catalogs and Brochures by Gr\u00f6nlund | Valaisin Gr\u00f6nlund","description":"Browse and download Valaisin Gr\u00f6nlund lighting catalogues and brochures. Explore the Design by Gr\u00f6nlund collection.","robots":{"index":"index","follow":"follow","max-snippet":"max-snippet:-1","max-image-preview":"max-image-preview:large","max-video-preview":"max-video-preview:-1"},"canonical":"https:\/\/valaisingronlund.fi\/en\/catalogues","og_locale":"en_US","og_type":"article","og_title":"Catalogues","og_description":"Browse and download Valaisin Gr\u00f6nlund lighting catalogues and brochures. Explore the Design by Gr\u00f6nlund collection.","og_url":"https:\/\/valaisingronlund.fi\/en\/catalogues","og_site_name":"Valaisin Gr\u00f6nlund","article_publisher":"https:\/\/www.facebook.com\/valaisingronlund\/","article_modified_time":"2026-03-12T10:34:59+00:00","og_image":[{"width":2560,"height":500,"url":"https:\/\/valaisingronlund.fi\/wp-content\/uploads\/2024\/04\/hero-tuotekuvastot-esitteet.jpg","type":"image\/jpeg"}],"twitter_card":"summary_large_image","twitter_misc":{"Est. reading time":"6 minutes"},"schema":{"@context":"https:\/\/schema.org","@graph":[{"@type":"WebPage","@id":"https:\/\/valaisingronlund.fi\/en\/catalogues","url":"https:\/\/valaisingronlund.fi\/en\/catalogues","name":"Lighting Catalogues | Product Catalogs and Brochures by Gr\u00f6nlund | Valaisin Gr\u00f6nlund","isPartOf":{"@id":"https:\/\/valaisingronlund.fi\/en\/#website"},"primaryImageOfPage":{"@id":"https:\/\/valaisingronlund.fi\/en\/catalogues#primaryimage"},"image":{"@id":"https:\/\/valaisingronlund.fi\/en\/catalogues#primaryimage"},"thumbnailUrl":"https:\/\/valaisingronlund.fi\/wp-content\/uploads\/2024\/04\/hero-tuotekuvastot-esitteet.jpg","datePublished":"2017-08-25T06:03:39+00:00","dateModified":"2026-03-12T10:34:59+00:00","description":"Browse and download Valaisin Gr\u00f6nlund lighting catalogues and brochures. Explore the Design by Gr\u00f6nlund collection.","breadcrumb":{"@id":"https:\/\/valaisingronlund.fi\/en\/catalogues#breadcrumb"},"inLanguage":"en-US","potentialAction":[{"@type":"ReadAction","target":["https:\/\/valaisingronlund.fi\/en\/catalogues"]}]},{"@type":"ImageObject","inLanguage":"en-US","@id":"https:\/\/valaisingronlund.fi\/en\/catalogues#primaryimage","url":"https:\/\/valaisingronlund.fi\/wp-content\/uploads\/2024\/04\/hero-tuotekuvastot-esitteet.jpg","contentUrl":"https:\/\/valaisingronlund.fi\/wp-content\/uploads\/2024\/04\/hero-tuotekuvastot-esitteet.jpg"},{"@type":"BreadcrumbList","@id":"https:\/\/valaisingronlund.fi\/en\/catalogues#breadcrumb","itemListElement":[{"@type":"ListItem","position":1,"name":"Home","item":"https:\/\/valaisingronlund.fi\/en"},{"@type":"ListItem","position":2,"name":"Catalogues"}]},{"@type":"WebSite","@id":"https:\/\/valaisingronlund.fi\/en\/#website","url":"https:\/\/valaisingronlund.fi\/en\/","name":"Valaisin Gr\u00f6nlund","description":"Sisustusvalaisimien valmistus ja maahantuonti","publisher":{"@id":"https:\/\/valaisingronlund.fi\/en\/#organization"},"potentialAction":[{"@type":"SearchAction","target":{"@type":"EntryPoint","urlTemplate":"https:\/\/valaisingronlund.fi\/en\/?s={search_term_string}"},"query-input":{"@type":"PropertyValueSpecification","valueRequired":true,"valueName":"search_term_string"}}],"inLanguage":"en-US"},{"@type":"Organization","@id":"https:\/\/valaisingronlund.fi\/en\/#organization","name":"Valaisin Gr\u00f6nlund","url":"https:\/\/valaisingronlund.fi\/en\/","logo":{"@type":"ImageObject","inLanguage":"en-US","@id":"https:\/\/valaisingronlund.fi\/en\/#\/schema\/logo\/image\/","url":"https:\/\/valaisingronlund.fi\/wp-content\/uploads\/2024\/03\/valaisin-gronlund-logo-squre.jpg","contentUrl":"https:\/\/valaisingronlund.fi\/wp-content\/uploads\/2024\/03\/valaisin-gronlund-logo-squre.jpg","width":1024,"height":1024,"caption":"Valaisin Gr\u00f6nlund"},"image":{"@id":"https:\/\/valaisingronlund.fi\/en\/#\/schema\/logo\/image\/"},"sameAs":["https:\/\/www.facebook.com\/valaisingronlund\/","https:\/\/www.instagram.com\/valaisingronlund\/","https:\/\/fi.pinterest.com\/valaisingronlund\/"],"email":"info@valaisingronlund.fi","telephone":"010 820 8200","legalName":"Valaisin Gr\u00f6nlund Oy","foundingDate":"1981-08-03"}]}},"_links":{"self":[{"href":"https:\/\/valaisingronlund.fi\/en\/wp-json\/wp\/v2\/pages\/22691","targetHints":{"allow":["GET"]}}],"collection":[{"href":"https:\/\/valaisingronlund.fi\/en\/wp-json\/wp\/v2\/pages"}],"about":[{"href":"https:\/\/valaisingronlund.fi\/en\/wp-json\/wp\/v2\/types\/page"}],"author":[{"embeddable":true,"href":"https:\/\/valaisingronlund.fi\/en\/wp-json\/wp\/v2\/users\/1"}],"replies":[{"embeddable":true,"href":"https:\/\/valaisingronlund.fi\/en\/wp-json\/wp\/v2\/comments?post=22691"}],"version-history":[{"count":30,"href":"https:\/\/valaisingronlund.fi\/en\/wp-json\/wp\/v2\/pages\/22691\/revisions"}],"predecessor-version":[{"id":75746,"href":"https:\/\/valaisingronlund.fi\/en\/wp-json\/wp\/v2\/pages\/22691\/revisions\/75746"}],"wp:attachment":[{"href":"https:\/\/valaisingronlund.fi\/en\/wp-json\/wp\/v2\/media?parent=22691"}],"curies":[{"name":"wp","href":"https:\/\/api.w.org\/{rel}","templated":true}]}}